{"id":381847,"date":"2025-12-11T10:10:44","date_gmt":"2025-12-11T10:10:44","guid":{"rendered":"https:\/\/dev.codekraft.it\/rotary-2024\/products\/uncategorized\/pont-elevateur-a-2-colonnes-sgl35m-400-v-3-ph-50-hz\/"},"modified":"2025-12-11T10:10:44","modified_gmt":"2025-12-11T10:10:44","slug":"pont-elevateur-a-2-colonnes-sgl35m-400-v-3-ph-50-hz","status":"publish","type":"product","link":"https:\/\/dev.codekraft.it\/rotary-2024\/fr\/produits\/ponts-elevateurs-fr\/ponts-elevateurs-a-2-colonnes-fr\/pont-elevateur-a-2-colonnes-sgl35m-400-v-3-ph-50-hz\/","title":{"rendered":"Pont \u00e9l\u00e9vateur \u00e0 2 colonnes SGL35M 400 V &#8211; 3 Ph &#8211; 50 Hz"},"content":{"rendered":"<p>LE SGL35M EST LE PONT \u00c9L\u00c9VATEUR \u00c0 2 COLONNES HYDRAULIQUE LE PLUS EFFICACE<\/p>\n<p>Avec sa structure et ses dimensions compactes, il permet de gagner de la place dans l&#8217;atelier tout en s&#8217;av\u00e9rant optimal pour les zones \u00e0 plafond bas. La commande d&#8217;abaissement manuelle assure une pr\u00e9cision maximale pour les op\u00e9rations quotidiennes. Ses bras \u00e0 3 phases sym\u00e9triques et sa port\u00e9e de 3,5 t permettent de lever une vaste gamme de v\u00e9hicules diff\u00e9rents (des micro-voitures aux berlines \u00e0 long empattement).<\/p>\n<ul>\n<li>S\u00e9curit\u00e9 maximale\u00a0: un verrouillage automatique du bras<\/li>\n<li>Hauteur limit\u00e9e\u00a0: utilisation optimale pour les bas plafonds<\/li>\n<\/ul>\n<ul>\n<li>Hauteur de plafond minimale\u00a0: 3200\u00a0mm<\/li>\n<li>Les tampons t\u00e9lescopiques et \u00e0 installation rapide assurent\u00a0un niveau \u00e9lev\u00e9 d&#8217;ajustement de la hauteur.<\/li>\n<li>La conception \u00e9lectro-hydraulique avec une seule unit\u00e9 garantit un fonctionnement \u00e0 faible consommation d\u2018\u00e9nergie, de faibles niveaux de bruit et un travail efficace.<\/li>\n<li>Les bras sont automatiquement verrouill\u00e9s pendant le levage. Lorsque la plateforme est totalement abaiss\u00e9e, le m\u00e9canisme de verrouillage est lib\u00e9r\u00e9 automatiquement. Le m\u00e9canisme de verrouillage particuli\u00e8rement pr\u00e9cis et une fonction de d\u00e9verrouillage manuelle augmentent la facilit\u00e9 d&#8217;entretien.<\/li>\n<li>La structure a\u00e9rienne rend le levage parfait pour les ateliers bas de plafond.<\/li>\n<\/ul>\n<ul>\n<li>La commande manuelle assure un abaissement avec une pr\u00e9cision de travail maximale.<\/li>\n<li>Des c\u00e2bles acier de haute qualit\u00e9, guid\u00e9s au sol assurent une synchronisation des bras porteurs.<\/li>\n<li>Facile \u00e0 entretenir<\/li>\n<li>Les verrous de s\u00e9curit\u00e9 m\u00e9caniques automatiques int\u00e9gr\u00e9s des deux c\u00f4t\u00e9s bloquent le chariot de levage en cas d&#8217;urgence et assurent ainsi une s\u00e9curit\u00e9 maximale sur le lieu de travail.<\/li>\n<li>La conception \u00e9lectro-hydraulique assure un fonctionnement silencieux et efficace.<\/li>\n<li>Chaque colonne de levage contient un v\u00e9rin et une cha\u00eene \u00e0 haute r\u00e9sistance, de grande qualit\u00e9 et sans entretien.<\/li>\n<\/ul>\n","protected":false},"excerpt":{"rendered":"<p>3,5 t, \u00e9lectrohydraulique, sym\u00e9trique | 3 x 400 V \/ 50 Hz<\/p>\n","protected":false},"featured_media":354096,"template":"","meta":[],"product_cat":[1033380],"product_tag":[1034180,1034163],"product_approvals":[],"product_application":[],"class_list":{"0":"post-381847","1":"product","2":"type-product","3":"status-publish","4":"has-post-thumbnail","6":"product_cat-ponts-elevateurs-a-2-colonnes-fr","7":"product_tag-light-commercial-fr","8":"product_tag-passenger-cars-fr","10":"first","11":"instock","12":"shipping-taxable","13":"product-type-simple"},"approvals":[],"application":[],"brb_media_brochure":[{"id":354097,"url":"https:\/\/dev.codekraft.it\/rotary-2024\/wp-content\/uploads\/brb_media\/00495671_2-post-lift-sgl35m-br-131254-de-2022-09-screen.pdf","title":"2 Post Lift SGL35M BR 131254 de 2022 09 screen","thumbnail":"https:\/\/dev.codekraft.it\/rotary-2024\/wp-content\/uploads\/brb_media\/00495671_2-post-lift-sgl35m-br-131254-de-2022-09-screen-pdf-106x150.png","description":""},{"id":354098,"url":"https:\/\/dev.codekraft.it\/rotary-2024\/wp-content\/uploads\/brb_media\/00495672_2-post-lift-sgl35m-br-131256-en-2022-09-screen.pdf","title":"2 Post Lift SGL35M BR 131256 en 2022 09 screen","thumbnail":"https:\/\/dev.codekraft.it\/rotary-2024\/wp-content\/uploads\/brb_media\/00495672_2-post-lift-sgl35m-br-131256-en-2022-09-screen-pdf-106x150.png","description":""},{"id":354099,"url":"https:\/\/dev.codekraft.it\/rotary-2024\/wp-content\/uploads\/brb_media\/00495673_2-post-lift-sgl35m-br-131257-fr-2022-09-screen.pdf","title":"2 Post Lift SGL35M BR 131257 fr 2022 09 screen","thumbnail":"https:\/\/dev.codekraft.it\/rotary-2024\/wp-content\/uploads\/brb_media\/00495673_2-post-lift-sgl35m-br-131257-fr-2022-09-screen-pdf-106x150.png","description":""},{"id":354100,"url":"https:\/\/dev.codekraft.it\/rotary-2024\/wp-content\/uploads\/brb_media\/00495674_2-post-lift-sgl35m-br-131258-it-2022-09-screen.pdf","title":"2 Post Lift SGL35M BR 131258 it 2022 09 screen","thumbnail":"https:\/\/dev.codekraft.it\/rotary-2024\/wp-content\/uploads\/brb_media\/00495674_2-post-lift-sgl35m-br-131258-it-2022-09-screen-pdf-106x150.png","description":""},{"id":354101,"url":"https:\/\/dev.codekraft.it\/rotary-2024\/wp-content\/uploads\/brb_media\/00495675_2-post-lift-sgl35m-br-131260-es-2022-09-screen.pdf","title":"2 Post Lift SGL35M BR 131260 es 2022 09 screen","thumbnail":"https:\/\/dev.codekraft.it\/rotary-2024\/wp-content\/uploads\/brb_media\/00495675_2-post-lift-sgl35m-br-131260-es-2022-09-screen-pdf-106x150.png","description":""},{"id":354102,"url":"https:\/\/dev.codekraft.it\/rotary-2024\/wp-content\/uploads\/brb_media\/00495676_2-post-lift-sgl35m-br-131261-ru-2022-09-screen.pdf","title":"2 Post Lift SGL35M BR 131261 ru 2022 09 screen","thumbnail":"https:\/\/dev.codekraft.it\/rotary-2024\/wp-content\/uploads\/brb_media\/00495676_2-post-lift-sgl35m-br-131261-ru-2022-09-screen-pdf-106x150.png","description":""}],"brb_media_drawing":"","brb_media_manuals":[{"id":381843,"url":"https:\/\/dev.codekraft.it\/rotary-2024\/wp-content\/uploads\/brb_media\/00548773_2-post-lift-sgl35m-im-en-2024-01.pdf","title":"2 post lift SGL35M IM en 2024 01","thumbnail":"https:\/\/dev.codekraft.it\/rotary-2024\/wp-content\/uploads\/brb_media\/00548773_2-post-lift-sgl35m-im-en-2024-01-pdf-106x150.png","description":""}],"brb_media_safety_datasheets":"","brb_media_spare_parts":[],"_cdmm_p_id":"499601","_company":"Elektron","_gtin":"4057612870312","accessories":[{"id":381088,"cdmm_p_id":"497214","name":"Kit tampons","description":"Plaque de support, support en caoutchouc, rond | \u00d8 80 mm | 1 jeu \/ 4 pi\u00e8ces","thumbnail":"https:\/\/dev.codekraft.it\/rotary-2024\/wp-content\/uploads\/brb_media\/00535980_2-post-lift-fj6216c-mi-150x150.png","url":"https:\/\/dev.codekraft.it\/rotary-2024\/fr\/produits\/accessoires-ponts-elevateurs-fr\/systemes-de-transport-prise-de-charge-fr\/kit-tampons-7\/"},{"id":378448,"cdmm_p_id":"40650","name":"Entretoises pour tampons pour \u00e9l\u00e9vateurs \u00e9lectrohydrauliques","description":"4 x 89 mm, 4 x 127 mm, y compris 2 supports pour le montage sur les colonnes | 1 jeu \/ 8 pi\u00e8ces","thumbnail":"https:\/\/dev.codekraft.it\/rotary-2024\/wp-content\/uploads\/brb_media\/00495751_2-post-lift-spoa3ts-ev-adapter-extension-89-127-di-150x150.png","url":"https:\/\/dev.codekraft.it\/rotary-2024\/fr\/produits\/accessoires-ponts-elevateurs-fr\/accessoires-ponts-elevateurs-a-2-colonnes-fr\/entretoises-pour-tampons-pour-elevateurs-electrohydrauliques\/"},{"id":383984,"cdmm_p_id":"502815","name":"Bac pour les outils","description":"Aimant\u00e9es | ensemble de plateaux | 1 jeu \/ 4 pi\u00e8ces","thumbnail":"https:\/\/dev.codekraft.it\/rotary-2024\/wp-content\/uploads\/brb_media\/00509504_2-post-lift-vsg2call902641-mi-150x150.png","url":"https:\/\/dev.codekraft.it\/rotary-2024\/fr\/produits\/accessoires-ponts-elevateurs-fr\/accessoires-ponts-elevateurs-a-2-colonnes-fr\/bac-pour-les-outils\/"},{"id":382528,"cdmm_p_id":"500905","name":"Kit tampons","description":"Plaque de support, support en caoutchouc, rectangulaire | pour Tesla | 1 jeu \/ 4 pi\u00e8ces","thumbnail":"https:\/\/dev.codekraft.it\/rotary-2024\/wp-content\/uploads\/brb_media\/00505100_2-post-lift-vsg2call901538-mi-150x150.png","url":"https:\/\/dev.codekraft.it\/rotary-2024\/fr\/produits\/accessoires-ponts-elevateurs-fr\/systemes-de-transport-prise-de-charge-fr\/kit-tampons-8\/"},{"id":382534,"cdmm_p_id":"500906","name":"Kit tampons","description":"Plateau, champignon de centrage | pour Fiat 500E, 500 ABARTH | 2 niveaux | 1 jeu \/ 4 pi\u00e8ces","thumbnail":"https:\/\/dev.codekraft.it\/rotary-2024\/wp-content\/uploads\/brb_media\/00505105_2-post-lift-vsg2call902023-mi-150x150.png","url":"https:\/\/dev.codekraft.it\/rotary-2024\/fr\/produits\/accessoires-ponts-elevateurs-fr\/systemes-de-transport-prise-de-charge-fr\/kit-tampons-9\/"},{"id":382540,"cdmm_p_id":"500907","name":"Kit tampons","description":"Prisme | pour VW-MEB-Platform-V\u00e9hicules \u00e9lectriques | 1 jeu \/ 4 pi\u00e8ce","thumbnail":"https:\/\/dev.codekraft.it\/rotary-2024\/wp-content\/uploads\/brb_media\/00509505_2-post-lift-vsg2call902146-mi-150x150.png","url":"https:\/\/dev.codekraft.it\/rotary-2024\/fr\/produits\/accessoires-ponts-elevateurs-fr\/systemes-de-transport-prise-de-charge-fr\/kit-tampons-10\/"},{"id":382564,"cdmm_p_id":"500912","name":"Kit tampons","description":"Plateau, logement en U | 1 jeu \/ 4 pi\u00e8ces","thumbnail":"https:\/\/dev.codekraft.it\/rotary-2024\/wp-content\/uploads\/brb_media\/00505104_2-post-lift-vsg2call901330-mi-150x150.png","url":"https:\/\/dev.codekraft.it\/rotary-2024\/fr\/produits\/accessoires-ponts-elevateurs-fr\/systemes-de-transport-prise-de-charge-fr\/kit-tampons-11\/"},{"id":384184,"cdmm_p_id":"503070","name":"Kit tampons","description":"Prisme | pour Mercedes Classe G - l'avant et l'arri\u00e8re | 1 jeu \/ 4 pi\u00e8ces","thumbnail":"https:\/\/dev.codekraft.it\/rotary-2024\/wp-content\/uploads\/brb_media\/00511001_2-post-lift-vsg2call901859-mi-150x150.png","url":"https:\/\/dev.codekraft.it\/rotary-2024\/fr\/produits\/accessoires-ponts-elevateurs-fr\/systemes-de-transport-prise-de-charge-fr\/kit-tampons-14\/"},{"id":384178,"cdmm_p_id":"503068","name":"Kit tampons","description":"Mandrin | pour Fiat Ducato, Peugeot Boxer, Citro\u00ebn Jumper - avant et arri\u00e8re | 1 jeu \/ 4 pi\u00e8ces","thumbnail":"https:\/\/dev.codekraft.it\/rotary-2024\/wp-content\/uploads\/brb_media\/00510999_2-post-lift-vsg2call901606-mi-150x150.png","url":"https:\/\/dev.codekraft.it\/rotary-2024\/fr\/produits\/accessoires-ponts-elevateurs-fr\/systemes-de-transport-prise-de-charge-fr\/kit-tampons-13\/"},{"id":384172,"cdmm_p_id":"503067","name":"Kit tampons","description":"Prisme, mandrin | pour Mercedes Sprinter, VW Crafter | 1 jeu \/ 6 pi\u00e8ces","thumbnail":"https:\/\/dev.codekraft.it\/rotary-2024\/wp-content\/uploads\/brb_media\/00511000_2-post-lift-vsg2call901712-mi-150x150.png","url":"https:\/\/dev.codekraft.it\/rotary-2024\/fr\/produits\/accessoires-ponts-elevateurs-fr\/systemes-de-transport-prise-de-charge-fr\/kit-tampons-12\/"},{"id":382558,"cdmm_p_id":"500910","name":"Kit adaptateurs","description":"Kit adaptateurs pour tampons pour prise chassis \u00d8 120 mm (1 jeu, 2 pi\u00e8ces), pour plateau tournant","thumbnail":"https:\/\/dev.codekraft.it\/rotary-2024\/wp-content\/uploads\/brb_media\/00524050_2-post-lift-fj6353-1-mi-150x150.png","url":"https:\/\/dev.codekraft.it\/rotary-2024\/fr\/produits\/accessoires-ponts-elevateurs-fr\/accessoires-ponts-elevateurs-a-2-colonnes-fr\/kit-adaptateurs\/"},{"id":381860,"cdmm_p_id":"499602","name":"Plaques de base","description":"Pour ponts \u00e9l\u00e9vateurs \u00e0 2 colonnes SGL35 | Gris (RAL 7040)| 1 jeu \/ 2 pi\u00e8ces","thumbnail":"","url":"https:\/\/dev.codekraft.it\/rotary-2024\/fr\/produits\/accessoires-ponts-elevateurs-fr\/accessoires-ponts-elevateurs-a-2-colonnes-fr\/plaques-de-base\/"},{"id":382552,"cdmm_p_id":"500909","name":"Entretoises pour tampons","description":"4 x 200 mm, y compris support pour le montage sur les colonnes | 1 jeu \/ 4 pi\u00e8ces","thumbnail":"https:\/\/dev.codekraft.it\/rotary-2024\/wp-content\/uploads\/brb_media\/00505099_2-post-lift-vsg2call901248-mi-150x150.png","url":"https:\/\/dev.codekraft.it\/rotary-2024\/fr\/produits\/accessoires-ponts-elevateurs-fr\/accessoires-ponts-elevateurs-a-2-colonnes-fr\/entretoises-pour-tampons\/"},{"id":383972,"cdmm_p_id":"502811","name":"Kit de supports pour rehausser les v\u00e9hicules","description":"Hauteur de rampe 60 mm, pour v\u00e9hicules extr\u00eamement bas | 1 jeu \/ 2 pi\u00e8ces","thumbnail":"https:\/\/dev.codekraft.it\/rotary-2024\/wp-content\/uploads\/brb_media\/00509501_2-post-lift-vsg2call902818-mi-150x150.png","url":"https:\/\/dev.codekraft.it\/rotary-2024\/fr\/produits\/accessoires-ponts-elevateurs-fr\/accessoires-ponts-elevateurs-a-2-colonnes-fr\/kit-de-supports-pour-rehausser-les-vehicules\/"},{"id":383978,"cdmm_p_id":"502814","name":"Kit de supports pour le contr\u00f4le de g\u00e9om\u00e9trie","description":"1 jeu \/ 4 pi\u00e8ces","thumbnail":"https:\/\/dev.codekraft.it\/rotary-2024\/wp-content\/uploads\/brb_media\/00509503_2-post-lift-vsg2call902085-mi-150x150.png","url":"https:\/\/dev.codekraft.it\/rotary-2024\/fr\/produits\/accessoires-ponts-elevateurs-fr\/accessoires-ponts-elevateurs-a-2-colonnes-fr\/kit-de-supports-pour-le-controle-de-geometrie\/"},{"id":384190,"cdmm_p_id":"503071","name":"Support d&#039;outil","description":"Support pour outillage pneumatique, ergonomique","thumbnail":"https:\/\/dev.codekraft.it\/rotary-2024\/wp-content\/uploads\/brb_media\/00511003_2-post-lift-vsg2call902511-mi-150x150.png","url":"https:\/\/dev.codekraft.it\/rotary-2024\/fr\/produits\/accessoires-ponts-elevateurs-fr\/accessoires-ponts-elevateurs-a-2-colonnes-fr\/support-doutil\/"}],"components":[],"related":[],"similar":[{"id":381871,"cdmm_p_id":"499604","name":"Pont \u00e9l\u00e9vateur \u00e0 2 colonnes SGL35M 230 V &#8211; 1 Ph &#8211; 50-60 Hz","description":"3,5 t, \u00e9lectrohydraulique, sym\u00e9trique | 1 x 230 V \/ 50 - 60 Hz","thumbnail":"https:\/\/dev.codekraft.it\/rotary-2024\/wp-content\/uploads\/brb_media\/00495677_2-post-lift-sgl35m-cover-image-mi-150x150.png","url":"https:\/\/dev.codekraft.it\/rotary-2024\/fr\/produits\/ponts-elevateurs-fr\/ponts-elevateurs-a-2-colonnes-fr\/pont-elevateur-a-2-colonnes-sgl35m-230-v-1-ph-50-60-hz\/"}],"lang":"fr","translations":{"fr":381847,"en":381841,"de":381846,"it":381850,"es":381852,"ru":381854},"pll_sync_post":[],"_links":{"self":[{"href":"https:\/\/dev.codekraft.it\/rotary-2024\/wp-json\/wp\/v2\/product\/381847","targetHints":{"allow":["GET"]}}],"collection":[{"href":"https:\/\/dev.codekraft.it\/rotary-2024\/wp-json\/wp\/v2\/product"}],"about":[{"href":"https:\/\/dev.codekraft.it\/rotary-2024\/wp-json\/wp\/v2\/types\/product"}],"wp:featuredmedia":[{"embeddable":true,"href":"https:\/\/dev.codekraft.it\/rotary-2024\/wp-json\/wp\/v2\/media\/354096"}],"wp:attachment":[{"href":"https:\/\/dev.codekraft.it\/rotary-2024\/wp-json\/wp\/v2\/media?parent=381847"}],"wp:term":[{"taxonomy":"product_cat","embeddable":true,"href":"https:\/\/dev.codekraft.it\/rotary-2024\/wp-json\/wp\/v2\/product_cat?post=381847"},{"taxonomy":"product_tag","embeddable":true,"href":"https:\/\/dev.codekraft.it\/rotary-2024\/wp-json\/wp\/v2\/product_tag?post=381847"},{"taxonomy":"product_approvals","embeddable":true,"href":"https:\/\/dev.codekraft.it\/rotary-2024\/wp-json\/wp\/v2\/product_approvals?post=381847"},{"taxonomy":"product_application","embeddable":true,"href":"https:\/\/dev.codekraft.it\/rotary-2024\/wp-json\/wp\/v2\/product_application?post=381847"}],"curies":[{"name":"wp","href":"https:\/\/api.w.org\/{rel}","templated":true}]}}