{"id":381731,"date":"2025-09-08T09:00:02","date_gmt":"2025-09-08T09:00:02","guid":{"rendered":"https:\/\/dev.codekraft.it\/rotary-2024\/products\/uncategorized\/logiciel-de-connectivite-interne-atelier-teq-link\/"},"modified":"2025-09-08T09:00:02","modified_gmt":"2025-09-08T09:00:02","slug":"logiciel-de-connectivite-interne-atelier-teq-link","status":"publish","type":"product","link":"https:\/\/dev.codekraft.it\/rotary-2024\/fr\/produits\/diagnostic-fr\/connected-workshop-fr\/logiciel-de-connectivite-interne-atelier-teq-link\/","title":{"rendered":"Logiciel de connectivit\u00e9 interne atelier TEq-Link"},"content":{"rendered":"<p>Connected workshop 2.O Enhance your Business &#8211; TEq-Link &#8230; you&#8217;re connected!<\/p>\n<ul>\n<li>Check in real time the status of the equipment (busy, free, error)<\/li>\n<li>Manage job sequence, plan priorities and visualize status<\/li>\n<li>Data of tests centalized<\/li>\n<li>Consult results of measured vehicles<\/li>\n<li>Obtain informations on usage time and planning of preventive maintenance<\/li>\n<li>Remote assistance<\/li>\n<\/ul>\n<ul>\n<li>It works on a standard TCP-IP network &#8211; For this reason almost any pre-existing workshop network can be used<\/li>\n<li>Equipment may be connected by: Ethernet or WiFi<\/li>\n<li>TEq-link can be integrated virtually with any existing Dealer Management System<\/li>\n<li>An office PC or a server on which to install the TEq-Link web manager is also needed<\/li>\n<\/ul>\n<ul>\n<li>Workflow\u00a0management: In the TEq-Link you can add a jobs list to each equipment and monitoring the progress<\/li>\n<li>Data management and static: Ability to view statistics on average times of use of each workstation and on the number of tests carried out in a given period of time<\/li>\n<li>Job booking:\u00a0Book jobs by licence plate or model (enabling Shoot&amp;go identification of vehicle where available)<\/li>\n<li>Automatic reporting: TEq-Link can send automatically the reports by e-mail, to one or more recipientes, on a daily, weekly or monthly basis<\/li>\n<\/ul>\n","protected":false},"excerpt":{"rendered":"<p>Logiciel permettant de connecter des \u00e9quipements dans l&#8217;atelier et de surveiller leur utilisation, de g\u00e9rer la maintenance pr\u00e9ventive, d&#8217;envoyer des rapports par courrier \u00e9lectronique et bien plus encore.<\/p>\n","protected":false},"featured_media":354088,"template":"","meta":[],"product_cat":[1033688],"product_tag":[],"product_approvals":[],"product_application":[],"class_list":{"0":"post-381731","1":"product","2":"type-product","3":"status-publish","4":"has-post-thumbnail","6":"product_cat-connected-workshop-fr","8":"first","9":"instock","10":"shipping-taxable","11":"product-type-simple"},"approvals":[],"application":[],"brb_media_brochure":[{"id":354089,"url":"https:\/\/dev.codekraft.it\/rotary-2024\/wp-content\/uploads\/brb_media\/00526516_diagnostic-teq-link-br-it_en-screen.pdf","title":"diagnostic teq link br it en screen","thumbnail":"https:\/\/dev.codekraft.it\/rotary-2024\/wp-content\/uploads\/brb_media\/00526516_diagnostic-teq-link-br-it_en-screen-pdf-106x150.png","description":""}],"brb_media_drawing":"","brb_media_manuals":"","brb_media_safety_datasheets":"","brb_media_spare_parts":[],"_cdmm_p_id":"499589","_company":"VSG","_gtin":"","accessories":[],"components":[],"related":[],"similar":[],"lang":"fr","translations":{"fr":381731,"en":381727,"de":381730,"it":381733,"es":381735,"ru":381737},"pll_sync_post":[],"_links":{"self":[{"href":"https:\/\/dev.codekraft.it\/rotary-2024\/wp-json\/wp\/v2\/product\/381731","targetHints":{"allow":["GET"]}}],"collection":[{"href":"https:\/\/dev.codekraft.it\/rotary-2024\/wp-json\/wp\/v2\/product"}],"about":[{"href":"https:\/\/dev.codekraft.it\/rotary-2024\/wp-json\/wp\/v2\/types\/product"}],"wp:featuredmedia":[{"embeddable":true,"href":"https:\/\/dev.codekraft.it\/rotary-2024\/wp-json\/wp\/v2\/media\/354088"}],"wp:attachment":[{"href":"https:\/\/dev.codekraft.it\/rotary-2024\/wp-json\/wp\/v2\/media?parent=381731"}],"wp:term":[{"taxonomy":"product_cat","embeddable":true,"href":"https:\/\/dev.codekraft.it\/rotary-2024\/wp-json\/wp\/v2\/product_cat?post=381731"},{"taxonomy":"product_tag","embeddable":true,"href":"https:\/\/dev.codekraft.it\/rotary-2024\/wp-json\/wp\/v2\/product_tag?post=381731"},{"taxonomy":"product_approvals","embeddable":true,"href":"https:\/\/dev.codekraft.it\/rotary-2024\/wp-json\/wp\/v2\/product_approvals?post=381731"},{"taxonomy":"product_application","embeddable":true,"href":"https:\/\/dev.codekraft.it\/rotary-2024\/wp-json\/wp\/v2\/product_application?post=381731"}],"curies":[{"name":"wp","href":"https:\/\/api.w.org\/{rel}","templated":true}]}}