{"id":381657,"date":"2025-12-11T11:21:48","date_gmt":"2025-12-11T11:21:48","guid":{"rendered":"https:\/\/dev.codekraft.it\/rotary-2024\/products\/uncategorized\/2-saulen-hebebuhne-spma35-x\/"},"modified":"2025-12-11T11:21:48","modified_gmt":"2025-12-11T11:21:48","slug":"2-saulen-hebebuhne-spma35-x","status":"publish","type":"product","link":"https:\/\/dev.codekraft.it\/rotary-2024\/produkte\/hebebuhnen-de\/2-saulen-hebebuhnen-de\/2-saulen-hebebuhne-spma35-x\/","title":{"rendered":"2-S\u00e4ulen-Hebeb\u00fchne SPMA35-X"},"content":{"rendered":"<p>Tomorrow Series &#8211; The way to the Future<\/p>\n<ul>\n<li>Zuverl\u00e4ssig und leistungsstark: Gleichbleibende Leistung auch unter anspruchsvollen Bedingungen<\/li>\n<li>Flexibel und vielseitig: Drei m\u00f6gliche Aufbaubreiten decken jeden Werkstattbedarf ab und eignen sich f\u00fcr eine Vielzahl von verschiedenen Fahrzeugen<\/li>\n<li>Modern und hochwertig: Ein moderner Look trifft auf die hochwertige Qualit\u00e4t der Komponenten<\/li>\n<\/ul>\n<p>Verbesserte Technologie in modernem Design. Die 2-S\u00e4ule-Hebeb\u00fchnen der Tomorrow-Serie von Rotary f\u00fchren Ihre Werkstatt direkt in die Zukunft. Mit 20000 Hub-Zyklen getestet und f\u00fcr die Online-Internetverbindung TEq-Link konzipiert, ist Ihre Werkstatt auf alle zuk\u00fcnftigen Innovationen vorbereitet.<\/p>\n<ul>\n<li>Minimale Wartungsanspr\u00fcche: Die Funktionsteile lassen sich leicht austauschen oder warten, wodurch die Gesamtbetriebskosten und das Risiko von St\u00f6rungen an sicherheitskritischen Komponenten reduziert werden.<\/li>\n<li>Dauerhaft garantierte Sicherheit und Qualit\u00e4t: Die Hebeb\u00fchne ist mit hochwertigen Komponenten ausgestattet, die eine lange Nutzungsdauer und maximale Sicherheit f\u00fcr den Bediener garantieren.<\/li>\n<li>Smarter und flexibler Aufbau: Bis zu 20 % k\u00fcrzere Installationszeit.\u00a0Dank der elektronischen Synchronisierung entfallen Einbau und Einstellung des Ausgleichseiles. Die Hebeb\u00fchnen k\u00f6nnen durch die drei breitenverstellbaren Aufbaupositionen flexibel installiert werden.<\/li>\n<li>Schnelle und einfache Bedienung: Der Arbeitsbereich ist frei von Hindernissen und s\u00e4mtliche Arbeiten k\u00f6nnen sicher und bequem durchgef\u00fchrt werden.<\/li>\n<li>TEq-Link connected workshop\n<ul>\n<li>Workflow-Management<\/li>\n<li>Datenverwaltung und Statistik<\/li>\n<li>Auftragsbuchung<\/li>\n<li>Echtzeit-Diagnose<\/li>\n<li>Vorbeugende Wartung<\/li>\n<\/ul>\n<\/li>\n<\/ul>\n<ul>\n<li>Die Geometrie der Tragarme wurde so konzipiert, dass sowohl Kleinstwagen\u00a0als auch Trapos mit langem Radstand angehoben werden k\u00f6nnen.<\/li>\n<li>Das Fahrzeug kann r\u00fcckw\u00e4rts abgestellt werden, ohne dass Sch\u00e4den am Fahrzeug zu bef\u00fcrchten sind.<\/li>\n<li>Dem Bediener steht ein gro\u00dfer Aufnahmebereich zur Verf\u00fcgung, ohne dass das Fahrzeug geschoben und gezogen werden muss, um die richtige Hebeposition zu erreichen.<\/li>\n<li>Die Br\u00fccke ist so konzipiert, dass sie bei minimalem Platzbedarf ein Maximum an Platz bietet.<\/li>\n<li>Spezielle Hochleistungsmotoren garantieren Leistung und lange Lebensdauer.<\/li>\n<li>Premiumqualit\u00e4t der Komponenten:\n<ul>\n<li>Aluminium-Riemenscheibe mit K\u00fchlfunktion.<\/li>\n<li>Langlebige Lager.<\/li>\n<li>50 % l\u00e4ngere Bronze-Tragmutter.<\/li>\n<li>Motoren mit verst\u00e4rktem Geh\u00e4use und K\u00fchlk\u00f6rper.<\/li>\n<li>Robuste automatische Armverriegelung.<\/li>\n<\/ul>\n<\/li>\n<\/ul>\n<ul>\n<li>Durch die asymmetrische Gestaltung der S\u00e4ulen \u00fcberlappen sich die Ladebereiche der Arme, wodurch eine gro\u00dfe Flexibilit\u00e4t und Zeitersparnis beim Aufnehmen des Fahrzeugs erreicht wird.<\/li>\n<li>Elektronische Synchronisierung<\/li>\n<li>Schneller Austausch der Tragmutter: Dank der neuen Motorplatte kann die Spindel von der Vorderseite der stehenden S\u00e4ule aus entfernt werden.<\/li>\n<li>Kurze 3-teilige Tragarme und lange 2-teilige Tragarme mit schnell montierbarem Teleskop-Gummitragteller<\/li>\n<li>Ausgestattet mit einem akustischen Fu\u00dfschutzsystem &#8211; Frei von mechanischen Fu\u00dfschutzvorrichtungen<\/li>\n<\/ul>\n","protected":false},"excerpt":{"rendered":"<p>3,5 t, elektromechanisch, 45\u00b0 gedrehte S\u00e4ulen, asymmetrisch, lange 2-teilige Tragarme, kurze 3-teilige Tragarme, TEq-Link<\/p>\n","protected":false},"featured_media":354030,"template":"","meta":[],"product_brand":[],"product_cat":[1033360],"product_tag":[1034161,1034178,1034195],"product_approvals":[],"product_application":[],"class_list":{"0":"post-381657","1":"product","2":"type-product","3":"status-publish","4":"has-post-thumbnail","6":"product_cat-2-saulen-hebebuhnen-de","7":"product_tag-passenger-cars-de","8":"product_tag-light-commercial-de","9":"product_tag-motor-homes-de","11":"first","12":"instock","13":"shipping-taxable","14":"product-type-simple"},"approvals":[],"application":[],"brb_media_brochure":[{"id":354031,"url":"https:\/\/dev.codekraft.it\/rotary-2024\/wp-content\/uploads\/brb_media\/00511040_2-post-lifts-spma32-x-spma35-x-br-132362-de-2023-09-screen.pdf","title":"2 post lifts spma32 x spma35 x br 132362 de 2023 09 screen","mpn":"","thumbnail":"https:\/\/dev.codekraft.it\/rotary-2024\/wp-content\/uploads\/brb_media\/00511040_2-post-lifts-spma32-x-spma35-x-br-132362-de-2023-09-screen-pdf-106x150.png","description":""},{"id":354032,"url":"https:\/\/dev.codekraft.it\/rotary-2024\/wp-content\/uploads\/brb_media\/00511041_2-post-lifts-spma32-x-spma35-x-br-132363-en-2023-98-screen.pdf","title":"2 post lifts spma32 x spma35 x br 132363 en 2023 98 screen","mpn":"","thumbnail":"https:\/\/dev.codekraft.it\/rotary-2024\/wp-content\/uploads\/brb_media\/00511041_2-post-lifts-spma32-x-spma35-x-br-132363-en-2023-98-screen-pdf-106x150.png","description":""},{"id":354033,"url":"https:\/\/dev.codekraft.it\/rotary-2024\/wp-content\/uploads\/brb_media\/00511042_2-post-lifts-spma32-x-spma35-x-br-132364-fr-2023-09-screen.pdf","title":"2 post lifts spma32 x spma35 x br 132364 fr 2023 09 screen","mpn":"","thumbnail":"https:\/\/dev.codekraft.it\/rotary-2024\/wp-content\/uploads\/brb_media\/00511042_2-post-lifts-spma32-x-spma35-x-br-132364-fr-2023-09-screen-pdf-106x150.png","description":""},{"id":354034,"url":"https:\/\/dev.codekraft.it\/rotary-2024\/wp-content\/uploads\/brb_media\/00511043_2-post-lifts-spma32-x-spma35-x-br-132365-it-2023-09-screen.pdf","title":"2 post lifts spma32 x spma35 x br 132365 it 2023 09 screen","mpn":"","thumbnail":"https:\/\/dev.codekraft.it\/rotary-2024\/wp-content\/uploads\/brb_media\/00511043_2-post-lifts-spma32-x-spma35-x-br-132365-it-2023-09-screen-pdf-106x150.png","description":""},{"id":354035,"url":"https:\/\/dev.codekraft.it\/rotary-2024\/wp-content\/uploads\/brb_media\/00511044_2-post-lifts-spma32-x-spma35-x-br-132366-es-2023-09-screen.pdf","title":"2 post lifts spma32 x spma35 x br 132366 es 2023 09 screen","mpn":"","thumbnail":"https:\/\/dev.codekraft.it\/rotary-2024\/wp-content\/uploads\/brb_media\/00511044_2-post-lifts-spma32-x-spma35-x-br-132366-es-2023-09-screen-pdf-106x150.png","description":""},{"id":354036,"url":"https:\/\/dev.codekraft.it\/rotary-2024\/wp-content\/uploads\/brb_media\/00511045_2-post-lifts-spma32-x-spma35-x-br-132367-ru-2023-09-screen.pdf","title":"2 post lifts spma32 x spma35 x br 132367 ru 2023 09 screen","mpn":"","thumbnail":"https:\/\/dev.codekraft.it\/rotary-2024\/wp-content\/uploads\/brb_media\/00511045_2-post-lifts-spma32-x-spma35-x-br-132367-ru-2023-09-screen-pdf-106x150.png","description":""},{"id":354037,"url":"https:\/\/dev.codekraft.it\/rotary-2024\/wp-content\/uploads\/brb_media\/00510094_tomorrow-series-end-user-flyer-de-2023-07-screen.pdf","title":"Tomorrow series end user flyer de 2023 07 screen","mpn":"","thumbnail":"https:\/\/dev.codekraft.it\/rotary-2024\/wp-content\/uploads\/brb_media\/00510094_tomorrow-series-end-user-flyer-de-2023-07-screen-pdf-106x150.png","description":""},{"id":354038,"url":"https:\/\/dev.codekraft.it\/rotary-2024\/wp-content\/uploads\/brb_media\/00510093_tomorrow-series-end-user-flyer-en-2023-07-screen.pdf","title":"Tomorrow series end user flyer en 2023 07 screen","mpn":"","thumbnail":"https:\/\/dev.codekraft.it\/rotary-2024\/wp-content\/uploads\/brb_media\/00510093_tomorrow-series-end-user-flyer-en-2023-07-screen-pdf-106x150.png","description":""},{"id":354039,"url":"https:\/\/dev.codekraft.it\/rotary-2024\/wp-content\/uploads\/brb_media\/00510095_tomorrow-series-end-user-flyer-es-2023-07-screen.pdf","title":"Tomorrow series end user flyer es 2023 07 screen","mpn":"","thumbnail":"https:\/\/dev.codekraft.it\/rotary-2024\/wp-content\/uploads\/brb_media\/00510095_tomorrow-series-end-user-flyer-es-2023-07-screen-pdf-106x150.png","description":""},{"id":354040,"url":"https:\/\/dev.codekraft.it\/rotary-2024\/wp-content\/uploads\/brb_media\/00510096_tomorrow-series-end-user-flyer-fr-2023-07-screen.pdf","title":"Tomorrow series end user flyer fr 2023 07 screen","mpn":"","thumbnail":"https:\/\/dev.codekraft.it\/rotary-2024\/wp-content\/uploads\/brb_media\/00510096_tomorrow-series-end-user-flyer-fr-2023-07-screen-pdf-106x150.png","description":""},{"id":354041,"url":"https:\/\/dev.codekraft.it\/rotary-2024\/wp-content\/uploads\/brb_media\/00510097_tomorrow-series-end-user-flyer-it-2023-07-screen.pdf","title":"Tomorrow series end user flyer it 2023 07 screen","mpn":"","thumbnail":"https:\/\/dev.codekraft.it\/rotary-2024\/wp-content\/uploads\/brb_media\/00510097_tomorrow-series-end-user-flyer-it-2023-07-screen-pdf-106x150.png","description":""},{"id":354042,"url":"https:\/\/dev.codekraft.it\/rotary-2024\/wp-content\/uploads\/brb_media\/00510098_tomorrow-series-end-user-flyer-ru-2023-07-screen.pdf","title":"Tomorrow series end user flyer ru 2023 07 screen","mpn":"","thumbnail":"https:\/\/dev.codekraft.it\/rotary-2024\/wp-content\/uploads\/brb_media\/00510098_tomorrow-series-end-user-flyer-ru-2023-07-screen-pdf-106x150.png","description":""}],"brb_media_drawing":[{"id":354067,"url":"https:\/\/dev.codekraft.it\/rotary-2024\/wp-content\/uploads\/brb_media\/00509783_2-post-lift-spma35-pickup-matrix-0473_0711_0_02-2023-04.pdf","title":"2 post lift spma35 pickup matrix 0473 0711 0 02 2023 04","mpn":"","thumbnail":"https:\/\/dev.codekraft.it\/rotary-2024\/wp-content\/uploads\/brb_media\/00509783_2-post-lift-spma35-pickup-matrix-0473_0711_0_02-2023-04-pdf-150x106.png","description":""}],"brb_media_manuals":[{"id":354046,"url":"https:\/\/dev.codekraft.it\/rotary-2024\/wp-content\/uploads\/brb_media\/00510236_2-post-lifts-spma32-spma35-im-0473-m004-0-rev2-multi-2023-06.pdf","title":"2 post lifts spma32 spma35 im 0473 m004 0 rev2 multi 2023 06","mpn":"","thumbnail":"https:\/\/dev.codekraft.it\/rotary-2024\/wp-content\/uploads\/brb_media\/00510236_2-post-lifts-spma32-spma35-im-0473-m004-0-rev2-multi-2023-06-pdf-106x150.png","description":""}],"brb_media_safety_datasheets":"","brb_media_spare_parts":[],"_cdmm_p_id":"499571","_company":"Elektron","_gtin":"4057612898644","accessories":[{"id":381087,"mpn":"FJ6216C","name":"Aufnahmeadapter","description":"Tragteller, Gummiauflage, rund | \u00d8 80 mm | 1 Satz \/ 4 St\u00fcck","thumbnail":"https:\/\/dev.codekraft.it\/rotary-2024\/wp-content\/uploads\/brb_media\/00535980_2-post-lift-fj6216c-mi-150x150.png","url":"https:\/\/dev.codekraft.it\/rotary-2024\/produkte\/zubehor-hebebuhnen-de\/lastaufnahmemittel-de\/aufnahmeadapter-7\/"},{"id":383983,"mpn":"VSG.2CALL.902641","name":"Werkzeug-Ablageschalen","description":"Magnetisch | 1 Satz \/ 2 St\u00fcck","thumbnail":"https:\/\/dev.codekraft.it\/rotary-2024\/wp-content\/uploads\/brb_media\/00509504_2-post-lift-vsg2call902641-mi-150x150.png","url":"https:\/\/dev.codekraft.it\/rotary-2024\/produkte\/zubehor-hebebuhnen-de\/zubehor-2-saulen-hebebuhnen-de\/werkzeug-ablageschalen\/"},{"id":382527,"mpn":"VSG.2CALL.901538","name":"Aufnahmeadapter","description":"Tragteller, Gummiauflage, rechteckig | f\u00fcr Tesla | 1 Satz \/ 4 St\u00fcck","thumbnail":"https:\/\/dev.codekraft.it\/rotary-2024\/wp-content\/uploads\/brb_media\/00505100_2-post-lift-vsg2call901538-mi-150x150.png","url":"https:\/\/dev.codekraft.it\/rotary-2024\/produkte\/zubehor-hebebuhnen-de\/lastaufnahmemittel-de\/aufnahmeadapter-8\/"},{"id":382533,"mpn":"VSG.2CALL.902023","name":"Aufnahmeadapter","description":"Tragteller, Zentrierpilz | f\u00fcr Fiat 500E, 500 ABARTH | 2-stufig | 1 Satz \/ 4 St\u00fcck","thumbnail":"https:\/\/dev.codekraft.it\/rotary-2024\/wp-content\/uploads\/brb_media\/00505105_2-post-lift-vsg2call902023-mi-150x150.png","url":"https:\/\/dev.codekraft.it\/rotary-2024\/produkte\/zubehor-hebebuhnen-de\/lastaufnahmemittel-de\/aufnahmeadapter-9\/"},{"id":382539,"mpn":"VSG.2CALL.902146","name":"Aufnahmeadapter","description":"Prisma | f\u00fcr VW-MEB-Plattform-E-Fahrzeuge | 1 Satz \/ 4 St\u00fcck","thumbnail":"https:\/\/dev.codekraft.it\/rotary-2024\/wp-content\/uploads\/brb_media\/00509505_2-post-lift-vsg2call902146-mi-150x150.png","url":"https:\/\/dev.codekraft.it\/rotary-2024\/produkte\/zubehor-hebebuhnen-de\/lastaufnahmemittel-de\/aufnahmeadapter-10\/"},{"id":382563,"mpn":"VSG.2CALL.901330","name":"Aufnahmeadapter","description":"Tragteller, U-Aufnahme | 1 Satz \/ 4 St\u00fcck","thumbnail":"https:\/\/dev.codekraft.it\/rotary-2024\/wp-content\/uploads\/brb_media\/00505104_2-post-lift-vsg2call901330-mi-150x150.png","url":"https:\/\/dev.codekraft.it\/rotary-2024\/produkte\/zubehor-hebebuhnen-de\/lastaufnahmemittel-de\/aufnahmeadapter-11\/"},{"id":384183,"mpn":"VSG.2CALL.901859","name":"Aufnahmeadapter","description":"Prisma | f\u00fcr Mercedes G-Klasse - vorn und hinten | 1 Satz \/ 4 St\u00fcck","thumbnail":"https:\/\/dev.codekraft.it\/rotary-2024\/wp-content\/uploads\/brb_media\/00511001_2-post-lift-vsg2call901859-mi-150x150.png","url":"https:\/\/dev.codekraft.it\/rotary-2024\/produkte\/zubehor-hebebuhnen-de\/lastaufnahmemittel-de\/aufnahmeadapter-14\/"},{"id":384177,"mpn":"VSG.2CALL.901606","name":"Aufnahmeadapter","description":"Dorn | f\u00fcr Fiat Ducato, Peugeot Boxer, Citro\u00ebn Jumper - vorn und hinten | 1 Satz \/ 4 St\u00fcck","thumbnail":"https:\/\/dev.codekraft.it\/rotary-2024\/wp-content\/uploads\/brb_media\/00510999_2-post-lift-vsg2call901606-mi-150x150.png","url":"https:\/\/dev.codekraft.it\/rotary-2024\/produkte\/zubehor-hebebuhnen-de\/lastaufnahmemittel-de\/aufnahmeadapter-13\/"},{"id":384171,"mpn":"VSG.2CALL.901712","name":"Aufnahmeadapter","description":"Prisma, Dorn | f\u00fcr Mercedes Sprinter, VW Crafter | 1 Satz \/ 6 St\u00fcck","thumbnail":"https:\/\/dev.codekraft.it\/rotary-2024\/wp-content\/uploads\/brb_media\/00511000_2-post-lift-vsg2call901712-mi-150x150.png","url":"https:\/\/dev.codekraft.it\/rotary-2024\/produkte\/zubehor-hebebuhnen-de\/lastaufnahmemittel-de\/aufnahmeadapter-12\/"},{"id":384501,"mpn":"VSG.2CALL.902276","name":"Aufnahmeadapter","description":"Tragteller, Gummiauflage, verstellbar - zur schnellen Positionierung auf 4 Unterschwenkh\u00f6hen | 4-stufig | 1 Satz \/ 4 St\u00fcck","thumbnail":"https:\/\/dev.codekraft.it\/rotary-2024\/wp-content\/uploads\/brb_media\/00533780_2-post-lift-vsg-2call-902276-mi-01-150x150.png","url":"https:\/\/dev.codekraft.it\/rotary-2024\/produkte\/zubehor-hebebuhnen-de\/zubehor-2-saulen-hebebuhnen-de\/aufnahmeadapter-16\/"},{"id":382545,"mpn":"VSG.2CALL.901071","name":"Adapterverl\u00e4ngerungen f\u00fcr elektromechanische Hebeb\u00fchnen","description":"4 x 89 mm, 4 x 127 mm, inkl. 2 Halterungen zur Montage an den S\u00e4ulen | 1 Satz \/ 8 St\u00fcck","thumbnail":"https:\/\/dev.codekraft.it\/rotary-2024\/wp-content\/uploads\/brb_media\/00508736_2-post-lift-vsg2call901071-mi-150x150.png","url":"https:\/\/dev.codekraft.it\/rotary-2024\/produkte\/zubehor-hebebuhnen-de\/zubehor-2-saulen-hebebuhnen-de\/adapterverlangerungen-fur-elektromechanische-hebebuhnen\/"},{"id":382551,"mpn":"VSG.2CALL.901248","name":"Adapterverl\u00e4ngerungen","description":"4 x 200 mm, inkl. Halterung zur Montage an den S\u00e4ulen | 1 Satz \/ 4 St\u00fcck","thumbnail":"https:\/\/dev.codekraft.it\/rotary-2024\/wp-content\/uploads\/brb_media\/00505099_2-post-lift-vsg2call901248-mi-150x150.png","url":"https:\/\/dev.codekraft.it\/rotary-2024\/produkte\/zubehor-hebebuhnen-de\/zubehor-2-saulen-hebebuhnen-de\/adapterverlangerungen-3\/"},{"id":382557,"mpn":"VSG.2CALL.901163","name":"Adapter-Satz","description":"Adapter-Satz f\u00fcr Tragteller zur Rahmenaufnahme \u00d8 120 mm (1 Satz, 2 St.)","thumbnail":"https:\/\/dev.codekraft.it\/rotary-2024\/wp-content\/uploads\/brb_media\/00524050_2-post-lift-fj6353-1-mi-150x150.png","url":"https:\/\/dev.codekraft.it\/rotary-2024\/produkte\/zubehor-hebebuhnen-de\/zubehor-2-saulen-hebebuhnen-de\/adapter-satz\/"},{"id":383971,"mpn":"VSG.2CALL.902818","name":"Rampen","description":"Rampenh\u00f6he 60 mm, f\u00fcr extrem niedrige Fahrzeuge | 1 Satz \/ 4 St\u00fcck","thumbnail":"https:\/\/dev.codekraft.it\/rotary-2024\/wp-content\/uploads\/brb_media\/00509501_2-post-lift-vsg2call902818-mi-150x150.png","url":"https:\/\/dev.codekraft.it\/rotary-2024\/produkte\/zubehor-hebebuhnen-de\/zubehor-2-saulen-hebebuhnen-de\/rampen\/"},{"id":383977,"mpn":"VSG.2CALL.902085","name":"Achsmessb\u00f6cke","description":"1 Satz \/ 4 St\u00fcck","thumbnail":"https:\/\/dev.codekraft.it\/rotary-2024\/wp-content\/uploads\/brb_media\/00509503_2-post-lift-vsg2call902085-mi-150x150.png","url":"https:\/\/dev.codekraft.it\/rotary-2024\/produkte\/zubehor-hebebuhnen-de\/zubehor-2-saulen-hebebuhnen-de\/achsmessbocke\/"},{"id":384189,"mpn":"VSG.2CALL.902511","name":"Werkzeughalterung","description":"Ergonomische Halterung f\u00fcr Druckluftschrauber","thumbnail":"https:\/\/dev.codekraft.it\/rotary-2024\/wp-content\/uploads\/brb_media\/00511003_2-post-lift-vsg2call902511-mi-150x150.png","url":"https:\/\/dev.codekraft.it\/rotary-2024\/produkte\/zubehor-hebebuhnen-de\/zubehor-2-saulen-hebebuhnen-de\/werkzeughalterung\/"},{"id":382582,"mpn":"VSG.2CELM.901927","name":"Montagevorrichtung","description":"3,2 t - 4,2 t | f\u00fcr eine leichtere Montage der Hebeb\u00fchne, kann auch f\u00fcr andere Installationen wiederverwendet werden | 1 Satz","thumbnail":"https:\/\/dev.codekraft.it\/rotary-2024\/wp-content\/uploads\/brb_media\/00512726_2-post-lift-vsg2celm901927-mi-01-150x150.png","url":"https:\/\/dev.codekraft.it\/rotary-2024\/produkte\/zubehor-hebebuhnen-de\/zubehor-2-saulen-hebebuhnen-de\/montagevorrichtung\/"},{"id":382576,"mpn":"VSG.2CELM.902344","name":"Galgenerh\u00f6hung","description":"Bausatz zur Erh\u00f6hung der Oberleitungskabeldurchf\u00fchrung um bis zu +1,5 m | f\u00fcr Spindelb\u00fchnen | 1 Satz","thumbnail":"https:\/\/dev.codekraft.it\/rotary-2024\/wp-content\/uploads\/brb_media\/00509506_2-post-lift-vsg2celm902344-mi-150x150.png","url":"https:\/\/dev.codekraft.it\/rotary-2024\/produkte\/zubehor-hebebuhnen-de\/zubehor-2-saulen-hebebuhnen-de\/galgenerhohung\/"},{"id":382570,"mpn":"VSG.2CALL.901378","name":"St\u00fctzplatten","description":"3,5 t | erm\u00f6glichen die Installation auf B\u00f6den mit geringer Tragf\u00e4higkeit oder geringer Betondicke | 1 Satz \/ 2 St\u00fcck","thumbnail":"https:\/\/dev.codekraft.it\/rotary-2024\/wp-content\/uploads\/brb_media\/00533778_2-post-lift-vsg-2call-901378-mi-150x150.png","url":"https:\/\/dev.codekraft.it\/rotary-2024\/produkte\/zubehor-hebebuhnen-de\/zubehor-2-saulen-hebebuhnen-de\/stutzplatten\/"},{"id":382848,"mpn":"VSG.2CELM.902498","name":"Bodenkabelf\u00fchrung","description":"Verlegung des Verbindungskabels zwischen den S\u00e4ulen im Boden | 1 St\u00fcck","thumbnail":"https:\/\/dev.codekraft.it\/rotary-2024\/wp-content\/uploads\/brb_media\/00507202_2-post-lift-vsg2celm902498-mi-150x150.png","url":"https:\/\/dev.codekraft.it\/rotary-2024\/produkte\/zubehor-hebebuhnen-de\/zubehor-2-saulen-hebebuhnen-de\/bodenkabelfuhrung\/"},{"id":384159,"mpn":"VSG.2CALL.901361","name":"St\u00fctzplatten","description":"3,2 t | erm\u00f6glichen die Installation auf B\u00f6den mit geringer Tragf\u00e4higkeit oder geringer Betondicke | 1 Satz \/ 2 St\u00fcck","thumbnail":"https:\/\/dev.codekraft.it\/rotary-2024\/wp-content\/uploads\/brb_media\/00533777_2-post-lift-vsg-2call-901361-mi-150x150.png","url":"https:\/\/dev.codekraft.it\/rotary-2024\/produkte\/zubehor-hebebuhnen-de\/zubehor-2-saulen-hebebuhnen-de\/stutzplatten-3\/"}],"components":[],"related":[],"page_logo_src":"https:\/\/dev.codekraft.it\/rotary-2024\/wp-content\/uploads\/2024\/05\/cropped-rotary-logo-2022.png","lang":"de","translations":{"de":381657,"en":381656,"fr":381658,"it":381661,"es":381663,"ru":381665},"pll_sync_post":[],"_links":{"self":[{"href":"https:\/\/dev.codekraft.it\/rotary-2024\/wp-json\/wp\/v2\/product\/381657","targetHints":{"allow":["GET"]}}],"collection":[{"href":"https:\/\/dev.codekraft.it\/rotary-2024\/wp-json\/wp\/v2\/product"}],"about":[{"href":"https:\/\/dev.codekraft.it\/rotary-2024\/wp-json\/wp\/v2\/types\/product"}],"wp:featuredmedia":[{"embeddable":true,"href":"https:\/\/dev.codekraft.it\/rotary-2024\/wp-json\/wp\/v2\/media\/354030"}],"wp:attachment":[{"href":"https:\/\/dev.codekraft.it\/rotary-2024\/wp-json\/wp\/v2\/media?parent=381657"}],"wp:term":[{"taxonomy":"product_brand","embeddable":true,"href":"https:\/\/dev.codekraft.it\/rotary-2024\/wp-json\/wp\/v2\/product_brand?post=381657"},{"taxonomy":"product_cat","embeddable":true,"href":"https:\/\/dev.codekraft.it\/rotary-2024\/wp-json\/wp\/v2\/product_cat?post=381657"},{"taxonomy":"product_tag","embeddable":true,"href":"https:\/\/dev.codekraft.it\/rotary-2024\/wp-json\/wp\/v2\/product_tag?post=381657"},{"taxonomy":"product_approvals","embeddable":true,"href":"https:\/\/dev.codekraft.it\/rotary-2024\/wp-json\/wp\/v2\/product_approvals?post=381657"},{"taxonomy":"product_application","embeddable":true,"href":"https:\/\/dev.codekraft.it\/rotary-2024\/wp-json\/wp\/v2\/product_application?post=381657"}],"curies":[{"name":"wp","href":"https:\/\/api.w.org\/{rel}","templated":true}]}}