{"id":381560,"date":"2025-12-11T10:10:59","date_gmt":"2025-12-11T10:10:59","guid":{"rendered":"https:\/\/dev.codekraft.it\/rotary-2024\/products\/uncategorized\/cone-avec-cale-pour-arbre-o-40-o-69-mm\/"},"modified":"2025-12-11T10:10:59","modified_gmt":"2025-12-11T10:10:59","slug":"cone-avec-cale-pour-arbre-o-40-o-69-mm","status":"publish","type":"product","link":"https:\/\/dev.codekraft.it\/rotary-2024\/fr\/produits\/accessoires-service-de-pneus-fr\/accessoires-demonte-pneu-fr\/cone-avec-cale-pour-arbre-o-40-o-69-mm\/","title":{"rendered":"C\u00f4ne avec cale | pour arbre \u00d8 40 | \u00d8 69 mm"},"content":{"rendered":"","protected":false},"excerpt":{"rendered":"<p>Necessaire le G1000A80 &#8211; G1000A138<\/p>\n","protected":false},"featured_media":357304,"template":"","meta":[],"product_brand":[],"product_cat":[1033372],"product_tag":[],"product_approvals":[],"product_application":[],"class_list":{"0":"post-381560","1":"product","2":"type-product","3":"status-publish","4":"has-post-thumbnail","6":"product_cat-accessoires-demonte-pneu-fr","8":"first","9":"instock","10":"shipping-taxable","11":"product-type-simple"},"approvals":[],"application":[],"brb_media_brochure":"","brb_media_drawing":"","brb_media_manuals":"","brb_media_safety_datasheets":"","brb_media_spare_parts":[],"_cdmm_p_id":"497574","_company":"VSG","_gtin":"4057612806199","accessories":[{"id":383703,"mpn":"G1000A138","name":"\u00c9crou de serrage rapide pour jantes","description":"Dispositif de blocage avec flasque rapide pour d\u00e9monte-pneus","thumbnail":"https:\/\/dev.codekraft.it\/rotary-2024\/wp-content\/uploads\/brb_media\/00506684_g1000a138-150x150.png","url":"https:\/\/dev.codekraft.it\/rotary-2024\/fr\/produits\/accessoires-service-de-pneus-fr\/accessoires-demonte-pneu-fr\/ecrou-de-serrage-rapide-pour-jantes\/"}],"components":[],"related":[],"page_logo_src":"https:\/\/dev.codekraft.it\/rotary-2024\/wp-content\/uploads\/2024\/05\/cropped-rotary-logo-2022.png","lang":"fr","translations":{"fr":381560,"en":381558,"de":381559,"it":381561,"es":381562,"ru":381563},"pll_sync_post":[],"_links":{"self":[{"href":"https:\/\/dev.codekraft.it\/rotary-2024\/wp-json\/wp\/v2\/product\/381560","targetHints":{"allow":["GET"]}}],"collection":[{"href":"https:\/\/dev.codekraft.it\/rotary-2024\/wp-json\/wp\/v2\/product"}],"about":[{"href":"https:\/\/dev.codekraft.it\/rotary-2024\/wp-json\/wp\/v2\/types\/product"}],"wp:featuredmedia":[{"embeddable":true,"href":"https:\/\/dev.codekraft.it\/rotary-2024\/wp-json\/wp\/v2\/media\/357304"}],"wp:attachment":[{"href":"https:\/\/dev.codekraft.it\/rotary-2024\/wp-json\/wp\/v2\/media?parent=381560"}],"wp:term":[{"taxonomy":"product_brand","embeddable":true,"href":"https:\/\/dev.codekraft.it\/rotary-2024\/wp-json\/wp\/v2\/product_brand?post=381560"},{"taxonomy":"product_cat","embeddable":true,"href":"https:\/\/dev.codekraft.it\/rotary-2024\/wp-json\/wp\/v2\/product_cat?post=381560"},{"taxonomy":"product_tag","embeddable":true,"href":"https:\/\/dev.codekraft.it\/rotary-2024\/wp-json\/wp\/v2\/product_tag?post=381560"},{"taxonomy":"product_approvals","embeddable":true,"href":"https:\/\/dev.codekraft.it\/rotary-2024\/wp-json\/wp\/v2\/product_approvals?post=381560"},{"taxonomy":"product_application","embeddable":true,"href":"https:\/\/dev.codekraft.it\/rotary-2024\/wp-json\/wp\/v2\/product_application?post=381560"}],"curies":[{"name":"wp","href":"https:\/\/api.w.org\/{rel}","templated":true}]}}