{"id":381268,"date":"2025-12-11T10:10:57","date_gmt":"2025-12-11T10:10:57","guid":{"rendered":"https:\/\/dev.codekraft.it\/rotary-2024\/products\/uncategorized\/table-elevatrice-mge-1-0\/"},"modified":"2025-12-11T10:10:57","modified_gmt":"2025-12-11T10:10:57","slug":"table-elevatrice-mge-1-0","status":"publish","type":"product","link":"https:\/\/dev.codekraft.it\/rotary-2024\/fr\/produits\/ponts-elevateurs-fr\/tables-de-levage-fr\/table-elevatrice-mge-1-0\/","title":{"rendered":"Table \u00e9l\u00e9vatrice MGE 1.0"},"content":{"rendered":"<p>Table \u00e9l\u00e9vatrice universelle avec capacit\u00e9 de charge de 1\u00a0t. Permet de d\u00e9monter et remonter ais\u00e9ment et en toute s\u00e9curit\u00e9 les moteurs, bo\u00eetes de vitesse, batteries HT et composants de ch\u00e2ssis.\u00a0D\u00e9velopp\u00e9e gr\u00e2ce \u00e0 20\u00a0ans d\u2019exp\u00e9rience dans la fabrication de tables \u00e9l\u00e9vatrices, en collaboration avec les principaux constructeurs automobiles.<\/p>\n<ul>\n<li>Offre \u00e9tendue d&#8217;accessoires pour tous les domaines d&#8217;utilisation<\/li>\n<li>Logement et fixation s\u00fbrs de composants<\/li>\n<li>Manipulation facile et flexible<\/li>\n<li>Espace g\u00e9n\u00e9reux sous le v\u00e9hicule gr\u00e2ce \u00e0 la conception compacte<\/li>\n<li>Les grandes roulettes et les freins d&#8217;immobilisation garantissent la mobilit\u00e9 sur le poste de travail<\/li>\n<li>Facile \u00e0 man\u0153uvrer avec la charge gr\u00e2ce \u00e0 des roulettes en plastique \u00e0 roulements \u00e0 billes<\/li>\n<li>L&#8217;offre \u00e9tendue d&#8217;accessoires (disponibles s\u00e9par\u00e9ment) fait de la table \u00e9l\u00e9vatrice un auxiliaire d&#8217;atelier indispensable et universel<\/li>\n<li>Les 14\u00a0trous sur les c\u00f4t\u00e9s gauche et droit de la plateforme offrent de nombreuses possibilit\u00e9s pour fixer des outils de support<\/li>\n<li>La conception plate et \u00e9troite, ainsi que la poign\u00e9e mobile verticalement, permettent un positionnement ais\u00e9 sous le v\u00e9hicule<\/li>\n<\/ul>\n<ul>\n<li>Plaque de support fixe avec 2&#215;7 per\u00e7ages pour la fixation s\u00e9curis\u00e9e de diff\u00e9rents logements<\/li>\n<li>Des supports de maintenance de s\u00e9rie permettent un travail en toute s\u00e9curit\u00e9 lors de la maintenance de la table \u00e9l\u00e9vatrice<\/li>\n<li>Course de charge de levage \u00e0 commande hydraulique au pied, avec pompe \u00e0 double effet, pour un levage rapide et sans effort &#8211; Dosage pr\u00e9cis en continu de la vitesse de descente gr\u00e2ce au clapet de freinage de descente r\u00e9gulable<\/li>\n<li>Man\u0153uvres faciles et stationnement s\u00e9curis\u00e9 gr\u00e2ce aux deux roulettes pivotantes \u00e0 freins d&#8217;immobilisation int\u00e9gr\u00e9s<\/li>\n<\/ul>\n","protected":false},"excerpt":{"rendered":"<p>1,0\u00a0t, 1300\u00a0mm de levage, pompe \u00e0 pied hydraulique | Gris (RAL 7015)<\/p>\n","protected":false},"featured_media":353960,"template":"","meta":[],"product_cat":[1033906],"product_tag":[1034163],"product_approvals":[],"product_application":[],"class_list":{"0":"post-381268","1":"product","2":"type-product","3":"status-publish","4":"has-post-thumbnail","6":"product_cat-tables-de-levage-fr","7":"product_tag-passenger-cars-fr","9":"first","10":"instock","11":"shipping-taxable","12":"product-type-simple"},"approvals":[],"application":[],"brb_media_brochure":[{"id":353961,"url":"https:\/\/dev.codekraft.it\/rotary-2024\/wp-content\/uploads\/brb_media\/00489224_lifting-table-mge-10-br-130870-de-2022-03-screen.pdf","title":"Lifting Table MGE 10 BR 130870 de 2022 03 screen","thumbnail":"https:\/\/dev.codekraft.it\/rotary-2024\/wp-content\/uploads\/brb_media\/00489224_lifting-table-mge-10-br-130870-de-2022-03-screen-pdf-106x150.png","description":""},{"id":353962,"url":"https:\/\/dev.codekraft.it\/rotary-2024\/wp-content\/uploads\/brb_media\/00493073_lifting-table-mge-10-br-130871-en-2022-03-screen.pdf","title":"Lifting Table MGE 10 BR 130871 en 2022 03 screen","thumbnail":"https:\/\/dev.codekraft.it\/rotary-2024\/wp-content\/uploads\/brb_media\/00493073_lifting-table-mge-10-br-130871-en-2022-03-screen-pdf-106x150.png","description":""},{"id":353963,"url":"https:\/\/dev.codekraft.it\/rotary-2024\/wp-content\/uploads\/brb_media\/00489225_lifting-table-mge-10-br-130872-fr-2022-03-screen.pdf","title":"Lifting Table MGE 10 BR 130872 fr 2022 03 screen","thumbnail":"https:\/\/dev.codekraft.it\/rotary-2024\/wp-content\/uploads\/brb_media\/00489225_lifting-table-mge-10-br-130872-fr-2022-03-screen-pdf-106x150.png","description":""},{"id":353964,"url":"https:\/\/dev.codekraft.it\/rotary-2024\/wp-content\/uploads\/brb_media\/00489226_lifting-table-mge-10-br-130873-it-2022-03-screen.pdf","title":"Lifting Table MGE 10 BR 130873 it 2022 03 screen","thumbnail":"https:\/\/dev.codekraft.it\/rotary-2024\/wp-content\/uploads\/brb_media\/00489226_lifting-table-mge-10-br-130873-it-2022-03-screen-pdf-106x150.png","description":""},{"id":353965,"url":"https:\/\/dev.codekraft.it\/rotary-2024\/wp-content\/uploads\/brb_media\/00489227_lifting-table-mge-10-br-130874-es-2022-03-screen.pdf","title":"Lifting Table MGE 10 BR 130874 es 2022 03 screen","thumbnail":"https:\/\/dev.codekraft.it\/rotary-2024\/wp-content\/uploads\/brb_media\/00489227_lifting-table-mge-10-br-130874-es-2022-03-screen-pdf-109x150.png","description":""},{"id":353966,"url":"https:\/\/dev.codekraft.it\/rotary-2024\/wp-content\/uploads\/brb_media\/00489228_lifting-table-mge-10-br-130875-ru-2022-03-screen.pdf","title":"Lifting Table MGE 10 BR 130875 ru 2022 03 screen","thumbnail":"https:\/\/dev.codekraft.it\/rotary-2024\/wp-content\/uploads\/brb_media\/00489228_lifting-table-mge-10-br-130875-ru-2022-03-screen-pdf-106x150.png","description":""}],"brb_media_drawing":[{"id":353971,"url":"https:\/\/dev.codekraft.it\/rotary-2024\/wp-content\/uploads\/brb_media\/00489229_lifting-table-mge-td-2022-03.pdf","title":"Lifting Table MGE TD 2022 03","thumbnail":"https:\/\/dev.codekraft.it\/rotary-2024\/wp-content\/uploads\/brb_media\/00489229_lifting-table-mge-td-2022-03-pdf-150x106.png","description":""}],"brb_media_manuals":[{"id":353970,"url":"https:\/\/dev.codekraft.it\/rotary-2024\/wp-content\/uploads\/brb_media\/00505368_gearbox-lift-master-gear-mge-10-om-sp-131010-multi-2022-04-rev0.pdf","title":"Gearbox Lift Master Gear MGE 10 OM SP 131010 multi 2022 04 Rev0","thumbnail":"https:\/\/dev.codekraft.it\/rotary-2024\/wp-content\/uploads\/brb_media\/00505368_gearbox-lift-master-gear-mge-10-om-sp-131010-multi-2022-04-rev0-pdf-106x150.png","description":""}],"brb_media_safety_datasheets":"","brb_media_spare_parts":[],"_cdmm_p_id":"497269","_company":"Elektron","_gtin":"4057612879292","accessories":[{"id":378034,"cdmm_p_id":"11","name":"Fixation universelle \u00d8 35\u00a0mm","description":"Per\u00e7age de \u00d8 35\u00a0mm, pouvant accueillir diff\u00e9rents outils, tels que la plaque \u00e0 bo\u00eete de vitesses GA Pkw | dot\u00e9e d'un coussinet","thumbnail":"https:\/\/dev.codekraft.it\/rotary-2024\/wp-content\/uploads\/brb_media\/00510648_accessory-lifting-tables-103544-universal-mounting-mi-150x150.png","url":"https:\/\/dev.codekraft.it\/rotary-2024\/fr\/produits\/accessoires-ponts-elevateurs-fr\/accessoires-tables-de-levage-fr\/fixation-universelle-o-35-mm\/"},{"id":377093,"cdmm_p_id":"333","name":"Support pour groupe 454 cdi (smart)","description":"Capacit\u00e9 de charge 180 kg","thumbnail":"https:\/\/dev.codekraft.it\/rotary-2024\/wp-content\/uploads\/brb_media\/00023465_aggregataufnahme-454-cdi-108260_web-150x150.png","url":"https:\/\/dev.codekraft.it\/rotary-2024\/fr\/produits\/autres-produits-fr\/outils-speciaux-fr\/support-pour-groupe-454-cdi-smart\/"},{"id":377112,"cdmm_p_id":"330","name":"Support de groupes moteurs Universel | pour W221, W164, W209, R171, R230, R251","description":"Poids 20\u00a0kg, capacit\u00e9 de charge 800\u00a0kg","thumbnail":"https:\/\/dev.codekraft.it\/rotary-2024\/wp-content\/uploads\/brb_media\/00510649_accessory-lifting-tables-aggregate-mounting-universal-107856-mi-150x150.png","url":"https:\/\/dev.codekraft.it\/rotary-2024\/fr\/produits\/accessoires-ponts-elevateurs-fr\/accessoires-tables-de-levage-fr\/support-de-groupes-moteurs-universel-pour-w221-w164-w209-r171-r230-r251\/"},{"id":377193,"cdmm_p_id":"156","name":"Plaque de bo\u00eetes de vitesses GA voiture","description":"Angle d'ajustage +\/- 10\u00b0, capacit\u00e9 de charge 400 kg, \u00d8 de goujon 35 mm, dimensions 300 x 240 mm, sangle de serrage de la charge, grande surface d'appui en caoutchouc | utilisation universelle sur les voitures particuli\u00e8res, convient parfaitement aux bo\u00eetes de Mercedes-Benz vitesses automatiques","thumbnail":"https:\/\/dev.codekraft.it\/rotary-2024\/wp-content\/uploads\/brb_media\/00022512-150x150.png","url":"https:\/\/dev.codekraft.it\/rotary-2024\/fr\/produits\/accessoires-ponts-elevateurs-fr\/plaques-de-transmission-fr\/plaque-de-boites-de-vitesses-ga-voiture\/"}],"components":[],"related":[],"similar":[{"id":380053,"cdmm_p_id":"476224","name":"Table \u00e9l\u00e9vatrice MGO","description":"1,0 t, 1320 mm course, pompe \u00e0 pied hydraulique | Gris (RAL 7015)","thumbnail":"https:\/\/dev.codekraft.it\/rotary-2024\/wp-content\/uploads\/brb_media\/00410264_gearbox-lift-opel-mi-150x150.png","url":"https:\/\/dev.codekraft.it\/rotary-2024\/fr\/produits\/ponts-elevateurs-fr\/tables-de-levage-fr\/table-elevatrice-mgo\/"}],"lang":"fr","translations":{"fr":381268,"en":381266,"de":381267,"it":381269,"es":381270,"ru":381271},"pll_sync_post":[],"_links":{"self":[{"href":"https:\/\/dev.codekraft.it\/rotary-2024\/wp-json\/wp\/v2\/product\/381268","targetHints":{"allow":["GET"]}}],"collection":[{"href":"https:\/\/dev.codekraft.it\/rotary-2024\/wp-json\/wp\/v2\/product"}],"about":[{"href":"https:\/\/dev.codekraft.it\/rotary-2024\/wp-json\/wp\/v2\/types\/product"}],"wp:featuredmedia":[{"embeddable":true,"href":"https:\/\/dev.codekraft.it\/rotary-2024\/wp-json\/wp\/v2\/media\/353960"}],"wp:attachment":[{"href":"https:\/\/dev.codekraft.it\/rotary-2024\/wp-json\/wp\/v2\/media?parent=381268"}],"wp:term":[{"taxonomy":"product_cat","embeddable":true,"href":"https:\/\/dev.codekraft.it\/rotary-2024\/wp-json\/wp\/v2\/product_cat?post=381268"},{"taxonomy":"product_tag","embeddable":true,"href":"https:\/\/dev.codekraft.it\/rotary-2024\/wp-json\/wp\/v2\/product_tag?post=381268"},{"taxonomy":"product_approvals","embeddable":true,"href":"https:\/\/dev.codekraft.it\/rotary-2024\/wp-json\/wp\/v2\/product_approvals?post=381268"},{"taxonomy":"product_application","embeddable":true,"href":"https:\/\/dev.codekraft.it\/rotary-2024\/wp-json\/wp\/v2\/product_application?post=381268"}],"curies":[{"name":"wp","href":"https:\/\/api.w.org\/{rel}","templated":true}]}}