{"id":381262,"date":"2025-12-11T10:10:48","date_gmt":"2025-12-11T10:10:48","guid":{"rendered":"https:\/\/dev.codekraft.it\/rotary-2024\/products\/uncategorized\/kit-encastre-ds35ex-sans-cadre-zp-7012\/"},"modified":"2025-12-11T10:10:48","modified_gmt":"2025-12-11T10:10:48","slug":"kit-encastre-ds35ex-sans-cadre-zp-7012","status":"publish","type":"product","link":"https:\/\/dev.codekraft.it\/rotary-2024\/fr\/produits\/accessoires-ponts-elevateurs-fr\/accessoires-ponts-a-doubles-ciseaux-fr\/kit-encastre-ds35ex-sans-cadre-zp-7012\/","title":{"rendered":"Kit encastr\u00e9 DS35EX, sans cadre, ZP+7012"},"content":{"rendered":"","protected":false},"excerpt":{"rendered":"<p>Bo\u00eetes de support pour rampes pliantes avec une installation encastr\u00e9e (1 jeu \/ 4 pi\u00e8ces)<\/p>\n","protected":false},"featured_media":353953,"template":"","meta":[],"product_cat":[1033696],"product_tag":[],"product_approvals":[],"product_application":[],"class_list":{"0":"post-381262","1":"product","2":"type-product","3":"status-publish","4":"has-post-thumbnail","6":"product_cat-accessoires-ponts-a-doubles-ciseaux-fr","8":"first","9":"instock","10":"shipping-taxable","11":"product-type-simple"},"approvals":[],"application":[],"brb_media_brochure":"","brb_media_drawing":"","brb_media_manuals":"","brb_media_safety_datasheets":"","brb_media_spare_parts":[],"_cdmm_p_id":"497249","_company":"Elektron","_gtin":"4057612731965","accessories":[],"components":[],"related":[],"similar":[],"lang":"fr","translations":{"fr":381262,"en":381260,"de":381261,"it":381263,"es":381264,"ru":381265},"pll_sync_post":[],"_links":{"self":[{"href":"https:\/\/dev.codekraft.it\/rotary-2024\/wp-json\/wp\/v2\/product\/381262","targetHints":{"allow":["GET"]}}],"collection":[{"href":"https:\/\/dev.codekraft.it\/rotary-2024\/wp-json\/wp\/v2\/product"}],"about":[{"href":"https:\/\/dev.codekraft.it\/rotary-2024\/wp-json\/wp\/v2\/types\/product"}],"wp:featuredmedia":[{"embeddable":true,"href":"https:\/\/dev.codekraft.it\/rotary-2024\/wp-json\/wp\/v2\/media\/353953"}],"wp:attachment":[{"href":"https:\/\/dev.codekraft.it\/rotary-2024\/wp-json\/wp\/v2\/media?parent=381262"}],"wp:term":[{"taxonomy":"product_cat","embeddable":true,"href":"https:\/\/dev.codekraft.it\/rotary-2024\/wp-json\/wp\/v2\/product_cat?post=381262"},{"taxonomy":"product_tag","embeddable":true,"href":"https:\/\/dev.codekraft.it\/rotary-2024\/wp-json\/wp\/v2\/product_tag?post=381262"},{"taxonomy":"product_approvals","embeddable":true,"href":"https:\/\/dev.codekraft.it\/rotary-2024\/wp-json\/wp\/v2\/product_approvals?post=381262"},{"taxonomy":"product_application","embeddable":true,"href":"https:\/\/dev.codekraft.it\/rotary-2024\/wp-json\/wp\/v2\/product_application?post=381262"}],"curies":[{"name":"wp","href":"https:\/\/api.w.org\/{rel}","templated":true}]}}