{"id":381124,"date":"2025-12-11T10:10:46","date_gmt":"2025-12-11T10:10:46","guid":{"rendered":"https:\/\/dev.codekraft.it\/rotary-2024\/products\/uncategorized\/kit-dencastrement-smxxn-b-avec-butee-ce-sans-kit-de-parallelisme\/"},"modified":"2025-12-11T10:10:46","modified_gmt":"2025-12-11T10:10:46","slug":"kit-dencastrement-smxxn-b-avec-butee-ce-sans-kit-de-parallelisme","status":"publish","type":"product","link":"https:\/\/dev.codekraft.it\/rotary-2024\/fr\/produits\/accessoires-ponts-elevateurs-fr\/accessoires-ponts-elevateurs-a-4-colonnes-fr\/kit-dencastrement-smxxn-b-avec-butee-ce-sans-kit-de-parallelisme\/","title":{"rendered":"Kit d&#039;encastrement SMxxN\/B, avec but\u00e9e CE, sans kit de parall\u00e9lisme"},"content":{"rendered":"<ul>\n<li>Jeu de montage encastr\u00e9, compos\u00e9 de 4\u00a0rampes courtes pour SM40-SM65 sans kit de parall\u00e9lisme (1\u00a0jeu \/ 4\u00a0pi\u00e8ces), incl. but\u00e9e CE r\u00e9glable<\/li>\n<\/ul>\n","protected":false},"excerpt":{"rendered":"<p>4 rampes courtes, pour SM40-SM65<\/p>\n","protected":false},"featured_media":353795,"template":"","meta":[],"product_brand":[],"product_cat":[1033502],"product_tag":[],"product_approvals":[],"product_application":[],"class_list":{"0":"post-381124","1":"product","2":"type-product","3":"status-publish","4":"has-post-thumbnail","6":"product_cat-accessoires-ponts-elevateurs-a-4-colonnes-fr","8":"first","9":"instock","10":"shipping-taxable","11":"product-type-simple"},"approvals":[],"application":[],"brb_media_brochure":"","brb_media_drawing":"","brb_media_manuals":"","brb_media_safety_datasheets":"","brb_media_spare_parts":[],"_cdmm_p_id":"497221","_company":"Elektron","_gtin":"4057612720877","accessories":[],"components":[],"related":[],"page_logo_src":"https:\/\/dev.codekraft.it\/rotary-2024\/wp-content\/uploads\/2024\/05\/cropped-rotary-logo-2022.png","lang":"fr","translations":{"fr":381124,"en":381122,"de":381123,"it":381125,"es":381126,"ru":381127},"pll_sync_post":[],"_links":{"self":[{"href":"https:\/\/dev.codekraft.it\/rotary-2024\/wp-json\/wp\/v2\/product\/381124","targetHints":{"allow":["GET"]}}],"collection":[{"href":"https:\/\/dev.codekraft.it\/rotary-2024\/wp-json\/wp\/v2\/product"}],"about":[{"href":"https:\/\/dev.codekraft.it\/rotary-2024\/wp-json\/wp\/v2\/types\/product"}],"wp:featuredmedia":[{"embeddable":true,"href":"https:\/\/dev.codekraft.it\/rotary-2024\/wp-json\/wp\/v2\/media\/353795"}],"wp:attachment":[{"href":"https:\/\/dev.codekraft.it\/rotary-2024\/wp-json\/wp\/v2\/media?parent=381124"}],"wp:term":[{"taxonomy":"product_brand","embeddable":true,"href":"https:\/\/dev.codekraft.it\/rotary-2024\/wp-json\/wp\/v2\/product_brand?post=381124"},{"taxonomy":"product_cat","embeddable":true,"href":"https:\/\/dev.codekraft.it\/rotary-2024\/wp-json\/wp\/v2\/product_cat?post=381124"},{"taxonomy":"product_tag","embeddable":true,"href":"https:\/\/dev.codekraft.it\/rotary-2024\/wp-json\/wp\/v2\/product_tag?post=381124"},{"taxonomy":"product_approvals","embeddable":true,"href":"https:\/\/dev.codekraft.it\/rotary-2024\/wp-json\/wp\/v2\/product_approvals?post=381124"},{"taxonomy":"product_application","embeddable":true,"href":"https:\/\/dev.codekraft.it\/rotary-2024\/wp-json\/wp\/v2\/product_application?post=381124"}],"curies":[{"name":"wp","href":"https:\/\/api.w.org\/{rel}","templated":true}]}}