{"id":381075,"date":"2024-07-12T09:12:56","date_gmt":"2024-07-12T09:12:56","guid":{"rendered":"https:\/\/dev.codekraft.it\/rotary-2024\/products\/uncategorized\/tetes-de-mesure-18422-18423-avant-voiture-de-tourisme\/"},"modified":"2024-07-12T09:12:56","modified_gmt":"2024-07-12T09:12:56","slug":"tetes-de-mesure-18422-18423-avant-voiture-de-tourisme","status":"publish","type":"product","link":"https:\/\/dev.codekraft.it\/rotary-2024\/fr\/produits\/accessoires-diagnostic-fr\/accessoires-controles-de-geometrie-fr\/tetes-de-mesure-18422-18423-avant-voiture-de-tourisme\/","title":{"rendered":"T\u00eates de mesure 18422-18423 | avant | voiture de tourisme"},"content":{"rendered":"<ul>\n<li>Pour les op\u00e9rations de g\u00e9om\u00e9trie de roues sur VL\/VU, il est n\u00e9cessaire d&#8217;acheter s\u00e9par\u00e9ment les t\u00eates de mesure avant 18422-18423.<\/li>\n<li>Pour les op\u00e9rations de g\u00e9om\u00e9trie de roues sur camions et autobus, il est n\u00e9cessaire d&#8217;utiliser les t\u00eates de mesure RAVTD8060TWSR fournies avec le kit.<\/li>\n<\/ul>\n","protected":false},"excerpt":{"rendered":"<p>Pour les op\u00e9rations de g\u00e9om\u00e9trie de roues sur VL\/VU, il est n\u00e9cessaire d&#8217;acheter s\u00e9par\u00e9ment les t\u00eates de mesure avant 18422-18423. Pour les op\u00e9rations de g\u00e9om\u00e9trie de roues sur camions et autobus, il est n\u00e9cessaire d&#8217;utiliser les t\u00eates de mesure RAVTD8060TWSR fournies avec le kit.<\/p>\n","protected":false},"featured_media":381073,"template":"","meta":[],"product_cat":[1033374],"product_tag":[],"product_approvals":[],"product_application":[],"class_list":{"0":"post-381075","1":"product","2":"type-product","3":"status-publish","4":"has-post-thumbnail","6":"product_cat-accessoires-controles-de-geometrie-fr","8":"first","9":"instock","10":"shipping-taxable","11":"product-type-simple"},"approvals":[],"application":[],"brb_media_brochure":"","brb_media_drawing":"","brb_media_manuals":"","brb_media_safety_datasheets":"","brb_media_spare_parts":[],"_cdmm_p_id":"497211","_company":"VSG","_gtin":"","accessories":[],"components":[],"related":[],"similar":[],"lang":"fr","translations":{"fr":381075,"en":381072,"de":381074,"it":381076,"es":381077,"ru":381078},"pll_sync_post":[],"_links":{"self":[{"href":"https:\/\/dev.codekraft.it\/rotary-2024\/wp-json\/wp\/v2\/product\/381075","targetHints":{"allow":["GET"]}}],"collection":[{"href":"https:\/\/dev.codekraft.it\/rotary-2024\/wp-json\/wp\/v2\/product"}],"about":[{"href":"https:\/\/dev.codekraft.it\/rotary-2024\/wp-json\/wp\/v2\/types\/product"}],"wp:featuredmedia":[{"embeddable":true,"href":"https:\/\/dev.codekraft.it\/rotary-2024\/wp-json\/wp\/v2\/media\/381073"}],"wp:attachment":[{"href":"https:\/\/dev.codekraft.it\/rotary-2024\/wp-json\/wp\/v2\/media?parent=381075"}],"wp:term":[{"taxonomy":"product_cat","embeddable":true,"href":"https:\/\/dev.codekraft.it\/rotary-2024\/wp-json\/wp\/v2\/product_cat?post=381075"},{"taxonomy":"product_tag","embeddable":true,"href":"https:\/\/dev.codekraft.it\/rotary-2024\/wp-json\/wp\/v2\/product_tag?post=381075"},{"taxonomy":"product_approvals","embeddable":true,"href":"https:\/\/dev.codekraft.it\/rotary-2024\/wp-json\/wp\/v2\/product_approvals?post=381075"},{"taxonomy":"product_application","embeddable":true,"href":"https:\/\/dev.codekraft.it\/rotary-2024\/wp-json\/wp\/v2\/product_application?post=381075"}],"curies":[{"name":"wp","href":"https:\/\/api.w.org\/{rel}","templated":true}]}}