{"id":381043,"date":"2025-12-11T10:10:51","date_gmt":"2025-12-11T10:10:51","guid":{"rendered":"https:\/\/dev.codekraft.it\/rotary-2024\/products\/uncategorized\/prolongateur-de-fourche-de-roue-pour-hydrolift-82\/"},"modified":"2025-12-11T10:10:51","modified_gmt":"2025-12-11T10:10:51","slug":"prolongateur-de-fourche-de-roue-pour-hydrolift-82","status":"publish","type":"product","link":"https:\/\/dev.codekraft.it\/rotary-2024\/fr\/produits\/accessoires-ponts-elevateurs-fr\/accessoires-ponts-elevateurs-a-colonnes-mobiles-fr\/prolongateur-de-fourche-de-roue-pour-hydrolift-82\/","title":{"rendered":"Prolongateur de fourche de roue pour HydroLift 8,2"},"content":{"rendered":"<p><strong>\u00c9tendue de la prestation :<\/strong><\/p>\n<ul>\n<li>2x fourches de roues plus longues de 150 mm<\/li>\n<li>2x extensions de cadre de base<\/li>\n<\/ul>\n","protected":false},"excerpt":{"rendered":"<p>Id\u00e9al p. ex. pour loger des maisons mobiles sur lesquels les roues se trouvent derri\u00e8re la carrosserie, incl. fourches de roues et extensions de cadre de base | r\u00e9duction de la capacit\u00e9 de charge \u00e0 6,5 t | 1 jeu (pour 1 colonne mobile)<\/p>\n","protected":false},"featured_media":353713,"template":"","meta":[],"product_cat":[1033810],"product_tag":[],"product_approvals":[],"product_application":[],"class_list":{"0":"post-381043","1":"product","2":"type-product","3":"status-publish","4":"has-post-thumbnail","6":"product_cat-accessoires-ponts-elevateurs-a-colonnes-mobiles-fr","8":"first","9":"instock","10":"shipping-taxable","11":"product-type-simple"},"approvals":[],"application":[],"brb_media_brochure":"","brb_media_drawing":"","brb_media_manuals":"","brb_media_safety_datasheets":"","brb_media_spare_parts":[],"_cdmm_p_id":"497202","_company":"Elektron","_gtin":"4057612736038","accessories":[],"components":[],"related":[],"similar":[],"lang":"fr","translations":{"fr":381043,"en":381041,"de":381042,"it":381044,"es":381045,"ru":381046},"pll_sync_post":[],"_links":{"self":[{"href":"https:\/\/dev.codekraft.it\/rotary-2024\/wp-json\/wp\/v2\/product\/381043","targetHints":{"allow":["GET"]}}],"collection":[{"href":"https:\/\/dev.codekraft.it\/rotary-2024\/wp-json\/wp\/v2\/product"}],"about":[{"href":"https:\/\/dev.codekraft.it\/rotary-2024\/wp-json\/wp\/v2\/types\/product"}],"wp:featuredmedia":[{"embeddable":true,"href":"https:\/\/dev.codekraft.it\/rotary-2024\/wp-json\/wp\/v2\/media\/353713"}],"wp:attachment":[{"href":"https:\/\/dev.codekraft.it\/rotary-2024\/wp-json\/wp\/v2\/media?parent=381043"}],"wp:term":[{"taxonomy":"product_cat","embeddable":true,"href":"https:\/\/dev.codekraft.it\/rotary-2024\/wp-json\/wp\/v2\/product_cat?post=381043"},{"taxonomy":"product_tag","embeddable":true,"href":"https:\/\/dev.codekraft.it\/rotary-2024\/wp-json\/wp\/v2\/product_tag?post=381043"},{"taxonomy":"product_approvals","embeddable":true,"href":"https:\/\/dev.codekraft.it\/rotary-2024\/wp-json\/wp\/v2\/product_approvals?post=381043"},{"taxonomy":"product_application","embeddable":true,"href":"https:\/\/dev.codekraft.it\/rotary-2024\/wp-json\/wp\/v2\/product_application?post=381043"}],"curies":[{"name":"wp","href":"https:\/\/api.w.org\/{rel}","templated":true}]}}