{"id":381037,"date":"2025-12-11T10:10:51","date_gmt":"2025-12-11T10:10:51","guid":{"rendered":"https:\/\/dev.codekraft.it\/rotary-2024\/products\/uncategorized\/vehicule-de-transport-pour-jeu-de-rampes\/"},"modified":"2025-12-11T10:10:51","modified_gmt":"2025-12-11T10:10:51","slug":"vehicule-de-transport-pour-jeu-de-rampes","status":"publish","type":"product","link":"https:\/\/dev.codekraft.it\/rotary-2024\/fr\/produits\/accessoires-ponts-elevateurs-fr\/accessoires-ponts-elevateurs-a-colonnes-mobiles-fr\/vehicule-de-transport-pour-jeu-de-rampes\/","title":{"rendered":"V\u00e9hicule de transport pour jeu de rampes"},"content":{"rendered":"","protected":false},"excerpt":{"rendered":"<p>Chariot pour kit de rampes d&#8217;acc\u00e8s pour chariot \u00e9l\u00e9vateur M140124BG \/ M140127BG<\/p>\n","protected":false},"featured_media":353706,"template":"","meta":[],"product_cat":[1033810],"product_tag":[],"product_approvals":[],"product_application":[],"class_list":{"0":"post-381037","1":"product","2":"type-product","3":"status-publish","4":"has-post-thumbnail","6":"product_cat-accessoires-ponts-elevateurs-a-colonnes-mobiles-fr","8":"first","9":"instock","10":"shipping-taxable","11":"product-type-simple"},"approvals":[],"application":[],"brb_media_brochure":"","brb_media_drawing":"","brb_media_manuals":"","brb_media_safety_datasheets":"","brb_media_spare_parts":[],"_cdmm_p_id":"497201","_company":"VSG","_gtin":"4057612729641","accessories":[],"components":[],"related":[],"similar":[],"lang":"fr","translations":{"fr":381037,"en":381035,"de":381036,"it":381038,"es":381039,"ru":381040},"pll_sync_post":[],"_links":{"self":[{"href":"https:\/\/dev.codekraft.it\/rotary-2024\/wp-json\/wp\/v2\/product\/381037","targetHints":{"allow":["GET"]}}],"collection":[{"href":"https:\/\/dev.codekraft.it\/rotary-2024\/wp-json\/wp\/v2\/product"}],"about":[{"href":"https:\/\/dev.codekraft.it\/rotary-2024\/wp-json\/wp\/v2\/types\/product"}],"wp:featuredmedia":[{"embeddable":true,"href":"https:\/\/dev.codekraft.it\/rotary-2024\/wp-json\/wp\/v2\/media\/353706"}],"wp:attachment":[{"href":"https:\/\/dev.codekraft.it\/rotary-2024\/wp-json\/wp\/v2\/media?parent=381037"}],"wp:term":[{"taxonomy":"product_cat","embeddable":true,"href":"https:\/\/dev.codekraft.it\/rotary-2024\/wp-json\/wp\/v2\/product_cat?post=381037"},{"taxonomy":"product_tag","embeddable":true,"href":"https:\/\/dev.codekraft.it\/rotary-2024\/wp-json\/wp\/v2\/product_tag?post=381037"},{"taxonomy":"product_approvals","embeddable":true,"href":"https:\/\/dev.codekraft.it\/rotary-2024\/wp-json\/wp\/v2\/product_approvals?post=381037"},{"taxonomy":"product_application","embeddable":true,"href":"https:\/\/dev.codekraft.it\/rotary-2024\/wp-json\/wp\/v2\/product_application?post=381037"}],"curies":[{"name":"wp","href":"https:\/\/api.w.org\/{rel}","templated":true}]}}