{"id":381031,"date":"2025-12-11T10:10:50","date_gmt":"2025-12-11T10:10:50","guid":{"rendered":"https:\/\/dev.codekraft.it\/rotary-2024\/products\/uncategorized\/kit-station-de-lavage-pour-exalift-hdvl\/"},"modified":"2025-12-11T10:10:50","modified_gmt":"2025-12-11T10:10:50","slug":"kit-station-de-lavage-pour-exalift-hdvl","status":"publish","type":"product","link":"https:\/\/dev.codekraft.it\/rotary-2024\/fr\/produits\/accessoires-ponts-elevateurs-fr\/accessoires-ponts-elevateurs-a-ciseaux-fr\/kit-station-de-lavage-pour-exalift-hdvl\/","title":{"rendered":"Kit station de lavage pour ExaLift HDVL"},"content":{"rendered":"<ul>\n<li>Grande unit\u00e9 de commande hydraulique dans le local annexe &#8211;\u00a0Petit pupitre de commande V2A (IP65) dans la station de lavage<\/li>\n<li>Composants \u00e9lectriques avec protection IP65<\/li>\n<\/ul>\n","protected":false},"excerpt":{"rendered":"<p>Vannes \u00e9tanches, boulons \u00e9quip\u00e9s de graisseurs, incl. unit\u00e9 de commande hydraulique et pupitre de commande | IP65 (composants \u00e9lectriques)<\/p>\n","protected":false},"featured_media":0,"template":"","meta":[],"product_cat":[1033762],"product_tag":[],"product_approvals":[],"product_application":[],"class_list":{"0":"post-381031","1":"product","2":"type-product","3":"status-publish","5":"product_cat-accessoires-ponts-elevateurs-a-ciseaux-fr","7":"first","8":"instock","9":"shipping-taxable","10":"product-type-simple"},"approvals":[],"application":[],"brb_media_brochure":"","brb_media_drawing":"","brb_media_manuals":"","brb_media_safety_datasheets":"","brb_media_spare_parts":[],"_cdmm_p_id":"497200","_company":"Elektron","_gtin":"4057612728071","accessories":[],"components":[],"related":[],"similar":[],"lang":"fr","translations":{"fr":381031,"en":381029,"de":381030,"it":381032,"es":381033,"ru":381034},"pll_sync_post":[],"_links":{"self":[{"href":"https:\/\/dev.codekraft.it\/rotary-2024\/wp-json\/wp\/v2\/product\/381031","targetHints":{"allow":["GET"]}}],"collection":[{"href":"https:\/\/dev.codekraft.it\/rotary-2024\/wp-json\/wp\/v2\/product"}],"about":[{"href":"https:\/\/dev.codekraft.it\/rotary-2024\/wp-json\/wp\/v2\/types\/product"}],"wp:attachment":[{"href":"https:\/\/dev.codekraft.it\/rotary-2024\/wp-json\/wp\/v2\/media?parent=381031"}],"wp:term":[{"taxonomy":"product_cat","embeddable":true,"href":"https:\/\/dev.codekraft.it\/rotary-2024\/wp-json\/wp\/v2\/product_cat?post=381031"},{"taxonomy":"product_tag","embeddable":true,"href":"https:\/\/dev.codekraft.it\/rotary-2024\/wp-json\/wp\/v2\/product_tag?post=381031"},{"taxonomy":"product_approvals","embeddable":true,"href":"https:\/\/dev.codekraft.it\/rotary-2024\/wp-json\/wp\/v2\/product_approvals?post=381031"},{"taxonomy":"product_application","embeddable":true,"href":"https:\/\/dev.codekraft.it\/rotary-2024\/wp-json\/wp\/v2\/product_application?post=381031"}],"curies":[{"name":"wp","href":"https:\/\/api.w.org\/{rel}","templated":true}]}}