{"id":381025,"date":"2025-12-11T10:10:53","date_gmt":"2025-12-11T10:10:53","guid":{"rendered":"https:\/\/dev.codekraft.it\/rotary-2024\/products\/uncategorized\/extension-du-passage-sur-fosse-spz-15\/"},"modified":"2025-12-11T10:10:53","modified_gmt":"2025-12-11T10:10:53","slug":"extension-du-passage-sur-fosse-spz-15","status":"publish","type":"product","link":"https:\/\/dev.codekraft.it\/rotary-2024\/fr\/produits\/accessoires-ponts-elevateurs-fr\/systemes-de-soutien-fr\/extension-du-passage-sur-fosse-spz-15\/","title":{"rendered":"Extension du passage sur fosse SPZ-15"},"content":{"rendered":"<p><strong>\u00c9tendue de la prestation :<\/strong><\/p>\n<ul>\n<li>Main courante \u00e0 embo\u00eeter<\/li>\n<li>Film antid\u00e9rapant<\/li>\n<li>T\u00f4le d&#8217;insertion<\/li>\n<\/ul>\n","protected":false},"excerpt":{"rendered":"<p>Passage sur fosse comme kit de mise \u00e0 niveau, incl. main courante \u00e0 embo\u00eeter, film antid\u00e9rapant et t\u00f4le d&#8217;insertion<\/p>\n","protected":false},"featured_media":374909,"template":"","meta":[],"product_brand":[],"product_cat":[1033972],"product_tag":[],"product_approvals":[],"product_application":[],"class_list":{"0":"post-381025","1":"product","2":"type-product","3":"status-publish","4":"has-post-thumbnail","6":"product_cat-systemes-de-soutien-fr","8":"first","9":"instock","10":"shipping-taxable","11":"product-type-simple"},"approvals":[],"application":[],"brb_media_brochure":"","brb_media_drawing":"","brb_media_manuals":"","brb_media_safety_datasheets":"","brb_media_spare_parts":[],"_cdmm_p_id":"497195","_company":"Elektron","_gtin":"4057612742985","accessories":[],"components":[],"related":[],"page_logo_src":"https:\/\/dev.codekraft.it\/rotary-2024\/wp-content\/uploads\/2024\/05\/cropped-rotary-logo-2022.png","lang":"fr","translations":{"fr":381025,"en":381023,"de":381024,"it":381026,"es":381027,"ru":381028},"pll_sync_post":[],"_links":{"self":[{"href":"https:\/\/dev.codekraft.it\/rotary-2024\/wp-json\/wp\/v2\/product\/381025","targetHints":{"allow":["GET"]}}],"collection":[{"href":"https:\/\/dev.codekraft.it\/rotary-2024\/wp-json\/wp\/v2\/product"}],"about":[{"href":"https:\/\/dev.codekraft.it\/rotary-2024\/wp-json\/wp\/v2\/types\/product"}],"wp:featuredmedia":[{"embeddable":true,"href":"https:\/\/dev.codekraft.it\/rotary-2024\/wp-json\/wp\/v2\/media\/374909"}],"wp:attachment":[{"href":"https:\/\/dev.codekraft.it\/rotary-2024\/wp-json\/wp\/v2\/media?parent=381025"}],"wp:term":[{"taxonomy":"product_brand","embeddable":true,"href":"https:\/\/dev.codekraft.it\/rotary-2024\/wp-json\/wp\/v2\/product_brand?post=381025"},{"taxonomy":"product_cat","embeddable":true,"href":"https:\/\/dev.codekraft.it\/rotary-2024\/wp-json\/wp\/v2\/product_cat?post=381025"},{"taxonomy":"product_tag","embeddable":true,"href":"https:\/\/dev.codekraft.it\/rotary-2024\/wp-json\/wp\/v2\/product_tag?post=381025"},{"taxonomy":"product_approvals","embeddable":true,"href":"https:\/\/dev.codekraft.it\/rotary-2024\/wp-json\/wp\/v2\/product_approvals?post=381025"},{"taxonomy":"product_application","embeddable":true,"href":"https:\/\/dev.codekraft.it\/rotary-2024\/wp-json\/wp\/v2\/product_application?post=381025"}],"curies":[{"name":"wp","href":"https:\/\/api.w.org\/{rel}","templated":true}]}}