{"id":381013,"date":"2025-12-11T10:10:52","date_gmt":"2025-12-11T10:10:52","guid":{"rendered":"https:\/\/dev.codekraft.it\/rotary-2024\/products\/uncategorized\/traverse-dessieu-ateb-s2-twin\/"},"modified":"2025-12-11T10:10:52","modified_gmt":"2025-12-11T10:10:52","slug":"traverse-dessieu-ateb-s2-twin","status":"publish","type":"product","link":"https:\/\/dev.codekraft.it\/rotary-2024\/fr\/produits\/accessoires-ponts-elevateurs-fr\/systemes-de-soutien-fr\/traverse-dessieu-ateb-s2-twin\/","title":{"rendered":"Traverse d&#039;essieu ATEB S2 TWIN"},"content":{"rendered":"<ul>\n<li>Plages de r\u00e9glage 200 mm \u00e0 620 mm \/ 830 mm \u00e0 1500 mm<\/li>\n<li>Utilisable \u00e0 travers les deux tourillons coulissants additionnels, \u00e9galement pour la descente sur les ponts GS \/ GSB \/ GSV \/ GSB Vario \/ SPZ-15<\/li>\n<li>Capacit\u00e9 de charge des bras r\u00e9tract\u00e9s 15 t, enti\u00e8rement d\u00e9ploy\u00e9s 7,5 t<\/li>\n<\/ul>\n<p><strong>\u00c9tendue de la prestation :<\/strong><\/p>\n<ul>\n<li>Traverse<\/li>\n<li>2 pi\u00e8ces coulissantes<\/li>\n<li>2 tampons \u00ab\u00a0X\u00a0\u00bb<\/li>\n<li>2\u00a0tampons \u00ab\u00a0P\u00a0\u00bb &#8211; support \u00e0 t\u00eate de champignon<\/li>\n<\/ul>\n","protected":false},"excerpt":{"rendered":"<p>7,5\/15 t, \u00d8 de goujon 55 mm, plage de r\u00e9glage 200 &#8211; 620\/830 &#8211; 1500 mm | barre stabilisatrice sp\u00e9ciale pour fixer la sellerie des bus EvoBus, et en particulier la s\u00e9rie CITARO | incl. 4 tampons et 2 pi\u00e8ces coulissantes<\/p>\n","protected":false},"featured_media":374902,"template":"","meta":[],"product_brand":[],"product_cat":[1033972],"product_tag":[],"product_approvals":[],"product_application":[],"class_list":{"0":"post-381013","1":"product","2":"type-product","3":"status-publish","4":"has-post-thumbnail","6":"product_cat-systemes-de-soutien-fr","8":"first","9":"instock","10":"shipping-taxable","11":"product-type-simple"},"approvals":[],"application":[],"brb_media_brochure":"","brb_media_drawing":"","brb_media_manuals":[{"id":377177,"url":"https:\/\/dev.codekraft.it\/rotary-2024\/wp-content\/uploads\/brb_media\/00535454_supporting-device-om-sp-129500-multi-2024-10-revb.pdf","title":"supporting device om sp 129500 multi 2024 10 revb","mpn":"","thumbnail":"https:\/\/dev.codekraft.it\/rotary-2024\/wp-content\/uploads\/brb_media\/00535454_supporting-device-om-sp-129500-multi-2024-10-revb-pdf-106x150.png","description":""}],"brb_media_safety_datasheets":"","brb_media_spare_parts":[],"_cdmm_p_id":"497193","_company":"Elektron","_gtin":"4057612734096","accessories":[],"components":[],"related":[],"page_logo_src":"https:\/\/dev.codekraft.it\/rotary-2024\/wp-content\/uploads\/2024\/05\/cropped-rotary-logo-2022.png","lang":"fr","translations":{"fr":381013,"en":381011,"de":381012,"it":381014,"es":381015,"ru":381016},"pll_sync_post":[],"_links":{"self":[{"href":"https:\/\/dev.codekraft.it\/rotary-2024\/wp-json\/wp\/v2\/product\/381013","targetHints":{"allow":["GET"]}}],"collection":[{"href":"https:\/\/dev.codekraft.it\/rotary-2024\/wp-json\/wp\/v2\/product"}],"about":[{"href":"https:\/\/dev.codekraft.it\/rotary-2024\/wp-json\/wp\/v2\/types\/product"}],"wp:featuredmedia":[{"embeddable":true,"href":"https:\/\/dev.codekraft.it\/rotary-2024\/wp-json\/wp\/v2\/media\/374902"}],"wp:attachment":[{"href":"https:\/\/dev.codekraft.it\/rotary-2024\/wp-json\/wp\/v2\/media?parent=381013"}],"wp:term":[{"taxonomy":"product_brand","embeddable":true,"href":"https:\/\/dev.codekraft.it\/rotary-2024\/wp-json\/wp\/v2\/product_brand?post=381013"},{"taxonomy":"product_cat","embeddable":true,"href":"https:\/\/dev.codekraft.it\/rotary-2024\/wp-json\/wp\/v2\/product_cat?post=381013"},{"taxonomy":"product_tag","embeddable":true,"href":"https:\/\/dev.codekraft.it\/rotary-2024\/wp-json\/wp\/v2\/product_tag?post=381013"},{"taxonomy":"product_approvals","embeddable":true,"href":"https:\/\/dev.codekraft.it\/rotary-2024\/wp-json\/wp\/v2\/product_approvals?post=381013"},{"taxonomy":"product_application","embeddable":true,"href":"https:\/\/dev.codekraft.it\/rotary-2024\/wp-json\/wp\/v2\/product_application?post=381013"}],"curies":[{"name":"wp","href":"https:\/\/api.w.org\/{rel}","templated":true}]}}