{"id":381001,"date":"2025-12-11T10:10:51","date_gmt":"2025-12-11T10:10:51","guid":{"rendered":"https:\/\/dev.codekraft.it\/rotary-2024\/products\/uncategorized\/smartcart-agrar-3\/"},"modified":"2025-12-11T10:10:51","modified_gmt":"2025-12-11T10:10:51","slug":"smartcart-agrar-3","status":"publish","type":"product","link":"https:\/\/dev.codekraft.it\/rotary-2024\/fr\/produits\/accessoires-ponts-elevateurs-fr\/accessoires-ponts-elevateurs-a-colonnes-mobiles-fr\/smartcart-agrar-3\/","title":{"rendered":"SmartCart Agrar"},"content":{"rendered":"","protected":false},"excerpt":{"rendered":"<p>Chariot de transport et de rangement pour le kit adaptateur agricole &#8211; Bien rang\u00e9s, les adaptateurs et les \u00e9l\u00e9ments de logement trouvent leur place dans l&#8217;atelier<\/p>\n","protected":false},"featured_media":353656,"template":"","meta":[],"product_cat":[1033810],"product_tag":[],"product_approvals":[],"product_application":[],"class_list":{"0":"post-381001","1":"product","2":"type-product","3":"status-publish","4":"has-post-thumbnail","6":"product_cat-accessoires-ponts-elevateurs-a-colonnes-mobiles-fr","8":"first","9":"instock","10":"shipping-taxable","11":"product-type-simple"},"approvals":[],"application":[],"brb_media_brochure":"","brb_media_drawing":"","brb_media_manuals":"","brb_media_safety_datasheets":"","brb_media_spare_parts":[],"_cdmm_p_id":"497191","_company":"VSG","_gtin":"4057612724912","accessories":[],"components":[],"related":[],"similar":[],"lang":"fr","translations":{"fr":381001,"en":380999,"de":381000,"it":381002,"es":381003,"ru":381004},"pll_sync_post":[],"_links":{"self":[{"href":"https:\/\/dev.codekraft.it\/rotary-2024\/wp-json\/wp\/v2\/product\/381001","targetHints":{"allow":["GET"]}}],"collection":[{"href":"https:\/\/dev.codekraft.it\/rotary-2024\/wp-json\/wp\/v2\/product"}],"about":[{"href":"https:\/\/dev.codekraft.it\/rotary-2024\/wp-json\/wp\/v2\/types\/product"}],"wp:featuredmedia":[{"embeddable":true,"href":"https:\/\/dev.codekraft.it\/rotary-2024\/wp-json\/wp\/v2\/media\/353656"}],"wp:attachment":[{"href":"https:\/\/dev.codekraft.it\/rotary-2024\/wp-json\/wp\/v2\/media?parent=381001"}],"wp:term":[{"taxonomy":"product_cat","embeddable":true,"href":"https:\/\/dev.codekraft.it\/rotary-2024\/wp-json\/wp\/v2\/product_cat?post=381001"},{"taxonomy":"product_tag","embeddable":true,"href":"https:\/\/dev.codekraft.it\/rotary-2024\/wp-json\/wp\/v2\/product_tag?post=381001"},{"taxonomy":"product_approvals","embeddable":true,"href":"https:\/\/dev.codekraft.it\/rotary-2024\/wp-json\/wp\/v2\/product_approvals?post=381001"},{"taxonomy":"product_application","embeddable":true,"href":"https:\/\/dev.codekraft.it\/rotary-2024\/wp-json\/wp\/v2\/product_application?post=381001"}],"curies":[{"name":"wp","href":"https:\/\/api.w.org\/{rel}","templated":true}]}}