{"id":380977,"date":"2025-12-11T10:10:53","date_gmt":"2025-12-11T10:10:53","guid":{"rendered":"https:\/\/dev.codekraft.it\/rotary-2024\/products\/uncategorized\/pont-support-gsv\/"},"modified":"2025-12-11T10:10:53","modified_gmt":"2025-12-11T10:10:53","slug":"pont-support-gsv","status":"publish","type":"product","link":"https:\/\/dev.codekraft.it\/rotary-2024\/fr\/produits\/accessoires-ponts-elevateurs-fr\/systemes-de-soutien-fr\/pont-support-gsv\/","title":{"rendered":"Pont support GSV"},"content":{"rendered":"<ul>\n<li>Fabriqu\u00e9s selon les dimensions de la fosse<\/li>\n<li>Pont de support r\u00e9glable entre 900 &#8211; 1180 mm (dimension standard)<\/li>\n<\/ul>\n<p><strong>\u00c9tendue de la prestation :<\/strong><\/p>\n<ul>\n<li>Pont support \u00ab\u00a0GSV\u00a0\u00bb<\/li>\n<li>Kit de rouleaux<\/li>\n<li>2 curseurs<\/li>\n<li>2 tubes d&#8217;\u00e9cartement \u00ab\u00a0DR 4\u00a0\u00bb<\/li>\n<li>2 tampons \u00ab\u00a0X\u00a0\u00bb<\/li>\n<li>Desserte d&#8217;outils<\/li>\n<\/ul>\n","protected":false},"excerpt":{"rendered":"<p>15 t, r\u00e9glable 900 &#8211; 1180 mm | utilisation combin\u00e9e possible du pont \u00e9l\u00e9vateur de fosse | incl. kit de rouleaux, 2 curseurs, 2 tubes d&#8217;\u00e9cartement, 2 tampons et une desserte d&#8217;outils<\/p>\n","protected":false},"featured_media":374894,"template":"","meta":[],"product_cat":[1033972],"product_tag":[1034145,1034128,1034197,1034262,1034180,1034231,1034214,1034163],"product_approvals":[],"product_application":[],"class_list":{"0":"post-380977","1":"product","2":"type-product","3":"status-publish","4":"has-post-thumbnail","6":"product_cat-systemes-de-soutien-fr","7":"product_tag-buses-fr","8":"product_tag-trucks-fr","9":"product_tag-motor-homes-fr","10":"product_tag-remorques-fr","11":"product_tag-light-commercial-fr","12":"product_tag-tracked-vehicles-fr","13":"product_tag-agricultural-machines-fr","14":"product_tag-passenger-cars-fr","16":"first","17":"instock","18":"shipping-taxable","19":"product-type-simple"},"approvals":[],"application":[],"brb_media_brochure":"","brb_media_drawing":"","brb_media_manuals":[{"id":377177,"url":"https:\/\/dev.codekraft.it\/rotary-2024\/wp-content\/uploads\/brb_media\/00535454_supporting-device-om-sp-129500-multi-2024-10-revb.pdf","title":"supporting device om sp 129500 multi 2024 10 revb","thumbnail":"https:\/\/dev.codekraft.it\/rotary-2024\/wp-content\/uploads\/brb_media\/00535454_supporting-device-om-sp-129500-multi-2024-10-revb-pdf-106x150.png","description":""}],"brb_media_safety_datasheets":"","brb_media_spare_parts":[],"_cdmm_p_id":"495503","_company":"Elektron","_gtin":"4057612126051","accessories":[{"id":377865,"cdmm_p_id":"193","name":"Tube d&#039;\u00e9cartement DR 4","description":"10 t, \u00d8 de goujon 35 mm, 400 mm | 1 pi\u00e8ce","thumbnail":"https:\/\/dev.codekraft.it\/rotary-2024\/wp-content\/uploads\/brb_media\/00023090_dr-4-ohne-text_web-54x150.png","url":"https:\/\/dev.codekraft.it\/rotary-2024\/fr\/produits\/accessoires-ponts-elevateurs-fr\/systemes-de-transport-prise-de-charge-fr\/tube-decartement-dr-4-2\/"}],"components":[],"related":[],"similar":[],"lang":"fr","translations":{"fr":380977,"en":380975,"de":380976,"it":380978,"es":380979,"ru":380980},"pll_sync_post":[],"_links":{"self":[{"href":"https:\/\/dev.codekraft.it\/rotary-2024\/wp-json\/wp\/v2\/product\/380977","targetHints":{"allow":["GET"]}}],"collection":[{"href":"https:\/\/dev.codekraft.it\/rotary-2024\/wp-json\/wp\/v2\/product"}],"about":[{"href":"https:\/\/dev.codekraft.it\/rotary-2024\/wp-json\/wp\/v2\/types\/product"}],"wp:featuredmedia":[{"embeddable":true,"href":"https:\/\/dev.codekraft.it\/rotary-2024\/wp-json\/wp\/v2\/media\/374894"}],"wp:attachment":[{"href":"https:\/\/dev.codekraft.it\/rotary-2024\/wp-json\/wp\/v2\/media?parent=380977"}],"wp:term":[{"taxonomy":"product_cat","embeddable":true,"href":"https:\/\/dev.codekraft.it\/rotary-2024\/wp-json\/wp\/v2\/product_cat?post=380977"},{"taxonomy":"product_tag","embeddable":true,"href":"https:\/\/dev.codekraft.it\/rotary-2024\/wp-json\/wp\/v2\/product_tag?post=380977"},{"taxonomy":"product_approvals","embeddable":true,"href":"https:\/\/dev.codekraft.it\/rotary-2024\/wp-json\/wp\/v2\/product_approvals?post=380977"},{"taxonomy":"product_application","embeddable":true,"href":"https:\/\/dev.codekraft.it\/rotary-2024\/wp-json\/wp\/v2\/product_application?post=380977"}],"curies":[{"name":"wp","href":"https:\/\/api.w.org\/{rel}","templated":true}]}}