{"id":380970,"date":"2025-09-08T08:40:14","date_gmt":"2025-09-08T08:40:14","guid":{"rendered":"https:\/\/dev.codekraft.it\/rotary-2024\/products\/uncategorized\/eichgebuhr-netto-fur-alle-reifendruckregler-pneutruck\/"},"modified":"2025-09-08T08:40:14","modified_gmt":"2025-09-08T08:40:14","slug":"eichgebuhr-netto-fur-alle-reifendruckregler-pneutruck","status":"publish","type":"product","link":"https:\/\/dev.codekraft.it\/rotary-2024\/produkte\/zubehor-reifenservice-de\/zubehor-reifenfuller-reifendruckprufer-de\/eichgebuhr-netto-fur-alle-reifendruckregler-pneutruck\/","title":{"rendered":"Eichgeb\u00fchr (netto) f\u00fcr alle Reifendruckregler Pneutruck"},"content":{"rendered":"<p><em>Hinweis: Bei Bestellung bitte angeben, ob Eichung erw\u00fcnscht ist!<\/em><\/p>\n","protected":false},"excerpt":{"rendered":"<p>Hinweis: Bei Bestellung bitte angeben, ob Eichung erw\u00fcnscht ist!<\/p>\n","protected":false},"featured_media":0,"template":"","meta":[],"product_brand":[],"product_cat":[1033576],"product_tag":[1034260,1034143,1036427,1036463,1034229,1034212,1034126,1035646,1035663,1034161,1035680,1034178,1034195],"product_approvals":[],"product_application":[],"class_list":{"0":"post-380970","1":"product","2":"type-product","3":"status-publish","5":"product_cat-zubehor-reifenfuller-reifendruckprufer-de","6":"product_tag-anhanger-de","7":"product_tag-buses-de","8":"product_tag-bicycles-de","9":"product_tag-airplanes-de","10":"product_tag-tracked-vehicles-de","11":"product_tag-agricultural-machines-de","12":"product_tag-trucks-de","13":"product_tag-motorbikes-de","14":"product_tag-scooter-de","15":"product_tag-passenger-cars-de","16":"product_tag-quad-bikes-de","17":"product_tag-light-commercial-de","18":"product_tag-motor-homes-de","20":"first","21":"instock","22":"shipping-taxable","23":"product-type-simple"},"approvals":[],"application":[],"brb_media_brochure":"","brb_media_drawing":"","brb_media_manuals":"","brb_media_safety_datasheets":"","brb_media_spare_parts":[],"_cdmm_p_id":"495502","_company":"Elektron","_gtin":"","accessories":[],"components":[],"related":[],"page_logo_src":"https:\/\/dev.codekraft.it\/rotary-2024\/wp-content\/uploads\/2024\/05\/cropped-rotary-logo-2022.png","lang":"de","translations":{"de":380970,"en":380969,"fr":380971,"it":380972,"es":380973,"ru":380974},"pll_sync_post":[],"_links":{"self":[{"href":"https:\/\/dev.codekraft.it\/rotary-2024\/wp-json\/wp\/v2\/product\/380970","targetHints":{"allow":["GET"]}}],"collection":[{"href":"https:\/\/dev.codekraft.it\/rotary-2024\/wp-json\/wp\/v2\/product"}],"about":[{"href":"https:\/\/dev.codekraft.it\/rotary-2024\/wp-json\/wp\/v2\/types\/product"}],"wp:attachment":[{"href":"https:\/\/dev.codekraft.it\/rotary-2024\/wp-json\/wp\/v2\/media?parent=380970"}],"wp:term":[{"taxonomy":"product_brand","embeddable":true,"href":"https:\/\/dev.codekraft.it\/rotary-2024\/wp-json\/wp\/v2\/product_brand?post=380970"},{"taxonomy":"product_cat","embeddable":true,"href":"https:\/\/dev.codekraft.it\/rotary-2024\/wp-json\/wp\/v2\/product_cat?post=380970"},{"taxonomy":"product_tag","embeddable":true,"href":"https:\/\/dev.codekraft.it\/rotary-2024\/wp-json\/wp\/v2\/product_tag?post=380970"},{"taxonomy":"product_approvals","embeddable":true,"href":"https:\/\/dev.codekraft.it\/rotary-2024\/wp-json\/wp\/v2\/product_approvals?post=380970"},{"taxonomy":"product_application","embeddable":true,"href":"https:\/\/dev.codekraft.it\/rotary-2024\/wp-json\/wp\/v2\/product_application?post=380970"}],"curies":[{"name":"wp","href":"https:\/\/api.w.org\/{rel}","templated":true}]}}