{"id":380904,"date":"2025-12-11T10:04:39","date_gmt":"2025-12-11T10:04:39","guid":{"rendered":"https:\/\/dev.codekraft.it\/rotary-2024\/products\/uncategorized\/reifenmontiermaschine-kendo-evo-m-premium\/"},"modified":"2025-12-11T10:04:39","modified_gmt":"2025-12-11T10:04:39","slug":"reifenmontiermaschine-kendo-evo-m-premium","status":"publish","type":"product","link":"https:\/\/dev.codekraft.it\/rotary-2024\/produkte\/reifenservice-de\/reifenmontiermaschinen-de\/reifenmontiermaschine-kendo-evo-m-premium\/","title":{"rendered":"Reifenmontiermaschine Kendo.Evo-M Premium"},"content":{"rendered":"<p>The Solution for Every Operator<\/p>\n<p>Hebellose Reifenmontiermaschine f\u00fcr 12 &#8211; 30\u2033 Felgen, ausgestattet mit einem patentierten Montagekopf f\u00fcr die einfache Montage und Demontage aller Arten von Reifen und Felgen (Standard, UHP, RunFlat).<\/p>\n<ul>\n<li>Schnellverstellung der Abdr\u00fcckrollen und des Montagekopfs<\/li>\n<li>Spannteller mit patentiertem Extra-Grip<\/li>\n<li>Modularer Ablagebereich<\/li>\n<\/ul>\n<ul>\n<li>Werkzeug aus kratzfestem Material<\/li>\n<li>Schnellspannmutter<\/li>\n<li>Pneumatischer Wulstniederhalter<\/li>\n<li>Radheber<\/li>\n<li>Gro\u00dfer Ablagebereich, der an die Anforderungen des Bedieners angepasst werden kann<\/li>\n<li>WDK-gepr\u00fcft<\/li>\n<li>Schmierpaste f\u00fcr die Montage und Demontage von Reifen und Pinsel<\/li>\n<\/ul>\n<ul>\n<li>Die Konstruktion des Spanntellers erm\u00f6glicht die Arretierung durch einfaches Positionieren des Konus &#8211; Automatische Erh\u00f6hung des Spanndrucks w\u00e4hrend der Drehung.<\/li>\n<li>Invemotor: Inverter mit stufenloser Einstellung der Drehgeschwindigkeit und automatischer Begrenzungsvorrichtung zum Schutz des Reifens.<\/li>\n<li>Abdr\u00fcckrollen und Montagekopf positionieren sich in einer einzigen Bewegung gleichzeitig &#8211; Die Arme arretieren bei der Montage und Demontage automatisch.<\/li>\n<li>Gro\u00dfer modularer Ablagebereich, der an die Anforderungen des Bedieners angepasst werden kann.<\/li>\n<li>Abdr\u00fcckrollen aus Kunststoff, die auch bei einem Kontakt die Felge nicht besch\u00e4digen.<\/li>\n<li>Durch die graduelle und kontrollierte Bewegung der Abdr\u00fcckrollen kann der Wulst nahe am Felgenrand abgedr\u00fcckt werden &#8211; die Seitenwand des Reifens und eventuelle Drucksensoren werden dadurch gesch\u00fctzt.<\/li>\n<\/ul>\n","protected":false},"excerpt":{"rendered":"<p>Ohne Montiereisen, automatisch, inkl. pneumatischem Wulstniederhalter und pneumatischem Radheber, Pkw, Felgendurchmesser 12 &#8211; 30\u2033 | Grau (RAL 7016) | wdk-zertifiziert | Nur f\u00fcr DACH-Markt verf\u00fcgbar<\/p>\n","protected":false},"featured_media":375858,"template":"","meta":[],"product_brand":[],"product_cat":[1033364],"product_tag":[1034260,1034161,1034178,1034195],"product_approvals":[],"product_application":[1041419,1041415,1041417],"class_list":{"0":"post-380904","1":"product","2":"type-product","3":"status-publish","4":"has-post-thumbnail","6":"product_cat-reifenmontiermaschinen-de","7":"product_tag-anhanger-de","8":"product_tag-passenger-cars-de","9":"product_tag-light-commercial-de","10":"product_tag-motor-homes-de","11":"product_application-fuhrparks-de","12":"product_application-reparatur-pkw-de","13":"product_application-werkstatten-de","15":"first","16":"instock","17":"shipping-taxable","18":"product-type-simple"},"approvals":[],"application":[{"term_id":1041419,"name":"Fuhrparks","slug":"fuhrparks-de","term_group":0,"term_taxonomy_id":1041418,"taxonomy":"product_application","description":"","parent":0,"count":4,"filter":"raw","tax_image_id":""},{"term_id":1041415,"name":"Reparatur-PKW","slug":"reparatur-pkw-de","term_group":0,"term_taxonomy_id":1041414,"taxonomy":"product_application","description":"","parent":0,"count":4,"filter":"raw","tax_image_id":""},{"term_id":1041417,"name":"Werkst\u00e4tten","slug":"werkstatten-de","term_group":0,"term_taxonomy_id":1041416,"taxonomy":"product_application","description":"","parent":0,"count":4,"filter":"raw","tax_image_id":""}],"brb_media_brochure":[{"id":353526,"url":"https:\/\/dev.codekraft.it\/rotary-2024\/wp-content\/uploads\/brb_media\/00522128_tyre-changer-kendoevo-dach-br-133197-de-2024-01-screen.pdf","title":"Tyre Changer KendoEvo DACH BR 133197 de 2024 01 screen","mpn":"","thumbnail":"https:\/\/dev.codekraft.it\/rotary-2024\/wp-content\/uploads\/brb_media\/00522128_tyre-changer-kendoevo-dach-br-133197-de-2024-01-screen-pdf-106x150.png","description":""}],"brb_media_drawing":"","brb_media_manuals":[{"id":353527,"url":"https:\/\/dev.codekraft.it\/rotary-2024\/wp-content\/uploads\/brb_media\/00521983_tyre-changers-kendoevo-im-7105-m019-00_vsg_rev00-multi-2023-09.pdf","title":"Tyre changers KendoEvo IM 7105 M019 00 VSG rev00 multi 2023 09","mpn":"","thumbnail":"https:\/\/dev.codekraft.it\/rotary-2024\/wp-content\/uploads\/brb_media\/00521983_tyre-changers-kendoevo-im-7105-m019-00_vsg_rev00-multi-2023-09-pdf-106x150.png","description":""}],"brb_media_safety_datasheets":"","brb_media_spare_parts":[],"_cdmm_p_id":"494158","_company":"Elektron","_gtin":"4057612937992","accessories":[{"id":380608,"mpn":"G1000A56","name":"WulstBoy mit Zugvorrichtung und Wulstkette bis 22\u2033","description":"","thumbnail":"https:\/\/dev.codekraft.it\/rotary-2024\/wp-content\/uploads\/brb_media\/00506698_g1000a56-150x150.png","url":"https:\/\/dev.codekraft.it\/rotary-2024\/produkte\/zubehor-reifenservice-de\/zubehor-reifenmontiermaschinen-de\/wulstboy-mit-zugvorrichtung-und-wulstkette-bis-22%e2%80%b3\/"},{"id":380602,"mpn":"G1000A67","name":"WulstBoy mit Zugvorrichtung und Wulstkette bis 28\u2033","description":"","thumbnail":"https:\/\/dev.codekraft.it\/rotary-2024\/wp-content\/uploads\/brb_media\/00506701_g1000a67-150x150.png","url":"https:\/\/dev.codekraft.it\/rotary-2024\/produkte\/zubehor-reifenservice-de\/zubehor-reifenmontiermaschinen-de\/wulstboy-mit-zugvorrichtung-und-wulstkette-bis-28%e2%80%b3\/"},{"id":381523,"mpn":"G1000A81K","name":"Gummischutz f\u00fcr Montageteller","description":"Gummischutz-Set f\u00fcr Tiefbettfelgen | 1 Satz \/ 10 St\u00fcck","thumbnail":"https:\/\/dev.codekraft.it\/rotary-2024\/wp-content\/uploads\/brb_media\/00506708_g1000a81k-sp-150x150.png","url":"https:\/\/dev.codekraft.it\/rotary-2024\/produkte\/zubehor-reifenservice-de\/zubehor-reifenmontiermaschinen-de\/gummischutz-fur-montageteller\/"},{"id":381529,"mpn":"G1000A84K","name":"Kunststoffschutz f\u00fcr Zentrierkegel","description":"Konusschutz f\u00fcr G1000A138 - G1000A80  | 1 Satz \/ 5 St\u00fcck","thumbnail":"https:\/\/dev.codekraft.it\/rotary-2024\/wp-content\/uploads\/brb_media\/00506709_g1000a84k-150x150.png","url":"https:\/\/dev.codekraft.it\/rotary-2024\/produkte\/zubehor-reifenservice-de\/zubehor-reifenmontiermaschinen-de\/kunststoffschutz-fur-zentrierkegel\/"},{"id":381535,"mpn":"G1000A70K","name":"Kunststoffschutz f\u00fcr Zugstangenbolzen","description":"Schutz f\u00fcr Zugvorrichtung am Spanntisch | 1 Satz \/ 5 St\u00fcck","thumbnail":"https:\/\/dev.codekraft.it\/rotary-2024\/wp-content\/uploads\/brb_media\/00506705_g1000a70k-150x150.png","url":"https:\/\/dev.codekraft.it\/rotary-2024\/produkte\/zubehor-reifenservice-de\/zubehor-reifenmontiermaschinen-de\/kunststoffschutz-fur-zugstangenbolzen\/"},{"id":382696,"mpn":"G1000A142K","name":"Oberer Montagekopf f\u00fcr gew\u00f6lbte Felgen | 1 Satz \/ 6 St\u00fcck","description":"","thumbnail":"https:\/\/dev.codekraft.it\/rotary-2024\/wp-content\/uploads\/brb_media\/00506689_g1000a142-150x150.png","url":"https:\/\/dev.codekraft.it\/rotary-2024\/produkte\/zubehor-reifenservice-de\/zubehor-reifenmontiermaschinen-de\/oberer-montagekopf-fur-gewolbte-felgen-1-satz-6-stuck\/"},{"id":382086,"mpn":"G1000A137","name":"Typenspannplatte Universal | f\u00fcr Felgen ohne Mittenloch und umgekehrte Felgen | f\u00fcr G1000A138","description":"Universalflansch f\u00fcr Blind- und Umkehrfelgen","thumbnail":"https:\/\/dev.codekraft.it\/rotary-2024\/wp-content\/uploads\/brb_media\/00506682_g1000a137-01-150x150.png","url":"https:\/\/dev.codekraft.it\/rotary-2024\/produkte\/zubehor-reifenservice-de\/zubehor-reifenmontiermaschinen-de\/typenspannplatte-universal-fur-felgen-ohne-mittenloch-und-umgekehrte-felgen-fur-g1000a138\/"},{"id":381541,"mpn":"G1000A72","name":"Typenspannplatte Universal | f\u00fcr Felgen ohne Mittenloch und umgekehrte Felgen","description":"Universalflansch f\u00fcr Blind- und Umkehrfelgen","thumbnail":"https:\/\/dev.codekraft.it\/rotary-2024\/wp-content\/uploads\/brb_media\/00506707_g1000a72-150x150.png","url":"https:\/\/dev.codekraft.it\/rotary-2024\/produkte\/zubehor-reifenservice-de\/zubehor-reifenmontiermaschinen-de\/typenspannplatte-universal-fur-felgen-ohne-mittenloch-und-umgekehrte-felgen\/"},{"id":383959,"mpn":"G1000A150","name":"Typenspannplatte Universal | f\u00fcr Felgen ohne Mittenloch","description":"Universalflansch f\u00fcr Blindfelgen","thumbnail":"https:\/\/dev.codekraft.it\/rotary-2024\/wp-content\/uploads\/brb_media\/00506723_g1000a87-150x150.png","url":"https:\/\/dev.codekraft.it\/rotary-2024\/produkte\/zubehor-reifenservice-de\/zubehor-reifenmontiermaschinen-de\/typenspannplatte-universal-fur-felgen-ohne-mittenloch\/"},{"id":383523,"mpn":"G1000A102","name":"Zentrierbolzen f\u00fcr Tiefbettfelgen | 110 mm","description":"Inkl. Konus | 1 Satz \/ 5 St\u00fcck","thumbnail":"https:\/\/dev.codekraft.it\/rotary-2024\/wp-content\/uploads\/brb_media\/00506670_g1000a102-150x150.png","url":"https:\/\/dev.codekraft.it\/rotary-2024\/produkte\/zubehor-reifenservice-de\/zubehor-reifenmontiermaschinen-de\/zentrierbolzen-fur-tiefbettfelgen-110-mm\/"},{"id":383813,"mpn":"G1000A158","name":"Typenspannplatte Universal | f\u00fcr Tiefbettfelgen","description":"Universalflansch","thumbnail":"https:\/\/dev.codekraft.it\/rotary-2024\/wp-content\/uploads\/brb_media\/00506723_g1000a87-150x150.png","url":"https:\/\/dev.codekraft.it\/rotary-2024\/produkte\/zubehor-reifenservice-de\/zubehor-reifenmontiermaschinen-de\/typenspannplatte-universal-fur-tiefbettfelgen\/"},{"id":381547,"mpn":"G1000A101","name":"Flansch f\u00fcr LT (LLkw)","description":"F\u00fcr Reifenmontiermaschinen mit Zentralspannung","thumbnail":"https:\/\/dev.codekraft.it\/rotary-2024\/wp-content\/uploads\/brb_media\/00506669_g1000a101-150x150.png","url":"https:\/\/dev.codekraft.it\/rotary-2024\/produkte\/zubehor-reifenservice-de\/zubehor-reifenmontiermaschinen-de\/flansch-fur-lt-llkw\/"},{"id":383224,"mpn":"G1000A152A","name":"Flansch f\u00fcr LT (LLkw) | Antriebswelle \u00d8 14 mm","description":"F\u00fcr Reifenmontiermaschinen mit Zentralspannung","thumbnail":"https:\/\/dev.codekraft.it\/rotary-2024\/wp-content\/uploads\/brb_media\/00506669_g1000a101-150x150.png","url":"https:\/\/dev.codekraft.it\/rotary-2024\/produkte\/zubehor-reifenservice-de\/zubehor-reifenmontiermaschinen-de\/flansch-fur-lt-llkw-antriebswelle-o-14-mm\/"},{"id":381595,"mpn":"G1000A71K","name":"Felgenrandtaster f\u00fcr Abdr\u00fcckrollen oben\/unten | magnetisch | 1 Satz \/ 5 St\u00fcck","description":"","thumbnail":"https:\/\/dev.codekraft.it\/rotary-2024\/wp-content\/uploads\/brb_media\/00506706_g1000a71k-150x150.png","url":"https:\/\/dev.codekraft.it\/rotary-2024\/produkte\/zubehor-reifenservice-de\/zubehor-reifenmontiermaschinen-de\/felgenrandtaster-fur-abdruckrollen-oben-unten-magnetisch-1-satz-5-stuck\/"},{"id":383639,"mpn":"G1000A65","name":"Kunststoffschutz G1000A65","description":"F\u00fcr obere Montagevorrichtung | 1 St\u00fcck","thumbnail":"https:\/\/dev.codekraft.it\/rotary-2024\/wp-content\/uploads\/brb_media\/00535626_tyre-changer-g1000a65k-mi-150x150.png","url":"https:\/\/dev.codekraft.it\/rotary-2024\/produkte\/zubehor-reifenservice-de\/zubehor-reifenmontiermaschinen-de\/kunststoffschutz-g1000a65\/"},{"id":383633,"mpn":"G1000A65K","name":"Kunststoffschutz G1000A65K","description":"F\u00fcr obere Montagevorrichtung | 1 Satz \/ 5 St\u00fcck","thumbnail":"https:\/\/dev.codekraft.it\/rotary-2024\/wp-content\/uploads\/brb_media\/00535626_tyre-changer-g1000a65k-mi-150x150.png","url":"https:\/\/dev.codekraft.it\/rotary-2024\/produkte\/zubehor-reifenservice-de\/zubehor-reifenmontiermaschinen-de\/kunststoffschutz-g1000a65k\/"},{"id":385171,"mpn":"G1000A66","name":"Kunststoffschutz f\u00fcr Konus der Spannvorrichtung","description":"1 St\u00fcck","thumbnail":"https:\/\/dev.codekraft.it\/rotary-2024\/wp-content\/uploads\/brb_media\/00192777_g1000a66k-150x150.png","url":"https:\/\/dev.codekraft.it\/rotary-2024\/produkte\/zubehor-reifenservice-de\/zubehor-reifenmontiermaschinen-de\/kunststoffschutz-fur-konus-der-spannvorrichtung-2\/"},{"id":383595,"mpn":"G1000A66K","name":"Kunststoffschutz f\u00fcr Konus der Spannvorrichtung","description":"1 Satz \/ 5 St\u00fcck","thumbnail":"https:\/\/dev.codekraft.it\/rotary-2024\/wp-content\/uploads\/brb_media\/00192777_g1000a66k-150x150.png","url":"https:\/\/dev.codekraft.it\/rotary-2024\/produkte\/zubehor-reifenservice-de\/zubehor-reifenmontiermaschinen-de\/kunststoffschutz-fur-konus-der-spannvorrichtung\/"},{"id":383175,"mpn":"G1000A92","name":"Konus mit Distanzring | f\u00fcr 40er Welle | \u00d8 50 mm","description":"","thumbnail":"https:\/\/dev.codekraft.it\/rotary-2024\/wp-content\/uploads\/brb_media\/00506712_g1000a92-150x150.png","url":"https:\/\/dev.codekraft.it\/rotary-2024\/produkte\/zubehor-reifenservice-de\/zubehor-reifenmontiermaschinen-de\/konus-mit-distanzring-fur-40er-welle-o-50-mm\/"},{"id":381583,"mpn":"G1000A86","name":"Spiegel mit Magnethalterung","description":"","thumbnail":"https:\/\/dev.codekraft.it\/rotary-2024\/wp-content\/uploads\/brb_media\/00506710_g1000a86-150x150.png","url":"https:\/\/dev.codekraft.it\/rotary-2024\/produkte\/zubehor-reifenservice-de\/zubehor-reifenmontiermaschinen-de\/spiegel-mit-magnethalterung\/"}],"components":[],"related":[],"page_logo_src":"https:\/\/dev.codekraft.it\/rotary-2024\/wp-content\/uploads\/2024\/05\/cropped-rotary-logo-2022.png","lang":"de","translations":{"de":380904,"en":380903,"fr":380905,"it":380906,"es":380907,"ru":380908},"pll_sync_post":[],"_links":{"self":[{"href":"https:\/\/dev.codekraft.it\/rotary-2024\/wp-json\/wp\/v2\/product\/380904","targetHints":{"allow":["GET"]}}],"collection":[{"href":"https:\/\/dev.codekraft.it\/rotary-2024\/wp-json\/wp\/v2\/product"}],"about":[{"href":"https:\/\/dev.codekraft.it\/rotary-2024\/wp-json\/wp\/v2\/types\/product"}],"wp:featuredmedia":[{"embeddable":true,"href":"https:\/\/dev.codekraft.it\/rotary-2024\/wp-json\/wp\/v2\/media\/375858"}],"wp:attachment":[{"href":"https:\/\/dev.codekraft.it\/rotary-2024\/wp-json\/wp\/v2\/media?parent=380904"}],"wp:term":[{"taxonomy":"product_brand","embeddable":true,"href":"https:\/\/dev.codekraft.it\/rotary-2024\/wp-json\/wp\/v2\/product_brand?post=380904"},{"taxonomy":"product_cat","embeddable":true,"href":"https:\/\/dev.codekraft.it\/rotary-2024\/wp-json\/wp\/v2\/product_cat?post=380904"},{"taxonomy":"product_tag","embeddable":true,"href":"https:\/\/dev.codekraft.it\/rotary-2024\/wp-json\/wp\/v2\/product_tag?post=380904"},{"taxonomy":"product_approvals","embeddable":true,"href":"https:\/\/dev.codekraft.it\/rotary-2024\/wp-json\/wp\/v2\/product_approvals?post=380904"},{"taxonomy":"product_application","embeddable":true,"href":"https:\/\/dev.codekraft.it\/rotary-2024\/wp-json\/wp\/v2\/product_application?post=380904"}],"curies":[{"name":"wp","href":"https:\/\/api.w.org\/{rel}","templated":true}]}}