{"id":380891,"date":"2025-12-11T10:10:59","date_gmt":"2025-12-11T10:10:59","guid":{"rendered":"https:\/\/dev.codekraft.it\/rotary-2024\/products\/uncategorized\/demonte-pneu-kendo-evo-m-pro\/"},"modified":"2025-12-11T10:10:59","modified_gmt":"2025-12-11T10:10:59","slug":"demonte-pneu-kendo-evo-m-pro","status":"publish","type":"product","link":"https:\/\/dev.codekraft.it\/rotary-2024\/fr\/produits\/service-de-pneus-fr\/demonte-pneus-fr\/demonte-pneu-kendo-evo-m-pro\/","title":{"rendered":"D\u00e9monte-pneu Kendo.Evo-M Pro"},"content":{"rendered":"<p>La solution pour chaque op\u00e9rateur<\/p>\n<p>D\u00e9monte-pneus sans levier 12 &#8211; 30\u201d, dot\u00e9 d&#8217;outil de montage brevet\u00e9 pour monter et d\u00e9monter sans effort tous les types de pneumatiques et de jantes (standard, UHP et RunFlat).<\/p>\n<ul>\n<li>R\u00e9glage rapide des rouleaux d\u00e9talonneurs et de l&#8217;outil<\/li>\n<li>Plaque extra grip<\/li>\n<li>Zone porte-objets modulaire<\/li>\n<\/ul>\n<ul>\n<li>Outil en mat\u00e9riau anti-rayures<\/li>\n<li>Dispositif de blocage rapide<\/li>\n<li>Pousse-talon \u00e0 commande pneumatique<\/li>\n<li>Vaste zone porte-objets personnalisable en fonction des exigences de l&#8217;op\u00e9rateur<\/li>\n<li>Certifi\u00e9 WDK<\/li>\n<li>P\u00e2te lubrifiante pour montage\/d\u00e9montage pneumatiques et pinceau<\/li>\n<\/ul>\n<ul>\n<li>La structure de la plaque permet le blocage par simple positionnement du c\u00f4ne &#8211; Augmente automatiquement la pression de blocage pendant la rotation.<\/li>\n<li>Invemotor: Onduleur avec vitesse r\u00e9glable par l&#8217;op\u00e9rateur en toute autonomie, dot\u00e9 d&#8217;auto-limiteur pour prot\u00e9ger le pneumatique.<\/li>\n<li>Par un mouvement unique, les rouleaux d\u00e9talonneurs et l&#8217;outil se positionnent simultan\u00e9ment &#8211; Pendant les phases de montage et de d\u00e9montage, les bras se bloquent automatiquement.<\/li>\n<li>Vaste zone porte-objets personnalisable en fonction des exigences de l&#8217;op\u00e9rateur.<\/li>\n<li>Rouleaux r\u00e9alis\u00e9s en mat\u00e9riau plastique\u00a0: ils n&#8217;endommagent pas la jante en cas de contact.<\/li>\n<li>Le mouvement graduel et contr\u00f4l\u00e9 des rouleaux permet le d\u00e9collement du talon pr\u00e8s du bord de la jante, ce qui permet de prot\u00e9ger le flanc du pneumatique et les \u00e9ventuels capteurs de pression.<\/li>\n<\/ul>\n","protected":false},"excerpt":{"rendered":"<p>Sans levier, automatique, incl. presse-talon pneumatique, voiture de tourisme, diam\u00e8tre de jante 12 &#8211; 30\u2033 | Gris (RAL 7016) | Certifi\u00e9 wdk | Uniquement disponible pour march\u00e9 DACH<\/p>\n","protected":false},"featured_media":353525,"template":"","meta":[],"product_brand":[],"product_cat":[1033384],"product_tag":[1034197,1034262,1034180,1034163],"product_approvals":[],"product_application":[1041424,1041427,1041421],"class_list":{"0":"post-380891","1":"product","2":"type-product","3":"status-publish","4":"has-post-thumbnail","6":"product_cat-demonte-pneus-fr","7":"product_tag-motor-homes-fr","8":"product_tag-remorques-fr","9":"product_tag-light-commercial-fr","10":"product_tag-passenger-cars-fr","11":"product_application-ateliers-fr","12":"product_application-parc-automobile-fr","13":"product_application-reparation-de-voitures-fr","15":"first","16":"instock","17":"shipping-taxable","18":"product-type-simple"},"approvals":[],"application":[{"term_id":1041424,"name":"Ateliers","slug":"ateliers-fr","term_group":0,"term_taxonomy_id":1041423,"taxonomy":"product_application","description":"","parent":0,"count":4,"filter":"raw","tax_image_id":""},{"term_id":1041427,"name":"Parc automobile","slug":"parc-automobile-fr","term_group":0,"term_taxonomy_id":1041426,"taxonomy":"product_application","description":"","parent":0,"count":4,"filter":"raw","tax_image_id":""},{"term_id":1041421,"name":"R\u00e9paration de voitures","slug":"reparation-de-voitures-fr","term_group":0,"term_taxonomy_id":1041420,"taxonomy":"product_application","description":"","parent":0,"count":4,"filter":"raw","tax_image_id":""}],"brb_media_brochure":[{"id":353526,"url":"https:\/\/dev.codekraft.it\/rotary-2024\/wp-content\/uploads\/brb_media\/00522128_tyre-changer-kendoevo-dach-br-133197-de-2024-01-screen.pdf","title":"Tyre Changer KendoEvo DACH BR 133197 de 2024 01 screen","mpn":"","thumbnail":"https:\/\/dev.codekraft.it\/rotary-2024\/wp-content\/uploads\/brb_media\/00522128_tyre-changer-kendoevo-dach-br-133197-de-2024-01-screen-pdf-106x150.png","description":""}],"brb_media_drawing":"","brb_media_manuals":[{"id":353527,"url":"https:\/\/dev.codekraft.it\/rotary-2024\/wp-content\/uploads\/brb_media\/00521983_tyre-changers-kendoevo-im-7105-m019-00_vsg_rev00-multi-2023-09.pdf","title":"Tyre changers KendoEvo IM 7105 M019 00 VSG rev00 multi 2023 09","mpn":"","thumbnail":"https:\/\/dev.codekraft.it\/rotary-2024\/wp-content\/uploads\/brb_media\/00521983_tyre-changers-kendoevo-im-7105-m019-00_vsg_rev00-multi-2023-09-pdf-106x150.png","description":""}],"brb_media_safety_datasheets":"","brb_media_spare_parts":[],"_cdmm_p_id":"494155","_company":"Elektron","_gtin":"4057612938012","accessories":[{"id":380609,"mpn":"G1000A56","name":"WulstBoy avec syst\u00e8me de traction et cha\u00eene de talon jusqu&#039;\u00e0 22\u2033","description":"","thumbnail":"https:\/\/dev.codekraft.it\/rotary-2024\/wp-content\/uploads\/brb_media\/00506698_g1000a56-150x150.png","url":"https:\/\/dev.codekraft.it\/rotary-2024\/fr\/produits\/accessoires-service-de-pneus-fr\/accessoires-demonte-pneu-fr\/wulstboy-avec-systeme-de-traction-et-chaine-de-talon-jusqua-22%e2%80%b3\/"},{"id":380603,"mpn":"G1000A67","name":"WulstBoy avec syst\u00e8me de traction et cha\u00eene de talon jusqu&#039;\u00e0 28\u2033","description":"","thumbnail":"https:\/\/dev.codekraft.it\/rotary-2024\/wp-content\/uploads\/brb_media\/00506701_g1000a67-150x150.png","url":"https:\/\/dev.codekraft.it\/rotary-2024\/fr\/produits\/accessoires-service-de-pneus-fr\/accessoires-demonte-pneu-fr\/wulstboy-avec-systeme-de-traction-et-chaine-de-talon-jusqua-28%e2%80%b3\/"},{"id":381524,"mpn":"G1000A81K","name":"Protection en caoutchouc pour plateau appui roue","description":"Jeu de protections pour roues invers\u00e9es | 1 jeu \/ 10 pi\u00e8ces","thumbnail":"https:\/\/dev.codekraft.it\/rotary-2024\/wp-content\/uploads\/brb_media\/00506708_g1000a81k-sp-150x150.png","url":"https:\/\/dev.codekraft.it\/rotary-2024\/fr\/produits\/accessoires-service-de-pneus-fr\/accessoires-demonte-pneu-fr\/protection-en-caoutchouc-pour-plateau-appui-roue\/"},{"id":381530,"mpn":"G1000A84K","name":"Protection plastique pour c\u00f4ne de centrage","description":"Kit protections c\u00f4ne dispositif de blocage avec flasque rapide, pour G1000A138 - G1000A80 | 1 jeu \/ 5 pi\u00e8ces","thumbnail":"https:\/\/dev.codekraft.it\/rotary-2024\/wp-content\/uploads\/brb_media\/00506709_g1000a84k-150x150.png","url":"https:\/\/dev.codekraft.it\/rotary-2024\/fr\/produits\/accessoires-service-de-pneus-fr\/accessoires-demonte-pneu-fr\/protection-plastique-pour-cone-de-centrage\/"},{"id":381536,"mpn":"G1000A70K","name":"Protection plastique pour broche d\u2019entra\u00eenement","description":"Protection pour syst\u00e8me de traction sur table de serrage | 1 jeu \/ 5 pi\u00e8ces","thumbnail":"https:\/\/dev.codekraft.it\/rotary-2024\/wp-content\/uploads\/brb_media\/00506705_g1000a70k-150x150.png","url":"https:\/\/dev.codekraft.it\/rotary-2024\/fr\/produits\/accessoires-service-de-pneus-fr\/accessoires-demonte-pneu-fr\/protection-plastique-pour-broche-dentrainement\/"},{"id":382697,"mpn":"G1000A142K","name":"T\u00eate de montage sup\u00e9rieure pour les jantes avec rayons en saille | 1 jeu \/ 6 pi\u00e8ces","description":"","thumbnail":"https:\/\/dev.codekraft.it\/rotary-2024\/wp-content\/uploads\/brb_media\/00506689_g1000a142-150x150.png","url":"https:\/\/dev.codekraft.it\/rotary-2024\/fr\/produits\/accessoires-service-de-pneus-fr\/accessoires-demonte-pneu-fr\/tete-de-montage-superieure-pour-les-jantes-avec-rayons-en-saille-1-jeu-6-pieces\/"},{"id":382087,"mpn":"G1000A137","name":"Plaque de serrage de type Universel | pour jantes \u00e0 centre ferm\u00e9 et jantes invers\u00e9es | pour G1000A138","description":"Flasque universelle pour roues \u00e0 jante pleine \/ renvers\u00e9es","thumbnail":"https:\/\/dev.codekraft.it\/rotary-2024\/wp-content\/uploads\/brb_media\/00506682_g1000a137-01-150x150.png","url":"https:\/\/dev.codekraft.it\/rotary-2024\/fr\/produits\/accessoires-service-de-pneus-fr\/accessoires-demonte-pneu-fr\/plaque-de-serrage-de-type-universel-pour-jantes-a-centre-ferme-et-jantes-inversees-pour-g1000a138\/"},{"id":381542,"mpn":"G1000A72","name":"Plaque de serrage de type Universel | pour jantes \u00e0 centre ferm\u00e9 et jantes invers\u00e9es","description":"Flasque universelle pour roues \u00e0 jante pleine \/ renvers\u00e9es","thumbnail":"https:\/\/dev.codekraft.it\/rotary-2024\/wp-content\/uploads\/brb_media\/00506707_g1000a72-150x150.png","url":"https:\/\/dev.codekraft.it\/rotary-2024\/fr\/produits\/accessoires-service-de-pneus-fr\/accessoires-demonte-pneu-fr\/plaque-de-serrage-de-type-universel-pour-jantes-a-centre-ferme-et-jantes-inversees\/"},{"id":383960,"mpn":"G1000A150","name":"Plaque de serrage de type Universel | pour jantes \u00e0 centre ferm\u00e9","description":"Flasque universelle pour roues \u00e0 jante pleine","thumbnail":"https:\/\/dev.codekraft.it\/rotary-2024\/wp-content\/uploads\/brb_media\/00506723_g1000a87-150x150.png","url":"https:\/\/dev.codekraft.it\/rotary-2024\/fr\/produits\/accessoires-service-de-pneus-fr\/accessoires-demonte-pneu-fr\/plaque-de-serrage-de-type-universel-pour-jantes-a-centre-ferme\/"},{"id":383524,"mpn":"G1000A102","name":"Doigts pour jantes inversees | 110 mm","description":"Avec cone | 1 jeu \/ 5 pi\u00e8ces","thumbnail":"https:\/\/dev.codekraft.it\/rotary-2024\/wp-content\/uploads\/brb_media\/00506670_g1000a102-150x150.png","url":"https:\/\/dev.codekraft.it\/rotary-2024\/fr\/produits\/accessoires-service-de-pneus-fr\/accessoires-demonte-pneu-fr\/doigts-pour-jantes-inversees-110-mm\/"},{"id":383814,"mpn":"G1000A158","name":"Plaque de serrage de type Universel | pour roues invers\u00e9es","description":"Bride universelle","thumbnail":"https:\/\/dev.codekraft.it\/rotary-2024\/wp-content\/uploads\/brb_media\/00506723_g1000a87-150x150.png","url":"https:\/\/dev.codekraft.it\/rotary-2024\/fr\/produits\/accessoires-service-de-pneus-fr\/accessoires-demonte-pneu-fr\/plaque-de-serrage-de-type-universel-pour-roues-inversees\/"},{"id":381548,"mpn":"G1000A101","name":"Bride pour LT (camion l\u00e9ger)","description":"","thumbnail":"https:\/\/dev.codekraft.it\/rotary-2024\/wp-content\/uploads\/brb_media\/00506669_g1000a101-150x150.png","url":"https:\/\/dev.codekraft.it\/rotary-2024\/fr\/produits\/accessoires-service-de-pneus-fr\/accessoires-demonte-pneu-fr\/bride-pour-lt-camion-leger\/"},{"id":383225,"mpn":"G1000A152A","name":"Bride pour LT (camion l\u00e9ger) | tige pour roue \u00d8 14 mm","description":"Pour d\u00e9monte pneus \u00e0 blocage central","thumbnail":"https:\/\/dev.codekraft.it\/rotary-2024\/wp-content\/uploads\/brb_media\/00506669_g1000a101-150x150.png","url":"https:\/\/dev.codekraft.it\/rotary-2024\/fr\/produits\/accessoires-service-de-pneus-fr\/accessoires-demonte-pneu-fr\/bride-pour-lt-camion-leger-tige-pour-roue-o-14-mm\/"},{"id":381596,"mpn":"G1000A71K","name":"D\u00e9tecteur de bord de la jante pour rouleaux d\u00e9presseurs de talon sup\u00e9rieur\/inf\u00e9rieur | magn\u00e9tique | 1 jeu \/ 5 pi\u00e8ces","description":"","thumbnail":"https:\/\/dev.codekraft.it\/rotary-2024\/wp-content\/uploads\/brb_media\/00506706_g1000a71k-150x150.png","url":"https:\/\/dev.codekraft.it\/rotary-2024\/fr\/produits\/accessoires-service-de-pneus-fr\/accessoires-demonte-pneu-fr\/detecteur-de-bord-de-la-jante-pour-rouleaux-depresseurs-de-talon-superieur-inferieur-magnetique-1-jeu-5-pieces\/"},{"id":383640,"mpn":"G1000A65","name":"Protection plastique G1000A65","description":"Pour support outil sup\u00e9rieur | 1 pi\u00e8ce","thumbnail":"https:\/\/dev.codekraft.it\/rotary-2024\/wp-content\/uploads\/brb_media\/00535626_tyre-changer-g1000a65k-mi-150x150.png","url":"https:\/\/dev.codekraft.it\/rotary-2024\/fr\/produits\/accessoires-service-de-pneus-fr\/accessoires-demonte-pneu-fr\/protection-plastique-g1000a65\/"},{"id":383634,"mpn":"G1000A65K","name":"Protection plastique G1000A65K","description":"Pour support outil sup\u00e9rieur | 1 jeu \/ 5 pi\u00e8ces","thumbnail":"https:\/\/dev.codekraft.it\/rotary-2024\/wp-content\/uploads\/brb_media\/00535626_tyre-changer-g1000a65k-mi-150x150.png","url":"https:\/\/dev.codekraft.it\/rotary-2024\/fr\/produits\/accessoires-service-de-pneus-fr\/accessoires-demonte-pneu-fr\/protection-plastique-g1000a65k\/"},{"id":385172,"mpn":"G1000A66","name":"Protection plastique pour c\u00f4ne dispositif de blocage","description":"1 pi\u00e8ce","thumbnail":"https:\/\/dev.codekraft.it\/rotary-2024\/wp-content\/uploads\/brb_media\/00192777_g1000a66k-150x150.png","url":"https:\/\/dev.codekraft.it\/rotary-2024\/fr\/produits\/accessoires-service-de-pneus-fr\/accessoires-demonte-pneu-fr\/protection-plastique-pour-cone-dispositif-de-blocage-2\/"},{"id":383596,"mpn":"G1000A66K","name":"Protection plastique pour c\u00f4ne dispositif de blocage","description":"1 jeu \/ 5 pi\u00e8ces","thumbnail":"https:\/\/dev.codekraft.it\/rotary-2024\/wp-content\/uploads\/brb_media\/00192777_g1000a66k-150x150.png","url":"https:\/\/dev.codekraft.it\/rotary-2024\/fr\/produits\/accessoires-service-de-pneus-fr\/accessoires-demonte-pneu-fr\/protection-plastique-pour-cone-dispositif-de-blocage\/"},{"id":383176,"mpn":"G1000A92","name":"C\u00f4ne avec cale | pour arbre \u00d8 40 | \u00d8 50 mm","description":"","thumbnail":"https:\/\/dev.codekraft.it\/rotary-2024\/wp-content\/uploads\/brb_media\/00506712_g1000a92-150x150.png","url":"https:\/\/dev.codekraft.it\/rotary-2024\/fr\/produits\/accessoires-service-de-pneus-fr\/accessoires-demonte-pneu-fr\/cone-avec-cale-pour-arbre-o-40-o-50-mm\/"},{"id":381584,"mpn":"G1000A86","name":"Miroir avec support magn\u00e9tique","description":"","thumbnail":"https:\/\/dev.codekraft.it\/rotary-2024\/wp-content\/uploads\/brb_media\/00506710_g1000a86-150x150.png","url":"https:\/\/dev.codekraft.it\/rotary-2024\/fr\/produits\/accessoires-service-de-pneus-fr\/accessoires-demonte-pneu-fr\/miroir-avec-support-magnetique\/"}],"components":[],"related":[],"page_logo_src":"https:\/\/dev.codekraft.it\/rotary-2024\/wp-content\/uploads\/2024\/05\/cropped-rotary-logo-2022.png","lang":"fr","translations":{"fr":380891,"en":380887,"de":380890,"it":380892,"es":380893,"ru":380894},"pll_sync_post":[],"_links":{"self":[{"href":"https:\/\/dev.codekraft.it\/rotary-2024\/wp-json\/wp\/v2\/product\/380891","targetHints":{"allow":["GET"]}}],"collection":[{"href":"https:\/\/dev.codekraft.it\/rotary-2024\/wp-json\/wp\/v2\/product"}],"about":[{"href":"https:\/\/dev.codekraft.it\/rotary-2024\/wp-json\/wp\/v2\/types\/product"}],"wp:featuredmedia":[{"embeddable":true,"href":"https:\/\/dev.codekraft.it\/rotary-2024\/wp-json\/wp\/v2\/media\/353525"}],"wp:attachment":[{"href":"https:\/\/dev.codekraft.it\/rotary-2024\/wp-json\/wp\/v2\/media?parent=380891"}],"wp:term":[{"taxonomy":"product_brand","embeddable":true,"href":"https:\/\/dev.codekraft.it\/rotary-2024\/wp-json\/wp\/v2\/product_brand?post=380891"},{"taxonomy":"product_cat","embeddable":true,"href":"https:\/\/dev.codekraft.it\/rotary-2024\/wp-json\/wp\/v2\/product_cat?post=380891"},{"taxonomy":"product_tag","embeddable":true,"href":"https:\/\/dev.codekraft.it\/rotary-2024\/wp-json\/wp\/v2\/product_tag?post=380891"},{"taxonomy":"product_approvals","embeddable":true,"href":"https:\/\/dev.codekraft.it\/rotary-2024\/wp-json\/wp\/v2\/product_approvals?post=380891"},{"taxonomy":"product_application","embeddable":true,"href":"https:\/\/dev.codekraft.it\/rotary-2024\/wp-json\/wp\/v2\/product_application?post=380891"}],"curies":[{"name":"wp","href":"https:\/\/api.w.org\/{rel}","templated":true}]}}