{"id":380870,"date":"2025-12-11T10:04:36","date_gmt":"2025-12-11T10:04:36","guid":{"rendered":"https:\/\/dev.codekraft.it\/rotary-2024\/products\/uncategorized\/scherenhebebuhne-s42nak46cat-i\/"},"modified":"2026-04-03T09:42:07","modified_gmt":"2026-04-03T09:42:07","slug":"scherenhebebuhne-s42nak46cat-i","status":"publish","type":"product","link":"https:\/\/dev.codekraft.it\/rotary-2024\/produkte\/hebebuhnen-de\/scheren-hebebuhnen-de\/scherenhebebuhne-s42nak46cat-i\/","title":{"rendered":"Scherenhebeb\u00fchne S42NAK46CAT-I"},"content":{"rendered":"<p>Scherenhebeb\u00fchnen der S42-Serie sind hervorragende Universalhebeb\u00fchnen f\u00fcr den Annahme-Bereich, f\u00fcr Achsvermessungsarbeiten, f\u00fcr Diagnosearbeitspl\u00e4tze (Assistenzsysteme) und die Reparatur. Abh\u00e4ngig vom Einsatzbereich ist die S42-Serie in vier Basis-Ausf\u00fchrungen, sowie Bodenebener- als auch Bodenaufliegender-Ausf\u00fchrung (zus\u00e4tzliche Rampen notwendig, s. Zubeh\u00f6r) erh\u00e4ltlich.<\/p>\n<ul>\n<li>Perfekter Korrosionsschutz &#8211; Kataphoresetauchlackierung (CAT) plus Pulverbeschichtung serienm\u00e4\u00dfig<\/li>\n<li>Geeignet f\u00fcr Pkw und Transporter<\/li>\n<li>4,2 t Tragkraft bei 4600 mm nutzbarer Fahrbahnl\u00e4nge<\/li>\n<\/ul>\n<ul>\n<li>Integrierte Aussparungen mit Edelstahlauflagen in der Fahrfl\u00e4che erm\u00f6glichen den Einsatz von Drehtellern und Gelenkspieltester PD8.<\/li>\n<li>Stabile Kunststoffkugeln der pneumatisch verriegelbaren Schiebeplatten sorgen f\u00fcr eine zuverl\u00e4ssige sowie leichtg\u00e4ngige Funktion und sichern eine lange Lebensdauer.<\/li>\n<li>Intelligent konstruierte R\u00fcckrollsicherungen erm\u00f6glichen die Nutzung der kompletten Fahrbahnl\u00e4nge.<\/li>\n<li>Um eine flexible Aufnahme sowohl kleiner als auch gro\u00dfer Fahrzeuge zu erm\u00f6glichen sind bei allen LT-Modellen die Radfreiheber mit einer ausziehbaren, stufenlosen Plattformverl\u00e4ngerung ausgestattet.<\/li>\n<li>F\u00fcr die Verwendung eines zus\u00e4tzlichen Achsfreihebers ist eine verzinkte Laufschiene verbaut (serienm\u00e4\u00dfig).<\/li>\n<li>Die ebene Fahrbahn erlaubt die Verwendung am Scheinwerfereinstellplatz (nicht bei optionalem Gelenkspiel-Tester).<\/li>\n<\/ul>\n<ul>\n<li>Der serienm\u00e4\u00dfige CE-Stop gew\u00e4hrleistet einen Fu\u00dfschutz ohne Fu\u00dfabweiser und einen problemlosen bodenebenen Einbau.<\/li>\n<li>Perfekter Korrosionsschutz &#8211; Kataphoresetauchlackierung (CAT) plus Pulverbeschichtung serienm\u00e4\u00dfig.<\/li>\n<li>Das vollhydraulische System mit integrierter Selbstentl\u00fcftung in der \u201e0\u201d-Position sorgt f\u00fcr eine zuverl\u00e4ssige Funktion.<\/li>\n<li>Die Hauptzylinder sind mit einer pneumatisch entsperrbaren Absetzvorrichtung ausger\u00fcstet. Die Klinkenleiste ist verschraubt und \u00fcber Stellschrauben justierbar. Eine exakte Achsvermessung ist damit garantiert.<\/li>\n<li>Stabile Drucktasten sorgen f\u00fcr eine sichere Bedienung der Hebeb\u00fchne.<\/li>\n<li>Dokumente oder auch Tablet-Computer finden ihren Platz auf der integrierten Ablagem\u00f6glichkeit. Auch als Schreibunterlage perfekt geeignet.<\/li>\n<li>Das Bedienpult besitzt ein werkseitig vormontiertes, mit der Hebeb\u00fchne verbundenes Hydraulikaggregat und tr\u00e4gt damit ma\u00dfgeblich zu einem geringen Installationsaufwand bei. Die Platzierung ist links oder rechts m\u00f6glich.<\/li>\n<li>Die Bodenlager sind mit einem stabilen Rahmen verbunden, dies vereinfacht eine korrekte Montage der Hebeb\u00fchne.<\/li>\n<li>Bei allen Varianten ist ein hydraulischer Gelenkspieltester m\u00f6glich &#8211; dieser wird in der vordersten Position der Drehtelleraussparung (werkseitig \/ nicht nachr\u00fcstbar) verbaut. Der Gelenkspieltester entspricht den europ\u00e4ischen beh\u00f6rdlichen Vorgaben (auch \u00d6sterreich).<\/li>\n<\/ul>\n<p><em>\u00dcberflur-Ausf\u00fchrungen in Verbindung mit \u00dcberflur-Kit S42 erh\u00e4ltlich<\/em><\/p>\n<p><em>D*Gesamtl\u00e4nge \u00dcberflur: 6330 mm<\/em><\/p>\n","protected":false},"excerpt":{"rendered":"<p>4,2 t, elektrohydraulisch, inkl. Achsvermessungs-Kit, Plattforml\u00e4nge 4600 mm, Unterflur<\/p>\n","protected":false},"featured_media":353495,"template":"","meta":[],"product_brand":[],"product_cat":[1033756],"product_tag":[1034161,1034178],"product_approvals":[],"product_application":[],"class_list":{"0":"post-380870","1":"product","2":"type-product","3":"status-publish","4":"has-post-thumbnail","6":"product_cat-scheren-hebebuhnen-de","7":"product_tag-passenger-cars-de","8":"product_tag-light-commercial-de","10":"first","11":"instock","12":"shipping-taxable","13":"product-type-simple"},"approvals":[],"application":[],"brb_media_brochure":[{"id":353496,"url":"https:\/\/dev.codekraft.it\/rotary-2024\/wp-content\/uploads\/brb_media\/00479668_scissor-lift-s42-46-br-129952-de-2021-10-screen.pdf","title":"Scissor Lift S42 46 BR 129952 de 2021 10 screen","mpn":"","thumbnail":"https:\/\/dev.codekraft.it\/rotary-2024\/wp-content\/uploads\/brb_media\/00479668_scissor-lift-s42-46-br-129952-de-2021-10-screen-pdf-106x150.png","description":""},{"id":353497,"url":"https:\/\/dev.codekraft.it\/rotary-2024\/wp-content\/uploads\/brb_media\/00479669_scissor-lift-s42-46-br-129953-en-2021-10-screen.pdf","title":"Scissor Lift S42 46 BR 129953 en 2021 10 screen","mpn":"","thumbnail":"https:\/\/dev.codekraft.it\/rotary-2024\/wp-content\/uploads\/brb_media\/00479669_scissor-lift-s42-46-br-129953-en-2021-10-screen-pdf-106x150.png","description":""},{"id":353498,"url":"https:\/\/dev.codekraft.it\/rotary-2024\/wp-content\/uploads\/brb_media\/00479670_scissor-lift-s42-46-br-129954-fr-2021-10-screen.pdf","title":"Scissor Lift S42 46 BR 129954 fr 2021 10 screen","mpn":"","thumbnail":"https:\/\/dev.codekraft.it\/rotary-2024\/wp-content\/uploads\/brb_media\/00479670_scissor-lift-s42-46-br-129954-fr-2021-10-screen-pdf-106x150.png","description":""},{"id":353499,"url":"https:\/\/dev.codekraft.it\/rotary-2024\/wp-content\/uploads\/brb_media\/00479671_scissor-lift-s42-46-br-129955-it-2021-10-screen.pdf","title":"Scissor Lift S42 46 BR 129955 it 2021 10 screen","mpn":"","thumbnail":"https:\/\/dev.codekraft.it\/rotary-2024\/wp-content\/uploads\/brb_media\/00479671_scissor-lift-s42-46-br-129955-it-2021-10-screen-pdf-106x150.png","description":""},{"id":353500,"url":"https:\/\/dev.codekraft.it\/rotary-2024\/wp-content\/uploads\/brb_media\/00479672_scissor-lift-s42-46-br-129956-es-2021-10-screen.pdf","title":"Scissor Lift S42 46 BR 129956 es 2021 10 screen","mpn":"","thumbnail":"https:\/\/dev.codekraft.it\/rotary-2024\/wp-content\/uploads\/brb_media\/00479672_scissor-lift-s42-46-br-129956-es-2021-10-screen-pdf-106x150.png","description":""},{"id":353501,"url":"https:\/\/dev.codekraft.it\/rotary-2024\/wp-content\/uploads\/brb_media\/00479673_scissor-lift-s42-46-br-129957-ru-2021-10-screen.pdf","title":"Scissor Lift S42 46 BR 129957 ru 2021 10 screen","mpn":"","thumbnail":"https:\/\/dev.codekraft.it\/rotary-2024\/wp-content\/uploads\/brb_media\/00479673_scissor-lift-s42-46-br-129957-ru-2021-10-screen-pdf-106x150.png","description":""}],"brb_media_drawing":[{"id":375218,"url":"https:\/\/dev.codekraft.it\/rotary-2024\/wp-content\/uploads\/brb_media\/00479493_scissor-lift-s42n-nak46cat-i-rfp.pdf","title":"Scissor Lift S42N NAK46CAT I RFP","mpn":"","thumbnail":"https:\/\/dev.codekraft.it\/rotary-2024\/wp-content\/uploads\/brb_media\/00479493_scissor-lift-s42n-nak46cat-i-rfp-pdf-150x107.png","description":""},{"id":375219,"url":"https:\/\/dev.codekraft.it\/rotary-2024\/wp-content\/uploads\/brb_media\/00479515_scissor-lift-s42nak46cat-i-ds.pdf","title":"Scissor Lift S42NAK46CAT I DS","mpn":"","thumbnail":"https:\/\/dev.codekraft.it\/rotary-2024\/wp-content\/uploads\/brb_media\/00479515_scissor-lift-s42nak46cat-i-ds-pdf-150x107.png","description":""},{"id":375220,"url":"https:\/\/dev.codekraft.it\/rotary-2024\/wp-content\/uploads\/brb_media\/00479516_scissor-lift-s42nak46cats42aka5-ds.pdf","title":"Scissor Lift S42NAK46CAT+S42AKA5 DS","mpn":"","thumbnail":"https:\/\/dev.codekraft.it\/rotary-2024\/wp-content\/uploads\/brb_media\/00479516_scissor-lift-s42nak46cats42aka5-ds-pdf-150x107.png","description":""},{"id":387233,"url":"https:\/\/dev.codekraft.it\/rotary-2024\/wp-content\/uploads\/2026\/04\/0579_0702_0_00_t-2.jpg","title":"0579_0702_0_00_T","mpn":"","thumbnail":"https:\/\/dev.codekraft.it\/rotary-2024\/wp-content\/uploads\/2026\/04\/0579_0702_0_00_t-2-150x150.jpg","description":""}],"brb_media_manuals":[{"id":380869,"url":"https:\/\/dev.codekraft.it\/rotary-2024\/wp-content\/uploads\/brb_media\/00549995_scissor-lifts-s42n42cat-i_s42nak42cat-i_s42nak46cat-i_s42n46cat-pd8-i_s50n55cat-i_s50nak55cat-i_s50n55cat-pd8-i_s50nak55cat-pd8-i_im-0592-m003-0-rev9-multi-2024-06.pdf","title":"Scissor Lifts S42N42CAT I S42NAK42CAT I S42NAK46CAT I S42N46CAT PD8 I S50N55CAT I S50NAK55CAT I S50N55CAT PD8 I S50NAK55CAT PD8 I IM 0592 M003 0 REV9 multi 2024 06","mpn":"","thumbnail":"https:\/\/dev.codekraft.it\/rotary-2024\/wp-content\/uploads\/brb_media\/00549995_scissor-lifts-s42n42cat-i_s42nak42cat-i_s42nak46cat-i_s42n46cat-pd8-i_s50n55cat-i_s50nak55cat-i_s50n55cat-pd8-i_s50nak55cat-pd8-i_im-0592-m003-0-rev9-multi-2024-06-pdf-106x150.png","description":""}],"brb_media_safety_datasheets":"","brb_media_spare_parts":[],"_cdmm_p_id":"494150","_company":"Elektron","_gtin":"5063084193100","accessories":[{"id":380845,"mpn":"RJ-X26-5","name":"Achsfreiheber f\u00fcr S42-S50 | 2,6 t","description":"2,6 t","thumbnail":"https:\/\/dev.codekraft.it\/rotary-2024\/wp-content\/uploads\/brb_media\/00466518_rolling_jack_rjx265f_26t-di-150x150.png","url":"https:\/\/dev.codekraft.it\/rotary-2024\/produkte\/zubehor-hebebuhnen-de\/zubehor-scheren-hebebuhnen-de\/achsfreiheber-fur-s42-s50-26-t\/"},{"id":380735,"mpn":"S42AKA13","name":"Luftversorgungskit f\u00fcr Achsfreiheber S42-S50 | ab Werk vormontiert","description":"Spiralschlauch und Installationsmaterial f\u00fcr Luftversorgung Achsfreiheber","thumbnail":"","url":"https:\/\/dev.codekraft.it\/rotary-2024\/produkte\/zubehor-hebebuhnen-de\/zubehor-scheren-hebebuhnen-de\/luftversorgungskit-fur-achsfreiheber-s42-s50-ab-werk-vormontiert\/"},{"id":380741,"mpn":"S38A4","name":"Energie-Kit f\u00fcr S42\/S50","description":"230-Volt-Steckdose am Bedienpult | 1 St\u00fcck","thumbnail":"","url":"https:\/\/dev.codekraft.it\/rotary-2024\/produkte\/zubehor-hebebuhnen-de\/zubehor-scheren-hebebuhnen-de\/energie-kit-fur-s42-s50\/"},{"id":380729,"mpn":"820136","name":"LED-Beleuchtungs-Kit 4-fach, 24 V","description":"","thumbnail":"https:\/\/dev.codekraft.it\/rotary-2024\/wp-content\/uploads\/brb_media\/00399236_scissor-lift-s38-rail-for-jacking-beam-di-150x150.png","url":"https:\/\/dev.codekraft.it\/rotary-2024\/produkte\/zubehor-hebebuhnen-de\/zubehor-scheren-hebebuhnen-de\/led-beleuchtungs-kit-4-fach-24-v\/"},{"id":378916,"mpn":"T4B","name":"Gummikl\u00f6tze","description":"Hartgummi-Auflagen, 160 x 120 x 40 mm | 1 Satz \/ 4 St\u00fcck","thumbnail":"https:\/\/dev.codekraft.it\/rotary-2024\/wp-content\/uploads\/brb_media\/00393013_4-post-lift-rubber-pads-40mm-150x150.png","url":"https:\/\/dev.codekraft.it\/rotary-2024\/produkte\/zubehor-hebebuhnen-de\/zubehor-kurzhub-hebebuhnen-de\/gummiklotze-2\/"},{"id":378465,"mpn":"T4","name":"Gummikl\u00f6tze","description":"Hartgummi-Auflagen, 160 x 120 x 80 mm | 1 Satz \/ 4 St\u00fcck","thumbnail":"https:\/\/dev.codekraft.it\/rotary-2024\/wp-content\/uploads\/brb_media\/00287553-150x150.png","url":"https:\/\/dev.codekraft.it\/rotary-2024\/produkte\/zubehor-hebebuhnen-de\/zubehor-doppelscheren-hebebuhnen-de\/gummiklotze\/"},{"id":380857,"mpn":"820196","name":"Unterflureinbausatz","description":"4 kurze Rampen | f\u00fcr Fundamentl\u00e4nge 4400 \/ 4800 mm bei Fahrbahnl\u00e4nge 4200 \/ 4600 mm","thumbnail":"https:\/\/dev.codekraft.it\/rotary-2024\/wp-content\/uploads\/brb_media\/00331730_4-post-lift-inground-kit-di-150x150.png","url":"https:\/\/dev.codekraft.it\/rotary-2024\/produkte\/zubehor-hebebuhnen-de\/zubehor-4-saulen-hebebuhnen-de\/unterflureinbausatz\/"},{"id":380863,"mpn":"820288","name":"Unterflur-Klappen bei \u00dcberstand | f\u00fcr Einbautiefe ca. 250 mm","description":"","thumbnail":"","url":"https:\/\/dev.codekraft.it\/rotary-2024\/produkte\/zubehor-hebebuhnen-de\/zubehor-scheren-hebebuhnen-de\/unterflur-klappen-bei-uberstand-fur-einbautiefe-ca-250-mm\/"},{"id":382829,"mpn":"S38A13","name":"Nachr\u00fcstsatz Parkpositionsschalter Achsfreiheber","description":"F\u00fcr Scherenhebeb\u00fchne S38\/S50","thumbnail":"","url":"https:\/\/dev.codekraft.it\/rotary-2024\/produkte\/zubehor-hebebuhnen-de\/zubehor-scheren-hebebuhnen-de\/nachrustsatz-parkpositionsschalter-achsfreiheber\/"},{"id":382117,"mpn":"S42AKA12","name":"Energie-Kit f\u00fcr S50\/S42","description":"Druckluftanschluss unter der Fahrbahn, 230-V-Steckdose am Bedienpult | 1 St\u00fcck","thumbnail":"","url":"https:\/\/dev.codekraft.it\/rotary-2024\/produkte\/zubehor-hebebuhnen-de\/zubehor-scheren-hebebuhnen-de\/energie-kit-fur-s50-s42\/"},{"id":382123,"mpn":"S650.1SIC\/S\/2","name":"Schlauchverl\u00e4ngerung","description":"2 m, Bedienaggregat in Auffahrrichtung links positioniert","thumbnail":"","url":"https:\/\/dev.codekraft.it\/rotary-2024\/produkte\/zubehor-hebebuhnen-de\/zubehor-scheren-hebebuhnen-de\/schlauchverlangerung\/"},{"id":382817,"mpn":"S650.1SIC\/D\/2","name":"Schlauchverl\u00e4ngerung","description":"Bedienaggregat in Auffahrrichtung rechts positioniert | Meterware","thumbnail":"","url":"https:\/\/dev.codekraft.it\/rotary-2024\/produkte\/zubehor-hebebuhnen-de\/zubehor-scheren-hebebuhnen-de\/schlauchverlangerung-4\/"},{"id":382129,"mpn":"0581100600-RAV","name":"Schlauchabdeckung 1 m, verzinkt","description":"","thumbnail":"","url":"https:\/\/dev.codekraft.it\/rotary-2024\/produkte\/zubehor-hebebuhnen-de\/zubehor-scheren-hebebuhnen-de\/schlauchabdeckung-1-m-verzinkt\/"},{"id":382823,"mpn":"130270","name":"Bodenausgleich FloCo | inkl. Kit f\u00fcr S-CAT-B\u00fchne","description":"","thumbnail":"","url":"https:\/\/dev.codekraft.it\/rotary-2024\/produkte\/zubehor-hebebuhnen-de\/zubehor-scheren-hebebuhnen-de\/bodenausgleich-floco-inkl-kit-fur-s-cat-buhne\/"}],"components":[],"related":[],"page_logo_src":"https:\/\/dev.codekraft.it\/rotary-2024\/wp-content\/uploads\/2024\/05\/cropped-rotary-logo-2022.png","lang":"de","translations":{"de":380870,"en":380868,"fr":380871,"it":380872,"es":380873,"ru":380874},"pll_sync_post":[],"_links":{"self":[{"href":"https:\/\/dev.codekraft.it\/rotary-2024\/wp-json\/wp\/v2\/product\/380870","targetHints":{"allow":["GET"]}}],"collection":[{"href":"https:\/\/dev.codekraft.it\/rotary-2024\/wp-json\/wp\/v2\/product"}],"about":[{"href":"https:\/\/dev.codekraft.it\/rotary-2024\/wp-json\/wp\/v2\/types\/product"}],"wp:featuredmedia":[{"embeddable":true,"href":"https:\/\/dev.codekraft.it\/rotary-2024\/wp-json\/wp\/v2\/media\/353495"}],"wp:attachment":[{"href":"https:\/\/dev.codekraft.it\/rotary-2024\/wp-json\/wp\/v2\/media?parent=380870"}],"wp:term":[{"taxonomy":"product_brand","embeddable":true,"href":"https:\/\/dev.codekraft.it\/rotary-2024\/wp-json\/wp\/v2\/product_brand?post=380870"},{"taxonomy":"product_cat","embeddable":true,"href":"https:\/\/dev.codekraft.it\/rotary-2024\/wp-json\/wp\/v2\/product_cat?post=380870"},{"taxonomy":"product_tag","embeddable":true,"href":"https:\/\/dev.codekraft.it\/rotary-2024\/wp-json\/wp\/v2\/product_tag?post=380870"},{"taxonomy":"product_approvals","embeddable":true,"href":"https:\/\/dev.codekraft.it\/rotary-2024\/wp-json\/wp\/v2\/product_approvals?post=380870"},{"taxonomy":"product_application","embeddable":true,"href":"https:\/\/dev.codekraft.it\/rotary-2024\/wp-json\/wp\/v2\/product_application?post=380870"}],"curies":[{"name":"wp","href":"https:\/\/api.w.org\/{rel}","templated":true}]}}