{"id":380852,"date":"2025-12-11T10:10:48","date_gmt":"2025-12-11T10:10:48","guid":{"rendered":"https:\/\/dev.codekraft.it\/rotary-2024\/products\/uncategorized\/pont-elevateur-a-ciseaux-vertical-v55ltak-60cat-pd8-i\/"},"modified":"2025-12-11T10:10:48","modified_gmt":"2025-12-11T10:10:48","slug":"pont-elevateur-a-ciseaux-vertical-v55ltak-60cat-pd8-i","status":"publish","type":"product","link":"https:\/\/dev.codekraft.it\/rotary-2024\/fr\/produits\/ponts-elevateurs-fr\/ponts-elevateurs-a-ciseaux-fr\/pont-elevateur-a-ciseaux-vertical-v55ltak-60cat-pd8-i\/","title":{"rendered":"Pont \u00e9l\u00e9vateur \u00e0 ciseaux vertical V55LTAK-60CAT-PD8-I"},"content":{"rendered":"<p>Les ponts \u00e9l\u00e9vateur \u00e0 ciseaux verticaux de la gamme V55 sont des plateformes de levage de pr\u00e9cision pour le parall\u00e9lisme et les stations de diagnostic (syst\u00e8mes d&#8217;assistance), d&#8217;une capacit\u00e9 de charge de 5,5 t et offrant une longueur de voie utile de 6000 mm. En fonction du domaine d&#8217;application, la gamme V55 est propos\u00e9e dans les deux configurations sur sol et enterr\u00e9e.<\/p>\n<ul>\n<li>Protection parfaite contre la corrosion &#8211; rev\u00eatement KTL et rev\u00eatement en poudre suppl\u00e9mentaire en standard<\/li>\n<li>Beaucoup d&#8217;espace libre sous le pont, avec acc\u00e8s lat\u00e9raux<\/li>\n<\/ul>\n<ul>\n<li>Le panneau de commande est \u00e9quip\u00e9 d\u2019une unit\u00e9 hydraulique pr\u00e9-install\u00e9e et contribue ainsi de mani\u00e8re significative \u00e0 en rendre l&#8217;installation \u00e9conomique. Il est possible de positionner \u00e0 gauche ou \u00e0 droite.<\/li>\n<li>Les documents ou m\u00eame les tablettes ont leur place sur la zone de stockage int\u00e9gr\u00e9e du panneau de commande, qui offre \u00e9galement un bon support d&#8217;\u00e9criture.<\/li>\n<li>Boutons robustes assurant l&#8217;utilisation du pont en toute s\u00e9curit\u00e9.<\/li>\n<li>L&#8217;arr\u00eat CE standard prot\u00e8ge les pieds non \u00e9quip\u00e9s de prot\u00e8ge-pieds et garantit une installation \u00e0 niveau facile.<\/li>\n<li>Les ciseaux de levage entrent en contact proche de la surface de la roue, donnant une grande stabilit\u00e9 \u00e0 la plateforme. En plus des voies fabriqu\u00e9es avec pr\u00e9cision renforc\u00e9es, il respecte les caract\u00e9ristiques requises pour les fabricants de voiture principaux d&#8217;Allemagne.<\/li>\n<li>La mani\u00e8re dont la machine est assembl\u00e9e permet d&#8217;obtenir un espace libre maximal sous la plateforme, et permet l&#8217;acc\u00e8s lat\u00e9ral.<\/li>\n<li>La voie \u00e0 niveau permet d&#8217;effectuer le r\u00e9glage des phares.<\/li>\n<\/ul>\n<ul>\n<li>Encoches int\u00e9gr\u00e9es avec couvertures en acier inoxydable dans la surface d&#8217;entra\u00eenement permettant l&#8217;inclusion de tous les disques rotatifs disponibles sur le march\u00e9. Les surfaces en acier inoxydable sont r\u00e9sistantes \u00e0 la corrosion, et permettent un mouvement sans effort du disque rotatif.<\/li>\n<li>Si vous n&#8217;utilisez pas de disque rotatif, les encoches peuvent \u00eatre compl\u00e8tement ferm\u00e9es. Les couvercles sont \u00e9quip\u00e9s de bouchons de plastique pour limiter la corrosion et r\u00e9duire le bruit.<\/li>\n<li>Les balles en plastique solide des plateaux coulissants \u00e0 verrouillage pneumatique assurent un fonctionnement souple et fiable, et une longue dur\u00e9e de service.<\/li>\n<li>Les cylindres principaux sont munis d\u2019un dispositif d&#8217;installation pneumatique. La barre du loquet est viss\u00e9 et peut \u00eatre r\u00e9gl\u00e9e via des vis. Le parall\u00e9lisme sera parfaitement effectu\u00e9.<\/li>\n<li>Les dispositifs d&#8217;anti retour permettent d\u2019utiliser la piste sur toute sa longueur<\/li>\n<li>Pour utiliser le pont \u00e9l\u00e9vateur sans essieux suppl\u00e9mentaire, vous pouvez installer une piste galvanis\u00e9e sur la plateforme.<\/li>\n<li>\u00c9l\u00e9vateur &#8211; 4000 kg &#8211; int\u00e9gr\u00e9<\/li>\n<li>Plaques \u00e0 jeux avec 8 mouvements, conforme \u00e0 la norme 2014\/45EU<\/li>\n<\/ul>\n","protected":false},"excerpt":{"rendered":"<p>5,5 t, \u00e9lectrohydraulique, longueur de plateforme 6000 mm, avec plaques \u00e0 jeux, traverse de levage et alignement de roues, sous le sol<\/p>\n","protected":false},"featured_media":352226,"template":"","meta":[],"product_cat":[1033760],"product_tag":[1034197,1034180,1034163],"product_approvals":[],"product_application":[],"class_list":{"0":"post-380852","1":"product","2":"type-product","3":"status-publish","4":"has-post-thumbnail","6":"product_cat-ponts-elevateurs-a-ciseaux-fr","7":"product_tag-motor-homes-fr","8":"product_tag-light-commercial-fr","9":"product_tag-passenger-cars-fr","11":"first","12":"instock","13":"shipping-taxable","14":"product-type-simple"},"approvals":[],"application":[],"brb_media_brochure":[{"id":352227,"url":"https:\/\/dev.codekraft.it\/rotary-2024\/wp-content\/uploads\/brb_media\/00472973_vertical-scissor-lifts-v55-models-br-127829-de-2021-06_screen.pdf","title":"Vertical Scissor Lifts V55 models BR 127829 de 2021 06 screen","thumbnail":"https:\/\/dev.codekraft.it\/rotary-2024\/wp-content\/uploads\/brb_media\/00472973_vertical-scissor-lifts-v55-models-br-127829-de-2021-06_screen-pdf-106x150.png","description":""},{"id":352228,"url":"https:\/\/dev.codekraft.it\/rotary-2024\/wp-content\/uploads\/brb_media\/00472974_vertical-scissor-lifts-v55-models-br-127830-en-2021-06_screen.pdf","title":"Vertical Scissor Lifts V55 models BR 127830 en 2021 06 screen","thumbnail":"https:\/\/dev.codekraft.it\/rotary-2024\/wp-content\/uploads\/brb_media\/00472974_vertical-scissor-lifts-v55-models-br-127830-en-2021-06_screen-pdf-106x150.png","description":""},{"id":352229,"url":"https:\/\/dev.codekraft.it\/rotary-2024\/wp-content\/uploads\/brb_media\/00472976_vertical-scissor-lifts-v55-models-br-127831-fr-2021-06_screen.pdf","title":"Vertical Scissor Lifts V55 models BR 127831 fr 2021 06 screen","thumbnail":"https:\/\/dev.codekraft.it\/rotary-2024\/wp-content\/uploads\/brb_media\/00472976_vertical-scissor-lifts-v55-models-br-127831-fr-2021-06_screen-pdf-106x150.png","description":""},{"id":352230,"url":"https:\/\/dev.codekraft.it\/rotary-2024\/wp-content\/uploads\/brb_media\/00472977_vertical-scissor-lifts-v55-models-br-127832-it-2021-06_screen.pdf","title":"Vertical Scissor Lifts V55 models BR 127832 it 2021 06 screen","thumbnail":"https:\/\/dev.codekraft.it\/rotary-2024\/wp-content\/uploads\/brb_media\/00472977_vertical-scissor-lifts-v55-models-br-127832-it-2021-06_screen-pdf-106x150.png","description":""},{"id":352231,"url":"https:\/\/dev.codekraft.it\/rotary-2024\/wp-content\/uploads\/brb_media\/00472978_vertical-scissor-lifts-v55-models-br-127833-es-2021-06_screen.pdf","title":"Vertical Scissor Lifts V55 models BR 127833 es 2021 06 screen","thumbnail":"https:\/\/dev.codekraft.it\/rotary-2024\/wp-content\/uploads\/brb_media\/00472978_vertical-scissor-lifts-v55-models-br-127833-es-2021-06_screen-pdf-106x150.png","description":""},{"id":352232,"url":"https:\/\/dev.codekraft.it\/rotary-2024\/wp-content\/uploads\/brb_media\/00472979_vertical-scissor-lifts-v55-models-br-127834-ru-2021-06_screen.pdf","title":"Vertical Scissor Lifts V55 models BR 127834 ru 2021 06 screen","thumbnail":"https:\/\/dev.codekraft.it\/rotary-2024\/wp-content\/uploads\/brb_media\/00472979_vertical-scissor-lifts-v55-models-br-127834-ru-2021-06_screen-pdf-106x150.png","description":""}],"brb_media_drawing":"","brb_media_manuals":[{"id":380058,"url":"https:\/\/dev.codekraft.it\/rotary-2024\/wp-content\/uploads\/brb_media\/00554287_vertical-scissor-lift-v55v65-om-0596-m027-1-rev5-deenfrites.pdf","title":"vertical scissor lift v55v65 om 0596 m027 1 REV5 deenfrites","thumbnail":"https:\/\/dev.codekraft.it\/rotary-2024\/wp-content\/uploads\/brb_media\/00554287_vertical-scissor-lift-v55v65-om-0596-m027-1-rev5-deenfrites-pdf-106x150.png","description":""}],"brb_media_safety_datasheets":"","brb_media_spare_parts":[],"_cdmm_p_id":"494108","_company":"Elektron","_gtin":"5063084196798","accessories":[{"id":379749,"cdmm_p_id":"472108","name":"Traverse de levage pour S38\/V45-V65 | 2,6 t","description":"2,6 t","thumbnail":"https:\/\/dev.codekraft.it\/rotary-2024\/wp-content\/uploads\/brb_media\/00472700-150x150.png","url":"https:\/\/dev.codekraft.it\/rotary-2024\/fr\/produits\/accessoires-ponts-elevateurs-fr\/accessoires-ponts-elevateurs-a-4-colonnes-fr\/traverse-de-levage-pour-s38-v45-v65-26-t\/"},{"id":380821,"cdmm_p_id":"492687","name":"Traverse de levage pour V45-V65 | 4,0 t","description":"4,0 t, 250 mm course, incl. traverse d'essieu","thumbnail":"https:\/\/dev.codekraft.it\/rotary-2024\/wp-content\/uploads\/brb_media\/00472700-150x150.png","url":"https:\/\/dev.codekraft.it\/rotary-2024\/fr\/produits\/accessoires-ponts-elevateurs-fr\/accessoires-ponts-elevateurs-a-ciseaux-fr\/traverse-de-levage-pour-v45-v65-40-t\/"},{"id":378959,"cdmm_p_id":"421936","name":"Kit de mise \u00e0 niveau Air supply","description":"Pour traverse de levage","thumbnail":"https:\/\/dev.codekraft.it\/rotary-2024\/wp-content\/uploads\/brb_media\/00312549_4-post-lift-air-supply-di-150x150.png","url":"https:\/\/dev.codekraft.it\/rotary-2024\/fr\/produits\/accessoires-ponts-elevateurs-fr\/accessoires-ponts-elevateurs-a-4-colonnes-fr\/kit-de-mise-a-niveau-air-supply\/"},{"id":378947,"cdmm_p_id":"421934","name":"Kit d&#039;\u00e9clairage LED 4 fois, 24 V, 4800 mm","description":"","thumbnail":"https:\/\/dev.codekraft.it\/rotary-2024\/wp-content\/uploads\/brb_media\/00287577_s-40-50-lighting-set-mi-150x150.png","url":"https:\/\/dev.codekraft.it\/rotary-2024\/fr\/produits\/accessoires-ponts-elevateurs-fr\/accessoires-ponts-elevateurs-a-4-colonnes-fr\/kit-declairage-led-4-fois-24-v-4800-mm\/"},{"id":378917,"cdmm_p_id":"418362","name":"Tampons en caoutchouc","description":"160 x 120 x 40 mm | 1 jeu \/ 4 pi\u00e8ces","thumbnail":"https:\/\/dev.codekraft.it\/rotary-2024\/wp-content\/uploads\/brb_media\/00393013_4-post-lift-rubber-pads-40mm-150x150.png","url":"https:\/\/dev.codekraft.it\/rotary-2024\/fr\/produits\/accessoires-ponts-elevateurs-fr\/accessoires-ponts-elevateurs-basse-levee-fr\/tampons-en-caoutchouc-2\/"},{"id":378466,"cdmm_p_id":"59184","name":"Tampons en caoutchouc","description":"160 x 120 x 80 mm | 1 jeu \/ 4 pi\u00e8ces","thumbnail":"https:\/\/dev.codekraft.it\/rotary-2024\/wp-content\/uploads\/brb_media\/00287553-150x150.png","url":"https:\/\/dev.codekraft.it\/rotary-2024\/fr\/produits\/accessoires-ponts-elevateurs-fr\/accessoires-ponts-a-doubles-ciseaux-fr\/tampons-en-caoutchouc\/"},{"id":383869,"cdmm_p_id":"502326","name":"Kit de v\u00e9rification du positionnement de la traverse de levage","description":"","thumbnail":"","url":"https:\/\/dev.codekraft.it\/rotary-2024\/fr\/produits\/accessoires-ponts-elevateurs-fr\/accessoires-ponts-elevateurs-a-ciseaux-fr\/kit-de-verification-du-positionnement-de-la-traverse-de-levage\/"},{"id":381220,"cdmm_p_id":"497241","name":"Kit de rampes d&#039;acc\u00e8s","description":"Pour pont \u00e9l\u00e9vateur \u00e0 ciseaux vertical V55\/V65 LT\/AK, au-dessus du sol | Gris (RAL 7012) | 1 jeu \/ 2 pi\u00e8ces","thumbnail":"https:\/\/dev.codekraft.it\/rotary-2024\/wp-content\/uploads\/brb_media\/00489194_820331-mi-150x150.png","url":"https:\/\/dev.codekraft.it\/rotary-2024\/fr\/produits\/accessoires-ponts-elevateurs-fr\/accessoires-ponts-elevateurs-a-ciseaux-fr\/kit-de-rampes-dacces-6\/"},{"id":381226,"cdmm_p_id":"497242","name":"Volet encastr\u00e9","description":"Pour pont \u00e9l\u00e9vateur \u00e0 ciseaux vertical V55\/65, liaison courte | Gris (RAL 7012) | 1 pi\u00e8ce","thumbnail":"","url":"https:\/\/dev.codekraft.it\/rotary-2024\/fr\/produits\/accessoires-ponts-elevateurs-fr\/accessoires-ponts-elevateurs-a-ciseaux-fr\/volet-encastre\/"},{"id":381232,"cdmm_p_id":"497243","name":"Rallonge de tuyau V45-V65","description":"2 m, contr\u00f4le \u00e0 droite | montage du bo\u00eetier de commande dans une position sp\u00e9ciale - dans le sens d'approche \u00ab \u00e0 droite \u00bb de la plate-forme, \u00e0 une distance de 2 m | sans traverse de levage","thumbnail":"","url":"https:\/\/dev.codekraft.it\/rotary-2024\/fr\/produits\/accessoires-ponts-elevateurs-fr\/accessoires-ponts-elevateurs-a-ciseaux-fr\/rallonge-de-tuyau-v45-v65\/"},{"id":381238,"cdmm_p_id":"497244","name":"Rallonge de tuyau V45-V65","description":"2 m, contr\u00f4le \u00e0 gauche | montage du bo\u00eetier de commande dans une position sp\u00e9ciale - dans le sens d'approche \u00ab \u00e0 gauche\u00bb de la plate-forme, \u00e0 une distance de 2 m | sans traverse de levage","thumbnail":"","url":"https:\/\/dev.codekraft.it\/rotary-2024\/fr\/produits\/accessoires-ponts-elevateurs-fr\/accessoires-ponts-elevateurs-a-ciseaux-fr\/rallonge-de-tuyau-v45-v65-2\/"},{"id":381250,"cdmm_p_id":"497245","name":"Rallonge de tuyau V55\/V65 LT","description":"2 m, contr\u00f4le \u00e0 droite | montage du bo\u00eetier de commande dans une position sp\u00e9ciale - dans le sens d'approche \u00ab \u00e0 droite \u00bb de la plate-forme, \u00e0 une distance de 2 m | avec traverse de levage","thumbnail":"","url":"https:\/\/dev.codekraft.it\/rotary-2024\/fr\/produits\/accessoires-ponts-elevateurs-fr\/accessoires-ponts-elevateurs-a-ciseaux-fr\/rallonge-de-tuyau-v55-v65-lt-2\/"},{"id":381244,"cdmm_p_id":"497246","name":"Rallonge de tuyau V55\/V65 LT","description":"2 m, contr\u00f4le \u00e0 gauche | montage du bo\u00eetier de commande dans une position sp\u00e9ciale - dans le sens d'approche \u00ab \u00e0 gauche\u00bb de la plate-forme, \u00e0 une distance de 2 m | avec traverse de levage","thumbnail":"","url":"https:\/\/dev.codekraft.it\/rotary-2024\/fr\/produits\/accessoires-ponts-elevateurs-fr\/accessoires-ponts-elevateurs-a-ciseaux-fr\/rallonge-de-tuyau-v55-v65-lt\/"},{"id":382836,"cdmm_p_id":"502419","name":"Mise \u00e0 niveau du sol FloCo | incl. kit V-Lift","description":"","thumbnail":"","url":"https:\/\/dev.codekraft.it\/rotary-2024\/fr\/produits\/accessoires-ponts-elevateurs-fr\/accessoires-ponts-elevateurs-a-ciseaux-fr\/mise-a-niveau-du-sol-floco-incl-kit-v-lift\/"}],"components":[],"related":[],"similar":[],"lang":"fr","translations":{"fr":380852,"en":380850,"de":380851,"it":380853,"es":380854,"ru":380855},"pll_sync_post":[],"_links":{"self":[{"href":"https:\/\/dev.codekraft.it\/rotary-2024\/wp-json\/wp\/v2\/product\/380852","targetHints":{"allow":["GET"]}}],"collection":[{"href":"https:\/\/dev.codekraft.it\/rotary-2024\/wp-json\/wp\/v2\/product"}],"about":[{"href":"https:\/\/dev.codekraft.it\/rotary-2024\/wp-json\/wp\/v2\/types\/product"}],"wp:featuredmedia":[{"embeddable":true,"href":"https:\/\/dev.codekraft.it\/rotary-2024\/wp-json\/wp\/v2\/media\/352226"}],"wp:attachment":[{"href":"https:\/\/dev.codekraft.it\/rotary-2024\/wp-json\/wp\/v2\/media?parent=380852"}],"wp:term":[{"taxonomy":"product_cat","embeddable":true,"href":"https:\/\/dev.codekraft.it\/rotary-2024\/wp-json\/wp\/v2\/product_cat?post=380852"},{"taxonomy":"product_tag","embeddable":true,"href":"https:\/\/dev.codekraft.it\/rotary-2024\/wp-json\/wp\/v2\/product_tag?post=380852"},{"taxonomy":"product_approvals","embeddable":true,"href":"https:\/\/dev.codekraft.it\/rotary-2024\/wp-json\/wp\/v2\/product_approvals?post=380852"},{"taxonomy":"product_application","embeddable":true,"href":"https:\/\/dev.codekraft.it\/rotary-2024\/wp-json\/wp\/v2\/product_application?post=380852"}],"curies":[{"name":"wp","href":"https:\/\/api.w.org\/{rel}","templated":true}]}}