{"id":380833,"date":"2024-12-12T14:28:14","date_gmt":"2024-12-12T14:28:14","guid":{"rendered":"https:\/\/dev.codekraft.it\/rotary-2024\/products\/uncategorized\/pont-elevateur-a-ciseaux-vertical-v65n60-mb\/"},"modified":"2024-12-12T14:28:14","modified_gmt":"2024-12-12T14:28:14","slug":"pont-elevateur-a-ciseaux-vertical-v65n60-mb","status":"publish","type":"product","link":"https:\/\/dev.codekraft.it\/rotary-2024\/fr\/produits\/ponts-elevateurs-fr\/ponts-elevateurs-a-ciseaux-fr\/pont-elevateur-a-ciseaux-vertical-v65n60-mb\/","title":{"rendered":"Pont \u00e9l\u00e9vateur \u00e0 ciseaux vertical V65N60-MB"},"content":{"rendered":"<p>Le pont \u00e9l\u00e9vateur \u00e0 ciseaux vertical V65N60-MB avec une capacit\u00e9 de levage de 6,5 t et une longueur de rampe utilisable de 6000 mm est id\u00e9al pour les ateliers de v\u00e9hicules utilitaires qui souhaitent optimiser leur espace disponible.<\/p>\n<ul>\n<li>Protection contre la corrosion parfaite avec rev\u00eatement KTL plus rev\u00eatement en poudre en s\u00e9rie<\/li>\n<li>Beaucoup d&#8217;espace sous la plate-forme de levage avec acc\u00e8s lat\u00e9ral<\/li>\n<\/ul>\n<ul>\n<li>La console de commande dispose d&#8217;une unit\u00e9 hydraulique pr\u00e9-assembl\u00e9e en usine et contribue ainsi de mani\u00e8re significative \u00e0 un faible effort d&#8217;installation. Le placement est possible \u00e0 gauche ou \u00e0 droite.<\/li>\n<li>Les documents ou les tablettes auront leur place sur la zone de rangement int\u00e9gr\u00e9e de la console de commande qui est \u00e9galement parfaitement adapt\u00e9e comme support d&#8217;\u00e9criture. Les boutons-poussoirs durables permettent un fonctionnement sensible de la plate-forme de levage.<\/li>\n<li>La but\u00e9e de norme CE garantit la protection des pieds sans plaque de protection des pieds.<\/li>\n<li>Les ciseaux de levage s&#8217;engagent pr\u00e8s de la zone de contact des roues et conf\u00e8rent ainsi \u00e0 la plate-forme de levage une tr\u00e8s grande stabilit\u00e9.<\/li>\n<li>L&#8217;ensemble offre un d\u00e9gagement maximal sous la plate-forme de levage et permet l&#8217;acc\u00e8s par le c\u00f4t\u00e9.<\/li>\n<li>La surface de roulement plate permet l&#8217;utilisation de la zone de r\u00e9glage des phares.<\/li>\n<\/ul>\n<ul>\n<li>Les v\u00e9rins principaux sont \u00e9quip\u00e9s d&#8217;un syst\u00e8me de d\u00e9verrouillage de stabilisation pneumatique. La sangle \u00e0 cliquet est viss\u00e9e et r\u00e9glable via des vis.<\/li>\n<li>Protections anti-recul bien con\u00e7ues permettant l&#8217;utilisation de toute la longueur de rampe.<\/li>\n<li>Un rail de roulement galvanis\u00e9 est mont\u00e9 sur la plate-forme pour l&#8217;utilisation de la colonne de levage.<\/li>\n<\/ul>\n","protected":false},"excerpt":{"rendered":"<p>6,5 t, \u00e9lectrohydraulique, longueur de plateforme 6000\u00a0mm, au-dessus du sol<\/p>\n","protected":false},"featured_media":353410,"template":"","meta":[],"product_cat":[1033760],"product_tag":[1034180,1034163],"product_approvals":[1014567,1014533,1014550],"product_application":[],"class_list":{"0":"post-380833","1":"product","2":"type-product","3":"status-publish","4":"has-post-thumbnail","6":"product_cat-ponts-elevateurs-a-ciseaux-fr","7":"product_tag-light-commercial-fr","8":"product_tag-passenger-cars-fr","9":"product_approvals-maybach-fr","10":"product_approvals-mercedes-benz-fr","11":"product_approvals-smart-fr","13":"first","14":"instock","15":"shipping-taxable","16":"product-type-simple"},"approvals":[{"term_id":1014567,"name":"Maybach","slug":"maybach-fr","term_group":0,"term_taxonomy_id":1014566,"taxonomy":"product_approvals","description":"","parent":0,"count":33,"filter":"raw"},{"term_id":1014533,"name":"Mercedes-Benz","slug":"mercedes-benz-fr","term_group":0,"term_taxonomy_id":1014532,"taxonomy":"product_approvals","description":"","parent":0,"count":43,"filter":"raw"},{"term_id":1014550,"name":"Smart","slug":"smart-fr","term_group":0,"term_taxonomy_id":1014549,"taxonomy":"product_approvals","description":"","parent":0,"count":33,"filter":"raw"}],"application":[],"brb_media_brochure":[{"id":349056,"url":"https:\/\/dev.codekraft.it\/rotary-2024\/wp-content\/uploads\/brb_media\/00472565_mercedes-benz-portfolio-br-128719-de-2021-03_screen.pdf","title":"Mercedes Benz Portfolio BR 128719 de 2021 03 screen","thumbnail":"https:\/\/dev.codekraft.it\/rotary-2024\/wp-content\/uploads\/brb_media\/00472565_mercedes-benz-portfolio-br-128719-de-2021-03_screen-pdf-106x150.png","description":""},{"id":349057,"url":"https:\/\/dev.codekraft.it\/rotary-2024\/wp-content\/uploads\/brb_media\/00472566_mercedes-benz-portfolio-br-128720-en-2021-03_screen.pdf","title":"Mercedes Benz Portfolio BR 128720 en 2021 03 screen","thumbnail":"https:\/\/dev.codekraft.it\/rotary-2024\/wp-content\/uploads\/brb_media\/00472566_mercedes-benz-portfolio-br-128720-en-2021-03_screen-pdf-106x150.png","description":""},{"id":349058,"url":"https:\/\/dev.codekraft.it\/rotary-2024\/wp-content\/uploads\/brb_media\/00472570_mercedes-benz-portfolio-br-128721-fr-2021-03_screen.pdf","title":"Mercedes Benz Portfolio BR 128721 fr 2021 03 screen","thumbnail":"https:\/\/dev.codekraft.it\/rotary-2024\/wp-content\/uploads\/brb_media\/00472570_mercedes-benz-portfolio-br-128721-fr-2021-03_screen-pdf-106x150.png","description":""},{"id":349059,"url":"https:\/\/dev.codekraft.it\/rotary-2024\/wp-content\/uploads\/brb_media\/00472567_mercedes-benz-portfolio-br-128722-it-2021-03_screen.pdf","title":"Mercedes Benz Portfolio BR 128722 it 2021 03 screen","thumbnail":"https:\/\/dev.codekraft.it\/rotary-2024\/wp-content\/uploads\/brb_media\/00472567_mercedes-benz-portfolio-br-128722-it-2021-03_screen-pdf-106x150.png","description":""},{"id":349060,"url":"https:\/\/dev.codekraft.it\/rotary-2024\/wp-content\/uploads\/brb_media\/00472568_mercedes-benz-portfolio-br-128723-es-2021-03_screen.pdf","title":"Mercedes Benz Portfolio BR 128723 es 2021 03 screen","thumbnail":"https:\/\/dev.codekraft.it\/rotary-2024\/wp-content\/uploads\/brb_media\/00472568_mercedes-benz-portfolio-br-128723-es-2021-03_screen-pdf-106x150.png","description":""},{"id":349061,"url":"https:\/\/dev.codekraft.it\/rotary-2024\/wp-content\/uploads\/brb_media\/00472569_mercedes-benz-portfolio-br-128724-ru-2021-03_screen.pdf","title":"Mercedes Benz Portfolio BR 128724 ru 2021 03 screen","thumbnail":"https:\/\/dev.codekraft.it\/rotary-2024\/wp-content\/uploads\/brb_media\/00472569_mercedes-benz-portfolio-br-128724-ru-2021-03_screen-pdf-106x150.png","description":""}],"brb_media_drawing":"","brb_media_manuals":"","brb_media_safety_datasheets":"","brb_media_spare_parts":[],"_cdmm_p_id":"492691","_company":"Elektron","_gtin":"","accessories":[{"id":379749,"cdmm_p_id":"472108","name":"Traverse de levage pour S38\/V45-V65 | 2,6 t","description":"2,6 t","thumbnail":"https:\/\/dev.codekraft.it\/rotary-2024\/wp-content\/uploads\/brb_media\/00472700-150x150.png","url":"https:\/\/dev.codekraft.it\/rotary-2024\/fr\/produits\/accessoires-ponts-elevateurs-fr\/accessoires-ponts-elevateurs-a-4-colonnes-fr\/traverse-de-levage-pour-s38-v45-v65-26-t\/"},{"id":378947,"cdmm_p_id":"421934","name":"Kit d&#039;\u00e9clairage LED 4 fois, 24 V, 4800 mm","description":"","thumbnail":"https:\/\/dev.codekraft.it\/rotary-2024\/wp-content\/uploads\/brb_media\/00287577_s-40-50-lighting-set-mi-150x150.png","url":"https:\/\/dev.codekraft.it\/rotary-2024\/fr\/produits\/accessoires-ponts-elevateurs-fr\/accessoires-ponts-elevateurs-a-4-colonnes-fr\/kit-declairage-led-4-fois-24-v-4800-mm\/"},{"id":378466,"cdmm_p_id":"59184","name":"Tampons en caoutchouc","description":"160 x 120 x 80 mm | 1 jeu \/ 4 pi\u00e8ces","thumbnail":"https:\/\/dev.codekraft.it\/rotary-2024\/wp-content\/uploads\/brb_media\/00287553-150x150.png","url":"https:\/\/dev.codekraft.it\/rotary-2024\/fr\/produits\/accessoires-ponts-elevateurs-fr\/accessoires-ponts-a-doubles-ciseaux-fr\/tampons-en-caoutchouc\/"},{"id":383869,"cdmm_p_id":"502326","name":"Kit de v\u00e9rification du positionnement de la traverse de levage","description":"","thumbnail":"","url":"https:\/\/dev.codekraft.it\/rotary-2024\/fr\/produits\/accessoires-ponts-elevateurs-fr\/accessoires-ponts-elevateurs-a-ciseaux-fr\/kit-de-verification-du-positionnement-de-la-traverse-de-levage\/"},{"id":381220,"cdmm_p_id":"497241","name":"Kit de rampes d&#039;acc\u00e8s","description":"Pour pont \u00e9l\u00e9vateur \u00e0 ciseaux vertical V55\/V65 LT\/AK, au-dessus du sol | Gris (RAL 7012) | 1 jeu \/ 2 pi\u00e8ces","thumbnail":"https:\/\/dev.codekraft.it\/rotary-2024\/wp-content\/uploads\/brb_media\/00489194_820331-mi-150x150.png","url":"https:\/\/dev.codekraft.it\/rotary-2024\/fr\/produits\/accessoires-ponts-elevateurs-fr\/accessoires-ponts-elevateurs-a-ciseaux-fr\/kit-de-rampes-dacces-6\/"},{"id":381226,"cdmm_p_id":"497242","name":"Volet encastr\u00e9","description":"Pour pont \u00e9l\u00e9vateur \u00e0 ciseaux vertical V55\/65, liaison courte | Gris (RAL 7012) | 1 pi\u00e8ce","thumbnail":"","url":"https:\/\/dev.codekraft.it\/rotary-2024\/fr\/produits\/accessoires-ponts-elevateurs-fr\/accessoires-ponts-elevateurs-a-ciseaux-fr\/volet-encastre\/"},{"id":381250,"cdmm_p_id":"497245","name":"Rallonge de tuyau V55\/V65 LT","description":"2 m, contr\u00f4le \u00e0 droite | montage du bo\u00eetier de commande dans une position sp\u00e9ciale - dans le sens d'approche \u00ab \u00e0 droite \u00bb de la plate-forme, \u00e0 une distance de 2 m | avec traverse de levage","thumbnail":"","url":"https:\/\/dev.codekraft.it\/rotary-2024\/fr\/produits\/accessoires-ponts-elevateurs-fr\/accessoires-ponts-elevateurs-a-ciseaux-fr\/rallonge-de-tuyau-v55-v65-lt-2\/"},{"id":381244,"cdmm_p_id":"497246","name":"Rallonge de tuyau V55\/V65 LT","description":"2 m, contr\u00f4le \u00e0 gauche | montage du bo\u00eetier de commande dans une position sp\u00e9ciale - dans le sens d'approche \u00ab \u00e0 gauche\u00bb de la plate-forme, \u00e0 une distance de 2 m | avec traverse de levage","thumbnail":"","url":"https:\/\/dev.codekraft.it\/rotary-2024\/fr\/produits\/accessoires-ponts-elevateurs-fr\/accessoires-ponts-elevateurs-a-ciseaux-fr\/rallonge-de-tuyau-v55-v65-lt\/"},{"id":382836,"cdmm_p_id":"502419","name":"Mise \u00e0 niveau du sol FloCo | incl. kit V-Lift","description":"","thumbnail":"","url":"https:\/\/dev.codekraft.it\/rotary-2024\/fr\/produits\/accessoires-ponts-elevateurs-fr\/accessoires-ponts-elevateurs-a-ciseaux-fr\/mise-a-niveau-du-sol-floco-incl-kit-v-lift\/"}],"components":[],"related":[],"similar":[{"id":380827,"cdmm_p_id":"492689","name":"Pont \u00e9l\u00e9vateur \u00e0 ciseaux vertical V45AK48-MB","description":"4,5 t, \u00e9lectrohydraulique, longueur de plate-forme 4800 mm, configuration verticale du pont \u00e9l\u00e9vateur \u00e0 ciseaux","thumbnail":"https:\/\/dev.codekraft.it\/rotary-2024\/wp-content\/uploads\/brb_media\/00470984_vertical-scissor-lift-v55ak-v45ak-mb-mi-150x150.png","url":"https:\/\/dev.codekraft.it\/rotary-2024\/fr\/produits\/ponts-elevateurs-fr\/ponts-elevateurs-a-ciseaux-fr\/pont-elevateur-a-ciseaux-vertical-v45ak48-mb\/"},{"id":380815,"cdmm_p_id":"492686","name":"Pont \u00e9l\u00e9vateur \u00e0 ciseaux vertical V55AK54-MB","description":"5,5 t, \u00e9lectrohydraulique, longueur de plate-forme 5400 mm, configuration verticale du pont \u00e9l\u00e9vateur \u00e0 ciseaux, sous le sol","thumbnail":"https:\/\/dev.codekraft.it\/rotary-2024\/wp-content\/uploads\/brb_media\/00470984_vertical-scissor-lift-v55ak-v45ak-mb-mi-150x150.png","url":"https:\/\/dev.codekraft.it\/rotary-2024\/fr\/produits\/ponts-elevateurs-fr\/ponts-elevateurs-a-ciseaux-fr\/pont-elevateur-a-ciseaux-vertical-v55ak54-mb\/"}],"lang":"fr","translations":{"fr":380833,"en":380831,"de":380832,"it":380834,"es":380835,"ru":380836},"pll_sync_post":[],"_links":{"self":[{"href":"https:\/\/dev.codekraft.it\/rotary-2024\/wp-json\/wp\/v2\/product\/380833","targetHints":{"allow":["GET"]}}],"collection":[{"href":"https:\/\/dev.codekraft.it\/rotary-2024\/wp-json\/wp\/v2\/product"}],"about":[{"href":"https:\/\/dev.codekraft.it\/rotary-2024\/wp-json\/wp\/v2\/types\/product"}],"wp:featuredmedia":[{"embeddable":true,"href":"https:\/\/dev.codekraft.it\/rotary-2024\/wp-json\/wp\/v2\/media\/353410"}],"wp:attachment":[{"href":"https:\/\/dev.codekraft.it\/rotary-2024\/wp-json\/wp\/v2\/media?parent=380833"}],"wp:term":[{"taxonomy":"product_cat","embeddable":true,"href":"https:\/\/dev.codekraft.it\/rotary-2024\/wp-json\/wp\/v2\/product_cat?post=380833"},{"taxonomy":"product_tag","embeddable":true,"href":"https:\/\/dev.codekraft.it\/rotary-2024\/wp-json\/wp\/v2\/product_tag?post=380833"},{"taxonomy":"product_approvals","embeddable":true,"href":"https:\/\/dev.codekraft.it\/rotary-2024\/wp-json\/wp\/v2\/product_approvals?post=380833"},{"taxonomy":"product_application","embeddable":true,"href":"https:\/\/dev.codekraft.it\/rotary-2024\/wp-json\/wp\/v2\/product_application?post=380833"}],"curies":[{"name":"wp","href":"https:\/\/api.w.org\/{rel}","templated":true}]}}