{"id":380832,"date":"2024-12-12T14:28:14","date_gmt":"2024-12-12T14:28:14","guid":{"rendered":"https:\/\/dev.codekraft.it\/rotary-2024\/products\/uncategorized\/vertikal-scherenhebebuhne-v65n60-mb\/"},"modified":"2024-12-12T14:28:14","modified_gmt":"2024-12-12T14:28:14","slug":"vertikal-scherenhebebuhne-v65n60-mb","status":"publish","type":"product","link":"https:\/\/dev.codekraft.it\/rotary-2024\/produkte\/hebebuhnen-de\/scheren-hebebuhnen-de\/vertikal-scherenhebebuhne-v65n60-mb\/","title":{"rendered":"Vertikal-Scherenhebeb\u00fchne V65N60-MB"},"content":{"rendered":"<p>Die Vertikal-Scherenhebeb\u00fchne V65N60-MB mit 6,5 t Tragkraft und 6000 mm nutzbarer Fahrbahnl\u00e4nge ist ideal geeignet f\u00fcr Transporter-Werkst\u00e4tten, die Ihr Raumangebot optimal nutzen m\u00f6chten.<\/p>\n<ul>\n<li>Perfekter Korrosionsschutz &#8211; KTL Beschichtung plus Pulverbeschichtung serienm\u00e4\u00dfig<\/li>\n<li>Viel Freiraum unter der Hebeb\u00fchne mit seitlichem Zugang<\/li>\n<\/ul>\n<ul>\n<li>Das Bedienpult besitzt ein werkseitig vormontiertes Hydraulikaggregat und tr\u00e4gt damit ma\u00dfgeblich zu einem geringen Installationsaufwand bei. Die Platzierung ist links oder rechts m\u00f6glich.<\/li>\n<li>Dokumente oder auch Tablet-Computer finden ihren Platz auf der integrierten Ablagem\u00f6glichkeit des Bedienpultes, was sich auch als Schreibunterlage perfekt eignet. Stabile Drucktasten sorgen f\u00fcr eine sichere Bedienung der Hebeb\u00fchne.<\/li>\n<li>Der serienm\u00e4\u00dfige CE-Stop gew\u00e4hrleistet einen Fu\u00dfschutz ohne Fu\u00dfabweiser.<\/li>\n<li>Die Hubscheren greifen in der N\u00e4he der Radaufstandsfl\u00e4che an und geben so der Hebeb\u00fchne eine sehr gro\u00dfe Stabilit\u00e4t.<\/li>\n<li>Die Konstruktion bietet den maximalen Freiraum unter der Hebeb\u00fchne und erlaubt den seitlichen Zugang.<\/li>\n<li>Die ebene Fahrbahn erlaubt die Verwendung am Scheinwerfereinstellplatz.<\/li>\n<\/ul>\n<ul>\n<li>Die Hauptzylinder sind mit einer pneumatisch entsperrbaren Absetzvorrichtung ausger\u00fcstet. Die Klinkenleiste ist verschraubt und \u00fcber Stellschrauben justierbar.<\/li>\n<li>Intelligent konstruierte R\u00fcckrollsicherungen erm\u00f6glichen die Nutzung der kompletten Fahrbahnl\u00e4nge.<\/li>\n<li>F\u00fcr die Verwendung des Achsfreihebers ist an der B\u00fchne eine verzinkte Laufschiene verbaut.<\/li>\n<\/ul>\n","protected":false},"excerpt":{"rendered":"<p>6,5 t, elektrohydraulisch, Plattforml\u00e4nge 6000 mm, \u00dcberflur<\/p>\n","protected":false},"featured_media":353410,"template":"","meta":[],"product_cat":[1033756],"product_tag":[1034161,1034178],"product_approvals":[1014564,1014530,1014547],"product_application":[],"class_list":{"0":"post-380832","1":"product","2":"type-product","3":"status-publish","4":"has-post-thumbnail","6":"product_cat-scheren-hebebuhnen-de","7":"product_tag-passenger-cars-de","8":"product_tag-light-commercial-de","9":"product_approvals-maybach-de","10":"product_approvals-mercedes-benz-de","11":"product_approvals-smart-de","13":"first","14":"instock","15":"shipping-taxable","16":"product-type-simple"},"approvals":[{"term_id":1014564,"name":"Maybach","slug":"maybach-de","term_group":0,"term_taxonomy_id":1014563,"taxonomy":"product_approvals","description":"","parent":0,"count":33,"filter":"raw"},{"term_id":1014530,"name":"Mercedes-Benz","slug":"mercedes-benz-de","term_group":0,"term_taxonomy_id":1014529,"taxonomy":"product_approvals","description":"","parent":0,"count":43,"filter":"raw"},{"term_id":1014547,"name":"Smart","slug":"smart-de","term_group":0,"term_taxonomy_id":1014546,"taxonomy":"product_approvals","description":"","parent":0,"count":33,"filter":"raw"}],"application":[],"brb_media_brochure":[{"id":349056,"url":"https:\/\/dev.codekraft.it\/rotary-2024\/wp-content\/uploads\/brb_media\/00472565_mercedes-benz-portfolio-br-128719-de-2021-03_screen.pdf","title":"Mercedes Benz Portfolio BR 128719 de 2021 03 screen","thumbnail":"https:\/\/dev.codekraft.it\/rotary-2024\/wp-content\/uploads\/brb_media\/00472565_mercedes-benz-portfolio-br-128719-de-2021-03_screen-pdf-106x150.png","description":""},{"id":349057,"url":"https:\/\/dev.codekraft.it\/rotary-2024\/wp-content\/uploads\/brb_media\/00472566_mercedes-benz-portfolio-br-128720-en-2021-03_screen.pdf","title":"Mercedes Benz Portfolio BR 128720 en 2021 03 screen","thumbnail":"https:\/\/dev.codekraft.it\/rotary-2024\/wp-content\/uploads\/brb_media\/00472566_mercedes-benz-portfolio-br-128720-en-2021-03_screen-pdf-106x150.png","description":""},{"id":349058,"url":"https:\/\/dev.codekraft.it\/rotary-2024\/wp-content\/uploads\/brb_media\/00472570_mercedes-benz-portfolio-br-128721-fr-2021-03_screen.pdf","title":"Mercedes Benz Portfolio BR 128721 fr 2021 03 screen","thumbnail":"https:\/\/dev.codekraft.it\/rotary-2024\/wp-content\/uploads\/brb_media\/00472570_mercedes-benz-portfolio-br-128721-fr-2021-03_screen-pdf-106x150.png","description":""},{"id":349059,"url":"https:\/\/dev.codekraft.it\/rotary-2024\/wp-content\/uploads\/brb_media\/00472567_mercedes-benz-portfolio-br-128722-it-2021-03_screen.pdf","title":"Mercedes Benz Portfolio BR 128722 it 2021 03 screen","thumbnail":"https:\/\/dev.codekraft.it\/rotary-2024\/wp-content\/uploads\/brb_media\/00472567_mercedes-benz-portfolio-br-128722-it-2021-03_screen-pdf-106x150.png","description":""},{"id":349060,"url":"https:\/\/dev.codekraft.it\/rotary-2024\/wp-content\/uploads\/brb_media\/00472568_mercedes-benz-portfolio-br-128723-es-2021-03_screen.pdf","title":"Mercedes Benz Portfolio BR 128723 es 2021 03 screen","thumbnail":"https:\/\/dev.codekraft.it\/rotary-2024\/wp-content\/uploads\/brb_media\/00472568_mercedes-benz-portfolio-br-128723-es-2021-03_screen-pdf-106x150.png","description":""},{"id":349061,"url":"https:\/\/dev.codekraft.it\/rotary-2024\/wp-content\/uploads\/brb_media\/00472569_mercedes-benz-portfolio-br-128724-ru-2021-03_screen.pdf","title":"Mercedes Benz Portfolio BR 128724 ru 2021 03 screen","thumbnail":"https:\/\/dev.codekraft.it\/rotary-2024\/wp-content\/uploads\/brb_media\/00472569_mercedes-benz-portfolio-br-128724-ru-2021-03_screen-pdf-106x150.png","description":""}],"brb_media_drawing":"","brb_media_manuals":"","brb_media_safety_datasheets":"","brb_media_spare_parts":[],"_cdmm_p_id":"492691","_company":"Elektron","_gtin":"","accessories":[{"id":379748,"cdmm_p_id":"472108","name":"Achsfreiheber f\u00fcr S38\/V45-V65 | 2,6 t","description":"2,6 t","thumbnail":"https:\/\/dev.codekraft.it\/rotary-2024\/wp-content\/uploads\/brb_media\/00472700-150x150.png","url":"https:\/\/dev.codekraft.it\/rotary-2024\/produkte\/zubehor-hebebuhnen-de\/zubehor-4-saulen-hebebuhnen-de\/achsfreiheber-fur-s38-v45-v65-26-t\/"},{"id":378946,"cdmm_p_id":"421934","name":"LED-Beleuchtungs-Kit 4-fach, 24 V, 4800 mm","description":"","thumbnail":"https:\/\/dev.codekraft.it\/rotary-2024\/wp-content\/uploads\/brb_media\/00287577_s-40-50-lighting-set-mi-150x150.png","url":"https:\/\/dev.codekraft.it\/rotary-2024\/produkte\/zubehor-hebebuhnen-de\/zubehor-4-saulen-hebebuhnen-de\/led-beleuchtungs-kit-4-fach-24-v-4800-mm\/"},{"id":378465,"cdmm_p_id":"59184","name":"Gummikl\u00f6tze","description":"Hartgummi-Auflagen, 160 x 120 x 80 mm | 1 Satz \/ 4 St\u00fcck","thumbnail":"https:\/\/dev.codekraft.it\/rotary-2024\/wp-content\/uploads\/brb_media\/00287553-150x150.png","url":"https:\/\/dev.codekraft.it\/rotary-2024\/produkte\/zubehor-hebebuhnen-de\/zubehor-doppelscheren-hebebuhnen-de\/gummiklotze\/"},{"id":383868,"cdmm_p_id":"502326","name":"Positionierungsvorrichtung f\u00fcr Achsheber","description":"","thumbnail":"","url":"https:\/\/dev.codekraft.it\/rotary-2024\/produkte\/zubehor-hebebuhnen-de\/zubehor-scheren-hebebuhnen-de\/positionierungsvorrichtung-fur-achsheber\/"},{"id":381219,"cdmm_p_id":"497241","name":"Auffahrrampen-Kit","description":"F\u00fcr Vertikal-Scherenhebeb\u00fchne V55\/V65 LT\/AK, \u00dcberflur | Grau (RAL 7012) | 1 Satz \/ 2 St\u00fcck","thumbnail":"https:\/\/dev.codekraft.it\/rotary-2024\/wp-content\/uploads\/brb_media\/00489194_820331-mi-150x150.png","url":"https:\/\/dev.codekraft.it\/rotary-2024\/produkte\/zubehor-hebebuhnen-de\/zubehor-scheren-hebebuhnen-de\/auffahrrampen-kit-6\/"},{"id":381225,"cdmm_p_id":"497242","name":"Unterflur-Klappe","description":"F\u00fcr Vertikal-Scherenhebeb\u00fchne V55\/65, kurze Anbindung | Grau (RAL 7012) | 1 St\u00fcck","thumbnail":"","url":"https:\/\/dev.codekraft.it\/rotary-2024\/produkte\/zubehor-hebebuhnen-de\/zubehor-scheren-hebebuhnen-de\/unterflur-klappe\/"},{"id":381249,"cdmm_p_id":"497245","name":"Schlauchverl\u00e4ngerung V55\/V65 LT","description":"2 m, Bedienaggregat in Auffahrrichtung rechts positioniert | mit Radfreiheber","thumbnail":"","url":"https:\/\/dev.codekraft.it\/rotary-2024\/produkte\/zubehor-hebebuhnen-de\/zubehor-scheren-hebebuhnen-de\/schlauchverlangerung-v55-v65-lt-2\/"},{"id":381243,"cdmm_p_id":"497246","name":"Schlauchverl\u00e4ngerung V55\/V65 LT","description":"2 m, Bedienaggregat in Auffahrrichtung links positioniert | mit Radfreiheber","thumbnail":"","url":"https:\/\/dev.codekraft.it\/rotary-2024\/produkte\/zubehor-hebebuhnen-de\/zubehor-scheren-hebebuhnen-de\/schlauchverlangerung-v55-v65-lt\/"},{"id":382835,"cdmm_p_id":"502419","name":"Bodenausgleich FloCo | inkl. Kit f\u00fcr V-B\u00fchne","description":"","thumbnail":"","url":"https:\/\/dev.codekraft.it\/rotary-2024\/produkte\/zubehor-hebebuhnen-de\/zubehor-scheren-hebebuhnen-de\/bodenausgleich-floco-inkl-kit-fur-v-buhne\/"}],"components":[],"related":[],"similar":[{"id":380826,"cdmm_p_id":"492689","name":"Vertikal-Scherenhebeb\u00fchne V45AK48-MB","description":"4,5 t, elektrohydraulisch, Plattforml\u00e4nge 4800 mm, vertikale Anordnung der Hub-Scheren","thumbnail":"https:\/\/dev.codekraft.it\/rotary-2024\/wp-content\/uploads\/brb_media\/00470984_vertical-scissor-lift-v55ak-v45ak-mb-mi-150x150.png","url":"https:\/\/dev.codekraft.it\/rotary-2024\/produkte\/hebebuhnen-de\/scheren-hebebuhnen-de\/vertikal-scherenhebebuhne-v45ak48-mb\/"},{"id":380814,"cdmm_p_id":"492686","name":"Vertikal-Scherenhebeb\u00fchne V55AK54-MB","description":"5,5 t, elektrohydraulisch, Plattforml\u00e4nge 5400 mm, vertikale Anordnung der Hub-Scheren, Unterflur","thumbnail":"https:\/\/dev.codekraft.it\/rotary-2024\/wp-content\/uploads\/brb_media\/00470984_vertical-scissor-lift-v55ak-v45ak-mb-mi-150x150.png","url":"https:\/\/dev.codekraft.it\/rotary-2024\/produkte\/hebebuhnen-de\/scheren-hebebuhnen-de\/vertikal-scherenhebebuhne-v55ak54-mb\/"}],"lang":"de","translations":{"de":380832,"en":380831,"fr":380833,"it":380834,"es":380835,"ru":380836},"pll_sync_post":[],"_links":{"self":[{"href":"https:\/\/dev.codekraft.it\/rotary-2024\/wp-json\/wp\/v2\/product\/380832","targetHints":{"allow":["GET"]}}],"collection":[{"href":"https:\/\/dev.codekraft.it\/rotary-2024\/wp-json\/wp\/v2\/product"}],"about":[{"href":"https:\/\/dev.codekraft.it\/rotary-2024\/wp-json\/wp\/v2\/types\/product"}],"wp:featuredmedia":[{"embeddable":true,"href":"https:\/\/dev.codekraft.it\/rotary-2024\/wp-json\/wp\/v2\/media\/353410"}],"wp:attachment":[{"href":"https:\/\/dev.codekraft.it\/rotary-2024\/wp-json\/wp\/v2\/media?parent=380832"}],"wp:term":[{"taxonomy":"product_cat","embeddable":true,"href":"https:\/\/dev.codekraft.it\/rotary-2024\/wp-json\/wp\/v2\/product_cat?post=380832"},{"taxonomy":"product_tag","embeddable":true,"href":"https:\/\/dev.codekraft.it\/rotary-2024\/wp-json\/wp\/v2\/product_tag?post=380832"},{"taxonomy":"product_approvals","embeddable":true,"href":"https:\/\/dev.codekraft.it\/rotary-2024\/wp-json\/wp\/v2\/product_approvals?post=380832"},{"taxonomy":"product_application","embeddable":true,"href":"https:\/\/dev.codekraft.it\/rotary-2024\/wp-json\/wp\/v2\/product_application?post=380832"}],"curies":[{"name":"wp","href":"https:\/\/api.w.org\/{rel}","templated":true}]}}