{"id":380828,"date":"2024-01-23T08:02:21","date_gmt":"2024-01-23T08:02:21","guid":{"rendered":"https:\/\/dev.codekraft.it\/rotary-2024\/products\/uncategorized\/ponte-sollevatore-a-forbice-verticale-v45ak48-mb\/"},"modified":"2024-01-23T08:02:21","modified_gmt":"2024-01-23T08:02:21","slug":"ponte-sollevatore-a-forbice-verticale-v45ak48-mb","status":"publish","type":"product","link":"https:\/\/dev.codekraft.it\/rotary-2024\/it\/prodotti\/ponti-sollevatori-it\/ponti-sollevatori-a-forbice-it\/ponte-sollevatore-a-forbice-verticale-v45ak48-mb\/","title":{"rendered":"Ponte sollevatore a forbice verticale V45AK48-MB"},"content":{"rendered":"<p>I sollevatori verticali a forbice V55AK54-MB e V45AK48-MB sono sollevatori di alta precisione per l&#8217;allineamento delle ruote con una capacit\u00e0 di sollevamento di 5,5 t per veicoli passeggeri e veicoli commerciali e 4,5 t per veicoli passeggeri.<\/p>\n<ul>\n<li>Perfetta protezione dalla corrosione &#8211; Rivestimento KTL pi\u00f9 verniciatura a polvere di serie<\/li>\n<li>Soddisfa i requisiti di Mercedes-Benz<\/li>\n<li>Molto spazio sotto la piattaforma di sollevamento con accesso laterale<\/li>\n<\/ul>\n<ul>\n<li>Gli incavi integrati con supporti in acciaio inossidabile consentono di montare tutti i dischi rotanti disponibili in commercio, prevenire la corrosione e consentire lo spostamento senza sforzo dei dischi rotanti.<\/li>\n<li>Gli incavi possono essere chiusi completamente quando non viene utilizzato alcun disco rotante. I pezzi di riempimento sono dotati di arresti in plastica. Pertanto, si previene la corrosione e si riduce il rumore.<\/li>\n<li>I cilindri principali sono dotati di un dispositivo di arresto pneumatico sbloccabile. La striscia a cricchetto \u00e8 avvitata e regolabile tramite viti. Ci\u00f2 garantisce un preciso allineamento delle ruote.<\/li>\n<li>Le protezioni roll-back dal design intelligente consentono di utilizzare l&#8217;intera lunghezza della carreggiata.<\/li>\n<li>Binario di scorrimento zincato per trave di sollevamento standard (4 t per V55AK54-MB, 2,6 t per V45AK48-MB).<\/li>\n<li>Ospita dalle Smart ai furgoni Sprinter con passo lungo.<\/li>\n<\/ul>\n<ul>\n<li>Il pannello di controllo \u00e8 dotato di un&#8217;unit\u00e0 idraulica premontata in fabbrica che pu\u00f2 essere posizionata a sinistra o a destra.<\/li>\n<li>I documenti o i tablet hanno il loro posto sulla console di controllo, perfettamente adatta anche come supporto per la scrittura.<\/li>\n<li>I pulsanti robusti consentono un funzionamento sensibile del sollevatore.<\/li>\n<li>L&#8217;arresto CE standard garantisce la protezione dei piedi senza utilizzare una protezione dedicata.<\/li>\n<li>Le forbici di sollevamento si innestano vicino all&#8217;area di contatto della ruota e conferiscono quindi stabilit\u00e0 alla piattaforma di sollevamento. In combinazione con le superfici di guida rinforzate pre-regolate in fabbrica, soddisfa le specifiche Mercedes-Benz.<\/li>\n<li>Il gruppo offre il massimo spazio libero sotto la piattaforma di sollevamento e consente l&#8217;accesso laterale.<\/li>\n<li>La superficie di guida piatta consente l&#8217;utilizzo nell&#8217;area di regolazione dei fari.<\/li>\n<li>Le robuste sfere di plastica delle piastre di scorrimento bloccabili manualmente assicurano un funzionamento affidabile e regolare, mentre le spazzole rotanti impediscono la penetrazione di sporco e garantiscono una lunga durata.<\/li>\n<\/ul>\n<ul>\n<li>Le superfici di guida comprendono i fori per i supporti delle telecamere utilizzati per l&#8217;allineatore delle ruote Butler approvato da Daimler AG.<\/li>\n<li>Kit energia 220 V e aria compressa sotto la superficie di guida di serie<\/li>\n<li>Illuminazione, staffa MKS di serie<\/li>\n<\/ul>\n","protected":false},"excerpt":{"rendered":"<p>4,5 t, elettroidraulico, lunghezza piattaforma 4800 mm, disposizione verticale delle forbici di sollevamento<\/p>\n","protected":false},"featured_media":353385,"template":"","meta":[],"product_brand":[],"product_cat":[1033764],"product_tag":[1034166,1034183],"product_approvals":[1014570,1014536,1014553],"product_application":[],"class_list":{"0":"post-380828","1":"product","2":"type-product","3":"status-publish","4":"has-post-thumbnail","6":"product_cat-ponti-sollevatori-a-forbice-it","7":"product_tag-passenger-cars-it","8":"product_tag-light-commercial-it","9":"product_approvals-maybach-it","10":"product_approvals-mercedes-benz-it","11":"product_approvals-smart-it","13":"first","14":"instock","15":"shipping-taxable","16":"product-type-simple"},"approvals":[{"term_id":1014570,"name":"Maybach","slug":"maybach-it","term_group":0,"term_taxonomy_id":1014569,"taxonomy":"product_approvals","description":"","parent":0,"count":33,"filter":"raw"},{"term_id":1014536,"name":"Mercedes-Benz","slug":"mercedes-benz-it","term_group":0,"term_taxonomy_id":1014535,"taxonomy":"product_approvals","description":"","parent":0,"count":43,"filter":"raw"},{"term_id":1014553,"name":"Smart","slug":"smart-it","term_group":0,"term_taxonomy_id":1014552,"taxonomy":"product_approvals","description":"","parent":0,"count":33,"filter":"raw"}],"application":[],"brb_media_brochure":[{"id":349056,"url":"https:\/\/dev.codekraft.it\/rotary-2024\/wp-content\/uploads\/brb_media\/00472565_mercedes-benz-portfolio-br-128719-de-2021-03_screen.pdf","title":"Mercedes Benz Portfolio BR 128719 de 2021 03 screen","mpn":"","thumbnail":"https:\/\/dev.codekraft.it\/rotary-2024\/wp-content\/uploads\/brb_media\/00472565_mercedes-benz-portfolio-br-128719-de-2021-03_screen-pdf-106x150.png","description":""},{"id":349057,"url":"https:\/\/dev.codekraft.it\/rotary-2024\/wp-content\/uploads\/brb_media\/00472566_mercedes-benz-portfolio-br-128720-en-2021-03_screen.pdf","title":"Mercedes Benz Portfolio BR 128720 en 2021 03 screen","mpn":"","thumbnail":"https:\/\/dev.codekraft.it\/rotary-2024\/wp-content\/uploads\/brb_media\/00472566_mercedes-benz-portfolio-br-128720-en-2021-03_screen-pdf-106x150.png","description":""},{"id":349058,"url":"https:\/\/dev.codekraft.it\/rotary-2024\/wp-content\/uploads\/brb_media\/00472570_mercedes-benz-portfolio-br-128721-fr-2021-03_screen.pdf","title":"Mercedes Benz Portfolio BR 128721 fr 2021 03 screen","mpn":"","thumbnail":"https:\/\/dev.codekraft.it\/rotary-2024\/wp-content\/uploads\/brb_media\/00472570_mercedes-benz-portfolio-br-128721-fr-2021-03_screen-pdf-106x150.png","description":""},{"id":349059,"url":"https:\/\/dev.codekraft.it\/rotary-2024\/wp-content\/uploads\/brb_media\/00472567_mercedes-benz-portfolio-br-128722-it-2021-03_screen.pdf","title":"Mercedes Benz Portfolio BR 128722 it 2021 03 screen","mpn":"","thumbnail":"https:\/\/dev.codekraft.it\/rotary-2024\/wp-content\/uploads\/brb_media\/00472567_mercedes-benz-portfolio-br-128722-it-2021-03_screen-pdf-106x150.png","description":""},{"id":349060,"url":"https:\/\/dev.codekraft.it\/rotary-2024\/wp-content\/uploads\/brb_media\/00472568_mercedes-benz-portfolio-br-128723-es-2021-03_screen.pdf","title":"Mercedes Benz Portfolio BR 128723 es 2021 03 screen","mpn":"","thumbnail":"https:\/\/dev.codekraft.it\/rotary-2024\/wp-content\/uploads\/brb_media\/00472568_mercedes-benz-portfolio-br-128723-es-2021-03_screen-pdf-106x150.png","description":""},{"id":349061,"url":"https:\/\/dev.codekraft.it\/rotary-2024\/wp-content\/uploads\/brb_media\/00472569_mercedes-benz-portfolio-br-128724-ru-2021-03_screen.pdf","title":"Mercedes Benz Portfolio BR 128724 ru 2021 03 screen","mpn":"","thumbnail":"https:\/\/dev.codekraft.it\/rotary-2024\/wp-content\/uploads\/brb_media\/00472569_mercedes-benz-portfolio-br-128724-ru-2021-03_screen-pdf-106x150.png","description":""}],"brb_media_drawing":"","brb_media_manuals":"","brb_media_safety_datasheets":"","brb_media_spare_parts":[],"_cdmm_p_id":"492689","_company":"Elektron","_gtin":"","accessories":[{"id":379750,"mpn":"RJ-X26-4","name":"Traversa per S38\/V45-V65 | 2,6 t","description":"2,6 t","thumbnail":"https:\/\/dev.codekraft.it\/rotary-2024\/wp-content\/uploads\/brb_media\/00472700-150x150.png","url":"https:\/\/dev.codekraft.it\/rotary-2024\/it\/prodotti\/accessori-ponti-sollevatori-it\/accessori-ponti-sollevatori-a-4-colonne-it\/traversa-per-s38-v45-v65-26-t\/"},{"id":378960,"mpn":"AIRKIT-RJ01","name":"Kit retrofit Alimentazione aria","description":"Per disimpegno assiale","thumbnail":"https:\/\/dev.codekraft.it\/rotary-2024\/wp-content\/uploads\/brb_media\/00312549_4-post-lift-air-supply-di-150x150.png","url":"https:\/\/dev.codekraft.it\/rotary-2024\/it\/prodotti\/accessori-ponti-sollevatori-it\/accessori-ponti-sollevatori-a-4-colonne-it\/kit-retrofit-alimentazione-aria\/"}],"components":[],"related":[],"page_logo_src":"https:\/\/dev.codekraft.it\/rotary-2024\/wp-content\/uploads\/2024\/05\/cropped-rotary-logo-2022.png","lang":"it","translations":{"it":380828,"en":380825,"de":380826,"fr":380827,"es":380829,"ru":380830},"pll_sync_post":[],"_links":{"self":[{"href":"https:\/\/dev.codekraft.it\/rotary-2024\/wp-json\/wp\/v2\/product\/380828","targetHints":{"allow":["GET"]}}],"collection":[{"href":"https:\/\/dev.codekraft.it\/rotary-2024\/wp-json\/wp\/v2\/product"}],"about":[{"href":"https:\/\/dev.codekraft.it\/rotary-2024\/wp-json\/wp\/v2\/types\/product"}],"wp:featuredmedia":[{"embeddable":true,"href":"https:\/\/dev.codekraft.it\/rotary-2024\/wp-json\/wp\/v2\/media\/353385"}],"wp:attachment":[{"href":"https:\/\/dev.codekraft.it\/rotary-2024\/wp-json\/wp\/v2\/media?parent=380828"}],"wp:term":[{"taxonomy":"product_brand","embeddable":true,"href":"https:\/\/dev.codekraft.it\/rotary-2024\/wp-json\/wp\/v2\/product_brand?post=380828"},{"taxonomy":"product_cat","embeddable":true,"href":"https:\/\/dev.codekraft.it\/rotary-2024\/wp-json\/wp\/v2\/product_cat?post=380828"},{"taxonomy":"product_tag","embeddable":true,"href":"https:\/\/dev.codekraft.it\/rotary-2024\/wp-json\/wp\/v2\/product_tag?post=380828"},{"taxonomy":"product_approvals","embeddable":true,"href":"https:\/\/dev.codekraft.it\/rotary-2024\/wp-json\/wp\/v2\/product_approvals?post=380828"},{"taxonomy":"product_application","embeddable":true,"href":"https:\/\/dev.codekraft.it\/rotary-2024\/wp-json\/wp\/v2\/product_application?post=380828"}],"curies":[{"name":"wp","href":"https:\/\/api.w.org\/{rel}","templated":true}]}}