{"id":380815,"date":"2026-01-16T08:11:53","date_gmt":"2026-01-16T08:11:53","guid":{"rendered":"https:\/\/dev.codekraft.it\/rotary-2024\/products\/uncategorized\/pont-elevateur-a-ciseaux-vertical-v55ak54-mb\/"},"modified":"2026-01-16T08:11:53","modified_gmt":"2026-01-16T08:11:53","slug":"pont-elevateur-a-ciseaux-vertical-v55ak54-mb","status":"publish","type":"product","link":"https:\/\/dev.codekraft.it\/rotary-2024\/fr\/produits\/ponts-elevateurs-fr\/ponts-elevateurs-a-ciseaux-fr\/pont-elevateur-a-ciseaux-vertical-v55ak54-mb\/","title":{"rendered":"Pont \u00e9l\u00e9vateur \u00e0 ciseaux vertical V55AK54-MB"},"content":{"rendered":"<p>Les ponts \u00e9l\u00e9vateurs \u00e0 ciseaux verticaux V55AK54-MB et V45AK48-MB sont des ponts \u00e9l\u00e9vateurs de haute pr\u00e9cision pour la g\u00e9om\u00e9trie des roues avec une capacit\u00e9 de levage de 5,5 t pour les v\u00e9hicules de tourisme et utilitaires et pour les v\u00e9hicules de tourisme de 4,5 t.<\/p>\n<ul>\n<li>Protection contre la corrosion parfaite &#8211; rev\u00eatement en poudre plus rev\u00eatement KTL en s\u00e9rie<\/li>\n<li>R\u00e9pond aux exigences de Mercedes-Benz<\/li>\n<li>Beaucoup d&#8217;espace sous la plate-forme de levage avec acc\u00e8s sur les c\u00f4t\u00e9s<\/li>\n<\/ul>\n<ul>\n<li>Des encoches int\u00e9gr\u00e9es avec des supports en acier inoxydable permettent d&#8217;installer tous les disques rotatifs disponibles dans le commerce, d&#8217;\u00e9viter la corrosion et de d\u00e9placer les disques rotatifs sans effort.<\/li>\n<li>Les encoches peuvent \u00eatre compl\u00e8tement ferm\u00e9es lorsqu&#8217;aucun disque rotatif n&#8217;est utilis\u00e9. Les pi\u00e8ces de calage sont munies de but\u00e9es en plastique, ce qui \u00e9vite la corrosion et r\u00e9duit le bruit.<\/li>\n<li>Les v\u00e9rins principaux sont \u00e9quip\u00e9s d&#8217;un syst\u00e8me de d\u00e9verrouillage de stabilisation pneumatique. La sangle \u00e0 cliquet est viss\u00e9e et r\u00e9glable via des vis. Cela garantit une g\u00e9om\u00e9trie pr\u00e9cise des roues.<\/li>\n<li>Protections anti-recul bien con\u00e7ues permettant l&#8217;utilisation de toute la longueur de rampe.<\/li>\n<li>Rail de roulement galvanis\u00e9 pour colonne de levage standard (4 t pour V55AK54-MB, 2,6 t pour V45AK48-MB).<\/li>\n<li>R\u00e9ception de v\u00e9hicule Smart \u00e0 camionnette Sprinter avec empattement long possible.<\/li>\n<\/ul>\n<ul>\n<li>Le panneau de commande est \u00e9quip\u00e9 d&#8217;une unit\u00e9 hydraulique pr\u00e9-assembl\u00e9e en usine qui peut \u00eatre plac\u00e9e \u00e0 gauche ou \u00e0 droite.<\/li>\n<li>Les documents ou les tablettes auront leur place sur la zone de rangement int\u00e9gr\u00e9e de la console de commande qui est \u00e9galement parfaitement adapt\u00e9e comme support d&#8217;\u00e9criture.<\/li>\n<li>Les boutons-poussoirs durables permettent un fonctionnement sensible de la plate-forme de levage.<\/li>\n<li>La but\u00e9e de norme CE garantit la protection des pieds sans plaque de protection des pieds.<\/li>\n<li>Les ciseaux de levage s&#8217;engagent pr\u00e8s de la zone de contact des roues et conf\u00e8rent ainsi \u00e0 la plate-forme de levage une tr\u00e8s grande stabilit\u00e9. En conjonction avec les surfaces de roulement renforc\u00e9es qui sont pr\u00e9-ajust\u00e9es en usine, il r\u00e9pond aux sp\u00e9cifications de Mercedes-Benz.<\/li>\n<li>L&#8217;ensemble offre un d\u00e9gagement maximal sous la plate-forme de levage et permet l&#8217;acc\u00e8s par le c\u00f4t\u00e9.<\/li>\n<li>La surface de roulement plate permet l&#8217;utilisation de la zone de r\u00e9glage des phares.<\/li>\n<li>Les billes en plastique robustes des plaques coulissantes verrouillables manuellement assurent un fonctionnement fiable et r\u00e9gulier, tandis que les brosses rotatives emp\u00eachent la p\u00e9n\u00e9tration de la salet\u00e9 et assurent une longue dur\u00e9e de vie.<\/li>\n<\/ul>\n<ul>\n<li>Les surfaces de roulement comprennent les trous pour les supports de cam\u00e9ra utilis\u00e9s pour la g\u00e9om\u00e9trie des roues Butler approuv\u00e9e par Daimler AG d\u00e9part usine.<\/li>\n<li>Kit d&#8217;\u00e9nergie 220 V et air comprim\u00e9 sous la surface de roulement en s\u00e9rie<\/li>\n<li>\u00c9clairage, support MKS en s\u00e9rie<\/li>\n<\/ul>\n","protected":false},"excerpt":{"rendered":"<p>5,5 t, \u00e9lectrohydraulique, longueur de plate-forme 5400 mm, configuration verticale du pont \u00e9l\u00e9vateur \u00e0 ciseaux, sous le sol<\/p>\n","protected":false},"featured_media":353385,"template":"","meta":[],"product_cat":[1033760],"product_tag":[1034180,1034163],"product_approvals":[1014567,1014533,1014550],"product_application":[],"class_list":{"0":"post-380815","1":"product","2":"type-product","3":"status-publish","4":"has-post-thumbnail","6":"product_cat-ponts-elevateurs-a-ciseaux-fr","7":"product_tag-light-commercial-fr","8":"product_tag-passenger-cars-fr","9":"product_approvals-maybach-fr","10":"product_approvals-mercedes-benz-fr","11":"product_approvals-smart-fr","13":"first","14":"instock","15":"shipping-taxable","16":"product-type-simple"},"approvals":[{"term_id":1014567,"name":"Maybach","slug":"maybach-fr","term_group":0,"term_taxonomy_id":1014566,"taxonomy":"product_approvals","description":"","parent":0,"count":33,"filter":"raw"},{"term_id":1014533,"name":"Mercedes-Benz","slug":"mercedes-benz-fr","term_group":0,"term_taxonomy_id":1014532,"taxonomy":"product_approvals","description":"","parent":0,"count":43,"filter":"raw"},{"term_id":1014550,"name":"Smart","slug":"smart-fr","term_group":0,"term_taxonomy_id":1014549,"taxonomy":"product_approvals","description":"","parent":0,"count":33,"filter":"raw"}],"application":[],"brb_media_brochure":[{"id":349056,"url":"https:\/\/dev.codekraft.it\/rotary-2024\/wp-content\/uploads\/brb_media\/00472565_mercedes-benz-portfolio-br-128719-de-2021-03_screen.pdf","title":"Mercedes Benz Portfolio BR 128719 de 2021 03 screen","thumbnail":"https:\/\/dev.codekraft.it\/rotary-2024\/wp-content\/uploads\/brb_media\/00472565_mercedes-benz-portfolio-br-128719-de-2021-03_screen-pdf-106x150.png","description":""},{"id":349057,"url":"https:\/\/dev.codekraft.it\/rotary-2024\/wp-content\/uploads\/brb_media\/00472566_mercedes-benz-portfolio-br-128720-en-2021-03_screen.pdf","title":"Mercedes Benz Portfolio BR 128720 en 2021 03 screen","thumbnail":"https:\/\/dev.codekraft.it\/rotary-2024\/wp-content\/uploads\/brb_media\/00472566_mercedes-benz-portfolio-br-128720-en-2021-03_screen-pdf-106x150.png","description":""},{"id":349058,"url":"https:\/\/dev.codekraft.it\/rotary-2024\/wp-content\/uploads\/brb_media\/00472570_mercedes-benz-portfolio-br-128721-fr-2021-03_screen.pdf","title":"Mercedes Benz Portfolio BR 128721 fr 2021 03 screen","thumbnail":"https:\/\/dev.codekraft.it\/rotary-2024\/wp-content\/uploads\/brb_media\/00472570_mercedes-benz-portfolio-br-128721-fr-2021-03_screen-pdf-106x150.png","description":""},{"id":349059,"url":"https:\/\/dev.codekraft.it\/rotary-2024\/wp-content\/uploads\/brb_media\/00472567_mercedes-benz-portfolio-br-128722-it-2021-03_screen.pdf","title":"Mercedes Benz Portfolio BR 128722 it 2021 03 screen","thumbnail":"https:\/\/dev.codekraft.it\/rotary-2024\/wp-content\/uploads\/brb_media\/00472567_mercedes-benz-portfolio-br-128722-it-2021-03_screen-pdf-106x150.png","description":""},{"id":349060,"url":"https:\/\/dev.codekraft.it\/rotary-2024\/wp-content\/uploads\/brb_media\/00472568_mercedes-benz-portfolio-br-128723-es-2021-03_screen.pdf","title":"Mercedes Benz Portfolio BR 128723 es 2021 03 screen","thumbnail":"https:\/\/dev.codekraft.it\/rotary-2024\/wp-content\/uploads\/brb_media\/00472568_mercedes-benz-portfolio-br-128723-es-2021-03_screen-pdf-106x150.png","description":""},{"id":349061,"url":"https:\/\/dev.codekraft.it\/rotary-2024\/wp-content\/uploads\/brb_media\/00472569_mercedes-benz-portfolio-br-128724-ru-2021-03_screen.pdf","title":"Mercedes Benz Portfolio BR 128724 ru 2021 03 screen","thumbnail":"https:\/\/dev.codekraft.it\/rotary-2024\/wp-content\/uploads\/brb_media\/00472569_mercedes-benz-portfolio-br-128724-ru-2021-03_screen-pdf-106x150.png","description":""}],"brb_media_drawing":"","brb_media_manuals":"","brb_media_safety_datasheets":"","brb_media_spare_parts":[],"_cdmm_p_id":"492686","_company":"Elektron","_gtin":"","accessories":[{"id":379749,"cdmm_p_id":"472108","name":"Traverse de levage pour S38\/V45-V65 | 2,6 t","description":"2,6 t","thumbnail":"https:\/\/dev.codekraft.it\/rotary-2024\/wp-content\/uploads\/brb_media\/00472700-150x150.png","url":"https:\/\/dev.codekraft.it\/rotary-2024\/fr\/produits\/accessoires-ponts-elevateurs-fr\/accessoires-ponts-elevateurs-a-4-colonnes-fr\/traverse-de-levage-pour-s38-v45-v65-26-t\/"},{"id":378917,"cdmm_p_id":"418362","name":"Tampons en caoutchouc","description":"160 x 120 x 40 mm | 1 jeu \/ 4 pi\u00e8ces","thumbnail":"https:\/\/dev.codekraft.it\/rotary-2024\/wp-content\/uploads\/brb_media\/00393013_4-post-lift-rubber-pads-40mm-150x150.png","url":"https:\/\/dev.codekraft.it\/rotary-2024\/fr\/produits\/accessoires-ponts-elevateurs-fr\/accessoires-ponts-elevateurs-basse-levee-fr\/tampons-en-caoutchouc-2\/"},{"id":378466,"cdmm_p_id":"59184","name":"Tampons en caoutchouc","description":"160 x 120 x 80 mm | 1 jeu \/ 4 pi\u00e8ces","thumbnail":"https:\/\/dev.codekraft.it\/rotary-2024\/wp-content\/uploads\/brb_media\/00287553-150x150.png","url":"https:\/\/dev.codekraft.it\/rotary-2024\/fr\/produits\/accessoires-ponts-elevateurs-fr\/accessoires-ponts-a-doubles-ciseaux-fr\/tampons-en-caoutchouc\/"},{"id":383869,"cdmm_p_id":"502326","name":"Kit de v\u00e9rification du positionnement de la traverse de levage","description":"","thumbnail":"","url":"https:\/\/dev.codekraft.it\/rotary-2024\/fr\/produits\/accessoires-ponts-elevateurs-fr\/accessoires-ponts-elevateurs-a-ciseaux-fr\/kit-de-verification-du-positionnement-de-la-traverse-de-levage\/"},{"id":381220,"cdmm_p_id":"497241","name":"Kit de rampes d&#039;acc\u00e8s","description":"Pour pont \u00e9l\u00e9vateur \u00e0 ciseaux vertical V55\/V65 LT\/AK, au-dessus du sol | Gris (RAL 7012) | 1 jeu \/ 2 pi\u00e8ces","thumbnail":"https:\/\/dev.codekraft.it\/rotary-2024\/wp-content\/uploads\/brb_media\/00489194_820331-mi-150x150.png","url":"https:\/\/dev.codekraft.it\/rotary-2024\/fr\/produits\/accessoires-ponts-elevateurs-fr\/accessoires-ponts-elevateurs-a-ciseaux-fr\/kit-de-rampes-dacces-6\/"},{"id":381226,"cdmm_p_id":"497242","name":"Volet encastr\u00e9","description":"Pour pont \u00e9l\u00e9vateur \u00e0 ciseaux vertical V55\/65, liaison courte | Gris (RAL 7012) | 1 pi\u00e8ce","thumbnail":"","url":"https:\/\/dev.codekraft.it\/rotary-2024\/fr\/produits\/accessoires-ponts-elevateurs-fr\/accessoires-ponts-elevateurs-a-ciseaux-fr\/volet-encastre\/"},{"id":381232,"cdmm_p_id":"497243","name":"Rallonge de tuyau V45-V65","description":"2 m, contr\u00f4le \u00e0 droite | montage du bo\u00eetier de commande dans une position sp\u00e9ciale - dans le sens d'approche \u00ab \u00e0 droite \u00bb de la plate-forme, \u00e0 une distance de 2 m | sans traverse de levage","thumbnail":"","url":"https:\/\/dev.codekraft.it\/rotary-2024\/fr\/produits\/accessoires-ponts-elevateurs-fr\/accessoires-ponts-elevateurs-a-ciseaux-fr\/rallonge-de-tuyau-v45-v65\/"},{"id":381238,"cdmm_p_id":"497244","name":"Rallonge de tuyau V45-V65","description":"2 m, contr\u00f4le \u00e0 gauche | montage du bo\u00eetier de commande dans une position sp\u00e9ciale - dans le sens d'approche \u00ab \u00e0 gauche\u00bb de la plate-forme, \u00e0 une distance de 2 m | sans traverse de levage","thumbnail":"","url":"https:\/\/dev.codekraft.it\/rotary-2024\/fr\/produits\/accessoires-ponts-elevateurs-fr\/accessoires-ponts-elevateurs-a-ciseaux-fr\/rallonge-de-tuyau-v45-v65-2\/"},{"id":381250,"cdmm_p_id":"497245","name":"Rallonge de tuyau V55\/V65 LT","description":"2 m, contr\u00f4le \u00e0 droite | montage du bo\u00eetier de commande dans une position sp\u00e9ciale - dans le sens d'approche \u00ab \u00e0 droite \u00bb de la plate-forme, \u00e0 une distance de 2 m | avec traverse de levage","thumbnail":"","url":"https:\/\/dev.codekraft.it\/rotary-2024\/fr\/produits\/accessoires-ponts-elevateurs-fr\/accessoires-ponts-elevateurs-a-ciseaux-fr\/rallonge-de-tuyau-v55-v65-lt-2\/"},{"id":381244,"cdmm_p_id":"497246","name":"Rallonge de tuyau V55\/V65 LT","description":"2 m, contr\u00f4le \u00e0 gauche | montage du bo\u00eetier de commande dans une position sp\u00e9ciale - dans le sens d'approche \u00ab \u00e0 gauche\u00bb de la plate-forme, \u00e0 une distance de 2 m | avec traverse de levage","thumbnail":"","url":"https:\/\/dev.codekraft.it\/rotary-2024\/fr\/produits\/accessoires-ponts-elevateurs-fr\/accessoires-ponts-elevateurs-a-ciseaux-fr\/rallonge-de-tuyau-v55-v65-lt\/"},{"id":382836,"cdmm_p_id":"502419","name":"Mise \u00e0 niveau du sol FloCo | incl. kit V-Lift","description":"","thumbnail":"","url":"https:\/\/dev.codekraft.it\/rotary-2024\/fr\/produits\/accessoires-ponts-elevateurs-fr\/accessoires-ponts-elevateurs-a-ciseaux-fr\/mise-a-niveau-du-sol-floco-incl-kit-v-lift\/"}],"components":[],"related":[],"similar":[{"id":380827,"cdmm_p_id":"492689","name":"Pont \u00e9l\u00e9vateur \u00e0 ciseaux vertical V45AK48-MB","description":"4,5 t, \u00e9lectrohydraulique, longueur de plate-forme 4800 mm, configuration verticale du pont \u00e9l\u00e9vateur \u00e0 ciseaux","thumbnail":"https:\/\/dev.codekraft.it\/rotary-2024\/wp-content\/uploads\/brb_media\/00470984_vertical-scissor-lift-v55ak-v45ak-mb-mi-150x150.png","url":"https:\/\/dev.codekraft.it\/rotary-2024\/fr\/produits\/ponts-elevateurs-fr\/ponts-elevateurs-a-ciseaux-fr\/pont-elevateur-a-ciseaux-vertical-v45ak48-mb\/"},{"id":380833,"cdmm_p_id":"492691","name":"Pont \u00e9l\u00e9vateur \u00e0 ciseaux vertical V65N60-MB","description":"6,5 t, \u00e9lectrohydraulique, longueur de plateforme 6000\u00a0mm, au-dessus du sol","thumbnail":"https:\/\/dev.codekraft.it\/rotary-2024\/wp-content\/uploads\/brb_media\/00470412_scissor-liftscissor-lift-v65n60cat-7015-mi-150x150.png","url":"https:\/\/dev.codekraft.it\/rotary-2024\/fr\/produits\/ponts-elevateurs-fr\/ponts-elevateurs-a-ciseaux-fr\/pont-elevateur-a-ciseaux-vertical-v65n60-mb\/"}],"lang":"fr","translations":{"fr":380815,"en":380813,"de":380814,"it":380816,"es":380817,"ru":380818},"pll_sync_post":[],"_links":{"self":[{"href":"https:\/\/dev.codekraft.it\/rotary-2024\/wp-json\/wp\/v2\/product\/380815","targetHints":{"allow":["GET"]}}],"collection":[{"href":"https:\/\/dev.codekraft.it\/rotary-2024\/wp-json\/wp\/v2\/product"}],"about":[{"href":"https:\/\/dev.codekraft.it\/rotary-2024\/wp-json\/wp\/v2\/types\/product"}],"wp:featuredmedia":[{"embeddable":true,"href":"https:\/\/dev.codekraft.it\/rotary-2024\/wp-json\/wp\/v2\/media\/353385"}],"wp:attachment":[{"href":"https:\/\/dev.codekraft.it\/rotary-2024\/wp-json\/wp\/v2\/media?parent=380815"}],"wp:term":[{"taxonomy":"product_cat","embeddable":true,"href":"https:\/\/dev.codekraft.it\/rotary-2024\/wp-json\/wp\/v2\/product_cat?post=380815"},{"taxonomy":"product_tag","embeddable":true,"href":"https:\/\/dev.codekraft.it\/rotary-2024\/wp-json\/wp\/v2\/product_tag?post=380815"},{"taxonomy":"product_approvals","embeddable":true,"href":"https:\/\/dev.codekraft.it\/rotary-2024\/wp-json\/wp\/v2\/product_approvals?post=380815"},{"taxonomy":"product_application","embeddable":true,"href":"https:\/\/dev.codekraft.it\/rotary-2024\/wp-json\/wp\/v2\/product_application?post=380815"}],"curies":[{"name":"wp","href":"https:\/\/api.w.org\/{rel}","templated":true}]}}