{"id":380773,"date":"2025-12-11T10:10:48","date_gmt":"2025-12-11T10:10:48","guid":{"rendered":"https:\/\/dev.codekraft.it\/rotary-2024\/products\/uncategorized\/pont-elevateur-a-ciseaux-s50lt-55cat-i\/"},"modified":"2025-12-11T10:10:48","modified_gmt":"2025-12-11T10:10:48","slug":"pont-elevateur-a-ciseaux-s50lt-55cat-i","status":"publish","type":"product","link":"https:\/\/dev.codekraft.it\/rotary-2024\/fr\/produits\/ponts-elevateurs-fr\/ponts-elevateurs-a-ciseaux-fr\/pont-elevateur-a-ciseaux-s50lt-55cat-i\/","title":{"rendered":"Pont \u00e9l\u00e9vateur \u00e0 ciseaux S50LT-55CAT-I"},"content":{"rendered":"<p>Les ponts \u00e9l\u00e9vateurs \u00e0 ciseaux de la s\u00e9rie S50 sont d&#8217;excellents syst\u00e8mes \u00e9l\u00e9vateurs polyvalents pour la zone de r\u00e9ception, les activit\u00e9s de g\u00e9om\u00e9trie des roues, les postes de travail de diagnostic (syst\u00e8mes d&#8217;assistance) et le service de r\u00e9paration. Selon le domaine d&#8217;application, la s\u00e9rie S50 est disponible en quatre versions de base, ainsi qu&#8217;en version encastr\u00e9e et hors sol (rampes suppl\u00e9mentaires requises, voir les accessoires).<\/p>\n<ul>\n<li>Protection contre la corrosion parfaite &#8211; peinture cataphor\u00e9tique (CAT) plus rev\u00eatement en poudre en s\u00e9rie<\/li>\n<li>Convient aux voitures de tourisme et aux fourgonnettes<\/li>\n<li>Capacit\u00e9 de levage de 5,0 t avec une longueur de chemin utilisable de 5500 mm<\/li>\n<\/ul>\n<ul>\n<li>Des \u00e9videments int\u00e9gr\u00e9s avec des supports en acier inoxydable dans la surface d&#8217;acc\u00e8s permettent d&#8217;installer toutes les plaques rotatives disponibles dans le commerce. Les \u00e9videments peuvent \u00eatre compl\u00e8tement ferm\u00e9s lorsqu&#8217;aucune plaque rotative n&#8217;est utilis\u00e9e.<\/li>\n<li>Les billes en plastique robustes des plaques coulissantes verrouillables pneumatiquement permettent un fonctionnement fiable et r\u00e9gulier, et assurent une longue dur\u00e9e de vie.<\/li>\n<li>Protections anti-recul bien con\u00e7ues permettant l&#8217;utilisation de toute la longueur de rampe.<\/li>\n<li>Afin de pouvoir accueillir la majorit\u00e9 des v\u00e9hicules de petites et grandes dimensions, le pont \u00e9l\u00e9vateur sans roues de tous les mod\u00e8les LT est \u00e9quip\u00e9 d&#8217;une extension de plateforme extractible et continue.<\/li>\n<li>Un rail de roulement galvanis\u00e9 est pr\u00e9vu pour l&#8217;utilisation d&#8217;un syst\u00e8me de levage d&#8217;essieux suppl\u00e9mentaire.<\/li>\n<li>La chemin de niveau permet une utilisation dans la zone de r\u00e9glage des phares (pas avec d\u00e9tecteur de jeu en option).<\/li>\n<\/ul>\n<ul>\n<li>La but\u00e9e au norme CE permet de prot\u00e9ger les pieds sans d\u00e9flecteur de protection et garantit une installation facile au niveau du sol.<\/li>\n<li>Protection contre la corrosion parfaite &#8211; peinture cataphor\u00e9tique (CAT) plus rev\u00eatement en poudre en s\u00e9rie.<\/li>\n<li>Le syst\u00e8me enti\u00e8rement hydraulique avec ventilation automatique int\u00e9gr\u00e9e en position \u00ab 0 \u00bb garantit un fonctionnement fiable.<\/li>\n<li>Les v\u00e9rins principaux sont \u00e9quip\u00e9s d&#8217;un syst\u00e8me d&#8217;abaissement pneumatiquement non verrouillable. La sangle \u00e0 cliquet est viss\u00e9e et r\u00e9glable via des vis. Cela garantit un alignement pr\u00e9cis des roues.<\/li>\n<li>Les boutons-poussoirs durables permettent un fonctionnement s\u00e9curis\u00e9 de la plateforme de levage.<\/li>\n<li>Un espace de stockage pratique et int\u00e9gr\u00e9 est pr\u00e9vu pour les tablettes ou les documents. Il peut \u00e9galement parfaitement \u00eatre utilis\u00e9 comme support d&#8217;\u00e9criture.<\/li>\n<li>Le panneau de commande est \u00e9quip\u00e9 d&#8217;une unit\u00e9 hydraulique pr\u00e9-assembl\u00e9e en usine et reli\u00e9e \u00e0 la plateforme \u00e9l\u00e9vatrice. Cette unit\u00e9 hydraulique contribue de mani\u00e8re significative \u00e0 r\u00e9duire les frais d&#8217;installation. Elle peut \u00eatre plac\u00e9e \u00e0 gauche ou \u00e0 droite.<\/li>\n<li>Les roulements de sol sont connect\u00e9s \u00e0 un ch\u00e2ssis robuste, ce qui facilite la bonne installation de la plateforme \u00e9l\u00e9vatrice.<\/li>\n<li>Un d\u00e9tecteur de jeu hydraulique peut \u00eatre install\u00e9 dans toutes les versions : il est mont\u00e9 en position avant de l&#8217;\u00e9videment pour plaque rotative (en usine\/ne peut pas \u00eatre install\u00e9 ult\u00e9rieurement). Le d\u00e9tecteur de jeu est conforme aux exigences r\u00e9glementaires europ\u00e9ennes (et autrichiennes).<\/li>\n<\/ul>\n<p><em>Mod\u00e8les hors sol disponibles en conjonction avec le kit hors sol S50 (longueur totale: 7320 mm)<\/em><\/p>\n","protected":false},"excerpt":{"rendered":"<p>5,0 t, \u00e9lectrohydraulique, longueur de plateforme 5500 mm, avec traverse de levage, sous le sol<\/p>\n","protected":false},"featured_media":353310,"template":"","meta":[],"product_cat":[1033760],"product_tag":[1034180,1034163],"product_approvals":[],"product_application":[],"class_list":{"0":"post-380773","1":"product","2":"type-product","3":"status-publish","4":"has-post-thumbnail","6":"product_cat-ponts-elevateurs-a-ciseaux-fr","7":"product_tag-light-commercial-fr","8":"product_tag-passenger-cars-fr","10":"first","11":"instock","12":"shipping-taxable","13":"product-type-simple"},"approvals":[],"application":[],"brb_media_brochure":"","brb_media_drawing":[{"id":353322,"url":"https:\/\/dev.codekraft.it\/rotary-2024\/wp-content\/uploads\/brb_media\/00479477_scissor-lift-s50lt55cat-i-ds.pdf","title":"Scissor Lift S50LT55CAT I DS","thumbnail":"https:\/\/dev.codekraft.it\/rotary-2024\/wp-content\/uploads\/brb_media\/00479477_scissor-lift-s50lt55cat-i-ds-pdf-150x107.png","description":""},{"id":353323,"url":"https:\/\/dev.codekraft.it\/rotary-2024\/wp-content\/uploads\/brb_media\/00479476_scissor-lift-s50lt55cats42aka2-ds.pdf","title":"Scissor Lift S50LT55CAT+S42AKA2 DS","thumbnail":"https:\/\/dev.codekraft.it\/rotary-2024\/wp-content\/uploads\/brb_media\/00479476_scissor-lift-s50lt55cats42aka2-ds-pdf-150x107.png","description":""},{"id":353324,"url":"https:\/\/dev.codekraft.it\/rotary-2024\/wp-content\/uploads\/brb_media\/00479489_scissor-lift-s50ltltak55cat-ipd8-fp.pdf","title":"Scissor Lift S50LTLTAK55CAT I+PD8 FP","thumbnail":"https:\/\/dev.codekraft.it\/rotary-2024\/wp-content\/uploads\/brb_media\/00479489_scissor-lift-s50ltltak55cat-ipd8-fp-pdf-150x107.png","description":""},{"id":353325,"url":"https:\/\/dev.codekraft.it\/rotary-2024\/wp-content\/uploads\/brb_media\/00479490_scissor-lift-s50ltltak55cat-ipd8-rfp.pdf","title":"Scissor Lift S50LTLTAK55CAT I+PD8 RFP","thumbnail":"https:\/\/dev.codekraft.it\/rotary-2024\/wp-content\/uploads\/brb_media\/00479490_scissor-lift-s50ltltak55cat-ipd8-rfp-pdf-150x107.png","description":""}],"brb_media_manuals":[{"id":353321,"url":"https:\/\/dev.codekraft.it\/rotary-2024\/wp-content\/uploads\/brb_media\/00523844_scissor-lifts-s42_s50_lt_ltak_42_46_55_cat-pd8-i-im-0592-m002-0-multi-2024-03.pdf","title":"Scissor Lifts S42 S50 LT LTAK 42 46 55 CAT PD8 I IM 0592 M002 0 multi 2024 03","thumbnail":"https:\/\/dev.codekraft.it\/rotary-2024\/wp-content\/uploads\/brb_media\/00523844_scissor-lifts-s42_s50_lt_ltak_42_46_55_cat-pd8-i-im-0592-m002-0-multi-2024-03-pdf-106x150.png","description":""}],"brb_media_safety_datasheets":"","brb_media_spare_parts":[],"_cdmm_p_id":"492563","_company":"Elektron","_gtin":"5063084193544","accessories":[{"id":380742,"cdmm_p_id":"492546","name":"Kit d\u2019\u00e9nergie pour S42\/S50","description":"Prise 230 V au panneau de contr\u00f4le","thumbnail":"","url":"https:\/\/dev.codekraft.it\/rotary-2024\/fr\/produits\/accessoires-ponts-elevateurs-fr\/accessoires-ponts-elevateurs-a-ciseaux-fr\/kit-denergie-pour-s42-s50\/"},{"id":380730,"cdmm_p_id":"492543","name":"Kit d&#039;\u00e9clairage LED 4 fois, 24 V","description":"","thumbnail":"https:\/\/dev.codekraft.it\/rotary-2024\/wp-content\/uploads\/brb_media\/00399236_scissor-lift-s38-rail-for-jacking-beam-di-150x150.png","url":"https:\/\/dev.codekraft.it\/rotary-2024\/fr\/produits\/accessoires-ponts-elevateurs-fr\/accessoires-ponts-elevateurs-a-ciseaux-fr\/kit-declairage-led-4-fois-24-v\/"},{"id":378917,"cdmm_p_id":"418362","name":"Tampons en caoutchouc","description":"160 x 120 x 40 mm | 1 jeu \/ 4 pi\u00e8ces","thumbnail":"https:\/\/dev.codekraft.it\/rotary-2024\/wp-content\/uploads\/brb_media\/00393013_4-post-lift-rubber-pads-40mm-150x150.png","url":"https:\/\/dev.codekraft.it\/rotary-2024\/fr\/produits\/accessoires-ponts-elevateurs-fr\/accessoires-ponts-elevateurs-basse-levee-fr\/tampons-en-caoutchouc-2\/"},{"id":378466,"cdmm_p_id":"59184","name":"Tampons en caoutchouc","description":"160 x 120 x 80 mm | 1 jeu \/ 4 pi\u00e8ces","thumbnail":"https:\/\/dev.codekraft.it\/rotary-2024\/wp-content\/uploads\/brb_media\/00287553-150x150.png","url":"https:\/\/dev.codekraft.it\/rotary-2024\/fr\/produits\/accessoires-ponts-elevateurs-fr\/accessoires-ponts-a-doubles-ciseaux-fr\/tampons-en-caoutchouc\/"},{"id":380736,"cdmm_p_id":"492544","name":"Kit air supply pour traverse de levage S42-S50 | pr\u00e9-assembl\u00e9 en usine","description":"Tuyau spiral\u00e9 et mat\u00e9riel d'installation pour l'alimentation en air El\u00e9vateur d'essieu","thumbnail":"","url":"https:\/\/dev.codekraft.it\/rotary-2024\/fr\/produits\/accessoires-ponts-elevateurs-fr\/accessoires-ponts-elevateurs-a-ciseaux-fr\/kit-air-supply-pour-traverse-de-levage-s42-s50-pre-assemble-en-usine\/"},{"id":380748,"cdmm_p_id":"492547","name":"Kit d&#039;accessoires hors sol S42-S50, rampes 1,60 m","description":"Overfloor - kit pour ascenseur avec cric sans roues (version LT) | Rampes et plaques de recouvrement pour les tuyaux","thumbnail":"https:\/\/dev.codekraft.it\/rotary-2024\/wp-content\/uploads\/brb_media\/00285888_s-40-drive-on-ramps-long-mi-150x150.png","url":"https:\/\/dev.codekraft.it\/rotary-2024\/fr\/produits\/accessoires-ponts-elevateurs-fr\/accessoires-ponts-elevateurs-a-ciseaux-fr\/kit-daccessoires-hors-sol-s42-s50-rampes-160-m\/"},{"id":380754,"cdmm_p_id":"492549","name":"Kit d&#039;accessoires hors sol S42-S50, rampes 1,90 m","description":"Overfloor - kit longues rampes pour ascenseur avec cric sans roues (version LT) | Rampes et plaques de recouvrement pour les tuyaux","thumbnail":"","url":"https:\/\/dev.codekraft.it\/rotary-2024\/fr\/produits\/accessoires-ponts-elevateurs-fr\/accessoires-ponts-elevateurs-a-ciseaux-fr\/kit-daccessoires-hors-sol-s42-s50-rampes-190-m\/"},{"id":380760,"cdmm_p_id":"492551","name":"Kit d&#039;accessoires hors sol S42-S50, rampes de passage 1,60 m","description":"2 rampes pour plate-forme de levage avec cric sans roues (version LT)","thumbnail":"","url":"https:\/\/dev.codekraft.it\/rotary-2024\/fr\/produits\/accessoires-ponts-elevateurs-fr\/accessoires-ponts-elevateurs-a-ciseaux-fr\/kit-daccessoires-hors-sol-s42-s50-rampes-de-passage-160-m\/"},{"id":380766,"cdmm_p_id":"492553","name":"Kit d&#039;accessoires hors sol S42-S50, rampes de passage 1,90 m","description":"2 rampes pour plate-forme de levage avec cric sans roues (version LT)","thumbnail":"","url":"https:\/\/dev.codekraft.it\/rotary-2024\/fr\/produits\/accessoires-ponts-elevateurs-fr\/accessoires-ponts-elevateurs-a-ciseaux-fr\/kit-daccessoires-hors-sol-s42-s50-rampes-de-passage-190-m\/"},{"id":380846,"cdmm_p_id":"492716","name":"Traverse de levage pour S42-S50 | 2,6 t","description":"2,6 t","thumbnail":"https:\/\/dev.codekraft.it\/rotary-2024\/wp-content\/uploads\/brb_media\/00466518_rolling_jack_rjx265f_26t-di-150x150.png","url":"https:\/\/dev.codekraft.it\/rotary-2024\/fr\/produits\/accessoires-ponts-elevateurs-fr\/accessoires-ponts-elevateurs-a-ciseaux-fr\/traverse-de-levage-pour-s42-s50-26-t\/"},{"id":382830,"cdmm_p_id":"502418","name":"Kit de mise \u00e0 niveau Commutateur de position de stationnement cric roulant","description":"Pour pont \u00e9l\u00e9vateur \u00e0 ciseaux S38\/S50","thumbnail":"","url":"https:\/\/dev.codekraft.it\/rotary-2024\/fr\/produits\/accessoires-ponts-elevateurs-fr\/accessoires-ponts-elevateurs-a-ciseaux-fr\/kit-de-mise-a-niveau-commutateur-de-position-de-stationnement-cric-roulant\/"},{"id":382118,"cdmm_p_id":"499821","name":"Kit d\u2019\u00e9nergie pour S50\/S42","description":"Connexion d'air comprim\u00e9 sous la voie, prise 230 V au panneau de contr\u00f4le | 1 pi\u00e8ce","thumbnail":"","url":"https:\/\/dev.codekraft.it\/rotary-2024\/fr\/produits\/accessoires-ponts-elevateurs-fr\/accessoires-ponts-elevateurs-a-ciseaux-fr\/kit-denergie-pour-s50-s42\/"},{"id":382124,"cdmm_p_id":"499822","name":"Rallonge de tuyau","description":"2 m, contr\u00f4le \u00e0 gauche | montage du bo\u00eetier de commande dans une position sp\u00e9ciale - dans le sens d'approche \u00ab \u00e0 gauche\u00bb de la plate-forme, \u00e0 une distance de 2 m","thumbnail":"","url":"https:\/\/dev.codekraft.it\/rotary-2024\/fr\/produits\/accessoires-ponts-elevateurs-fr\/accessoires-ponts-elevateurs-a-ciseaux-fr\/rallonge-de-tuyau\/"},{"id":382818,"cdmm_p_id":"502416","name":"Rallonge de tuyau","description":"2 m, contr\u00f4le \u00e0 droite | montage du bo\u00eetier de commande dans une position sp\u00e9ciale - dans le sens d'approche \u00ab \u00e0 droite \u00bb de la plate-forme, \u00e0 une distance de 2 m","thumbnail":"","url":"https:\/\/dev.codekraft.it\/rotary-2024\/fr\/produits\/accessoires-ponts-elevateurs-fr\/accessoires-ponts-elevateurs-a-ciseaux-fr\/rallonge-de-tuyau-4\/"},{"id":382130,"cdmm_p_id":"499823","name":"Couverture de tuyau 1 m, galvanis\u00e9","description":"","thumbnail":"","url":"https:\/\/dev.codekraft.it\/rotary-2024\/fr\/produits\/accessoires-ponts-elevateurs-fr\/accessoires-ponts-elevateurs-a-ciseaux-fr\/couverture-de-tuyau-1-m-galvanise\/"},{"id":382824,"cdmm_p_id":"502417","name":"Mise \u00e0 niveau du sol FloCo | incl. kit S-CAT-Lift","description":"","thumbnail":"","url":"https:\/\/dev.codekraft.it\/rotary-2024\/fr\/produits\/accessoires-ponts-elevateurs-fr\/accessoires-ponts-elevateurs-a-ciseaux-fr\/mise-a-niveau-du-sol-floco-incl-kit-s-cat-lift\/"}],"components":[],"related":[],"similar":[{"id":380779,"cdmm_p_id":"492564","name":"Pont \u00e9l\u00e9vateur \u00e0 ciseaux S50LTAK55CAT-I","description":"5,0 t, \u00e9lectrohydraulique, longueur de plateforme 5500 mm, avec traverse de levage et alignement de roues, sous le sol","thumbnail":"https:\/\/dev.codekraft.it\/rotary-2024\/wp-content\/uploads\/brb_media\/00479695_scissor-lift-s-50-ltak-2021-di-150x150.png","url":"https:\/\/dev.codekraft.it\/rotary-2024\/fr\/produits\/ponts-elevateurs-fr\/ponts-elevateurs-a-ciseaux-fr\/pont-elevateur-a-ciseaux-s50ltak55cat-i\/"},{"id":380785,"cdmm_p_id":"492566","name":"Pont \u00e9l\u00e9vateur \u00e0 ciseaux S50LTAK55CAT-PD8-I","description":"5,0 t, \u00e9lectrohydraulique, longueur de plateforme 5500 mm, avec plaques \u00e0 jeux, traverse de levage et alignement de roues, sous le sol","thumbnail":"https:\/\/dev.codekraft.it\/rotary-2024\/wp-content\/uploads\/brb_media\/00479695_scissor-lift-s-50-ltak-2021-di-150x150.png","url":"https:\/\/dev.codekraft.it\/rotary-2024\/fr\/produits\/ponts-elevateurs-fr\/ponts-elevateurs-a-ciseaux-fr\/pont-elevateur-a-ciseaux-s50ltak55cat-pd8-i\/"},{"id":384766,"cdmm_p_id":"504000","name":"Pont \u00e9l\u00e9vateur \u00e0 ciseaux S50LTAK55HG-PD8-I","description":"5,0 t, \u00e9lectrohydraulique, longueur de plateforme 5500 mm, avec plaques \u00e0 jeux, traverse de levage et alignement de roues, sous le sol, galvanis\u00e9 \u00e0 chaud (chemins de roulement, ciseaux, base de la plate-forme)","thumbnail":"https:\/\/dev.codekraft.it\/rotary-2024\/wp-content\/uploads\/brb_media\/00523940_scissor-lift-s50ltak55cat-pd8-i-hot-galvanized-mi-150x150.png","url":"https:\/\/dev.codekraft.it\/rotary-2024\/fr\/produits\/ponts-elevateurs-fr\/ponts-elevateurs-a-ciseaux-fr\/pont-elevateur-a-ciseaux-s50ltak55hg-pd8-i\/"}],"lang":"fr","translations":{"fr":380773,"en":380770,"de":380772,"it":380774,"es":380775,"ru":380776},"pll_sync_post":[],"_links":{"self":[{"href":"https:\/\/dev.codekraft.it\/rotary-2024\/wp-json\/wp\/v2\/product\/380773","targetHints":{"allow":["GET"]}}],"collection":[{"href":"https:\/\/dev.codekraft.it\/rotary-2024\/wp-json\/wp\/v2\/product"}],"about":[{"href":"https:\/\/dev.codekraft.it\/rotary-2024\/wp-json\/wp\/v2\/types\/product"}],"wp:featuredmedia":[{"embeddable":true,"href":"https:\/\/dev.codekraft.it\/rotary-2024\/wp-json\/wp\/v2\/media\/353310"}],"wp:attachment":[{"href":"https:\/\/dev.codekraft.it\/rotary-2024\/wp-json\/wp\/v2\/media?parent=380773"}],"wp:term":[{"taxonomy":"product_cat","embeddable":true,"href":"https:\/\/dev.codekraft.it\/rotary-2024\/wp-json\/wp\/v2\/product_cat?post=380773"},{"taxonomy":"product_tag","embeddable":true,"href":"https:\/\/dev.codekraft.it\/rotary-2024\/wp-json\/wp\/v2\/product_tag?post=380773"},{"taxonomy":"product_approvals","embeddable":true,"href":"https:\/\/dev.codekraft.it\/rotary-2024\/wp-json\/wp\/v2\/product_approvals?post=380773"},{"taxonomy":"product_application","embeddable":true,"href":"https:\/\/dev.codekraft.it\/rotary-2024\/wp-json\/wp\/v2\/product_application?post=380773"}],"curies":[{"name":"wp","href":"https:\/\/api.w.org\/{rel}","templated":true}]}}