{"id":380706,"date":"2025-04-01T08:53:25","date_gmt":"2025-04-01T08:53:25","guid":{"rendered":"https:\/\/dev.codekraft.it\/rotary-2024\/products\/uncategorized\/ponte-sollevatore-a-forbice-verticale-vas-791029\/"},"modified":"2025-04-01T08:53:25","modified_gmt":"2025-04-01T08:53:25","slug":"ponte-sollevatore-a-forbice-verticale-vas-791029","status":"publish","type":"product","link":"https:\/\/dev.codekraft.it\/rotary-2024\/it\/prodotti\/ponti-sollevatori-it\/ponti-sollevatori-a-forbice-it\/ponte-sollevatore-a-forbice-verticale-vas-791029\/","title":{"rendered":"Ponte sollevatore a forbice verticale VAS 791029"},"content":{"rendered":"<p>I sollevatori a forbice verticali delle serie V55 e V45 (VAS 791029 e VAS 791027) sono piattaforme di sollevamento ad alta precisione per lavori di allineamento ruote e postazioni di diagnosi (sistemi di assistenza) con capacit\u00e0 di carico di 5,5 oppure di 4,5 t e lunghezza utile del binario di 5400 o 4800 mm.<\/p>\n<ul>\n<li>Protezione perfetta dalla corrosione &#8211; trattamento tramite cataforesi pi\u00f9 verniciatura a polvere di serie<\/li>\n<li>Conforme ai requisiti di VOLKSWAGEN AG<\/li>\n<li>Ampio spazio sotto la piattaforma di sollevamento con accesso laterale<\/li>\n<\/ul>\n<ul>\n<li>Incavi integrati nel superficie di guida permettono di montare tutte le piattaforme rotanti standard. La superficie in acciaio inossidabile previene la corrosione e consente di spostare i dischi rotanti senza sforzo.<\/li>\n<li>La superficie di appoggio del disco rotante pu\u00f2 essere livellata; in sede di produzione \u00e8 pre-regolata a \u00ab0\u00bb.<\/li>\n<li>Gli incavi possono essere chiusi completamente se non si utilizza alcun disco rotante.<\/li>\n<li>I pezzi di riempimento sono dotati di blocchi in plastica. In tal modo si previene la corrosione e si riduce il livello di rumorosit\u00e0.<\/li>\n<li>Le sfere in plastica rigida delle piastre scorrevoli a blocco manualmente garantiscono il funzionamento fluido e affidabile e assicurano un lungo ciclo di vita utile.<\/li>\n<li>I cilindri principali sono dotati di un dispositivo di abbassamento non bloccabile pneumaticamente.<\/li>\n<li>La striscia dentata \u00e8 avvitata ed \u00e8 regolabile mediante le viti. Ci\u00f2 garantisce il preciso allineamento delle ruote.<\/li>\n<li>Le innovative protezioni retraibili consentono di utilizzare la passerella per l&#8217;intera sua lunghezza.<\/li>\n<li>Per consentire l&#8217;utilizzo di un martinetto supplementare \u00e8 installato un binario galvanizzato.<\/li>\n<\/ul>\n<ul>\n<li>La console di comando presenta un&#8217;unit\u00e0 idraulica pre-assemblata contribuendo cos\u00ec, in modo significativo, alla ridotta necessit\u00e0 di manutenzione. Pu\u00f2 essere collocata sia a destra sia a sinistra.<\/li>\n<li>Nell&#8217;area portaoggetti integrata della console di comando \u00e8 possibile collocare un tablet o dei documenti anche adattabile perfettamente come supporto per scrivere.<\/li>\n<li>I pulsanti durevoli consentono un funzionamento sensibile della piattaforma di sollevamento.<\/li>\n<li>Il blocco-CE standard protegge il piede in mancanza della protezioni e rende agevole<\/li>\n<li>l&#8217;installazione a livello del pavimento.<\/li>\n<li>Le forbici di sollevamento agiscono in prossimit\u00e0 dell&#8217;area di contatto con la ruota, conferendo cos\u00ec alla piattaforma di sollevamento una stabilit\u00e0 molto elevata. Con i binari realizzati con precisione e rinforzati, \u00e8 conforme alle specifiche di VOLKSWAGEN AG.<\/li>\n<li>Il sistema offre la massima libert\u00e0 di movimento sotto la piattaforma di sollevamento e consente<\/li>\n<li>l&#8217;accesso laterale.<\/li>\n<li>La passerella piana consente di utilizzare l&#8217;area di regolazione dei fari.<\/li>\n<\/ul>\n","protected":false},"excerpt":{"rendered":"<p>V55NAK-54-VAS | 5,5 t, elettroidraulico, lunghezza piattaforma 5400 mm, disposizione verticale delle forbici di sollevamento, in elevato<\/p>\n","protected":false},"featured_media":352161,"template":"","meta":[],"product_cat":[1033764],"product_tag":[1034166,1034200,1034183],"product_approvals":[1013893,1013876,1013910,1013995,1013927,1013978,1013961,1013944],"product_application":[],"class_list":{"0":"post-380706","1":"product","2":"type-product","3":"status-publish","4":"has-post-thumbnail","6":"product_cat-ponti-sollevatori-a-forbice-it","7":"product_tag-passenger-cars-it","8":"product_tag-motor-homes-it","9":"product_tag-light-commercial-it","10":"product_approvals-audi-it","11":"product_approvals-bentley-it","12":"product_approvals-bugatti-it","13":"product_approvals-lamborghini-it","14":"product_approvals-porsche-it","15":"product_approvals-seat-it","16":"product_approvals-skoda-it","17":"product_approvals-vw-it","19":"first","20":"instock","21":"shipping-taxable","22":"product-type-simple"},"approvals":[{"term_id":1013893,"name":"Audi","slug":"audi-it","term_group":0,"term_taxonomy_id":1013892,"taxonomy":"product_approvals","description":"","parent":0,"count":26,"filter":"raw"},{"term_id":1013876,"name":"Bentley","slug":"bentley-it","term_group":0,"term_taxonomy_id":1013875,"taxonomy":"product_approvals","description":"","parent":0,"count":26,"filter":"raw"},{"term_id":1013910,"name":"Bugatti","slug":"bugatti-it","term_group":0,"term_taxonomy_id":1013909,"taxonomy":"product_approvals","description":"","parent":0,"count":26,"filter":"raw"},{"term_id":1013995,"name":"Lamborghini","slug":"lamborghini-it","term_group":0,"term_taxonomy_id":1013994,"taxonomy":"product_approvals","description":"","parent":0,"count":26,"filter":"raw"},{"term_id":1013927,"name":"Porsche","slug":"porsche-it","term_group":0,"term_taxonomy_id":1013926,"taxonomy":"product_approvals","description":"","parent":0,"count":24,"filter":"raw"},{"term_id":1013978,"name":"Seat","slug":"seat-it","term_group":0,"term_taxonomy_id":1013977,"taxonomy":"product_approvals","description":"","parent":0,"count":26,"filter":"raw"},{"term_id":1013961,"name":"Skoda","slug":"skoda-it","term_group":0,"term_taxonomy_id":1013960,"taxonomy":"product_approvals","description":"","parent":0,"count":23,"filter":"raw"},{"term_id":1013944,"name":"VW","slug":"vw-it","term_group":0,"term_taxonomy_id":1013943,"taxonomy":"product_approvals","description":"","parent":0,"count":26,"filter":"raw"}],"application":[],"brb_media_brochure":[{"id":350312,"url":"https:\/\/dev.codekraft.it\/rotary-2024\/wp-content\/uploads\/brb_media\/00409949_vw-approvals-br-127168-de-2019-04-screen.pdf","title":"vw approvals br 127168 de 2019 04 screen","thumbnail":"https:\/\/dev.codekraft.it\/rotary-2024\/wp-content\/uploads\/brb_media\/00409949_vw-approvals-br-127168-de-2019-04-screen-pdf-106x150.png","description":""},{"id":350313,"url":"https:\/\/dev.codekraft.it\/rotary-2024\/wp-content\/uploads\/brb_media\/00409950_vw-approvals-br-127169-en-2019-04-screen.pdf","title":"vw approvals br 127169 en 2019 04 screen","thumbnail":"https:\/\/dev.codekraft.it\/rotary-2024\/wp-content\/uploads\/brb_media\/00409950_vw-approvals-br-127169-en-2019-04-screen-pdf-106x150.png","description":""},{"id":350314,"url":"https:\/\/dev.codekraft.it\/rotary-2024\/wp-content\/uploads\/brb_media\/00409951_vw-approvals-br-127170-fr-2019-04-screen.pdf","title":"vw approvals br 127170 fr 2019 04 screen","thumbnail":"https:\/\/dev.codekraft.it\/rotary-2024\/wp-content\/uploads\/brb_media\/00409951_vw-approvals-br-127170-fr-2019-04-screen-pdf-106x150.png","description":""},{"id":350315,"url":"https:\/\/dev.codekraft.it\/rotary-2024\/wp-content\/uploads\/brb_media\/00409952_vw-approvals-br-127171-it-2019-04-screen.pdf","title":"vw approvals br 127171 it 2019 04 screen","thumbnail":"https:\/\/dev.codekraft.it\/rotary-2024\/wp-content\/uploads\/brb_media\/00409952_vw-approvals-br-127171-it-2019-04-screen-pdf-106x150.png","description":""},{"id":350316,"url":"https:\/\/dev.codekraft.it\/rotary-2024\/wp-content\/uploads\/brb_media\/00409953_vw-approvals-br-127172-es-2019-04-screen.pdf","title":"vw approvals br 127172 es 2019 04 screen","thumbnail":"https:\/\/dev.codekraft.it\/rotary-2024\/wp-content\/uploads\/brb_media\/00409953_vw-approvals-br-127172-es-2019-04-screen-pdf-106x150.png","description":""},{"id":350317,"url":"https:\/\/dev.codekraft.it\/rotary-2024\/wp-content\/uploads\/brb_media\/00409954_vw-approvals-br-127173-ru-2019-04-screen.pdf","title":"vw approvals br 127173 ru 2019 04 screen","thumbnail":"https:\/\/dev.codekraft.it\/rotary-2024\/wp-content\/uploads\/brb_media\/00409954_vw-approvals-br-127173-ru-2019-04-screen-pdf-106x150.png","description":""}],"brb_media_drawing":"","brb_media_manuals":"","brb_media_safety_datasheets":"","brb_media_spare_parts":[],"_cdmm_p_id":"490488","_company":"Elektron","_gtin":"","accessories":[],"components":[],"related":[],"similar":[{"id":380024,"cdmm_p_id":"475880","name":"Ponte sollevatore a forbice verticale VAS 791029-I","description":"V55NAK-54-VAS | 5,5 t, elettroidraulico, lunghezza piattaforma 5400 mm, disposizione verticale delle forbici di sollevamento, incassata","thumbnail":"https:\/\/dev.codekraft.it\/rotary-2024\/wp-content\/uploads\/brb_media\/00409426_vertical-scissor-lift-vas791029-with-audi-q5-mi-150x150.png","url":"https:\/\/dev.codekraft.it\/rotary-2024\/it\/prodotti\/ponti-sollevatori-it\/ponti-sollevatori-a-forbice-it\/ponte-sollevatore-a-forbice-verticale-vas-791029-i\/"}],"lang":"it","translations":{"it":380706,"en":380703,"de":380704,"fr":380705,"es":380707,"ru":380708},"pll_sync_post":[],"_links":{"self":[{"href":"https:\/\/dev.codekraft.it\/rotary-2024\/wp-json\/wp\/v2\/product\/380706","targetHints":{"allow":["GET"]}}],"collection":[{"href":"https:\/\/dev.codekraft.it\/rotary-2024\/wp-json\/wp\/v2\/product"}],"about":[{"href":"https:\/\/dev.codekraft.it\/rotary-2024\/wp-json\/wp\/v2\/types\/product"}],"wp:featuredmedia":[{"embeddable":true,"href":"https:\/\/dev.codekraft.it\/rotary-2024\/wp-json\/wp\/v2\/media\/352161"}],"wp:attachment":[{"href":"https:\/\/dev.codekraft.it\/rotary-2024\/wp-json\/wp\/v2\/media?parent=380706"}],"wp:term":[{"taxonomy":"product_cat","embeddable":true,"href":"https:\/\/dev.codekraft.it\/rotary-2024\/wp-json\/wp\/v2\/product_cat?post=380706"},{"taxonomy":"product_tag","embeddable":true,"href":"https:\/\/dev.codekraft.it\/rotary-2024\/wp-json\/wp\/v2\/product_tag?post=380706"},{"taxonomy":"product_approvals","embeddable":true,"href":"https:\/\/dev.codekraft.it\/rotary-2024\/wp-json\/wp\/v2\/product_approvals?post=380706"},{"taxonomy":"product_application","embeddable":true,"href":"https:\/\/dev.codekraft.it\/rotary-2024\/wp-json\/wp\/v2\/product_application?post=380706"}],"curies":[{"name":"wp","href":"https:\/\/api.w.org\/{rel}","templated":true}]}}