{"id":380694,"date":"2025-06-30T11:05:40","date_gmt":"2025-06-30T11:05:40","guid":{"rendered":"https:\/\/dev.codekraft.it\/rotary-2024\/products\/uncategorized\/ponte-sollevatore-a-4-colonne-vas-772005-i\/"},"modified":"2025-06-30T11:05:40","modified_gmt":"2025-06-30T11:05:40","slug":"ponte-sollevatore-a-4-colonne-vas-772005-i","status":"publish","type":"product","link":"https:\/\/dev.codekraft.it\/rotary-2024\/it\/prodotti\/ponti-sollevatori-it\/ponti-sollevatori-a-4-colonne-it\/ponte-sollevatore-a-4-colonne-vas-772005-i\/","title":{"rendered":"Ponte sollevatore a 4 colonne VAS 772005-I"},"content":{"rendered":"<p>Il ponte sollevatore elletroidraulico a 4 colonne VAS 772005 con una capacit\u00e0 di sollevamento pari a 8 t si distingue per l\u2019uso flessibile nell\u2019officina per veicoli industriali.<\/p>\n<ul>\n<li>Piattaforma stabile per il trasporto<\/li>\n<li>Capacit\u00e0 di carico da 8 t, binari lunghi 6 m<\/li>\n<li>Con ampiezza regolabile<\/li>\n<\/ul>\n<ul>\n<li>Il ponte sollevatore a 4 colonne \u00e8 dotato di un dispositivo di abbassamento con sblocco pneumatico (ogni 100 mm). In questo modo i cavi ed il sistema idraulico vengono alleggeriti.<\/li>\n<li>Grazie alle cinghie con cricco nelle colonne di sollevamento, il ponte pu\u00f2 essere allineato totalmente in senso orizzontale.<\/li>\n<\/ul>\n<ul>\n<li>I cavi di trazione sono molto durevoli zincati e tesi in avanti.<\/li>\n<li>Il profilo della superficie di guida formato a freddo con binari di scorrimento integrati aumenta la rigidit\u00e0 e il sostegno, non solo al momento di utilizzare le travi di sollevamento.<\/li>\n<li>Le funzioni di sollovamento, abbassamento e abbassamento alla struttura di scarico possono essere controllate facilmente con gli appositi controlli.<\/li>\n<li>L\u2019ampio spazio tra le colonne consente il montaggio di grandi trasportatori, camper e autovetture.<\/li>\n<li>Le passerelle carrabili regolabili garantiscono flessibilit\u00e0 per una accessibilit\u00e0 ottimizzata al sottoscocca del veicolo e la possibilit\u00e0 di adattarle anche per i veicoli pi\u00f9 stretti.<\/li>\n<li>Protetto da agenti esterni, il cilindro telescopico senza manutenzione \u00e8 posizionato sotto alla superficie di transito.<\/li>\n<li>Le pulegge sono di grosse dimensioni e dotate di boccole autolubrificanti che non necessitano manutenzione.<\/li>\n<\/ul>\n","protected":false},"excerpt":{"rendered":"<p>SM80-65-VAS | 8,0 t, elettroidraulico, con passerelle carrabili in piano, incassata<\/p>\n","protected":false},"featured_media":351954,"template":"","meta":[],"product_cat":[1033514],"product_tag":[1034166,1034200,1034183],"product_approvals":[1013893,1013876,1013910,1013995,1013978,1013944],"product_application":[],"class_list":{"0":"post-380694","1":"product","2":"type-product","3":"status-publish","4":"has-post-thumbnail","6":"product_cat-ponti-sollevatori-a-4-colonne-it","7":"product_tag-passenger-cars-it","8":"product_tag-motor-homes-it","9":"product_tag-light-commercial-it","10":"product_approvals-audi-it","11":"product_approvals-bentley-it","12":"product_approvals-bugatti-it","13":"product_approvals-lamborghini-it","14":"product_approvals-seat-it","15":"product_approvals-vw-it","17":"first","18":"instock","19":"shipping-taxable","20":"product-type-simple"},"approvals":[{"term_id":1013893,"name":"Audi","slug":"audi-it","term_group":0,"term_taxonomy_id":1013892,"taxonomy":"product_approvals","description":"","parent":0,"count":26,"filter":"raw"},{"term_id":1013876,"name":"Bentley","slug":"bentley-it","term_group":0,"term_taxonomy_id":1013875,"taxonomy":"product_approvals","description":"","parent":0,"count":26,"filter":"raw"},{"term_id":1013910,"name":"Bugatti","slug":"bugatti-it","term_group":0,"term_taxonomy_id":1013909,"taxonomy":"product_approvals","description":"","parent":0,"count":26,"filter":"raw"},{"term_id":1013995,"name":"Lamborghini","slug":"lamborghini-it","term_group":0,"term_taxonomy_id":1013994,"taxonomy":"product_approvals","description":"","parent":0,"count":26,"filter":"raw"},{"term_id":1013978,"name":"Seat","slug":"seat-it","term_group":0,"term_taxonomy_id":1013977,"taxonomy":"product_approvals","description":"","parent":0,"count":26,"filter":"raw"},{"term_id":1013944,"name":"VW","slug":"vw-it","term_group":0,"term_taxonomy_id":1013943,"taxonomy":"product_approvals","description":"","parent":0,"count":26,"filter":"raw"}],"application":[],"brb_media_brochure":[{"id":350312,"url":"https:\/\/dev.codekraft.it\/rotary-2024\/wp-content\/uploads\/brb_media\/00409949_vw-approvals-br-127168-de-2019-04-screen.pdf","title":"vw approvals br 127168 de 2019 04 screen","thumbnail":"https:\/\/dev.codekraft.it\/rotary-2024\/wp-content\/uploads\/brb_media\/00409949_vw-approvals-br-127168-de-2019-04-screen-pdf-106x150.png","description":""},{"id":350313,"url":"https:\/\/dev.codekraft.it\/rotary-2024\/wp-content\/uploads\/brb_media\/00409950_vw-approvals-br-127169-en-2019-04-screen.pdf","title":"vw approvals br 127169 en 2019 04 screen","thumbnail":"https:\/\/dev.codekraft.it\/rotary-2024\/wp-content\/uploads\/brb_media\/00409950_vw-approvals-br-127169-en-2019-04-screen-pdf-106x150.png","description":""},{"id":350314,"url":"https:\/\/dev.codekraft.it\/rotary-2024\/wp-content\/uploads\/brb_media\/00409951_vw-approvals-br-127170-fr-2019-04-screen.pdf","title":"vw approvals br 127170 fr 2019 04 screen","thumbnail":"https:\/\/dev.codekraft.it\/rotary-2024\/wp-content\/uploads\/brb_media\/00409951_vw-approvals-br-127170-fr-2019-04-screen-pdf-106x150.png","description":""},{"id":350315,"url":"https:\/\/dev.codekraft.it\/rotary-2024\/wp-content\/uploads\/brb_media\/00409952_vw-approvals-br-127171-it-2019-04-screen.pdf","title":"vw approvals br 127171 it 2019 04 screen","thumbnail":"https:\/\/dev.codekraft.it\/rotary-2024\/wp-content\/uploads\/brb_media\/00409952_vw-approvals-br-127171-it-2019-04-screen-pdf-106x150.png","description":""},{"id":350316,"url":"https:\/\/dev.codekraft.it\/rotary-2024\/wp-content\/uploads\/brb_media\/00409953_vw-approvals-br-127172-es-2019-04-screen.pdf","title":"vw approvals br 127172 es 2019 04 screen","thumbnail":"https:\/\/dev.codekraft.it\/rotary-2024\/wp-content\/uploads\/brb_media\/00409953_vw-approvals-br-127172-es-2019-04-screen-pdf-106x150.png","description":""},{"id":350317,"url":"https:\/\/dev.codekraft.it\/rotary-2024\/wp-content\/uploads\/brb_media\/00409954_vw-approvals-br-127173-ru-2019-04-screen.pdf","title":"vw approvals br 127173 ru 2019 04 screen","thumbnail":"https:\/\/dev.codekraft.it\/rotary-2024\/wp-content\/uploads\/brb_media\/00409954_vw-approvals-br-127173-ru-2019-04-screen-pdf-106x150.png","description":""}],"brb_media_drawing":[{"id":351375,"url":"https:\/\/dev.codekraft.it\/rotary-2024\/wp-content\/uploads\/brb_media\/00407462_4-post-lift-da-sm80-60_8705.pdf","title":"4 post lift da sm80 60 8705","thumbnail":"https:\/\/dev.codekraft.it\/rotary-2024\/wp-content\/uploads\/brb_media\/00407462_4-post-lift-da-sm80-60_8705-pdf-150x105.png","description":""},{"id":351376,"url":"https:\/\/dev.codekraft.it\/rotary-2024\/wp-content\/uploads\/brb_media\/00407463_4-post-lift-da-sm80-60_8714.pdf","title":"4 post lift da sm80 60 8714","thumbnail":"https:\/\/dev.codekraft.it\/rotary-2024\/wp-content\/uploads\/brb_media\/00407463_4-post-lift-da-sm80-60_8714-pdf-150x105.png","description":""},{"id":351377,"url":"https:\/\/dev.codekraft.it\/rotary-2024\/wp-content\/uploads\/brb_media\/00407464_4-post-lift-rfp-sm80-60_8706.pdf","title":"4 post lift rfp sm80 60 8706","thumbnail":"https:\/\/dev.codekraft.it\/rotary-2024\/wp-content\/uploads\/brb_media\/00407464_4-post-lift-rfp-sm80-60_8706-pdf-150x105.png","description":""},{"id":351378,"url":"https:\/\/dev.codekraft.it\/rotary-2024\/wp-content\/uploads\/brb_media\/00407465_4-post-lift-rfp-sm80-60_8715.pdf","title":"4 post lift rfp sm80 60 8715","thumbnail":"https:\/\/dev.codekraft.it\/rotary-2024\/wp-content\/uploads\/brb_media\/00407465_4-post-lift-rfp-sm80-60_8715-pdf-150x105.png","description":""}],"brb_media_manuals":"","brb_media_safety_datasheets":"","brb_media_spare_parts":[],"_cdmm_p_id":"490484","_company":"Elektron","_gtin":"","accessories":[{"id":379509,"cdmm_p_id":"470967","name":"Installazione interrata 4 rampe corte con allineamento delle ruote","description":"4 brevi rampe con Versione allineamento delle ruote","thumbnail":"https:\/\/dev.codekraft.it\/rotary-2024\/wp-content\/uploads\/brb_media\/00331730_4-post-lift-inground-kit-di-150x150.png","url":"https:\/\/dev.codekraft.it\/rotary-2024\/it\/prodotti\/accessori-ponti-sollevatori-it\/accessori-ponti-sollevatori-a-4-colonne-it\/installazione-interrata-4-rampe-corte-con-allineamento-delle-ruote\/"},{"id":378948,"cdmm_p_id":"421934","name":"Kit di illuminazione a LED 4 volte, 24 V, 4800 mm","description":"","thumbnail":"https:\/\/dev.codekraft.it\/rotary-2024\/wp-content\/uploads\/brb_media\/00287577_s-40-50-lighting-set-mi-150x150.png","url":"https:\/\/dev.codekraft.it\/rotary-2024\/it\/prodotti\/accessori-ponti-sollevatori-it\/accessori-ponti-sollevatori-a-4-colonne-it\/kit-di-illuminazione-a-led-4-volte-24-v-4800-mm\/"},{"id":378960,"cdmm_p_id":"421936","name":"Kit retrofit Alimentazione aria","description":"Per disimpegno assiale","thumbnail":"https:\/\/dev.codekraft.it\/rotary-2024\/wp-content\/uploads\/brb_media\/00312549_4-post-lift-air-supply-di-150x150.png","url":"https:\/\/dev.codekraft.it\/rotary-2024\/it\/prodotti\/accessori-ponti-sollevatori-it\/accessori-ponti-sollevatori-a-4-colonne-it\/kit-retrofit-alimentazione-aria\/"},{"id":379497,"cdmm_p_id":"470137","name":"Kit di rampe di salita","description":"1200 mm, aggiuntivo di rampe per il passaggio sopra la piattaforma di sollevamento - non possibile in combinazione con 820051 | 1 set \/ 2 pezzi","thumbnail":"https:\/\/dev.codekraft.it\/rotary-2024\/wp-content\/uploads\/brb_media\/00309599-150x150.png","url":"https:\/\/dev.codekraft.it\/rotary-2024\/it\/prodotti\/accessori-ponti-sollevatori-it\/accessori-ponti-sollevatori-a-4-colonne-it\/kit-di-rampe-di-salita-2\/"},{"id":378984,"cdmm_p_id":"421940","name":"Traversa per SM65 | 4,0 t","description":"4,0 t","thumbnail":"https:\/\/dev.codekraft.it\/rotary-2024\/wp-content\/uploads\/brb_media\/00309601_jacking-beam-rj-x40-1-mi-150x150.png","url":"https:\/\/dev.codekraft.it\/rotary-2024\/it\/prodotti\/accessori-ponti-sollevatori-it\/accessori-ponti-sollevatori-a-4-colonne-it\/traversa-per-sm65-40-t\/"}],"components":[],"related":[],"similar":[{"id":379904,"cdmm_p_id":"472949","name":"Ponte sollevatore a 4 colonne VAS 772005","description":"SM80-65-VAS | 8,0 t, elettroidraulico, con passerelle carrabili in piano, in elevato","thumbnail":"https:\/\/dev.codekraft.it\/rotary-2024\/wp-content\/uploads\/brb_media\/00400296_4-post-lift-vas772005-mi-150x150.png","url":"https:\/\/dev.codekraft.it\/rotary-2024\/it\/prodotti\/ponti-sollevatori-it\/ponti-sollevatori-a-4-colonne-it\/ponte-sollevatore-a-4-colonne-vas-772005\/"}],"lang":"it","translations":{"it":380694,"en":380691,"de":380692,"fr":380693,"es":380695,"ru":380696},"pll_sync_post":[],"_links":{"self":[{"href":"https:\/\/dev.codekraft.it\/rotary-2024\/wp-json\/wp\/v2\/product\/380694","targetHints":{"allow":["GET"]}}],"collection":[{"href":"https:\/\/dev.codekraft.it\/rotary-2024\/wp-json\/wp\/v2\/product"}],"about":[{"href":"https:\/\/dev.codekraft.it\/rotary-2024\/wp-json\/wp\/v2\/types\/product"}],"wp:featuredmedia":[{"embeddable":true,"href":"https:\/\/dev.codekraft.it\/rotary-2024\/wp-json\/wp\/v2\/media\/351954"}],"wp:attachment":[{"href":"https:\/\/dev.codekraft.it\/rotary-2024\/wp-json\/wp\/v2\/media?parent=380694"}],"wp:term":[{"taxonomy":"product_cat","embeddable":true,"href":"https:\/\/dev.codekraft.it\/rotary-2024\/wp-json\/wp\/v2\/product_cat?post=380694"},{"taxonomy":"product_tag","embeddable":true,"href":"https:\/\/dev.codekraft.it\/rotary-2024\/wp-json\/wp\/v2\/product_tag?post=380694"},{"taxonomy":"product_approvals","embeddable":true,"href":"https:\/\/dev.codekraft.it\/rotary-2024\/wp-json\/wp\/v2\/product_approvals?post=380694"},{"taxonomy":"product_application","embeddable":true,"href":"https:\/\/dev.codekraft.it\/rotary-2024\/wp-json\/wp\/v2\/product_application?post=380694"}],"curies":[{"name":"wp","href":"https:\/\/api.w.org\/{rel}","templated":true}]}}