{"id":380693,"date":"2025-06-30T11:05:40","date_gmt":"2025-06-30T11:05:40","guid":{"rendered":"https:\/\/dev.codekraft.it\/rotary-2024\/products\/uncategorized\/pont-elevateur-a-4-colonnes-vas-772005-i\/"},"modified":"2025-06-30T11:05:40","modified_gmt":"2025-06-30T11:05:40","slug":"pont-elevateur-a-4-colonnes-vas-772005-i","status":"publish","type":"product","link":"https:\/\/dev.codekraft.it\/rotary-2024\/fr\/produits\/ponts-elevateurs-fr\/ponts-elevateurs-a-4-colonnes-fr\/pont-elevateur-a-4-colonnes-vas-772005-i\/","title":{"rendered":"Pont \u00e9l\u00e9vateur \u00e0 4 colonnes VAS 772005-I"},"content":{"rendered":"<p>Le pont \u00e9l\u00e9vateur \u00e0 4 colonnes \u00e9lectrohydraulique VAS 772005 d\u2019une capacit\u00e9 de levage de 8 t est con\u00e7u pour une utilisation flexible dans les ateliers de v\u00e9hicules utilitaires.<\/p>\n<ul>\n<li>Plateforme suspendue stable<\/li>\n<li>Capacit\u00e9 de chargement de 8 t, longueur de voie de 6 m<\/li>\n<li>Largeur de voie r\u00e9glable<\/li>\n<\/ul>\n<ul>\n<li>Le pont \u00e9l\u00e9vateur \u00e0 4 colonnes est \u00e9quip\u00e9 d\u2019un dispositif d\u2019abaissement avec d\u00e9verrouillage pneumatique (tous les 100 mm). De cette fa\u00e7on, les c\u00e2bles et le circuit hydraulique sont rel\u00e2ch\u00e9s.<\/li>\n<li>Les barres \u00e0 cliquets r\u00e9glables dans les colonnes \u00e9l\u00e9vatrices permettent un positionnement enti\u00e8rement horizontal du pont \u00e9l\u00e9vateur.<\/li>\n<\/ul>\n<ul>\n<li>Les c\u00e2bles de traction sont galvanis\u00e9s assurant une plus longue durabilit\u00e9, et tir\u00e9s vers l\u2019avant.<\/li>\n<li>La surface de conduite form\u00e9e \u00e0 froid avec rails de guidage int\u00e9gr\u00e9s augmente la rigidit\u00e9 non seulement lors de l\u2019utilisation de v\u00e9rins mais \u00e9galement dans toutes les autres situations.<\/li>\n<li>Les fonctions de levage, d\u2019abaissement et d\u2019abaissement complet sont faciles \u00e0 contr\u00f4ler gr\u00e2ce au poste de commande.<\/li>\n<li>Un grand passage de roues entre les colonnes permet de monter de grandes camion\u00adnettes, des camping-cars et des voitures particuli\u00e8res.<\/li>\n<li>Les chemins de roulement r\u00e9glables offrent une flexibilit\u00e9 pour un acc\u00e8s optimal au soubassement de carrosserie et la possibilit\u00e9 de conduire des v\u00e9hicules plus \u00e9troits.<\/li>\n<li>Prot\u00e9g\u00e9 des influences ext\u00e9rieures, le cylindre de levage ne n\u00e9cessitant aucune maintenance est positionn\u00e9 sous la surface de roulement.<\/li>\n<li>Les poulies sont de grandes dimensions et \u00e9quip\u00e9es de douilles auto-lubrifiantes ne n\u00e9cessitant aucun entretien.<\/li>\n<\/ul>\n","protected":false},"excerpt":{"rendered":"<p>SM80-65-VAS | 8,0 t,\u00a0\u00e9lectrohydraulique, avec voies de niveau, sous le sol<\/p>\n","protected":false},"featured_media":351954,"template":"","meta":[],"product_cat":[1033496],"product_tag":[1034197,1034180,1034163],"product_approvals":[1013890,1013873,1013907,1013992,1013975,1013941],"product_application":[],"class_list":{"0":"post-380693","1":"product","2":"type-product","3":"status-publish","4":"has-post-thumbnail","6":"product_cat-ponts-elevateurs-a-4-colonnes-fr","7":"product_tag-motor-homes-fr","8":"product_tag-light-commercial-fr","9":"product_tag-passenger-cars-fr","10":"product_approvals-audi-fr","11":"product_approvals-bentley-fr","12":"product_approvals-bugatti-fr","13":"product_approvals-lamborghini-fr","14":"product_approvals-seat-fr","15":"product_approvals-vw-fr","17":"first","18":"instock","19":"shipping-taxable","20":"product-type-simple"},"approvals":[{"term_id":1013890,"name":"Audi","slug":"audi-fr","term_group":0,"term_taxonomy_id":1013889,"taxonomy":"product_approvals","description":"","parent":0,"count":26,"filter":"raw"},{"term_id":1013873,"name":"Bentley","slug":"bentley-fr","term_group":0,"term_taxonomy_id":1013872,"taxonomy":"product_approvals","description":"","parent":0,"count":26,"filter":"raw"},{"term_id":1013907,"name":"Bugatti","slug":"bugatti-fr","term_group":0,"term_taxonomy_id":1013906,"taxonomy":"product_approvals","description":"","parent":0,"count":26,"filter":"raw"},{"term_id":1013992,"name":"Lamborghini","slug":"lamborghini-fr","term_group":0,"term_taxonomy_id":1013991,"taxonomy":"product_approvals","description":"","parent":0,"count":26,"filter":"raw"},{"term_id":1013975,"name":"Seat","slug":"seat-fr","term_group":0,"term_taxonomy_id":1013974,"taxonomy":"product_approvals","description":"","parent":0,"count":26,"filter":"raw"},{"term_id":1013941,"name":"VW","slug":"vw-fr","term_group":0,"term_taxonomy_id":1013940,"taxonomy":"product_approvals","description":"","parent":0,"count":26,"filter":"raw"}],"application":[],"brb_media_brochure":[{"id":350312,"url":"https:\/\/dev.codekraft.it\/rotary-2024\/wp-content\/uploads\/brb_media\/00409949_vw-approvals-br-127168-de-2019-04-screen.pdf","title":"vw approvals br 127168 de 2019 04 screen","thumbnail":"https:\/\/dev.codekraft.it\/rotary-2024\/wp-content\/uploads\/brb_media\/00409949_vw-approvals-br-127168-de-2019-04-screen-pdf-106x150.png","description":""},{"id":350313,"url":"https:\/\/dev.codekraft.it\/rotary-2024\/wp-content\/uploads\/brb_media\/00409950_vw-approvals-br-127169-en-2019-04-screen.pdf","title":"vw approvals br 127169 en 2019 04 screen","thumbnail":"https:\/\/dev.codekraft.it\/rotary-2024\/wp-content\/uploads\/brb_media\/00409950_vw-approvals-br-127169-en-2019-04-screen-pdf-106x150.png","description":""},{"id":350314,"url":"https:\/\/dev.codekraft.it\/rotary-2024\/wp-content\/uploads\/brb_media\/00409951_vw-approvals-br-127170-fr-2019-04-screen.pdf","title":"vw approvals br 127170 fr 2019 04 screen","thumbnail":"https:\/\/dev.codekraft.it\/rotary-2024\/wp-content\/uploads\/brb_media\/00409951_vw-approvals-br-127170-fr-2019-04-screen-pdf-106x150.png","description":""},{"id":350315,"url":"https:\/\/dev.codekraft.it\/rotary-2024\/wp-content\/uploads\/brb_media\/00409952_vw-approvals-br-127171-it-2019-04-screen.pdf","title":"vw approvals br 127171 it 2019 04 screen","thumbnail":"https:\/\/dev.codekraft.it\/rotary-2024\/wp-content\/uploads\/brb_media\/00409952_vw-approvals-br-127171-it-2019-04-screen-pdf-106x150.png","description":""},{"id":350316,"url":"https:\/\/dev.codekraft.it\/rotary-2024\/wp-content\/uploads\/brb_media\/00409953_vw-approvals-br-127172-es-2019-04-screen.pdf","title":"vw approvals br 127172 es 2019 04 screen","thumbnail":"https:\/\/dev.codekraft.it\/rotary-2024\/wp-content\/uploads\/brb_media\/00409953_vw-approvals-br-127172-es-2019-04-screen-pdf-106x150.png","description":""},{"id":350317,"url":"https:\/\/dev.codekraft.it\/rotary-2024\/wp-content\/uploads\/brb_media\/00409954_vw-approvals-br-127173-ru-2019-04-screen.pdf","title":"vw approvals br 127173 ru 2019 04 screen","thumbnail":"https:\/\/dev.codekraft.it\/rotary-2024\/wp-content\/uploads\/brb_media\/00409954_vw-approvals-br-127173-ru-2019-04-screen-pdf-106x150.png","description":""}],"brb_media_drawing":[{"id":351375,"url":"https:\/\/dev.codekraft.it\/rotary-2024\/wp-content\/uploads\/brb_media\/00407462_4-post-lift-da-sm80-60_8705.pdf","title":"4 post lift da sm80 60 8705","thumbnail":"https:\/\/dev.codekraft.it\/rotary-2024\/wp-content\/uploads\/brb_media\/00407462_4-post-lift-da-sm80-60_8705-pdf-150x105.png","description":""},{"id":351376,"url":"https:\/\/dev.codekraft.it\/rotary-2024\/wp-content\/uploads\/brb_media\/00407463_4-post-lift-da-sm80-60_8714.pdf","title":"4 post lift da sm80 60 8714","thumbnail":"https:\/\/dev.codekraft.it\/rotary-2024\/wp-content\/uploads\/brb_media\/00407463_4-post-lift-da-sm80-60_8714-pdf-150x105.png","description":""},{"id":351377,"url":"https:\/\/dev.codekraft.it\/rotary-2024\/wp-content\/uploads\/brb_media\/00407464_4-post-lift-rfp-sm80-60_8706.pdf","title":"4 post lift rfp sm80 60 8706","thumbnail":"https:\/\/dev.codekraft.it\/rotary-2024\/wp-content\/uploads\/brb_media\/00407464_4-post-lift-rfp-sm80-60_8706-pdf-150x105.png","description":""},{"id":351378,"url":"https:\/\/dev.codekraft.it\/rotary-2024\/wp-content\/uploads\/brb_media\/00407465_4-post-lift-rfp-sm80-60_8715.pdf","title":"4 post lift rfp sm80 60 8715","thumbnail":"https:\/\/dev.codekraft.it\/rotary-2024\/wp-content\/uploads\/brb_media\/00407465_4-post-lift-rfp-sm80-60_8715-pdf-150x105.png","description":""}],"brb_media_manuals":"","brb_media_safety_datasheets":"","brb_media_spare_parts":[],"_cdmm_p_id":"490484","_company":"Elektron","_gtin":"","accessories":[{"id":379508,"cdmm_p_id":"470967","name":"Creus\u00e9e kit 4 rampes courtes avec version de mesure des essieux","description":"4 rampes courtes avec \u00adparall\u00e9lisme de roues","thumbnail":"https:\/\/dev.codekraft.it\/rotary-2024\/wp-content\/uploads\/brb_media\/00331730_4-post-lift-inground-kit-di-150x150.png","url":"https:\/\/dev.codekraft.it\/rotary-2024\/fr\/produits\/accessoires-ponts-elevateurs-fr\/accessoires-ponts-elevateurs-a-4-colonnes-fr\/creusee-kit-4-rampes-courtes-avec-version-de-mesure-des-essieux\/"},{"id":378947,"cdmm_p_id":"421934","name":"Kit d&#039;\u00e9clairage LED 4 fois, 24 V, 4800 mm","description":"","thumbnail":"https:\/\/dev.codekraft.it\/rotary-2024\/wp-content\/uploads\/brb_media\/00287577_s-40-50-lighting-set-mi-150x150.png","url":"https:\/\/dev.codekraft.it\/rotary-2024\/fr\/produits\/accessoires-ponts-elevateurs-fr\/accessoires-ponts-elevateurs-a-4-colonnes-fr\/kit-declairage-led-4-fois-24-v-4800-mm\/"},{"id":378959,"cdmm_p_id":"421936","name":"Kit de mise \u00e0 niveau Air supply","description":"Pour traverse de levage","thumbnail":"https:\/\/dev.codekraft.it\/rotary-2024\/wp-content\/uploads\/brb_media\/00312549_4-post-lift-air-supply-di-150x150.png","url":"https:\/\/dev.codekraft.it\/rotary-2024\/fr\/produits\/accessoires-ponts-elevateurs-fr\/accessoires-ponts-elevateurs-a-4-colonnes-fr\/kit-de-mise-a-niveau-air-supply\/"},{"id":379496,"cdmm_p_id":"470137","name":"Kit de rampes d&#039;acc\u00e8s","description":"1200 mm, rampes suppl\u00e9mentaires pour passer au-dessus du pont \u00e9l\u00e9vateur - pas possible en combinaison avec 820051 | 1 jeu \/ 2 pi\u00e8ces","thumbnail":"https:\/\/dev.codekraft.it\/rotary-2024\/wp-content\/uploads\/brb_media\/00309599-150x150.png","url":"https:\/\/dev.codekraft.it\/rotary-2024\/fr\/produits\/accessoires-ponts-elevateurs-fr\/accessoires-ponts-elevateurs-a-4-colonnes-fr\/kit-de-rampes-dacces-2\/"},{"id":378983,"cdmm_p_id":"421940","name":"Traverse de levage pour SM65 | 4,0 t","description":"4,0 t","thumbnail":"https:\/\/dev.codekraft.it\/rotary-2024\/wp-content\/uploads\/brb_media\/00309601_jacking-beam-rj-x40-1-mi-150x150.png","url":"https:\/\/dev.codekraft.it\/rotary-2024\/fr\/produits\/accessoires-ponts-elevateurs-fr\/accessoires-ponts-elevateurs-a-4-colonnes-fr\/traverse-de-levage-pour-sm65-40-t\/"}],"components":[],"related":[],"similar":[{"id":379903,"cdmm_p_id":"472949","name":"Pont \u00e9l\u00e9vateur \u00e0 4 colonnes VAS 772005","description":"SM80-65-VAS | 8,0 t,\u00a0\u00e9lectrohydraulique, avec voies de niveau, au-dessus du sol","thumbnail":"https:\/\/dev.codekraft.it\/rotary-2024\/wp-content\/uploads\/brb_media\/00400296_4-post-lift-vas772005-mi-150x150.png","url":"https:\/\/dev.codekraft.it\/rotary-2024\/fr\/produits\/ponts-elevateurs-fr\/ponts-elevateurs-a-4-colonnes-fr\/pont-elevateur-a-4-colonnes-vas-772005\/"}],"lang":"fr","translations":{"fr":380693,"en":380691,"de":380692,"it":380694,"es":380695,"ru":380696},"pll_sync_post":[],"_links":{"self":[{"href":"https:\/\/dev.codekraft.it\/rotary-2024\/wp-json\/wp\/v2\/product\/380693","targetHints":{"allow":["GET"]}}],"collection":[{"href":"https:\/\/dev.codekraft.it\/rotary-2024\/wp-json\/wp\/v2\/product"}],"about":[{"href":"https:\/\/dev.codekraft.it\/rotary-2024\/wp-json\/wp\/v2\/types\/product"}],"wp:featuredmedia":[{"embeddable":true,"href":"https:\/\/dev.codekraft.it\/rotary-2024\/wp-json\/wp\/v2\/media\/351954"}],"wp:attachment":[{"href":"https:\/\/dev.codekraft.it\/rotary-2024\/wp-json\/wp\/v2\/media?parent=380693"}],"wp:term":[{"taxonomy":"product_cat","embeddable":true,"href":"https:\/\/dev.codekraft.it\/rotary-2024\/wp-json\/wp\/v2\/product_cat?post=380693"},{"taxonomy":"product_tag","embeddable":true,"href":"https:\/\/dev.codekraft.it\/rotary-2024\/wp-json\/wp\/v2\/product_tag?post=380693"},{"taxonomy":"product_approvals","embeddable":true,"href":"https:\/\/dev.codekraft.it\/rotary-2024\/wp-json\/wp\/v2\/product_approvals?post=380693"},{"taxonomy":"product_application","embeddable":true,"href":"https:\/\/dev.codekraft.it\/rotary-2024\/wp-json\/wp\/v2\/product_application?post=380693"}],"curies":[{"name":"wp","href":"https:\/\/api.w.org\/{rel}","templated":true}]}}