{"id":380692,"date":"2025-06-30T11:05:40","date_gmt":"2025-06-30T11:05:40","guid":{"rendered":"https:\/\/dev.codekraft.it\/rotary-2024\/products\/uncategorized\/4-saulen-hebebuhne-vas-772005-i\/"},"modified":"2025-06-30T11:05:40","modified_gmt":"2025-06-30T11:05:40","slug":"4-saulen-hebebuhne-vas-772005-i","status":"publish","type":"product","link":"https:\/\/dev.codekraft.it\/rotary-2024\/produkte\/hebebuhnen-de\/4-saulen-hebebuhnen-de\/4-saulen-hebebuhne-vas-772005-i\/","title":{"rendered":"4-S\u00e4ulen-Hebeb\u00fchne VAS 772005-I"},"content":{"rendered":"<p>Die elektro-hydraulische 4-S\u00e4ulen-Hebeb\u00fchne VAS 772005 eignet sich mit ihrer Tragkraft von 8 t perfekt f\u00fcr den flexiblen \u00adEinsatz in der Nutzfahrzeugwerkstatt.<\/p>\n<ul>\n<li>Stabile Transporterb\u00fchne<\/li>\n<li>8 t Tragkraft, 6 m Fahrbahnl\u00e4nge<\/li>\n<li>Spurbreite der Fahrbahnen einstellbar<\/li>\n<\/ul>\n<ul>\n<li>Die 4-S\u00e4ulen-Hebeb\u00fchne ist mit einer pneumatisch entriegelbaren Absetzvor\u00adrichtung (alle 100 mm) ausger\u00fcstet. Seile und Hydraulik werden so entlastet. Die einstellbaren Klinkenleisten in den Hubs\u00e4ulen erm\u00f6glichen eine absolut waagerechte Ausrichtung der Hebeb\u00fchne.<\/li>\n<\/ul>\n<ul>\n<li>Die Zugseile sind sehr widerstandsf\u00e4hig, verzinkt und vorgezogen.<\/li>\n<li>Das kaltgeformte Fahrfl\u00e4chenprofil mit integrierten Laufschienen erh\u00f6ht die Steifigkeit und erm\u00f6glicht den Einsatz von Achsfreihebern.<\/li>\n<li>Die Funktionen Auf, Ab und Absenken auf die Absetzvorrichtung lassen sich komfortabel \u00fcber Drucktasten steuern.<\/li>\n<li>Ein weiter S\u00e4ulenabstand erm\u00f6glicht die Aufnahme von breiten Transportern und Wohnmobilen sowie Pkws.<\/li>\n<li>Verstellbare Fahrbahnen bieten Flexibilit\u00e4t f\u00fcr eine optimierte Zug\u00e4nglichkeit zum Fahrzeugunterboden sowie die M\u00f6glichkeit auch schmalere Pkw aufzufahren.Vor \u00e4u\u00dferen Einfl\u00fcssen gesch\u00fctzt, ist der wartungsfreie Hub-Zylinder unter der Fahrfl\u00e4che positioniert.<\/li>\n<li>Die Riemenscheiben sind gro\u00df dimensio\u00adniert und sind mit selbstschmierenden wartungsfreien Buchsen ausgestattet.<\/li>\n<\/ul>\n","protected":false},"excerpt":{"rendered":"<p>SM80-65-VAS | 8,0 t, elektrohydraulisch, mit ebenen Fahrbahnen, Unterflur<\/p>\n","protected":false},"featured_media":351954,"template":"","meta":[],"product_cat":[1033478],"product_tag":[1034161,1034178,1034195],"product_approvals":[1013887,1013870,1013904,1013989,1013972,1013938],"product_application":[],"class_list":{"0":"post-380692","1":"product","2":"type-product","3":"status-publish","4":"has-post-thumbnail","6":"product_cat-4-saulen-hebebuhnen-de","7":"product_tag-passenger-cars-de","8":"product_tag-light-commercial-de","9":"product_tag-motor-homes-de","10":"product_approvals-audi-de","11":"product_approvals-bentley-de","12":"product_approvals-bugatti-de","13":"product_approvals-lamborghini-de","14":"product_approvals-seat-de","15":"product_approvals-vw-de","17":"first","18":"instock","19":"shipping-taxable","20":"product-type-simple"},"approvals":[{"term_id":1013887,"name":"Audi","slug":"audi-de","term_group":0,"term_taxonomy_id":1013886,"taxonomy":"product_approvals","description":"","parent":0,"count":26,"filter":"raw"},{"term_id":1013870,"name":"Bentley","slug":"bentley-de","term_group":0,"term_taxonomy_id":1013869,"taxonomy":"product_approvals","description":"","parent":0,"count":26,"filter":"raw"},{"term_id":1013904,"name":"Bugatti","slug":"bugatti-de","term_group":0,"term_taxonomy_id":1013903,"taxonomy":"product_approvals","description":"","parent":0,"count":26,"filter":"raw"},{"term_id":1013989,"name":"Lamborghini","slug":"lamborghini-de","term_group":0,"term_taxonomy_id":1013988,"taxonomy":"product_approvals","description":"","parent":0,"count":26,"filter":"raw"},{"term_id":1013972,"name":"Seat","slug":"seat-de","term_group":0,"term_taxonomy_id":1013971,"taxonomy":"product_approvals","description":"","parent":0,"count":26,"filter":"raw"},{"term_id":1013938,"name":"VW","slug":"vw-de","term_group":0,"term_taxonomy_id":1013937,"taxonomy":"product_approvals","description":"","parent":0,"count":26,"filter":"raw"}],"application":[],"brb_media_brochure":[{"id":350312,"url":"https:\/\/dev.codekraft.it\/rotary-2024\/wp-content\/uploads\/brb_media\/00409949_vw-approvals-br-127168-de-2019-04-screen.pdf","title":"vw approvals br 127168 de 2019 04 screen","thumbnail":"https:\/\/dev.codekraft.it\/rotary-2024\/wp-content\/uploads\/brb_media\/00409949_vw-approvals-br-127168-de-2019-04-screen-pdf-106x150.png","description":""},{"id":350313,"url":"https:\/\/dev.codekraft.it\/rotary-2024\/wp-content\/uploads\/brb_media\/00409950_vw-approvals-br-127169-en-2019-04-screen.pdf","title":"vw approvals br 127169 en 2019 04 screen","thumbnail":"https:\/\/dev.codekraft.it\/rotary-2024\/wp-content\/uploads\/brb_media\/00409950_vw-approvals-br-127169-en-2019-04-screen-pdf-106x150.png","description":""},{"id":350314,"url":"https:\/\/dev.codekraft.it\/rotary-2024\/wp-content\/uploads\/brb_media\/00409951_vw-approvals-br-127170-fr-2019-04-screen.pdf","title":"vw approvals br 127170 fr 2019 04 screen","thumbnail":"https:\/\/dev.codekraft.it\/rotary-2024\/wp-content\/uploads\/brb_media\/00409951_vw-approvals-br-127170-fr-2019-04-screen-pdf-106x150.png","description":""},{"id":350315,"url":"https:\/\/dev.codekraft.it\/rotary-2024\/wp-content\/uploads\/brb_media\/00409952_vw-approvals-br-127171-it-2019-04-screen.pdf","title":"vw approvals br 127171 it 2019 04 screen","thumbnail":"https:\/\/dev.codekraft.it\/rotary-2024\/wp-content\/uploads\/brb_media\/00409952_vw-approvals-br-127171-it-2019-04-screen-pdf-106x150.png","description":""},{"id":350316,"url":"https:\/\/dev.codekraft.it\/rotary-2024\/wp-content\/uploads\/brb_media\/00409953_vw-approvals-br-127172-es-2019-04-screen.pdf","title":"vw approvals br 127172 es 2019 04 screen","thumbnail":"https:\/\/dev.codekraft.it\/rotary-2024\/wp-content\/uploads\/brb_media\/00409953_vw-approvals-br-127172-es-2019-04-screen-pdf-106x150.png","description":""},{"id":350317,"url":"https:\/\/dev.codekraft.it\/rotary-2024\/wp-content\/uploads\/brb_media\/00409954_vw-approvals-br-127173-ru-2019-04-screen.pdf","title":"vw approvals br 127173 ru 2019 04 screen","thumbnail":"https:\/\/dev.codekraft.it\/rotary-2024\/wp-content\/uploads\/brb_media\/00409954_vw-approvals-br-127173-ru-2019-04-screen-pdf-106x150.png","description":""}],"brb_media_drawing":[{"id":351375,"url":"https:\/\/dev.codekraft.it\/rotary-2024\/wp-content\/uploads\/brb_media\/00407462_4-post-lift-da-sm80-60_8705.pdf","title":"4 post lift da sm80 60 8705","thumbnail":"https:\/\/dev.codekraft.it\/rotary-2024\/wp-content\/uploads\/brb_media\/00407462_4-post-lift-da-sm80-60_8705-pdf-150x105.png","description":""},{"id":351376,"url":"https:\/\/dev.codekraft.it\/rotary-2024\/wp-content\/uploads\/brb_media\/00407463_4-post-lift-da-sm80-60_8714.pdf","title":"4 post lift da sm80 60 8714","thumbnail":"https:\/\/dev.codekraft.it\/rotary-2024\/wp-content\/uploads\/brb_media\/00407463_4-post-lift-da-sm80-60_8714-pdf-150x105.png","description":""},{"id":351377,"url":"https:\/\/dev.codekraft.it\/rotary-2024\/wp-content\/uploads\/brb_media\/00407464_4-post-lift-rfp-sm80-60_8706.pdf","title":"4 post lift rfp sm80 60 8706","thumbnail":"https:\/\/dev.codekraft.it\/rotary-2024\/wp-content\/uploads\/brb_media\/00407464_4-post-lift-rfp-sm80-60_8706-pdf-150x105.png","description":""},{"id":351378,"url":"https:\/\/dev.codekraft.it\/rotary-2024\/wp-content\/uploads\/brb_media\/00407465_4-post-lift-rfp-sm80-60_8715.pdf","title":"4 post lift rfp sm80 60 8715","thumbnail":"https:\/\/dev.codekraft.it\/rotary-2024\/wp-content\/uploads\/brb_media\/00407465_4-post-lift-rfp-sm80-60_8715-pdf-150x105.png","description":""}],"brb_media_manuals":"","brb_media_safety_datasheets":"","brb_media_spare_parts":[],"_cdmm_p_id":"490484","_company":"Elektron","_gtin":"","accessories":[{"id":379507,"cdmm_p_id":"470967","name":"Unterflureinbausatz 4 kurzen Rampen mit Achsmessausf\u00fchrung","description":"Unterflureinbausatz bestehend aus 4 kurzen Rampen mit Achsmessausf\u00fchrung (1 Satz \/ 4 Stk) f\u00fcr nachtr\u00e4glichen Umbau von \u00dcberflur und Unterflur","thumbnail":"https:\/\/dev.codekraft.it\/rotary-2024\/wp-content\/uploads\/brb_media\/00331730_4-post-lift-inground-kit-di-150x150.png","url":"https:\/\/dev.codekraft.it\/rotary-2024\/produkte\/zubehor-hebebuhnen-de\/zubehor-4-saulen-hebebuhnen-de\/unterflureinbausatz-4-kurzen-rampen-mit-achsmessausfuhrung\/"},{"id":378946,"cdmm_p_id":"421934","name":"LED-Beleuchtungs-Kit 4-fach, 24 V, 4800 mm","description":"","thumbnail":"https:\/\/dev.codekraft.it\/rotary-2024\/wp-content\/uploads\/brb_media\/00287577_s-40-50-lighting-set-mi-150x150.png","url":"https:\/\/dev.codekraft.it\/rotary-2024\/produkte\/zubehor-hebebuhnen-de\/zubehor-4-saulen-hebebuhnen-de\/led-beleuchtungs-kit-4-fach-24-v-4800-mm\/"},{"id":378958,"cdmm_p_id":"421936","name":"Nachr\u00fcstsatz Luftversorgungskit","description":"F\u00fcr Achsfreiheber","thumbnail":"https:\/\/dev.codekraft.it\/rotary-2024\/wp-content\/uploads\/brb_media\/00312549_4-post-lift-air-supply-di-150x150.png","url":"https:\/\/dev.codekraft.it\/rotary-2024\/produkte\/zubehor-hebebuhnen-de\/zubehor-4-saulen-hebebuhnen-de\/nachrustsatz-luftversorgungskit\/"},{"id":379495,"cdmm_p_id":"470137","name":"Auffahrrampen-Kit","description":"1200 mm, zus\u00e4tzlicher Rampensatz zum \u00dcberfahren der Hebeb\u00fchne - nicht m\u00f6glich in Kombination mit 820051 | 1 Satz \/ 2 St\u00fcck","thumbnail":"https:\/\/dev.codekraft.it\/rotary-2024\/wp-content\/uploads\/brb_media\/00309599-150x150.png","url":"https:\/\/dev.codekraft.it\/rotary-2024\/produkte\/zubehor-hebebuhnen-de\/zubehor-4-saulen-hebebuhnen-de\/auffahrrampen-kit-2\/"},{"id":378982,"cdmm_p_id":"421940","name":"Achsfreiheber f\u00fcr SM65 | 4,0 t","description":"4,0 t","thumbnail":"https:\/\/dev.codekraft.it\/rotary-2024\/wp-content\/uploads\/brb_media\/00309601_jacking-beam-rj-x40-1-mi-150x150.png","url":"https:\/\/dev.codekraft.it\/rotary-2024\/produkte\/zubehor-hebebuhnen-de\/zubehor-4-saulen-hebebuhnen-de\/achsfreiheber-fur-sm65-40-t\/"}],"components":[],"related":[],"similar":[{"id":379902,"cdmm_p_id":"472949","name":"4-S\u00e4ulen-Hebeb\u00fchne VAS 772005","description":"SM80-65-VAS | 8,0 t, elektrohydraulisch, mit ebenen Fahrbahnen, \u00dcberflur","thumbnail":"https:\/\/dev.codekraft.it\/rotary-2024\/wp-content\/uploads\/brb_media\/00400296_4-post-lift-vas772005-mi-150x150.png","url":"https:\/\/dev.codekraft.it\/rotary-2024\/produkte\/hebebuhnen-de\/4-saulen-hebebuhnen-de\/4-saulen-hebebuhne-vas-772005\/"}],"lang":"de","translations":{"de":380692,"en":380691,"fr":380693,"it":380694,"es":380695,"ru":380696},"pll_sync_post":[],"_links":{"self":[{"href":"https:\/\/dev.codekraft.it\/rotary-2024\/wp-json\/wp\/v2\/product\/380692","targetHints":{"allow":["GET"]}}],"collection":[{"href":"https:\/\/dev.codekraft.it\/rotary-2024\/wp-json\/wp\/v2\/product"}],"about":[{"href":"https:\/\/dev.codekraft.it\/rotary-2024\/wp-json\/wp\/v2\/types\/product"}],"wp:featuredmedia":[{"embeddable":true,"href":"https:\/\/dev.codekraft.it\/rotary-2024\/wp-json\/wp\/v2\/media\/351954"}],"wp:attachment":[{"href":"https:\/\/dev.codekraft.it\/rotary-2024\/wp-json\/wp\/v2\/media?parent=380692"}],"wp:term":[{"taxonomy":"product_cat","embeddable":true,"href":"https:\/\/dev.codekraft.it\/rotary-2024\/wp-json\/wp\/v2\/product_cat?post=380692"},{"taxonomy":"product_tag","embeddable":true,"href":"https:\/\/dev.codekraft.it\/rotary-2024\/wp-json\/wp\/v2\/product_tag?post=380692"},{"taxonomy":"product_approvals","embeddable":true,"href":"https:\/\/dev.codekraft.it\/rotary-2024\/wp-json\/wp\/v2\/product_approvals?post=380692"},{"taxonomy":"product_application","embeddable":true,"href":"https:\/\/dev.codekraft.it\/rotary-2024\/wp-json\/wp\/v2\/product_application?post=380692"}],"curies":[{"name":"wp","href":"https:\/\/api.w.org\/{rel}","templated":true}]}}