{"id":380681,"date":"2025-12-11T10:10:51","date_gmt":"2025-12-11T10:10:51","guid":{"rendered":"https:\/\/dev.codekraft.it\/rotary-2024\/products\/uncategorized\/pont-elevateur-a-colonne-mobile-hydrolift-s2-agrar-6-5\/"},"modified":"2025-12-11T10:10:51","modified_gmt":"2025-12-11T10:10:51","slug":"pont-elevateur-a-colonne-mobile-hydrolift-s2-agrar-6-5","status":"publish","type":"product","link":"https:\/\/dev.codekraft.it\/rotary-2024\/fr\/produits\/ponts-elevateurs-fr\/ponts-elevateurs-a-colonnes-mobiles-fr\/pont-elevateur-a-colonne-mobile-hydrolift-s2-agrar-6-5\/","title":{"rendered":"Pont el\u00e9vateur \u00e0 colonne mobile HydroLift S2 Agrar 6-5"},"content":{"rendered":"<p>Le syst\u00e8me de serre-roues de Blitz est un m\u00e9lange parfait de flexibilit\u00e9 et de stabilit\u00e9. Lib\u00e8re de l\u2019espace optimisez l\u2019utilisation de votre espace, dans l\u2019atelier et dehors.<\/p>\n<ul>\n<li>Surnom de \u00ab BIG FOOT\u00a0\u00bb<\/li>\n<li>Double protection contre la surcharge<\/li>\n<li>Contr\u00f4le intuitif<\/li>\n<li>Changement de position plus rapide gr\u00e2ce aux chariots \u00e9l\u00e9vateurs<\/li>\n<\/ul>\n<ul>\n<li>La construction modulaire permet une extension ult\u00e9rieure de 2 \u00e0 3, 4 ou maximum de 6 unit\u00e9s de levage.<\/li>\n<li>Le contr\u00f4le de la synchronisation garantit une synchronisation parfaite entre toutes les unit\u00e9s de levage &#8211; m\u00eame en cas de distribution de charge non \u00e9quilibr\u00e9e. La valeur de d\u00e9viation est de seulement 20 mm.<\/li>\n<li>Symboles simples \u00e0 comprendre et boutons-poussoirs organis\u00e9s de mani\u00e8re claire pour simplifier l\u2019utilisation. Les mises \u00e0 jour logicielles sont effectu\u00e9es via carte SD.<\/li>\n<li>Hydro Protect : Le cylindre de levage est prot\u00e9g\u00e9 contre les influences ext\u00e9rieures dans le chariot de levage. Le moteur et les unit\u00e9s hydrauliques sont totalement couverts.<\/li>\n<li>Le profil FS unique offre une protection optimale du moyeu de roue.<br \/>Toutes les fonctions sont disponibles dans chaque colonne de serre-roue.<\/li>\n<li>La combinaison de rouleaux \u00e0 faible frottement et d&#8217;une barre de traction hydraulique facilitent l&#8217;installation sur le lieu de travail.<\/li>\n<li>Chaque unit\u00e9 de levage est \u00e9quip\u00e9e d\u2019un bouton d&#8217;arr\u00eat d\u2019urgence.<\/li>\n<li>Symboles simples \u00e0 comprendre et boutons-poussoirs organis\u00e9s de mani\u00e8re claire pour simplifier l\u2019utilisation. Les mises \u00e0 jour logicielles sont effectu\u00e9es via une carte SD de 2 Go.<\/li>\n<li>La production \u00e0 grande \u00e9chelle dans nos usines de production certifi\u00e9es ISO assure une haute qualit\u00e9 de fabrication constante.<\/li>\n<\/ul>\n<ul>\n<li>Le chariot \u00e9l\u00e9vateur VARIO assure la compatibilit\u00e9 avec diff\u00e9rentes tailles de pneu, sans adaptateur suppl\u00e9mentaire : de 570 &#8211; 2000 mm-et, bien s\u00fbr, Super-Single<\/li>\n<li>Les batteries d&#8217;alimentation sont prot\u00e9g\u00e9es par un capot<\/li>\n<li>La barre de traction hydraulique est standard<\/li>\n<li>Les adaptateurs de chariot \u00e9l\u00e9vateur permettent un transport rapide et ais\u00e9 des serres-roues dans l\u2019atelier<\/li>\n<li>Le profile FS unique offre une protection optimale pour le moyeu de la roue<\/li>\n<li>Contr\u00f4le intuitif avec contr\u00f4les clairement organis\u00e9s<\/li>\n<li>Installation de 3 pi\u00e8ces possible : combinaison de deux colonnes BIG FOOT HydroLift, une colonne standard HydroLift 6.2\/7.5 et un kit adaptateur pour v\u00e9hicules agricoles.<\/li>\n<\/ul>\n","protected":false},"excerpt":{"rendered":"<p>6 x 5,0 t, \u00e9lectrohydraulique, sans fil, fonctionnement \u00e0 batterie<\/p>\n","protected":false},"featured_media":353166,"template":"","meta":[],"product_cat":[1033808],"product_tag":[1034128,1034197,1034180,1034231,1034214],"product_approvals":[],"product_application":[],"class_list":{"0":"post-380681","1":"product","2":"type-product","3":"status-publish","4":"has-post-thumbnail","6":"product_cat-ponts-elevateurs-a-colonnes-mobiles-fr","7":"product_tag-trucks-fr","8":"product_tag-motor-homes-fr","9":"product_tag-light-commercial-fr","10":"product_tag-tracked-vehicles-fr","11":"product_tag-agricultural-machines-fr","13":"first","14":"instock","15":"shipping-taxable","16":"product-type-simple"},"approvals":[],"application":[],"brb_media_brochure":[{"id":353203,"url":"https:\/\/dev.codekraft.it\/rotary-2024\/wp-content\/uploads\/brb_media\/00406384_mobile-column-lift-hydrolift-s2-8-2c2-om-sp-117725-de-2018-08-rev-e.pdf","title":"mobile column lift hydrolift s2 8 2c2 om sp 117725 de 2018 08 rev e","thumbnail":"https:\/\/dev.codekraft.it\/rotary-2024\/wp-content\/uploads\/brb_media\/00406384_mobile-column-lift-hydrolift-s2-8-2c2-om-sp-117725-de-2018-08-rev-e-pdf-116x150.png","description":""},{"id":353204,"url":"https:\/\/dev.codekraft.it\/rotary-2024\/wp-content\/uploads\/brb_media\/00406385_mobile-column-lift-hydrolift-s2-8-2c2-om-sp-117726-en-2018-08-rev-e.pdf","title":"mobile column lift hydrolift s2 8 2c2 om sp 117726 en 2018 08 rev e","thumbnail":"https:\/\/dev.codekraft.it\/rotary-2024\/wp-content\/uploads\/brb_media\/00406385_mobile-column-lift-hydrolift-s2-8-2c2-om-sp-117726-en-2018-08-rev-e-pdf-116x150.png","description":""},{"id":353205,"url":"https:\/\/dev.codekraft.it\/rotary-2024\/wp-content\/uploads\/brb_media\/00406386_mobile-column-lift-hydrolift-s2-8-2c2-om-sp-117727-fr-2018-08-rev-e.pdf","title":"mobile column lift hydrolift s2 8 2c2 om sp 117727 fr 2018 08 rev e","thumbnail":"https:\/\/dev.codekraft.it\/rotary-2024\/wp-content\/uploads\/brb_media\/00406386_mobile-column-lift-hydrolift-s2-8-2c2-om-sp-117727-fr-2018-08-rev-e-pdf-116x150.png","description":""},{"id":353206,"url":"https:\/\/dev.codekraft.it\/rotary-2024\/wp-content\/uploads\/brb_media\/00406387_mobile-column-lift-hydrolift-s2-8-2c2-om-sp-117728-es-2018-08-rev-e.pdf","title":"mobile column lift hydrolift s2 8 2c2 om sp 117728 es 2018 08 rev e","thumbnail":"https:\/\/dev.codekraft.it\/rotary-2024\/wp-content\/uploads\/brb_media\/00406387_mobile-column-lift-hydrolift-s2-8-2c2-om-sp-117728-es-2018-08-rev-e-pdf-116x150.png","description":""},{"id":353207,"url":"https:\/\/dev.codekraft.it\/rotary-2024\/wp-content\/uploads\/brb_media\/00406388_mobile-column-lift-hydrolift-s2-8-2c2-om-sp-117729-it-2018-08-rev-e.pdf","title":"mobile column lift hydrolift s2 8 2c2 om sp 117729 it 2018 08 rev e","thumbnail":"https:\/\/dev.codekraft.it\/rotary-2024\/wp-content\/uploads\/brb_media\/00406388_mobile-column-lift-hydrolift-s2-8-2c2-om-sp-117729-it-2018-08-rev-e-pdf-116x150.png","description":""},{"id":353208,"url":"https:\/\/dev.codekraft.it\/rotary-2024\/wp-content\/uploads\/brb_media\/00406389_mobile-column-lift-hydrolift-s2-8-2c2-om-sp-117730-ru-2018-08-rev-e.pdf","title":"mobile column lift hydrolift s2 8 2c2 om sp 117730 ru 2018 08 rev e","thumbnail":"https:\/\/dev.codekraft.it\/rotary-2024\/wp-content\/uploads\/brb_media\/00406389_mobile-column-lift-hydrolift-s2-8-2c2-om-sp-117730-ru-2018-08-rev-e-pdf-116x150.png","description":""}],"brb_media_drawing":"","brb_media_manuals":[{"id":353190,"url":"https:\/\/dev.codekraft.it\/rotary-2024\/wp-content\/uploads\/brb_media\/00406377_mobile-column-lift-hydrolift-s2-6-2c2-om-sp-117852-de-2018-08-rev-d.pdf","title":"mobile column lift hydrolift s2 6 2c2 om sp 117852 de 2018 08 rev d","thumbnail":"https:\/\/dev.codekraft.it\/rotary-2024\/wp-content\/uploads\/brb_media\/00406377_mobile-column-lift-hydrolift-s2-6-2c2-om-sp-117852-de-2018-08-rev-d-pdf-116x150.png","description":""},{"id":353191,"url":"https:\/\/dev.codekraft.it\/rotary-2024\/wp-content\/uploads\/brb_media\/00406378_mobile-column-lift-hydrolift-s2-6-2c2-om-sp-117853-en-2018-08-rev-d.pdf","title":"mobile column lift hydrolift s2 6 2c2 om sp 117853 en 2018 08 rev d","thumbnail":"https:\/\/dev.codekraft.it\/rotary-2024\/wp-content\/uploads\/brb_media\/00406378_mobile-column-lift-hydrolift-s2-6-2c2-om-sp-117853-en-2018-08-rev-d-pdf-116x150.png","description":""},{"id":353192,"url":"https:\/\/dev.codekraft.it\/rotary-2024\/wp-content\/uploads\/brb_media\/00406379_mobile-column-lift-hydrolift-s2-6-2c2-om-sp-117854-fr-2018-08-rev-d.pdf","title":"mobile column lift hydrolift s2 6 2c2 om sp 117854 fr 2018 08 rev d","thumbnail":"https:\/\/dev.codekraft.it\/rotary-2024\/wp-content\/uploads\/brb_media\/00406379_mobile-column-lift-hydrolift-s2-6-2c2-om-sp-117854-fr-2018-08-rev-d-pdf-116x150.png","description":""},{"id":353193,"url":"https:\/\/dev.codekraft.it\/rotary-2024\/wp-content\/uploads\/brb_media\/00406380_mobile-column-lift-hydrolift-s2-6-2c2-om-sp-117855-es-2018-08-rev-d.pdf","title":"mobile column lift hydrolift s2 6 2c2 om sp 117855 es 2018 08 rev d","thumbnail":"https:\/\/dev.codekraft.it\/rotary-2024\/wp-content\/uploads\/brb_media\/00406380_mobile-column-lift-hydrolift-s2-6-2c2-om-sp-117855-es-2018-08-rev-d-pdf-116x150.png","description":""},{"id":353194,"url":"https:\/\/dev.codekraft.it\/rotary-2024\/wp-content\/uploads\/brb_media\/00406381_mobile-column-lift-hydrolift-s2-6-2c2-om-sp-117856-it-2018-08-rev-d.pdf","title":"mobile column lift hydrolift s2 6 2c2 om sp 117856 it 2018 08 rev d","thumbnail":"https:\/\/dev.codekraft.it\/rotary-2024\/wp-content\/uploads\/brb_media\/00406381_mobile-column-lift-hydrolift-s2-6-2c2-om-sp-117856-it-2018-08-rev-d-pdf-116x150.png","description":""},{"id":353195,"url":"https:\/\/dev.codekraft.it\/rotary-2024\/wp-content\/uploads\/brb_media\/00406382_mobile-column-lift-hydrolift-s2-6-2c2-om-sp-117857-ru-2018-08-rev-d.pdf","title":"mobile column lift hydrolift s2 6 2c2 om sp 117857 ru 2018 08 rev d","thumbnail":"https:\/\/dev.codekraft.it\/rotary-2024\/wp-content\/uploads\/brb_media\/00406382_mobile-column-lift-hydrolift-s2-6-2c2-om-sp-117857-ru-2018-08-rev-d-pdf-116x150.png","description":""},{"id":353196,"url":"https:\/\/dev.codekraft.it\/rotary-2024\/wp-content\/uploads\/brb_media\/00406383_mobile-column-lift-hydrolift-s2-6-2c2-om-sp-no-2018-08-rev-d.pdf","title":"mobile column lift hydrolift s2 6 2c2 om sp no 2018 08 rev d","thumbnail":"https:\/\/dev.codekraft.it\/rotary-2024\/wp-content\/uploads\/brb_media\/00406383_mobile-column-lift-hydrolift-s2-6-2c2-om-sp-no-2018-08-rev-d-pdf-116x150.png","description":""}],"brb_media_safety_datasheets":"","brb_media_spare_parts":[],"_cdmm_p_id":"490337","_company":"Elektron","_gtin":"4057612738926","accessories":[{"id":380090,"cdmm_p_id":"476579","name":"Capot de protection pour HydroLift 8,2","description":"Capot de protection flexible et stable avec aimants contre les projections d'eau | Uniquement pour les colonnes mobiles fonctionnant sur batterie | 1 pi\u00e8ce","thumbnail":"https:\/\/dev.codekraft.it\/rotary-2024\/wp-content\/uploads\/brb_media\/00409842_hydrolift-with-coverage-for-car-wash-facility-usage-diagonal-ral7016-di-150x150.png","url":"https:\/\/dev.codekraft.it\/rotary-2024\/fr\/produits\/accessoires-ponts-elevateurs-fr\/accessoires-ponts-elevateurs-a-colonnes-mobiles-fr\/capot-de-protection-pour-hydrolift-82\/"},{"id":380096,"cdmm_p_id":"476580","name":"Kit d&#039;\u00e9clairage LED Standard | pour HydroLift 6,2\/7,5\/8,2","description":"Incl. jeu de c\u00e2bles, support et instructions de montage | 2 pi\u00e8ces","thumbnail":"https:\/\/dev.codekraft.it\/rotary-2024\/wp-content\/uploads\/brb_media\/00414016_hydrolift-s3-with-led-new-mi-150x150.png","url":"https:\/\/dev.codekraft.it\/rotary-2024\/fr\/produits\/accessoires-ponts-elevateurs-fr\/accessoires-ponts-elevateurs-a-colonnes-mobiles-fr\/kit-declairage-led-standard-pour-hydrolift-62-75-82\/"},{"id":381049,"cdmm_p_id":"497203","name":"Kit de rampes d&#039;acc\u00e8s","description":"Rampes pour chariot \u00e9l\u00e9vateur, acc\u00e8s d'un seul c\u00f4t\u00e9 | Gris (RAL 7012)","thumbnail":"https:\/\/dev.codekraft.it\/rotary-2024\/wp-content\/uploads\/brb_media\/00507162_m140124_002-150x150.jpg","url":"https:\/\/dev.codekraft.it\/rotary-2024\/fr\/produits\/accessoires-ponts-elevateurs-fr\/accessoires-ponts-elevateurs-a-colonnes-mobiles-fr\/kit-de-rampes-dacces-3\/"},{"id":381055,"cdmm_p_id":"497204","name":"Kit de rampes d&#039;acc\u00e8s","description":"Rampes pour chariot \u00e9l\u00e9vateur, passage des deux c\u00f4t\u00e9s | Gris (RAL 7012)","thumbnail":"https:\/\/dev.codekraft.it\/rotary-2024\/wp-content\/uploads\/brb_media\/00507164_m140yyy_001-150x150.jpg","url":"https:\/\/dev.codekraft.it\/rotary-2024\/fr\/produits\/accessoires-ponts-elevateurs-fr\/accessoires-ponts-elevateurs-a-colonnes-mobiles-fr\/kit-de-rampes-dacces-4\/"},{"id":381061,"cdmm_p_id":"497205","name":"Kit de rampes d&#039;acc\u00e8s","description":"Rampes pour chariot \u00e9l\u00e9vateur \u00e0 trois roues, acc\u00e8s d'un seul c\u00f4t\u00e9| Gris (RAL 7012)","thumbnail":"https:\/\/dev.codekraft.it\/rotary-2024\/wp-content\/uploads\/brb_media\/00507163_m140xxx_001-150x150.jpg","url":"https:\/\/dev.codekraft.it\/rotary-2024\/fr\/produits\/accessoires-ponts-elevateurs-fr\/accessoires-ponts-elevateurs-a-colonnes-mobiles-fr\/kit-de-rampes-dacces-5\/"},{"id":381037,"cdmm_p_id":"497201","name":"V\u00e9hicule de transport pour jeu de rampes","description":"Chariot pour kit de rampes d'acc\u00e8s pour chariot \u00e9l\u00e9vateur M140124BG \/ M140127BG","thumbnail":"https:\/\/dev.codekraft.it\/rotary-2024\/wp-content\/uploads\/brb_media\/00489148_m110175bg-mi-150x150.jpg","url":"https:\/\/dev.codekraft.it\/rotary-2024\/fr\/produits\/accessoires-ponts-elevateurs-fr\/accessoires-ponts-elevateurs-a-colonnes-mobiles-fr\/vehicule-de-transport-pour-jeu-de-rampes\/"},{"id":384011,"cdmm_p_id":"501896","name":"Chevalet d&#039;appui","description":"7500 kg, 1330 - 2030 mm, r\u00e9glable en hauteur par paliers de 7 x 100 mm, 2 roulettes, support en U | Gris (RAL 7040)","thumbnail":"https:\/\/dev.codekraft.it\/rotary-2024\/wp-content\/uploads\/brb_media\/00535518_mobile-columns-s260a1-mi-150x150.png","url":"https:\/\/dev.codekraft.it\/rotary-2024\/fr\/produits\/accessoires-ponts-elevateurs-fr\/accessoires-ponts-elevateurs-a-colonnes-mobiles-fr\/chevalet-dappui-3\/"},{"id":382949,"cdmm_p_id":"501929","name":"Chevalet d&#039;appui","description":"10000 kg, 1235 - 2040 mm, r\u00e9glable en hauteur par pas de 6 x 100 mm, avec en plus partie sup\u00e9rieure r\u00e9glable en continu (115 mm), 3 roues r\u00e9tractables, support en U et support en prisme (interchangeables), pr\u00eat \u00e0 l'emploi | Gris (RAL 7040)","thumbnail":"https:\/\/dev.codekraft.it\/rotary-2024\/wp-content\/uploads\/brb_media\/00535520_mobile-columns-s270a2-mi-150x150.png","url":"https:\/\/dev.codekraft.it\/rotary-2024\/fr\/produits\/accessoires-ponts-elevateurs-fr\/accessoires-ponts-elevateurs-a-colonnes-mobiles-fr\/chevalet-dappui-2\/"},{"id":382722,"cdmm_p_id":"501897","name":"Chevalet d&#039;appui","description":"10000 kg, 1235 - 2040 mm, r\u00e9glable en hauteur par pas de 6 x 100 mm, avec en plus partie sup\u00e9rieure r\u00e9glable en continu (115 mm), 2 roulettes, support en U et support en prisme (interchangeables) | Gris (RAL 7040)","thumbnail":"https:\/\/dev.codekraft.it\/rotary-2024\/wp-content\/uploads\/brb_media\/00535519_mobile-columns-s270a1-mi-150x150.png","url":"https:\/\/dev.codekraft.it\/rotary-2024\/fr\/produits\/accessoires-ponts-elevateurs-fr\/accessoires-ponts-elevateurs-a-colonnes-mobiles-fr\/chevalet-dappui\/"}],"components":[],"related":[],"similar":[{"id":380669,"cdmm_p_id":"490334","name":"Pont el\u00e9vateur \u00e0 colonne mobile HydroLift S2 Agrar 2-5","description":"2 x 5,0 t, \u00e9lectrohydraulique, sans fil, fonctionnement \u00e0 batterie | Gris (RAL 7016)","thumbnail":"https:\/\/dev.codekraft.it\/rotary-2024\/wp-content\/uploads\/brb_media\/00409830_hydrolift-s2-agrar-with-john-deere-from-the-side-ral7016-mi-150x150.png","url":"https:\/\/dev.codekraft.it\/rotary-2024\/fr\/produits\/ponts-elevateurs-fr\/ponts-elevateurs-a-colonnes-mobiles-fr\/pont-elevateur-a-colonne-mobile-hydrolift-s2-agrar-2-5\/"},{"id":380675,"cdmm_p_id":"490336","name":"Pont el\u00e9vateur \u00e0 colonne mobile HydroLift S2 Agrar 4-5","description":"4 x 5,0 t, \u00e9lectrohydraulique, sans fil, fonctionnement \u00e0 batterie","thumbnail":"https:\/\/dev.codekraft.it\/rotary-2024\/wp-content\/uploads\/brb_media\/00409830_hydrolift-s2-agrar-with-john-deere-from-the-side-ral7016-mi-150x150.png","url":"https:\/\/dev.codekraft.it\/rotary-2024\/fr\/produits\/ponts-elevateurs-fr\/ponts-elevateurs-a-colonnes-mobiles-fr\/pont-elevateur-a-colonne-mobile-hydrolift-s2-agrar-4-5\/"}],"lang":"fr","translations":{"fr":380681,"en":380679,"de":380680,"it":380682,"es":380683,"ru":380684},"pll_sync_post":[],"_links":{"self":[{"href":"https:\/\/dev.codekraft.it\/rotary-2024\/wp-json\/wp\/v2\/product\/380681","targetHints":{"allow":["GET"]}}],"collection":[{"href":"https:\/\/dev.codekraft.it\/rotary-2024\/wp-json\/wp\/v2\/product"}],"about":[{"href":"https:\/\/dev.codekraft.it\/rotary-2024\/wp-json\/wp\/v2\/types\/product"}],"wp:featuredmedia":[{"embeddable":true,"href":"https:\/\/dev.codekraft.it\/rotary-2024\/wp-json\/wp\/v2\/media\/353166"}],"wp:attachment":[{"href":"https:\/\/dev.codekraft.it\/rotary-2024\/wp-json\/wp\/v2\/media?parent=380681"}],"wp:term":[{"taxonomy":"product_cat","embeddable":true,"href":"https:\/\/dev.codekraft.it\/rotary-2024\/wp-json\/wp\/v2\/product_cat?post=380681"},{"taxonomy":"product_tag","embeddable":true,"href":"https:\/\/dev.codekraft.it\/rotary-2024\/wp-json\/wp\/v2\/product_tag?post=380681"},{"taxonomy":"product_approvals","embeddable":true,"href":"https:\/\/dev.codekraft.it\/rotary-2024\/wp-json\/wp\/v2\/product_approvals?post=380681"},{"taxonomy":"product_application","embeddable":true,"href":"https:\/\/dev.codekraft.it\/rotary-2024\/wp-json\/wp\/v2\/product_application?post=380681"}],"curies":[{"name":"wp","href":"https:\/\/api.w.org\/{rel}","templated":true}]}}