{"id":380680,"date":"2025-12-11T10:04:37","date_gmt":"2025-12-11T10:04:37","guid":{"rendered":"https:\/\/dev.codekraft.it\/rotary-2024\/products\/uncategorized\/radgreifanlage-hydrolift-s2-agrar-6-5\/"},"modified":"2025-12-11T10:04:37","modified_gmt":"2025-12-11T10:04:37","slug":"radgreifanlage-hydrolift-s2-agrar-6-5","status":"publish","type":"product","link":"https:\/\/dev.codekraft.it\/rotary-2024\/produkte\/hebebuhnen-de\/radgreifanlagen-de\/radgreifanlage-hydrolift-s2-agrar-6-5\/","title":{"rendered":"Radgreifanlage HydroLift S2 Agrar 6-5"},"content":{"rendered":"<p>Flexibilit\u00e4t und Stabilit\u00e4t bilden bei den mobilen Radgreiferanlagen von Blitz eine perfekte Einheit. Freie Bereiche &#8211; sowohl in der Werkstatt als auch im Freien k\u00f6nnen so optimal genutzt werden.<\/p>\n<ul>\n<li>Spitzname \u201eBIG FOOT\u201d<\/li>\n<li>Doppelte Lastsicherung sorgt f\u00fcr Sicherheit<\/li>\n<li>Intuitive Bedienung<\/li>\n<li>Schneller Positionswechsel durch Gabelstapler m\u00f6glich<\/li>\n<\/ul>\n<ul>\n<li>Die modulare Bauweise erm\u00f6glicht die nachtr\u00e4gliche Erweiterung von 2 auf 3, 4 oder max. 6 Hubeinheiten.<\/li>\n<li>Die Gleichlaufregelung garantiert absoluten Synchronlauf aller Hubeinheiten &#8211; auch bei ungleicher Lastverteilung. Die Regeldifferenz betr\u00e4gt dabei nur 20 mm.<\/li>\n<li>Doppelte Lastsicherung durch stufenlose hydraulische Sicherung mittels Sperrventil und mechanischer Sicherheitsklinke.<\/li>\n<li>Hydro-Protect : Der Hubzylinder befindet sich vor \u00e4u\u00dferen Einfl\u00fcssen gesch\u00fctzt im Hubschlitten. Auch Motor und Hydraulikaggregat sind komplett abgedeckt.<\/li>\n<li>Das einzigartige FS-Profil bietet optimalen Schutz der Radnabe.<\/li>\n<li>Alle Funktionen stehen an jeder Radgreifers\u00e4ule zur Verf\u00fcgung.<\/li>\n<li>Leichtlaufrollen in Kombination mit der hydraulischen Deichsel erleichtern das Einrichten des Arbeitsplatzes.<\/li>\n<li>Not-Halt Taster an jeder S\u00e4ule vorhanden.<\/li>\n<li>Leicht verst\u00e4ndliche Symbole und \u00fcbersichtliche Drucktaster erleichtern das Bedienen. Software-Updates erfolgen \u00fcber eine 2\u00a0GB SD-Karte.<\/li>\n<li>Die Gro\u00dfserienproduktion in unseren ISO-zertifizierten Produktionsst\u00e4tten erm\u00f6glicht eine konstant hohe Fertigungstiefe.<\/li>\n<\/ul>\n<ul>\n<li>Die VARIO-Gabel gew\u00e4hrleistet die Aufnahme unterschiedlicher Reifengr\u00f6\u00dfen ohne zus\u00e4tzliche Adapter: von 570 &#8211; 2000 mm &#8211; nat\u00fcrlich auch Super-Single<\/li>\n<li>Versorgungsbatterien gesch\u00fctzt hinter der Abdeckung<\/li>\n<li>Hydraulische Verfahrdeichsel serienm\u00e4\u00dfig<\/li>\n<li>Gabelstapleradapter erm\u00f6glichen einen schnellen und bequemen Transport der Radgreifer in der Werkstatt<\/li>\n<li>Das einzigartige FS-Profil bietet optimalen Schutz der Radnabe<\/li>\n<li>Intuitive Bedienung mit \u00fcbersichtlich angeordneten Bedienelementen<\/li>\n<li>3er-Verbund in Kombination m\u00f6glich: Zwei Big Foot HydroLift S\u00e4ulen und eine Standard HydroLift 6,2\/7,5 S\u00e4ule und Agraradapter Set m\u00f6glich.<\/li>\n<\/ul>\n","protected":false},"excerpt":{"rendered":"<p>6 x 5,0 t, elektrohydraulisch, kabellos, akkubetrieben<\/p>\n","protected":false},"featured_media":353166,"template":"","meta":[],"product_cat":[1033804],"product_tag":[1034229,1034212,1034126,1034178,1034195],"product_approvals":[],"product_application":[],"class_list":{"0":"post-380680","1":"product","2":"type-product","3":"status-publish","4":"has-post-thumbnail","6":"product_cat-radgreifanlagen-de","7":"product_tag-tracked-vehicles-de","8":"product_tag-agricultural-machines-de","9":"product_tag-trucks-de","10":"product_tag-light-commercial-de","11":"product_tag-motor-homes-de","13":"first","14":"instock","15":"shipping-taxable","16":"product-type-simple"},"approvals":[],"application":[],"brb_media_brochure":[{"id":353203,"url":"https:\/\/dev.codekraft.it\/rotary-2024\/wp-content\/uploads\/brb_media\/00406384_mobile-column-lift-hydrolift-s2-8-2c2-om-sp-117725-de-2018-08-rev-e.pdf","title":"mobile column lift hydrolift s2 8 2c2 om sp 117725 de 2018 08 rev e","thumbnail":"https:\/\/dev.codekraft.it\/rotary-2024\/wp-content\/uploads\/brb_media\/00406384_mobile-column-lift-hydrolift-s2-8-2c2-om-sp-117725-de-2018-08-rev-e-pdf-116x150.png","description":""},{"id":353204,"url":"https:\/\/dev.codekraft.it\/rotary-2024\/wp-content\/uploads\/brb_media\/00406385_mobile-column-lift-hydrolift-s2-8-2c2-om-sp-117726-en-2018-08-rev-e.pdf","title":"mobile column lift hydrolift s2 8 2c2 om sp 117726 en 2018 08 rev e","thumbnail":"https:\/\/dev.codekraft.it\/rotary-2024\/wp-content\/uploads\/brb_media\/00406385_mobile-column-lift-hydrolift-s2-8-2c2-om-sp-117726-en-2018-08-rev-e-pdf-116x150.png","description":""},{"id":353205,"url":"https:\/\/dev.codekraft.it\/rotary-2024\/wp-content\/uploads\/brb_media\/00406386_mobile-column-lift-hydrolift-s2-8-2c2-om-sp-117727-fr-2018-08-rev-e.pdf","title":"mobile column lift hydrolift s2 8 2c2 om sp 117727 fr 2018 08 rev e","thumbnail":"https:\/\/dev.codekraft.it\/rotary-2024\/wp-content\/uploads\/brb_media\/00406386_mobile-column-lift-hydrolift-s2-8-2c2-om-sp-117727-fr-2018-08-rev-e-pdf-116x150.png","description":""},{"id":353206,"url":"https:\/\/dev.codekraft.it\/rotary-2024\/wp-content\/uploads\/brb_media\/00406387_mobile-column-lift-hydrolift-s2-8-2c2-om-sp-117728-es-2018-08-rev-e.pdf","title":"mobile column lift hydrolift s2 8 2c2 om sp 117728 es 2018 08 rev e","thumbnail":"https:\/\/dev.codekraft.it\/rotary-2024\/wp-content\/uploads\/brb_media\/00406387_mobile-column-lift-hydrolift-s2-8-2c2-om-sp-117728-es-2018-08-rev-e-pdf-116x150.png","description":""},{"id":353207,"url":"https:\/\/dev.codekraft.it\/rotary-2024\/wp-content\/uploads\/brb_media\/00406388_mobile-column-lift-hydrolift-s2-8-2c2-om-sp-117729-it-2018-08-rev-e.pdf","title":"mobile column lift hydrolift s2 8 2c2 om sp 117729 it 2018 08 rev e","thumbnail":"https:\/\/dev.codekraft.it\/rotary-2024\/wp-content\/uploads\/brb_media\/00406388_mobile-column-lift-hydrolift-s2-8-2c2-om-sp-117729-it-2018-08-rev-e-pdf-116x150.png","description":""},{"id":353208,"url":"https:\/\/dev.codekraft.it\/rotary-2024\/wp-content\/uploads\/brb_media\/00406389_mobile-column-lift-hydrolift-s2-8-2c2-om-sp-117730-ru-2018-08-rev-e.pdf","title":"mobile column lift hydrolift s2 8 2c2 om sp 117730 ru 2018 08 rev e","thumbnail":"https:\/\/dev.codekraft.it\/rotary-2024\/wp-content\/uploads\/brb_media\/00406389_mobile-column-lift-hydrolift-s2-8-2c2-om-sp-117730-ru-2018-08-rev-e-pdf-116x150.png","description":""}],"brb_media_drawing":"","brb_media_manuals":[{"id":353190,"url":"https:\/\/dev.codekraft.it\/rotary-2024\/wp-content\/uploads\/brb_media\/00406377_mobile-column-lift-hydrolift-s2-6-2c2-om-sp-117852-de-2018-08-rev-d.pdf","title":"mobile column lift hydrolift s2 6 2c2 om sp 117852 de 2018 08 rev d","thumbnail":"https:\/\/dev.codekraft.it\/rotary-2024\/wp-content\/uploads\/brb_media\/00406377_mobile-column-lift-hydrolift-s2-6-2c2-om-sp-117852-de-2018-08-rev-d-pdf-116x150.png","description":""},{"id":353191,"url":"https:\/\/dev.codekraft.it\/rotary-2024\/wp-content\/uploads\/brb_media\/00406378_mobile-column-lift-hydrolift-s2-6-2c2-om-sp-117853-en-2018-08-rev-d.pdf","title":"mobile column lift hydrolift s2 6 2c2 om sp 117853 en 2018 08 rev d","thumbnail":"https:\/\/dev.codekraft.it\/rotary-2024\/wp-content\/uploads\/brb_media\/00406378_mobile-column-lift-hydrolift-s2-6-2c2-om-sp-117853-en-2018-08-rev-d-pdf-116x150.png","description":""},{"id":353192,"url":"https:\/\/dev.codekraft.it\/rotary-2024\/wp-content\/uploads\/brb_media\/00406379_mobile-column-lift-hydrolift-s2-6-2c2-om-sp-117854-fr-2018-08-rev-d.pdf","title":"mobile column lift hydrolift s2 6 2c2 om sp 117854 fr 2018 08 rev d","thumbnail":"https:\/\/dev.codekraft.it\/rotary-2024\/wp-content\/uploads\/brb_media\/00406379_mobile-column-lift-hydrolift-s2-6-2c2-om-sp-117854-fr-2018-08-rev-d-pdf-116x150.png","description":""},{"id":353193,"url":"https:\/\/dev.codekraft.it\/rotary-2024\/wp-content\/uploads\/brb_media\/00406380_mobile-column-lift-hydrolift-s2-6-2c2-om-sp-117855-es-2018-08-rev-d.pdf","title":"mobile column lift hydrolift s2 6 2c2 om sp 117855 es 2018 08 rev d","thumbnail":"https:\/\/dev.codekraft.it\/rotary-2024\/wp-content\/uploads\/brb_media\/00406380_mobile-column-lift-hydrolift-s2-6-2c2-om-sp-117855-es-2018-08-rev-d-pdf-116x150.png","description":""},{"id":353194,"url":"https:\/\/dev.codekraft.it\/rotary-2024\/wp-content\/uploads\/brb_media\/00406381_mobile-column-lift-hydrolift-s2-6-2c2-om-sp-117856-it-2018-08-rev-d.pdf","title":"mobile column lift hydrolift s2 6 2c2 om sp 117856 it 2018 08 rev d","thumbnail":"https:\/\/dev.codekraft.it\/rotary-2024\/wp-content\/uploads\/brb_media\/00406381_mobile-column-lift-hydrolift-s2-6-2c2-om-sp-117856-it-2018-08-rev-d-pdf-116x150.png","description":""},{"id":353195,"url":"https:\/\/dev.codekraft.it\/rotary-2024\/wp-content\/uploads\/brb_media\/00406382_mobile-column-lift-hydrolift-s2-6-2c2-om-sp-117857-ru-2018-08-rev-d.pdf","title":"mobile column lift hydrolift s2 6 2c2 om sp 117857 ru 2018 08 rev d","thumbnail":"https:\/\/dev.codekraft.it\/rotary-2024\/wp-content\/uploads\/brb_media\/00406382_mobile-column-lift-hydrolift-s2-6-2c2-om-sp-117857-ru-2018-08-rev-d-pdf-116x150.png","description":""},{"id":353196,"url":"https:\/\/dev.codekraft.it\/rotary-2024\/wp-content\/uploads\/brb_media\/00406383_mobile-column-lift-hydrolift-s2-6-2c2-om-sp-no-2018-08-rev-d.pdf","title":"mobile column lift hydrolift s2 6 2c2 om sp no 2018 08 rev d","thumbnail":"https:\/\/dev.codekraft.it\/rotary-2024\/wp-content\/uploads\/brb_media\/00406383_mobile-column-lift-hydrolift-s2-6-2c2-om-sp-no-2018-08-rev-d-pdf-116x150.png","description":""}],"brb_media_safety_datasheets":"","brb_media_spare_parts":[],"_cdmm_p_id":"490337","_company":"Elektron","_gtin":"4057612738926","accessories":[{"id":380089,"cdmm_p_id":"476579","name":"Schutzhaube f\u00fcr HydroLift 8,2","description":"Flexible, stabile Schutzhaube mit Magneten gegen Spritzwasser | Nur f\u00fcr akkubetriebene Radgreifer | 1 St\u00fcck","thumbnail":"https:\/\/dev.codekraft.it\/rotary-2024\/wp-content\/uploads\/brb_media\/00409842_hydrolift-with-coverage-for-car-wash-facility-usage-diagonal-ral7016-di-150x150.png","url":"https:\/\/dev.codekraft.it\/rotary-2024\/produkte\/zubehor-hebebuhnen-de\/zubehor-radgreifanlagen-de\/schutzhaube-fur-hydrolift-82\/"},{"id":380095,"cdmm_p_id":"476580","name":"LED-Beleuchtungs-Kit Standard | f\u00fcr HydroLift 6,2\/7,5\/8,2","description":"Inkl. Kabelsatz, Halterung und Montageanleitung | 2 St\u00fcck","thumbnail":"https:\/\/dev.codekraft.it\/rotary-2024\/wp-content\/uploads\/brb_media\/00414016_hydrolift-s3-with-led-new-mi-150x150.png","url":"https:\/\/dev.codekraft.it\/rotary-2024\/produkte\/zubehor-hebebuhnen-de\/zubehor-radgreifanlagen-de\/led-beleuchtungs-kit-standard-fur-hydrolift-62-75-82\/"},{"id":381048,"cdmm_p_id":"497203","name":"Auffahrrampen-Kit","description":"Gabelstaplerrampen, einseitig auffahrbar | Grau (RAL 7012)","thumbnail":"https:\/\/dev.codekraft.it\/rotary-2024\/wp-content\/uploads\/brb_media\/00507162_m140124_002-150x150.jpg","url":"https:\/\/dev.codekraft.it\/rotary-2024\/produkte\/zubehor-hebebuhnen-de\/zubehor-radgreifanlagen-de\/auffahrrampen-kit-3\/"},{"id":381054,"cdmm_p_id":"497204","name":"Auffahrrampen-Kit","description":"Gabelstaplerrampen, beidseitig \u00fcberfahrbar | Grau (RAL 7012)","thumbnail":"https:\/\/dev.codekraft.it\/rotary-2024\/wp-content\/uploads\/brb_media\/00507164_m140yyy_001-150x150.jpg","url":"https:\/\/dev.codekraft.it\/rotary-2024\/produkte\/zubehor-hebebuhnen-de\/zubehor-radgreifanlagen-de\/auffahrrampen-kit-4\/"},{"id":381060,"cdmm_p_id":"497205","name":"Auffahrrampen-Kit","description":"Dreiradgabelstapler-Rampen, einseitig befahrbar | Grau (RAL 7012)","thumbnail":"https:\/\/dev.codekraft.it\/rotary-2024\/wp-content\/uploads\/brb_media\/00507163_m140xxx_001-150x150.jpg","url":"https:\/\/dev.codekraft.it\/rotary-2024\/produkte\/zubehor-hebebuhnen-de\/zubehor-radgreifanlagen-de\/auffahrrampen-kit-5\/"},{"id":381036,"cdmm_p_id":"497201","name":"Transportwagen f\u00fcr Rampensatz","description":"Trolley f\u00fcr Auffahrrampen-Kit f\u00fcr Gabelstapler M140124BG \/ M140127BG","thumbnail":"https:\/\/dev.codekraft.it\/rotary-2024\/wp-content\/uploads\/brb_media\/00489148_m110175bg-mi-150x150.jpg","url":"https:\/\/dev.codekraft.it\/rotary-2024\/produkte\/zubehor-hebebuhnen-de\/zubehor-radgreifanlagen-de\/transportwagen-fur-rampensatz\/"},{"id":384010,"cdmm_p_id":"501896","name":"Abst\u00fctzbock","description":"7500 kg, 1330 - 2030 mm, in 7 x 100-mm-Schritten h\u00f6henverstellbar, 2 Rollen, U-Aufnahme | Grau (RAL 7040)","thumbnail":"https:\/\/dev.codekraft.it\/rotary-2024\/wp-content\/uploads\/brb_media\/00535518_mobile-columns-s260a1-mi-150x150.png","url":"https:\/\/dev.codekraft.it\/rotary-2024\/produkte\/zubehor-hebebuhnen-de\/zubehor-radgreifanlagen-de\/abstutzbock-3\/"},{"id":382948,"cdmm_p_id":"501929","name":"Abst\u00fctzbock","description":"10000 kg, 1235 - 2040 mm, in 6 x 100-mm-Schritten h\u00f6henverstellbar, stufenlos verstellbares Oberteil (115 mm), 3 federnde Rollen, U-Aufnahme und Prisma-Aufnahme (wechselbar), fertig montiert | Grau (RAL 7040)","thumbnail":"https:\/\/dev.codekraft.it\/rotary-2024\/wp-content\/uploads\/brb_media\/00535520_mobile-columns-s270a2-mi-150x150.png","url":"https:\/\/dev.codekraft.it\/rotary-2024\/produkte\/zubehor-hebebuhnen-de\/zubehor-radgreifanlagen-de\/abstutzbock-2\/"},{"id":382721,"cdmm_p_id":"501897","name":"Abst\u00fctzbock","description":"10000 kg, 1235 - 2040 mm, in 6 x 100-mm-Schritten h\u00f6henverstellbar, stufenlos verstellbares Oberteil (115 mm), 2 Rollen, U-Aufnahme und Prisma-Aufnahme (wechselbar) | Grau (RAL 7040)","thumbnail":"https:\/\/dev.codekraft.it\/rotary-2024\/wp-content\/uploads\/brb_media\/00535519_mobile-columns-s270a1-mi-150x150.png","url":"https:\/\/dev.codekraft.it\/rotary-2024\/produkte\/zubehor-hebebuhnen-de\/zubehor-radgreifanlagen-de\/abstutzbock\/"}],"components":[],"related":[],"similar":[{"id":380668,"cdmm_p_id":"490334","name":"Radgreifanlage HydroLift S2 Agrar 2-5","description":"2 x 5,0 t, elektrohydraulisch, kabellos, akkubetrieben | Grau (RAL 7016)","thumbnail":"https:\/\/dev.codekraft.it\/rotary-2024\/wp-content\/uploads\/brb_media\/00409830_hydrolift-s2-agrar-with-john-deere-from-the-side-ral7016-mi-150x150.png","url":"https:\/\/dev.codekraft.it\/rotary-2024\/produkte\/hebebuhnen-de\/radgreifanlagen-de\/radgreifanlage-hydrolift-s2-agrar-2-5\/"},{"id":380674,"cdmm_p_id":"490336","name":"Radgreifanlage HydroLift S2 Agrar 4-5","description":"4 x 5,0 t, elektrohydraulisch, kabellos, akkubetrieben","thumbnail":"https:\/\/dev.codekraft.it\/rotary-2024\/wp-content\/uploads\/brb_media\/00409830_hydrolift-s2-agrar-with-john-deere-from-the-side-ral7016-mi-150x150.png","url":"https:\/\/dev.codekraft.it\/rotary-2024\/produkte\/hebebuhnen-de\/radgreifanlagen-de\/radgreifanlage-hydrolift-s2-agrar-4-5\/"}],"lang":"de","translations":{"de":380680,"en":380679,"fr":380681,"it":380682,"es":380683,"ru":380684},"pll_sync_post":[],"_links":{"self":[{"href":"https:\/\/dev.codekraft.it\/rotary-2024\/wp-json\/wp\/v2\/product\/380680","targetHints":{"allow":["GET"]}}],"collection":[{"href":"https:\/\/dev.codekraft.it\/rotary-2024\/wp-json\/wp\/v2\/product"}],"about":[{"href":"https:\/\/dev.codekraft.it\/rotary-2024\/wp-json\/wp\/v2\/types\/product"}],"wp:featuredmedia":[{"embeddable":true,"href":"https:\/\/dev.codekraft.it\/rotary-2024\/wp-json\/wp\/v2\/media\/353166"}],"wp:attachment":[{"href":"https:\/\/dev.codekraft.it\/rotary-2024\/wp-json\/wp\/v2\/media?parent=380680"}],"wp:term":[{"taxonomy":"product_cat","embeddable":true,"href":"https:\/\/dev.codekraft.it\/rotary-2024\/wp-json\/wp\/v2\/product_cat?post=380680"},{"taxonomy":"product_tag","embeddable":true,"href":"https:\/\/dev.codekraft.it\/rotary-2024\/wp-json\/wp\/v2\/product_tag?post=380680"},{"taxonomy":"product_approvals","embeddable":true,"href":"https:\/\/dev.codekraft.it\/rotary-2024\/wp-json\/wp\/v2\/product_approvals?post=380680"},{"taxonomy":"product_application","embeddable":true,"href":"https:\/\/dev.codekraft.it\/rotary-2024\/wp-json\/wp\/v2\/product_application?post=380680"}],"curies":[{"name":"wp","href":"https:\/\/api.w.org\/{rel}","templated":true}]}}