{"id":380635,"date":"2025-12-11T10:11:03","date_gmt":"2025-12-11T10:11:03","guid":{"rendered":"https:\/\/dev.codekraft.it\/rotary-2024\/products\/uncategorized\/bras-de-blocage-rapide-stda38\/"},"modified":"2025-12-11T10:11:03","modified_gmt":"2025-12-11T10:11:03","slug":"bras-de-blocage-rapide-stda38","status":"publish","type":"product","link":"https:\/\/dev.codekraft.it\/rotary-2024\/fr\/produits\/accessoires-diagnostic-fr\/accessoires-controles-de-geometrie-fr\/bras-de-blocage-rapide-stda38\/","title":{"rendered":"Bras de blocage rapide STDA38"},"content":{"rendered":"","protected":false},"excerpt":{"rendered":"<p>pour la mise \u00e0 niveau des griffes de roue \u00e0 4 points STDA33EU-34E en griffes en appui STDA46EU-35E | permet d\u2019\u00e9viter les proc\u00e9dures de devoilage des roues | incl. embouts \u00e0 ongles en ABS | \u00d8 des pneus 480 &#8211; 760 mm | 1 jeu \/ 2 pi\u00e8ces<\/p>\n","protected":false},"featured_media":380633,"template":"","meta":[],"product_cat":[1033374],"product_tag":[],"product_approvals":[],"product_application":[],"class_list":{"0":"post-380635","1":"product","2":"type-product","3":"status-publish","4":"has-post-thumbnail","6":"product_cat-accessoires-controles-de-geometrie-fr","8":"first","9":"instock","10":"shipping-taxable","11":"product-type-simple"},"approvals":[],"application":[],"brb_media_brochure":"","brb_media_drawing":"","brb_media_manuals":"","brb_media_safety_datasheets":"","brb_media_spare_parts":[],"_cdmm_p_id":"490307","_company":"VSG","_gtin":"4057612825459","accessories":[],"components":[],"related":[],"similar":[],"lang":"fr","translations":{"fr":380635,"en":380632,"de":380634,"it":380636,"es":380637,"ru":380638},"pll_sync_post":[],"_links":{"self":[{"href":"https:\/\/dev.codekraft.it\/rotary-2024\/wp-json\/wp\/v2\/product\/380635","targetHints":{"allow":["GET"]}}],"collection":[{"href":"https:\/\/dev.codekraft.it\/rotary-2024\/wp-json\/wp\/v2\/product"}],"about":[{"href":"https:\/\/dev.codekraft.it\/rotary-2024\/wp-json\/wp\/v2\/types\/product"}],"wp:featuredmedia":[{"embeddable":true,"href":"https:\/\/dev.codekraft.it\/rotary-2024\/wp-json\/wp\/v2\/media\/380633"}],"wp:attachment":[{"href":"https:\/\/dev.codekraft.it\/rotary-2024\/wp-json\/wp\/v2\/media?parent=380635"}],"wp:term":[{"taxonomy":"product_cat","embeddable":true,"href":"https:\/\/dev.codekraft.it\/rotary-2024\/wp-json\/wp\/v2\/product_cat?post=380635"},{"taxonomy":"product_tag","embeddable":true,"href":"https:\/\/dev.codekraft.it\/rotary-2024\/wp-json\/wp\/v2\/product_tag?post=380635"},{"taxonomy":"product_approvals","embeddable":true,"href":"https:\/\/dev.codekraft.it\/rotary-2024\/wp-json\/wp\/v2\/product_approvals?post=380635"},{"taxonomy":"product_application","embeddable":true,"href":"https:\/\/dev.codekraft.it\/rotary-2024\/wp-json\/wp\/v2\/product_application?post=380635"}],"curies":[{"name":"wp","href":"https:\/\/api.w.org\/{rel}","templated":true}]}}