{"id":380559,"date":"2025-12-11T10:10:52","date_gmt":"2025-12-11T10:10:52","guid":{"rendered":"https:\/\/dev.codekraft.it\/rotary-2024\/products\/uncategorized\/pont-elevateur-a-colonne-mobile-hydrolift-s3-8-7-5\/"},"modified":"2025-12-11T10:10:52","modified_gmt":"2025-12-11T10:10:52","slug":"pont-elevateur-a-colonne-mobile-hydrolift-s3-8-7-5","status":"publish","type":"product","link":"https:\/\/dev.codekraft.it\/rotary-2024\/fr\/produits\/ponts-elevateurs-fr\/ponts-elevateurs-a-colonnes-mobiles-fr\/pont-elevateur-a-colonne-mobile-hydrolift-s3-8-7-5\/","title":{"rendered":"Pont el\u00e9vateur \u00e0 colonne mobile HydroLift S3 8-7.5"},"content":{"rendered":"<p>Les ponts \u00e9l\u00e9vateurs \u00e0 colonne mobile de Blitz sont une synth\u00e8se parfaite de flexibilit\u00e9 et de stabilit\u00e9. Surfaces libres &#8211; ce qui rend l\u2019utilisation optimale, \u00e0 la fois dans l&#8217;atelier ainsi qu&#8217;\u00e0 l&#8217;ext\u00e9rieur.<\/p>\n<ul>\n<li>Double protection de charge pour assurer la s\u00e9curit\u00e9<\/li>\n<li>Fonctionnement intuitif<\/li>\n<li>Changement rapide de position par chariot \u00e9l\u00e9vateur possible<\/li>\n<\/ul>\n<ul>\n<li>La fourche VARIO permet d&#8217;accueillir diff\u00e9rentes tailles de pneu de 570 \u00e0 1300 mm ainsi que les Super-Single sans adaptateurs suppl\u00e9mentaires.<\/li>\n<li>La communication et l&#8217;alimentation \u00e9lectrique sont fournies par des c\u00e2bles \u00e9lectriques stables de 15 m.<\/li>\n<li>La barre de traction mobile avec le ch\u00e2ssis \u00e0 direction \u00e0 d\u00e9viation automatique, le double rouleau et le frein de stationnement int\u00e9gr\u00e9 emp\u00eachent l&#8217;unit\u00e9 de levage de rouler involontairement.<\/li>\n<li>Les adaptateurs de chariot \u00e9l\u00e9vateur permettent le transport rapide et facile des colonnes de levage mobiles dans l&#8217;atelier.<\/li>\n<li>Le profil FS offre une protection optimale du moyeu de roue.<\/li>\n<li>Fonctionnement intuitif via des \u00e9l\u00e9ments de contr\u00f4les bien agenc\u00e9s.<\/li>\n<li>Toutes les colonnes de levage mobiles sont \u00e9quip\u00e9es de prises et peuvent \u00eatre facilement reli\u00e9es par c\u00e2bles.<\/li>\n<li>Un bo\u00eetier de commutation avec interrupteur principal int\u00e9gr\u00e9 et un c\u00e2ble d&#8217;alimentation de 10 m avec prise est fix\u00e9 \u00e0 la colonne principale.<\/li>\n<\/ul>\n<ul>\n<li>Extension ult\u00e9rieure de 2 \u00e0 3, 4, 6 ou 8 unit\u00e9s de levage possible.<\/li>\n<li>Synchronisation de toutes les unit\u00e9s de levage, m\u00eame avec une r\u00e9partition in\u00e9gale de la charge. La valeur de d\u00e9viation est de seulement 20 mm.<\/li>\n<li>La communication et l&#8217;alimentation sont fournies par un c\u00e2ble de connexion de 15 m.<\/li>\n<li>Double protection de charge au moyen d&#8217;une vanne d&#8217;arr\u00eat et d&#8217;un verrou de s\u00e9curit\u00e9 m\u00e9canique.<\/li>\n<li>Le v\u00e9rin de levage est situ\u00e9 dans le chariot de levage et il est prot\u00e9g\u00e9 contre les influences ext\u00e9rieures. Le moteur et l&#8217;unit\u00e9 hydraulique sont enti\u00e8rement couverts.<\/li>\n<li>Toutes les fonctions sont disponibles sur chaque colonne de levage.<\/li>\n<li>Avec les rouleaux \u00e0 faible frottement, l&#8217;installation sur le lieu de travail devient litt\u00e9ralement un jeu d&#8217;enfant.<\/li>\n<li>Bouton d&#8217;arr\u00eat d&#8217;urgence sur chaque colonne.<\/li>\n<li>Fonctionnement intuitif<\/li>\n<li>Un c\u00e2ble de 10 m avec prise sert de ligne d&#8217;alimentation secteur \u00e0 la colonne principale.<\/li>\n<li>La production \u00e0 grande \u00e9chelle dans nos installations de production certifi\u00e9es ISO permet un niveau \u00e9lev\u00e9 et constant d&#8217;int\u00e9gration verticale.<\/li>\n<\/ul>\n","protected":false},"excerpt":{"rendered":"<p>8 x 7,5 t, \u00e9lectrohydraulique, filaire<\/p>\n","protected":false},"featured_media":351604,"template":"","meta":[],"product_cat":[1033808],"product_tag":[1034145,1034128,1034197,1034262,1034180,1034231,1034214],"product_approvals":[],"product_application":[],"class_list":{"0":"post-380559","1":"product","2":"type-product","3":"status-publish","4":"has-post-thumbnail","6":"product_cat-ponts-elevateurs-a-colonnes-mobiles-fr","7":"product_tag-buses-fr","8":"product_tag-trucks-fr","9":"product_tag-motor-homes-fr","10":"product_tag-remorques-fr","11":"product_tag-light-commercial-fr","12":"product_tag-tracked-vehicles-fr","13":"product_tag-agricultural-machines-fr","15":"first","16":"instock","17":"shipping-taxable","18":"product-type-simple"},"approvals":[],"application":[],"brb_media_brochure":[{"id":351605,"url":"https:\/\/dev.codekraft.it\/rotary-2024\/wp-content\/uploads\/brb_media\/00438874_mobile-column-lift-hydrolift-s3-6-2-7-5-wired-br-129105-de-2020-09_screen.pdf","title":"mobile column lift hydrolift s3 6 2 7 5 wired br 129105 de 2020 09 screen","thumbnail":"https:\/\/dev.codekraft.it\/rotary-2024\/wp-content\/uploads\/brb_media\/00438874_mobile-column-lift-hydrolift-s3-6-2-7-5-wired-br-129105-de-2020-09_screen-pdf-106x150.png","description":""},{"id":351606,"url":"https:\/\/dev.codekraft.it\/rotary-2024\/wp-content\/uploads\/brb_media\/00438875_mobile-column-lift-hydrolift-s3-6-2-7-5-wired-br-129106-en-2020-09_screen.pdf","title":"mobile column lift hydrolift s3 6 2 7 5 wired br 129106 en 2020 09 screen","thumbnail":"https:\/\/dev.codekraft.it\/rotary-2024\/wp-content\/uploads\/brb_media\/00438875_mobile-column-lift-hydrolift-s3-6-2-7-5-wired-br-129106-en-2020-09_screen-pdf-106x150.png","description":""},{"id":351607,"url":"https:\/\/dev.codekraft.it\/rotary-2024\/wp-content\/uploads\/brb_media\/00438876_mobile-column-lift-hydrolift-s3-6-2-7-5-wired-br-129107-fr-2020-09_screen.pdf","title":"mobile column lift hydrolift s3 6 2 7 5 wired br 129107 fr 2020 09 screen","thumbnail":"https:\/\/dev.codekraft.it\/rotary-2024\/wp-content\/uploads\/brb_media\/00438876_mobile-column-lift-hydrolift-s3-6-2-7-5-wired-br-129107-fr-2020-09_screen-pdf-106x150.png","description":""},{"id":351608,"url":"https:\/\/dev.codekraft.it\/rotary-2024\/wp-content\/uploads\/brb_media\/00438877_mobile-column-lift-hydrolift-s3-6-2-7-5-wired-br-129108-it-2020-09_screen.pdf","title":"mobile column lift hydrolift s3 6 2 7 5 wired br 129108 it 2020 09 screen","thumbnail":"https:\/\/dev.codekraft.it\/rotary-2024\/wp-content\/uploads\/brb_media\/00438877_mobile-column-lift-hydrolift-s3-6-2-7-5-wired-br-129108-it-2020-09_screen-pdf-106x150.png","description":""},{"id":351609,"url":"https:\/\/dev.codekraft.it\/rotary-2024\/wp-content\/uploads\/brb_media\/00438878_mobile-column-lift-hydrolift-s3-6-2-7-5-wired-br-129109-es-2020-09_screen.pdf","title":"mobile column lift hydrolift s3 6 2 7 5 wired br 129109 es 2020 09 screen","thumbnail":"https:\/\/dev.codekraft.it\/rotary-2024\/wp-content\/uploads\/brb_media\/00438878_mobile-column-lift-hydrolift-s3-6-2-7-5-wired-br-129109-es-2020-09_screen-pdf-106x150.png","description":""},{"id":351610,"url":"https:\/\/dev.codekraft.it\/rotary-2024\/wp-content\/uploads\/brb_media\/00438879_mobile-column-lift-hydrolift-s3-6-2-7-5-wired-br-129110-ru-2020-09_screen.pdf","title":"mobile column lift hydrolift s3 6 2 7 5 wired br 129110 ru 2020 09 screen","thumbnail":"https:\/\/dev.codekraft.it\/rotary-2024\/wp-content\/uploads\/brb_media\/00438879_mobile-column-lift-hydrolift-s3-6-2-7-5-wired-br-129110-ru-2020-09_screen-pdf-106x150.png","description":""}],"brb_media_drawing":"","brb_media_manuals":[{"id":351519,"url":"https:\/\/dev.codekraft.it\/rotary-2024\/wp-content\/uploads\/brb_media\/00510172_mobile-column-lift-hydrolift-62-75-82-om-sp-126746-multi-2022-11-revd.pdf","title":"Mobile column lift HydroLift 6,2 7,5 8,2 OM SP 126746 multi 2022 11 RevD","thumbnail":"https:\/\/dev.codekraft.it\/rotary-2024\/wp-content\/uploads\/brb_media\/00510172_mobile-column-lift-hydrolift-62-75-82-om-sp-126746-multi-2022-11-revd-pdf-106x150.png","description":""},{"id":351611,"url":"https:\/\/dev.codekraft.it\/rotary-2024\/wp-content\/uploads\/brb_media\/00510194_mobile-column-lift-hydrolift-62-75-82-om-sp-dc-126746-de-2021-08-revc.pdf","title":"Mobile column lift HydroLift 6,2 7,5 8,2 OM SP DC 126746 de 2021 08 RevC","thumbnail":"https:\/\/dev.codekraft.it\/rotary-2024\/wp-content\/uploads\/brb_media\/00510194_mobile-column-lift-hydrolift-62-75-82-om-sp-dc-126746-de-2021-08-revc-pdf-106x150.png","description":""}],"brb_media_safety_datasheets":"","brb_media_spare_parts":[],"_cdmm_p_id":"484042","_company":"Elektron","_gtin":"4057612673203","accessories":[{"id":379879,"cdmm_p_id":"472545","name":"Adaptateurs avant et arri\u00e8re pour HydroLift","description":"16,4 t | pour le levage de diff\u00e9rents types de tracteurs, incl. adaptateurs agricoles","thumbnail":"https:\/\/dev.codekraft.it\/rotary-2024\/wp-content\/uploads\/brb_media\/00398680_hydrolift_122510_front_adapter_di-150x150.png","url":"https:\/\/dev.codekraft.it\/rotary-2024\/fr\/produits\/accessoires-ponts-elevateurs-fr\/accessoires-ponts-elevateurs-a-colonnes-mobiles-fr\/adaptateurs-avant-et-arriere-pour-hydrolift\/"},{"id":378863,"cdmm_p_id":"395110","name":"Traverse pour HydroLift S3 7,5\/8,2","description":"16,4 t","thumbnail":"https:\/\/dev.codekraft.it\/rotary-2024\/wp-content\/uploads\/brb_media\/00263258-150x150.png","url":"https:\/\/dev.codekraft.it\/rotary-2024\/fr\/produits\/accessoires-ponts-elevateurs-fr\/accessoires-ponts-elevateurs-a-colonnes-mobiles-fr\/traverse-pour-hydrolift-s3-75-82\/"},{"id":380096,"cdmm_p_id":"476580","name":"Kit d&#039;\u00e9clairage LED Standard | pour HydroLift 6,2\/7,5\/8,2","description":"Incl. jeu de c\u00e2bles, support et instructions de montage | 2 pi\u00e8ces","thumbnail":"https:\/\/dev.codekraft.it\/rotary-2024\/wp-content\/uploads\/brb_media\/00414016_hydrolift-s3-with-led-new-mi-150x150.png","url":"https:\/\/dev.codekraft.it\/rotary-2024\/fr\/produits\/accessoires-ponts-elevateurs-fr\/accessoires-ponts-elevateurs-a-colonnes-mobiles-fr\/kit-declairage-led-standard-pour-hydrolift-62-75-82\/"},{"id":378875,"cdmm_p_id":"395170","name":"Traverse pour HydroLift S3 7,5\/8,2","description":"Capacit\u00e9 de charge max. 16,4 t, traverse de pivot de fus\u00e9e | uniquement en combinaison avec traverse (N\u00b0 article 119777)","thumbnail":"https:\/\/dev.codekraft.it\/rotary-2024\/wp-content\/uploads\/brb_media\/00263259_hydrolift-s2-mounting-agrar-150x150.png","url":"https:\/\/dev.codekraft.it\/rotary-2024\/fr\/produits\/accessoires-ponts-elevateurs-fr\/accessoires-ponts-elevateurs-a-colonnes-mobiles-fr\/traverse-pour-hydrolift-s3-75-82-2\/"},{"id":381043,"cdmm_p_id":"497202","name":"Prolongateur de fourche de roue pour HydroLift 8,2","description":"Id\u00e9al p. ex. pour loger des maisons mobiles sur lesquels les roues se trouvent derri\u00e8re la carrosserie, incl. fourches de roues et extensions de cadre de base | r\u00e9duction de la capacit\u00e9 de charge \u00e0 6,5 t | 1 jeu (pour 1 colonne mobile)","thumbnail":"https:\/\/dev.codekraft.it\/rotary-2024\/wp-content\/uploads\/brb_media\/00489149_m140041yl-mi-150x150.jpg","url":"https:\/\/dev.codekraft.it\/rotary-2024\/fr\/produits\/accessoires-ponts-elevateurs-fr\/accessoires-ponts-elevateurs-a-colonnes-mobiles-fr\/prolongateur-de-fourche-de-roue-pour-hydrolift-82\/"},{"id":381049,"cdmm_p_id":"497203","name":"Kit de rampes d&#039;acc\u00e8s","description":"Rampes pour chariot \u00e9l\u00e9vateur, acc\u00e8s d'un seul c\u00f4t\u00e9 | Gris (RAL 7012)","thumbnail":"https:\/\/dev.codekraft.it\/rotary-2024\/wp-content\/uploads\/brb_media\/00507162_m140124_002-150x150.jpg","url":"https:\/\/dev.codekraft.it\/rotary-2024\/fr\/produits\/accessoires-ponts-elevateurs-fr\/accessoires-ponts-elevateurs-a-colonnes-mobiles-fr\/kit-de-rampes-dacces-3\/"},{"id":381055,"cdmm_p_id":"497204","name":"Kit de rampes d&#039;acc\u00e8s","description":"Rampes pour chariot \u00e9l\u00e9vateur, passage des deux c\u00f4t\u00e9s | Gris (RAL 7012)","thumbnail":"https:\/\/dev.codekraft.it\/rotary-2024\/wp-content\/uploads\/brb_media\/00507164_m140yyy_001-150x150.jpg","url":"https:\/\/dev.codekraft.it\/rotary-2024\/fr\/produits\/accessoires-ponts-elevateurs-fr\/accessoires-ponts-elevateurs-a-colonnes-mobiles-fr\/kit-de-rampes-dacces-4\/"},{"id":381061,"cdmm_p_id":"497205","name":"Kit de rampes d&#039;acc\u00e8s","description":"Rampes pour chariot \u00e9l\u00e9vateur \u00e0 trois roues, acc\u00e8s d'un seul c\u00f4t\u00e9| Gris (RAL 7012)","thumbnail":"https:\/\/dev.codekraft.it\/rotary-2024\/wp-content\/uploads\/brb_media\/00507163_m140xxx_001-150x150.jpg","url":"https:\/\/dev.codekraft.it\/rotary-2024\/fr\/produits\/accessoires-ponts-elevateurs-fr\/accessoires-ponts-elevateurs-a-colonnes-mobiles-fr\/kit-de-rampes-dacces-5\/"},{"id":381037,"cdmm_p_id":"497201","name":"V\u00e9hicule de transport pour jeu de rampes","description":"Chariot pour kit de rampes d'acc\u00e8s pour chariot \u00e9l\u00e9vateur M140124BG \/ M140127BG","thumbnail":"https:\/\/dev.codekraft.it\/rotary-2024\/wp-content\/uploads\/brb_media\/00489148_m110175bg-mi-150x150.jpg","url":"https:\/\/dev.codekraft.it\/rotary-2024\/fr\/produits\/accessoires-ponts-elevateurs-fr\/accessoires-ponts-elevateurs-a-colonnes-mobiles-fr\/vehicule-de-transport-pour-jeu-de-rampes\/"},{"id":381068,"cdmm_p_id":"497206","name":"Prolongateur de fourche de roue 150 mm","description":"Id\u00e9al p. ex. pour loger des maisons mobiles sur lesquels les roues se trouvent derri\u00e8re la carrosserie, incl. fourches de roues et extensions de cadre de base | r\u00e9duction de la capacit\u00e9 de charge \u00e0 4 t | 1 jeu (pour 1 colonne mobile)","thumbnail":"https:\/\/dev.codekraft.it\/rotary-2024\/wp-content\/uploads\/brb_media\/00549481_mobile-column-m75-jcyb-kitt-150x150.png","url":"https:\/\/dev.codekraft.it\/rotary-2024\/fr\/produits\/accessoires-ponts-elevateurs-fr\/accessoires-ponts-elevateurs-a-colonnes-mobiles-fr\/prolongateur-de-fourche-de-roue-150-mm\/"},{"id":381001,"cdmm_p_id":"497191","name":"SmartCart Agrar","description":"Chariot de transport et de rangement pour le kit adaptateur agricole - Bien rang\u00e9s, les adaptateurs et les \u00e9l\u00e9ments de logement trouvent leur place dans l'atelier","thumbnail":"https:\/\/dev.codekraft.it\/rotary-2024\/wp-content\/uploads\/brb_media\/00414017_smartcart-agrar-mi-150x150.png","url":"https:\/\/dev.codekraft.it\/rotary-2024\/fr\/produits\/accessoires-ponts-elevateurs-fr\/accessoires-ponts-elevateurs-a-colonnes-mobiles-fr\/smartcart-agrar-3\/"},{"id":384011,"cdmm_p_id":"501896","name":"Chevalet d&#039;appui","description":"7500 kg, 1330 - 2030 mm, r\u00e9glable en hauteur par paliers de 7 x 100 mm, 2 roulettes, support en U | Gris (RAL 7040)","thumbnail":"https:\/\/dev.codekraft.it\/rotary-2024\/wp-content\/uploads\/brb_media\/00535518_mobile-columns-s260a1-mi-150x150.png","url":"https:\/\/dev.codekraft.it\/rotary-2024\/fr\/produits\/accessoires-ponts-elevateurs-fr\/accessoires-ponts-elevateurs-a-colonnes-mobiles-fr\/chevalet-dappui-3\/"},{"id":382949,"cdmm_p_id":"501929","name":"Chevalet d&#039;appui","description":"10000 kg, 1235 - 2040 mm, r\u00e9glable en hauteur par pas de 6 x 100 mm, avec en plus partie sup\u00e9rieure r\u00e9glable en continu (115 mm), 3 roues r\u00e9tractables, support en U et support en prisme (interchangeables), pr\u00eat \u00e0 l'emploi | Gris (RAL 7040)","thumbnail":"https:\/\/dev.codekraft.it\/rotary-2024\/wp-content\/uploads\/brb_media\/00535520_mobile-columns-s270a2-mi-150x150.png","url":"https:\/\/dev.codekraft.it\/rotary-2024\/fr\/produits\/accessoires-ponts-elevateurs-fr\/accessoires-ponts-elevateurs-a-colonnes-mobiles-fr\/chevalet-dappui-2\/"},{"id":382722,"cdmm_p_id":"501897","name":"Chevalet d&#039;appui","description":"10000 kg, 1235 - 2040 mm, r\u00e9glable en hauteur par pas de 6 x 100 mm, avec en plus partie sup\u00e9rieure r\u00e9glable en continu (115 mm), 2 roulettes, support en U et support en prisme (interchangeables) | Gris (RAL 7040)","thumbnail":"https:\/\/dev.codekraft.it\/rotary-2024\/wp-content\/uploads\/brb_media\/00535519_mobile-columns-s270a1-mi-150x150.png","url":"https:\/\/dev.codekraft.it\/rotary-2024\/fr\/produits\/accessoires-ponts-elevateurs-fr\/accessoires-ponts-elevateurs-a-colonnes-mobiles-fr\/chevalet-dappui\/"}],"components":[],"related":[],"similar":[{"id":379873,"cdmm_p_id":"472533","name":"Pont el\u00e9vateur \u00e0 colonne mobile HydroLift S3 8-7.5 (sans fil)","description":"8 x 7,5 t, \u00e9lectrohydraulique, sans fil, fonctionnement \u00e0 batterie","thumbnail":"https:\/\/dev.codekraft.it\/rotary-2024\/wp-content\/uploads\/brb_media\/00409823_mobile-column-lift-hydrolift-s2-4er-ral7016-mi-150x150.png","url":"https:\/\/dev.codekraft.it\/rotary-2024\/fr\/produits\/ponts-elevateurs-fr\/ponts-elevateurs-a-colonnes-mobiles-fr\/pont-elevateur-a-colonne-mobile-hydrolift-s3-8-7-5-sans-fil\/"},{"id":380535,"cdmm_p_id":"484034","name":"Pont el\u00e9vateur \u00e0 colonne mobile HydroLift S3 2-7.5","description":"2 x 7,5 t, \u00e9lectrohydraulique, filaire","thumbnail":"https:\/\/dev.codekraft.it\/rotary-2024\/wp-content\/uploads\/brb_media\/00438881_mobile-column-lift-hydrolift-s2-4er-cable-ral7016-mi-150x150.png","url":"https:\/\/dev.codekraft.it\/rotary-2024\/fr\/produits\/ponts-elevateurs-fr\/ponts-elevateurs-a-colonnes-mobiles-fr\/pont-elevateur-a-colonne-mobile-hydrolift-s3-2-7-5\/"},{"id":380547,"cdmm_p_id":"484036","name":"Pont el\u00e9vateur \u00e0 colonne mobile HydroLift S3 4-7.5","description":"4 x 7,5 t, \u00e9lectrohydraulique, filaire","thumbnail":"https:\/\/dev.codekraft.it\/rotary-2024\/wp-content\/uploads\/brb_media\/00438881_mobile-column-lift-hydrolift-s2-4er-cable-ral7016-mi-150x150.png","url":"https:\/\/dev.codekraft.it\/rotary-2024\/fr\/produits\/ponts-elevateurs-fr\/ponts-elevateurs-a-colonnes-mobiles-fr\/pont-elevateur-a-colonne-mobile-hydrolift-s3-4-7-5\/"},{"id":380553,"cdmm_p_id":"484037","name":"Pont el\u00e9vateur \u00e0 colonne mobile HydroLift S3 6-7.5","description":"6 x 7,5 t, \u00e9lectrohydraulique, filaire","thumbnail":"https:\/\/dev.codekraft.it\/rotary-2024\/wp-content\/uploads\/brb_media\/00438881_mobile-column-lift-hydrolift-s2-4er-cable-ral7016-mi-150x150.png","url":"https:\/\/dev.codekraft.it\/rotary-2024\/fr\/produits\/ponts-elevateurs-fr\/ponts-elevateurs-a-colonnes-mobiles-fr\/pont-elevateur-a-colonne-mobile-hydrolift-s3-6-7-5\/"}],"lang":"fr","translations":{"fr":380559,"en":380557,"de":380558,"it":380560,"es":380561,"ru":380562},"pll_sync_post":[],"_links":{"self":[{"href":"https:\/\/dev.codekraft.it\/rotary-2024\/wp-json\/wp\/v2\/product\/380559","targetHints":{"allow":["GET"]}}],"collection":[{"href":"https:\/\/dev.codekraft.it\/rotary-2024\/wp-json\/wp\/v2\/product"}],"about":[{"href":"https:\/\/dev.codekraft.it\/rotary-2024\/wp-json\/wp\/v2\/types\/product"}],"wp:featuredmedia":[{"embeddable":true,"href":"https:\/\/dev.codekraft.it\/rotary-2024\/wp-json\/wp\/v2\/media\/351604"}],"wp:attachment":[{"href":"https:\/\/dev.codekraft.it\/rotary-2024\/wp-json\/wp\/v2\/media?parent=380559"}],"wp:term":[{"taxonomy":"product_cat","embeddable":true,"href":"https:\/\/dev.codekraft.it\/rotary-2024\/wp-json\/wp\/v2\/product_cat?post=380559"},{"taxonomy":"product_tag","embeddable":true,"href":"https:\/\/dev.codekraft.it\/rotary-2024\/wp-json\/wp\/v2\/product_tag?post=380559"},{"taxonomy":"product_approvals","embeddable":true,"href":"https:\/\/dev.codekraft.it\/rotary-2024\/wp-json\/wp\/v2\/product_approvals?post=380559"},{"taxonomy":"product_application","embeddable":true,"href":"https:\/\/dev.codekraft.it\/rotary-2024\/wp-json\/wp\/v2\/product_application?post=380559"}],"curies":[{"name":"wp","href":"https:\/\/api.w.org\/{rel}","templated":true}]}}