{"id":380546,"date":"2025-12-11T10:04:37","date_gmt":"2025-12-11T10:04:37","guid":{"rendered":"https:\/\/dev.codekraft.it\/rotary-2024\/products\/uncategorized\/radgreifanlage-hydrolift-s3-4-7-5\/"},"modified":"2025-12-11T10:04:37","modified_gmt":"2025-12-11T10:04:37","slug":"radgreifanlage-hydrolift-s3-4-7-5","status":"publish","type":"product","link":"https:\/\/dev.codekraft.it\/rotary-2024\/produkte\/hebebuhnen-de\/radgreifanlagen-de\/radgreifanlage-hydrolift-s3-4-7-5\/","title":{"rendered":"Radgreifanlage HydroLift S3 4-7.5"},"content":{"rendered":"<p>Flexibilit\u00e4t und Stabilit\u00e4t bilden bei den mobilen Radgreifanlagen von Blitz eine perfekte Einheit. Freie Bereiche &#8211; sowohl in der Werkstatt als auch im Freien k\u00f6nnen so optimal genutzt werden.<\/p>\n<ul>\n<li>Doppelte Lastsicherung sorgt f\u00fcr Sicherheit<\/li>\n<li>Intuitive Bedienung<\/li>\n<li>Schneller Positionswechsel durch Gabelstapler m\u00f6glich<\/li>\n<\/ul>\n<ul>\n<li>Mit der VARIO-Gabel k\u00f6nnen Reifengr\u00f6\u00dfen von 570 &#8211; 1300 mm &#8211; auch Super-Single, ohne zus\u00e4tzlichen Adapter aufgenommen werden.<\/li>\n<li>Die Kommunikation und elektrische Versorgung erfolgt durch stabile 15 m lange Elektrokabel.<\/li>\n<li>Verfahrdeichsel mit selbsteinfederndem Lenkfahrwerk, Doppelrolle und integrierter Feststellbremse verhindern ein unbeabsichtigtes Wegrollen der Hubeinheit.<\/li>\n<li>Gabelstapleradapter erm\u00f6glichen einen schnellen und bequemen Transport der Radgreifer in der Werkstatt.<\/li>\n<li>Das FS-Profil bietet optimalen Schutz der Radnabe.<\/li>\n<li>Intuitive Bedienung mit \u00fcbersichtlich angeordneten Bedienelementen.<\/li>\n<li>Alle Radgreifer-S\u00e4ulen verf\u00fcgen \u00fcber Steckdosen und lassen sich mittels Kabeln einfach verbinden.<\/li>\n<li>An der Masters\u00e4ule befestigter Elektrokasten mit integriertem Hauptschalter und 10 m langen Netzkabel mit Stecker.<\/li>\n<\/ul>\n<ul>\n<li>Nachtr\u00e4gliche Erweiterung von 2 auf 3, 4, 6 oder 8 Hubeinheiten m\u00f6glich.<\/li>\n<li>Synchronlauf aller Hubeinheiten &#8211; auch bei ungleicher Lastverteilung. Die Regeldifferenz betr\u00e4gt dabei nur 20\u00a0mm.<\/li>\n<li>Die Kommunikation und Stromversorgung erfolgt mittels 15\u00a0m langem Verbindungskabel.<\/li>\n<li>Doppelte Lastsicherung mittels Sperrventil und mechanischer Sicherheitsklinke.<\/li>\n<li>Der Hubzylinder befindet sich vor \u00e4u\u00dferen Einfl\u00fcssen gesch\u00fctzt im Hubschlitten. Auch Motor und Hydraulikaggregat sind komplett abgedeckt.<\/li>\n<li>Alle Funktionen stehen an jeder Radgreifer-S\u00e4ule zur Verf\u00fcgung.<\/li>\n<li>Leichtlaufrollen machen das Einrichten des Arbeitsplatzes buchst\u00e4blich zum Kinderspiel.<\/li>\n<li>Not-Halt Taster an jeder S\u00e4ule vorhanden.<\/li>\n<li>Intuitive Bedienung.<\/li>\n<li>Die Netzzuleitung zur Masters\u00e4ule erfolgt mittels eines 10\u00a0m langem Zuleitungskabel mit Stecker.<\/li>\n<li>Die Gro\u00dfserienproduktion in unseren ISO-zertifizierten Produktionsst\u00e4tten erm\u00f6glicht eine konstant hohe Fertigungstiefe.<\/li>\n<\/ul>\n","protected":false},"excerpt":{"rendered":"<p>4 x 7,5 t, elektrohydraulisch, kabelgebunden<\/p>\n","protected":false},"featured_media":351604,"template":"","meta":[],"product_cat":[1033804],"product_tag":[1034260,1034143,1034229,1034212,1034126,1034178,1034195],"product_approvals":[],"product_application":[],"class_list":{"0":"post-380546","1":"product","2":"type-product","3":"status-publish","4":"has-post-thumbnail","6":"product_cat-radgreifanlagen-de","7":"product_tag-anhanger-de","8":"product_tag-buses-de","9":"product_tag-tracked-vehicles-de","10":"product_tag-agricultural-machines-de","11":"product_tag-trucks-de","12":"product_tag-light-commercial-de","13":"product_tag-motor-homes-de","15":"first","16":"instock","17":"shipping-taxable","18":"product-type-simple"},"approvals":[],"application":[],"brb_media_brochure":[{"id":351605,"url":"https:\/\/dev.codekraft.it\/rotary-2024\/wp-content\/uploads\/brb_media\/00438874_mobile-column-lift-hydrolift-s3-6-2-7-5-wired-br-129105-de-2020-09_screen.pdf","title":"mobile column lift hydrolift s3 6 2 7 5 wired br 129105 de 2020 09 screen","thumbnail":"https:\/\/dev.codekraft.it\/rotary-2024\/wp-content\/uploads\/brb_media\/00438874_mobile-column-lift-hydrolift-s3-6-2-7-5-wired-br-129105-de-2020-09_screen-pdf-106x150.png","description":""},{"id":351606,"url":"https:\/\/dev.codekraft.it\/rotary-2024\/wp-content\/uploads\/brb_media\/00438875_mobile-column-lift-hydrolift-s3-6-2-7-5-wired-br-129106-en-2020-09_screen.pdf","title":"mobile column lift hydrolift s3 6 2 7 5 wired br 129106 en 2020 09 screen","thumbnail":"https:\/\/dev.codekraft.it\/rotary-2024\/wp-content\/uploads\/brb_media\/00438875_mobile-column-lift-hydrolift-s3-6-2-7-5-wired-br-129106-en-2020-09_screen-pdf-106x150.png","description":""},{"id":351607,"url":"https:\/\/dev.codekraft.it\/rotary-2024\/wp-content\/uploads\/brb_media\/00438876_mobile-column-lift-hydrolift-s3-6-2-7-5-wired-br-129107-fr-2020-09_screen.pdf","title":"mobile column lift hydrolift s3 6 2 7 5 wired br 129107 fr 2020 09 screen","thumbnail":"https:\/\/dev.codekraft.it\/rotary-2024\/wp-content\/uploads\/brb_media\/00438876_mobile-column-lift-hydrolift-s3-6-2-7-5-wired-br-129107-fr-2020-09_screen-pdf-106x150.png","description":""},{"id":351608,"url":"https:\/\/dev.codekraft.it\/rotary-2024\/wp-content\/uploads\/brb_media\/00438877_mobile-column-lift-hydrolift-s3-6-2-7-5-wired-br-129108-it-2020-09_screen.pdf","title":"mobile column lift hydrolift s3 6 2 7 5 wired br 129108 it 2020 09 screen","thumbnail":"https:\/\/dev.codekraft.it\/rotary-2024\/wp-content\/uploads\/brb_media\/00438877_mobile-column-lift-hydrolift-s3-6-2-7-5-wired-br-129108-it-2020-09_screen-pdf-106x150.png","description":""},{"id":351609,"url":"https:\/\/dev.codekraft.it\/rotary-2024\/wp-content\/uploads\/brb_media\/00438878_mobile-column-lift-hydrolift-s3-6-2-7-5-wired-br-129109-es-2020-09_screen.pdf","title":"mobile column lift hydrolift s3 6 2 7 5 wired br 129109 es 2020 09 screen","thumbnail":"https:\/\/dev.codekraft.it\/rotary-2024\/wp-content\/uploads\/brb_media\/00438878_mobile-column-lift-hydrolift-s3-6-2-7-5-wired-br-129109-es-2020-09_screen-pdf-106x150.png","description":""},{"id":351610,"url":"https:\/\/dev.codekraft.it\/rotary-2024\/wp-content\/uploads\/brb_media\/00438879_mobile-column-lift-hydrolift-s3-6-2-7-5-wired-br-129110-ru-2020-09_screen.pdf","title":"mobile column lift hydrolift s3 6 2 7 5 wired br 129110 ru 2020 09 screen","thumbnail":"https:\/\/dev.codekraft.it\/rotary-2024\/wp-content\/uploads\/brb_media\/00438879_mobile-column-lift-hydrolift-s3-6-2-7-5-wired-br-129110-ru-2020-09_screen-pdf-106x150.png","description":""}],"brb_media_drawing":"","brb_media_manuals":[{"id":351519,"url":"https:\/\/dev.codekraft.it\/rotary-2024\/wp-content\/uploads\/brb_media\/00510172_mobile-column-lift-hydrolift-62-75-82-om-sp-126746-multi-2022-11-revd.pdf","title":"Mobile column lift HydroLift 6,2 7,5 8,2 OM SP 126746 multi 2022 11 RevD","thumbnail":"https:\/\/dev.codekraft.it\/rotary-2024\/wp-content\/uploads\/brb_media\/00510172_mobile-column-lift-hydrolift-62-75-82-om-sp-126746-multi-2022-11-revd-pdf-106x150.png","description":""},{"id":351611,"url":"https:\/\/dev.codekraft.it\/rotary-2024\/wp-content\/uploads\/brb_media\/00510194_mobile-column-lift-hydrolift-62-75-82-om-sp-dc-126746-de-2021-08-revc.pdf","title":"Mobile column lift HydroLift 6,2 7,5 8,2 OM SP DC 126746 de 2021 08 RevC","thumbnail":"https:\/\/dev.codekraft.it\/rotary-2024\/wp-content\/uploads\/brb_media\/00510194_mobile-column-lift-hydrolift-62-75-82-om-sp-dc-126746-de-2021-08-revc-pdf-106x150.png","description":""}],"brb_media_safety_datasheets":"","brb_media_spare_parts":[],"_cdmm_p_id":"484036","_company":"Elektron","_gtin":"4057612673180","accessories":[{"id":379878,"cdmm_p_id":"472545","name":"Front\u00ad und Heckadapter f\u00fcr HydroLift","description":"16,4 t | zum Anheben von verschiedenen Traktoren, inkl. diverser Agraraufnahmen","thumbnail":"https:\/\/dev.codekraft.it\/rotary-2024\/wp-content\/uploads\/brb_media\/00398680_hydrolift_122510_front_adapter_di-150x150.png","url":"https:\/\/dev.codekraft.it\/rotary-2024\/produkte\/zubehor-hebebuhnen-de\/zubehor-radgreifanlagen-de\/front-und-heckadapter-fur-hydrolift\/"},{"id":378862,"cdmm_p_id":"395110","name":"Traverse f\u00fcr HydroLift S3 7,5\/8,2","description":"16,4 t, inkl. verschiebbarer Aufsatzst\u00fccke","thumbnail":"https:\/\/dev.codekraft.it\/rotary-2024\/wp-content\/uploads\/brb_media\/00263258-150x150.png","url":"https:\/\/dev.codekraft.it\/rotary-2024\/produkte\/zubehor-hebebuhnen-de\/zubehor-radgreifanlagen-de\/traverse-fur-hydrolift-s3-75-82\/"},{"id":380095,"cdmm_p_id":"476580","name":"LED-Beleuchtungs-Kit Standard | f\u00fcr HydroLift 6,2\/7,5\/8,2","description":"Inkl. Kabelsatz, Halterung und Montageanleitung | 2 St\u00fcck","thumbnail":"https:\/\/dev.codekraft.it\/rotary-2024\/wp-content\/uploads\/brb_media\/00414016_hydrolift-s3-with-led-new-mi-150x150.png","url":"https:\/\/dev.codekraft.it\/rotary-2024\/produkte\/zubehor-hebebuhnen-de\/zubehor-radgreifanlagen-de\/led-beleuchtungs-kit-standard-fur-hydrolift-62-75-82\/"},{"id":378874,"cdmm_p_id":"395170","name":"Traverse f\u00fcr HydroLift S3 7,5\/8,2","description":"Tragf\u00e4higkeit max. 16,4 t, K\u00f6nigszapfenaufnahme | nur in Verbindung mit der Traverse HydroLift (Art.-Nr. 119777) m\u00f6glich","thumbnail":"https:\/\/dev.codekraft.it\/rotary-2024\/wp-content\/uploads\/brb_media\/00263259_hydrolift-s2-mounting-agrar-150x150.png","url":"https:\/\/dev.codekraft.it\/rotary-2024\/produkte\/zubehor-hebebuhnen-de\/zubehor-radgreifanlagen-de\/traverse-fur-hydrolift-s3-75-82-2\/"},{"id":381042,"cdmm_p_id":"497202","name":"Radgabelverl\u00e4ngerung f\u00fcr HydroLift 8,2","description":"Ideal zur Aufnahme von z.B. Wohnmobilen, bei denen sich die R\u00e4der hinter der Karosserie befinden, inkl. Radgabeln und Grundrahmenverl\u00e4ngerungen | Reduzierung der Tragf\u00e4higkeit auf 6,5 t | 1 Satz (f\u00fcr 1 Radgreifers\u00e4ule)","thumbnail":"https:\/\/dev.codekraft.it\/rotary-2024\/wp-content\/uploads\/brb_media\/00489149_m140041yl-mi-150x150.jpg","url":"https:\/\/dev.codekraft.it\/rotary-2024\/produkte\/zubehor-hebebuhnen-de\/zubehor-radgreifanlagen-de\/radgabelverlangerung-fur-hydrolift-82\/"},{"id":381048,"cdmm_p_id":"497203","name":"Auffahrrampen-Kit","description":"Gabelstaplerrampen, einseitig auffahrbar | Grau (RAL 7012)","thumbnail":"https:\/\/dev.codekraft.it\/rotary-2024\/wp-content\/uploads\/brb_media\/00507162_m140124_002-150x150.jpg","url":"https:\/\/dev.codekraft.it\/rotary-2024\/produkte\/zubehor-hebebuhnen-de\/zubehor-radgreifanlagen-de\/auffahrrampen-kit-3\/"},{"id":381054,"cdmm_p_id":"497204","name":"Auffahrrampen-Kit","description":"Gabelstaplerrampen, beidseitig \u00fcberfahrbar | Grau (RAL 7012)","thumbnail":"https:\/\/dev.codekraft.it\/rotary-2024\/wp-content\/uploads\/brb_media\/00507164_m140yyy_001-150x150.jpg","url":"https:\/\/dev.codekraft.it\/rotary-2024\/produkte\/zubehor-hebebuhnen-de\/zubehor-radgreifanlagen-de\/auffahrrampen-kit-4\/"},{"id":381060,"cdmm_p_id":"497205","name":"Auffahrrampen-Kit","description":"Dreiradgabelstapler-Rampen, einseitig befahrbar | Grau (RAL 7012)","thumbnail":"https:\/\/dev.codekraft.it\/rotary-2024\/wp-content\/uploads\/brb_media\/00507163_m140xxx_001-150x150.jpg","url":"https:\/\/dev.codekraft.it\/rotary-2024\/produkte\/zubehor-hebebuhnen-de\/zubehor-radgreifanlagen-de\/auffahrrampen-kit-5\/"},{"id":381036,"cdmm_p_id":"497201","name":"Transportwagen f\u00fcr Rampensatz","description":"Trolley f\u00fcr Auffahrrampen-Kit f\u00fcr Gabelstapler M140124BG \/ M140127BG","thumbnail":"https:\/\/dev.codekraft.it\/rotary-2024\/wp-content\/uploads\/brb_media\/00489148_m110175bg-mi-150x150.jpg","url":"https:\/\/dev.codekraft.it\/rotary-2024\/produkte\/zubehor-hebebuhnen-de\/zubehor-radgreifanlagen-de\/transportwagen-fur-rampensatz\/"},{"id":381067,"cdmm_p_id":"497206","name":"Radgabelverl\u00e4ngerung 150 mm","description":"Ideal zur Aufnahme von z.B. Wohnmobilen, bei denen sich die R\u00e4der hinter der Karosserie befinden, inkl. Radgabeln und Grundrahmenverl\u00e4ngerungen | Reduzierung der Tragf\u00e4higkeit auf 4 t | 1 Satz (f\u00fcr 1 Radgreifers\u00e4ule)","thumbnail":"https:\/\/dev.codekraft.it\/rotary-2024\/wp-content\/uploads\/brb_media\/00549481_mobile-column-m75-jcyb-kitt-150x150.png","url":"https:\/\/dev.codekraft.it\/rotary-2024\/produkte\/zubehor-hebebuhnen-de\/zubehor-radgreifanlagen-de\/radgabelverlangerung-150-mm\/"},{"id":381000,"cdmm_p_id":"497191","name":"SmartCart Agrar","description":"Transport- und Ablagewagen f\u00fcr das Agraradapter-Set - Aufger\u00e4umt finden die Adapter und Aufnahmest\u00fccke ihren Platz in der Werkstatt","thumbnail":"https:\/\/dev.codekraft.it\/rotary-2024\/wp-content\/uploads\/brb_media\/00414017_smartcart-agrar-mi-150x150.png","url":"https:\/\/dev.codekraft.it\/rotary-2024\/produkte\/zubehor-hebebuhnen-de\/zubehor-radgreifanlagen-de\/smartcart-agrar-2\/"},{"id":384010,"cdmm_p_id":"501896","name":"Abst\u00fctzbock","description":"7500 kg, 1330 - 2030 mm, in 7 x 100-mm-Schritten h\u00f6henverstellbar, 2 Rollen, U-Aufnahme | Grau (RAL 7040)","thumbnail":"https:\/\/dev.codekraft.it\/rotary-2024\/wp-content\/uploads\/brb_media\/00535518_mobile-columns-s260a1-mi-150x150.png","url":"https:\/\/dev.codekraft.it\/rotary-2024\/produkte\/zubehor-hebebuhnen-de\/zubehor-radgreifanlagen-de\/abstutzbock-3\/"},{"id":382948,"cdmm_p_id":"501929","name":"Abst\u00fctzbock","description":"10000 kg, 1235 - 2040 mm, in 6 x 100-mm-Schritten h\u00f6henverstellbar, stufenlos verstellbares Oberteil (115 mm), 3 federnde Rollen, U-Aufnahme und Prisma-Aufnahme (wechselbar), fertig montiert | Grau (RAL 7040)","thumbnail":"https:\/\/dev.codekraft.it\/rotary-2024\/wp-content\/uploads\/brb_media\/00535520_mobile-columns-s270a2-mi-150x150.png","url":"https:\/\/dev.codekraft.it\/rotary-2024\/produkte\/zubehor-hebebuhnen-de\/zubehor-radgreifanlagen-de\/abstutzbock-2\/"},{"id":382721,"cdmm_p_id":"501897","name":"Abst\u00fctzbock","description":"10000 kg, 1235 - 2040 mm, in 6 x 100-mm-Schritten h\u00f6henverstellbar, stufenlos verstellbares Oberteil (115 mm), 2 Rollen, U-Aufnahme und Prisma-Aufnahme (wechselbar) | Grau (RAL 7040)","thumbnail":"https:\/\/dev.codekraft.it\/rotary-2024\/wp-content\/uploads\/brb_media\/00535519_mobile-columns-s270a1-mi-150x150.png","url":"https:\/\/dev.codekraft.it\/rotary-2024\/produkte\/zubehor-hebebuhnen-de\/zubehor-radgreifanlagen-de\/abstutzbock\/"}],"components":[],"related":[],"similar":[{"id":379860,"cdmm_p_id":"472531","name":"Radgreifanlage HydroLift S3 4-7.5 (kabellos)","description":"4 x 7,5 t, elektrohydraulisch, kabellos, akkubetrieben","thumbnail":"https:\/\/dev.codekraft.it\/rotary-2024\/wp-content\/uploads\/brb_media\/00409823_mobile-column-lift-hydrolift-s2-4er-ral7016-mi-150x150.png","url":"https:\/\/dev.codekraft.it\/rotary-2024\/produkte\/hebebuhnen-de\/radgreifanlagen-de\/radgreifanlage-hydrolift-s3-4-7-5-kabellos\/"}],"lang":"de","translations":{"de":380546,"en":380545,"fr":380547,"it":380548,"es":380549,"ru":380550},"pll_sync_post":[],"_links":{"self":[{"href":"https:\/\/dev.codekraft.it\/rotary-2024\/wp-json\/wp\/v2\/product\/380546","targetHints":{"allow":["GET"]}}],"collection":[{"href":"https:\/\/dev.codekraft.it\/rotary-2024\/wp-json\/wp\/v2\/product"}],"about":[{"href":"https:\/\/dev.codekraft.it\/rotary-2024\/wp-json\/wp\/v2\/types\/product"}],"wp:featuredmedia":[{"embeddable":true,"href":"https:\/\/dev.codekraft.it\/rotary-2024\/wp-json\/wp\/v2\/media\/351604"}],"wp:attachment":[{"href":"https:\/\/dev.codekraft.it\/rotary-2024\/wp-json\/wp\/v2\/media?parent=380546"}],"wp:term":[{"taxonomy":"product_cat","embeddable":true,"href":"https:\/\/dev.codekraft.it\/rotary-2024\/wp-json\/wp\/v2\/product_cat?post=380546"},{"taxonomy":"product_tag","embeddable":true,"href":"https:\/\/dev.codekraft.it\/rotary-2024\/wp-json\/wp\/v2\/product_tag?post=380546"},{"taxonomy":"product_approvals","embeddable":true,"href":"https:\/\/dev.codekraft.it\/rotary-2024\/wp-json\/wp\/v2\/product_approvals?post=380546"},{"taxonomy":"product_application","embeddable":true,"href":"https:\/\/dev.codekraft.it\/rotary-2024\/wp-json\/wp\/v2\/product_application?post=380546"}],"curies":[{"name":"wp","href":"https:\/\/api.w.org\/{rel}","templated":true}]}}