{"id":380487,"date":"2024-10-17T09:13:33","date_gmt":"2024-10-17T09:13:33","guid":{"rendered":"https:\/\/dev.codekraft.it\/rotary-2024\/products\/uncategorized\/patin-essieux-zf\/"},"modified":"2024-10-17T09:13:33","modified_gmt":"2024-10-17T09:13:33","slug":"patin-essieux-zf","status":"publish","type":"product","link":"https:\/\/dev.codekraft.it\/rotary-2024\/fr\/produits\/accessoires-ponts-elevateurs-fr\/systemes-de-transport-prise-de-charge-fr\/patin-essieux-zf\/","title":{"rendered":"Patin Essieux ZF"},"content":{"rendered":"<ul>\n<li>Patin asym\u00e9trique am\u00e9liore l&#8217;accessibilit\u00e9 aux bouchons de vidange d&#8217;huile AV132 et autres<\/li>\n<\/ul>\n","protected":false},"excerpt":{"rendered":"<p>Patin asym\u00e9trique am\u00e9liore l&#8217;accessibilit\u00e9 aux bouchons de vidange d&#8217;huile AV132 et autres<\/p>\n","protected":false},"featured_media":374887,"template":"","meta":[],"product_cat":[1033960],"product_tag":[],"product_approvals":[],"product_application":[],"class_list":{"0":"post-380487","1":"product","2":"type-product","3":"status-publish","4":"has-post-thumbnail","6":"product_cat-systemes-de-transport-prise-de-charge-fr","8":"first","9":"instock","10":"shipping-taxable","11":"product-type-simple"},"approvals":[],"application":[],"brb_media_brochure":"","brb_media_drawing":"","brb_media_manuals":"","brb_media_safety_datasheets":"","brb_media_spare_parts":[],"_cdmm_p_id":"483851","_company":"Elektron","_gtin":"4057612718065","accessories":[],"components":[],"related":[],"similar":[],"lang":"fr","translations":{"fr":380487,"en":380485,"de":380486,"it":380488,"es":380489,"ru":380490},"pll_sync_post":[],"_links":{"self":[{"href":"https:\/\/dev.codekraft.it\/rotary-2024\/wp-json\/wp\/v2\/product\/380487","targetHints":{"allow":["GET"]}}],"collection":[{"href":"https:\/\/dev.codekraft.it\/rotary-2024\/wp-json\/wp\/v2\/product"}],"about":[{"href":"https:\/\/dev.codekraft.it\/rotary-2024\/wp-json\/wp\/v2\/types\/product"}],"wp:featuredmedia":[{"embeddable":true,"href":"https:\/\/dev.codekraft.it\/rotary-2024\/wp-json\/wp\/v2\/media\/374887"}],"wp:attachment":[{"href":"https:\/\/dev.codekraft.it\/rotary-2024\/wp-json\/wp\/v2\/media?parent=380487"}],"wp:term":[{"taxonomy":"product_cat","embeddable":true,"href":"https:\/\/dev.codekraft.it\/rotary-2024\/wp-json\/wp\/v2\/product_cat?post=380487"},{"taxonomy":"product_tag","embeddable":true,"href":"https:\/\/dev.codekraft.it\/rotary-2024\/wp-json\/wp\/v2\/product_tag?post=380487"},{"taxonomy":"product_approvals","embeddable":true,"href":"https:\/\/dev.codekraft.it\/rotary-2024\/wp-json\/wp\/v2\/product_approvals?post=380487"},{"taxonomy":"product_application","embeddable":true,"href":"https:\/\/dev.codekraft.it\/rotary-2024\/wp-json\/wp\/v2\/product_application?post=380487"}],"curies":[{"name":"wp","href":"https:\/\/api.w.org\/{rel}","templated":true}]}}