{"id":380486,"date":"2024-10-17T09:13:19","date_gmt":"2024-10-17T09:13:19","guid":{"rendered":"https:\/\/dev.codekraft.it\/rotary-2024\/products\/uncategorized\/aufnahmegabel-zf-achsen\/"},"modified":"2024-10-17T09:13:19","modified_gmt":"2024-10-17T09:13:19","slug":"aufnahmegabel-zf-achsen","status":"publish","type":"product","link":"https:\/\/dev.codekraft.it\/rotary-2024\/produkte\/zubehor-hebebuhnen-de\/lastaufnahmemittel-de\/aufnahmegabel-zf-achsen\/","title":{"rendered":"Aufnahmegabel ZF Achsen"},"content":{"rendered":"<ul>\n<li>Asymmetrische Aufnahmegabel &#8211; au\u00dfermittig zur Traverse verbessert sie die Zug\u00e4nglichkeit an der \u00d6lablasschrauben der AV132 Achse.<\/li>\n<li>Einsetzbar auch f\u00fcr viele andere Achsen<\/li>\n<\/ul>\n","protected":false},"excerpt":{"rendered":"<p>Asymmetrische Aufnahmegabel &#8211; au\u00dfermittig zur Traverse verbessert sie die Zug\u00e4nglichkeit an der \u00d6lablasschrauben der AV132 Achse. Einsetzbar auch f\u00fcr viele andere Achsen<\/p>\n","protected":false},"featured_media":374887,"template":"","meta":[],"product_cat":[1033958],"product_tag":[],"product_approvals":[],"product_application":[],"class_list":{"0":"post-380486","1":"product","2":"type-product","3":"status-publish","4":"has-post-thumbnail","6":"product_cat-lastaufnahmemittel-de","8":"first","9":"instock","10":"shipping-taxable","11":"product-type-simple"},"approvals":[],"application":[],"brb_media_brochure":"","brb_media_drawing":"","brb_media_manuals":"","brb_media_safety_datasheets":"","brb_media_spare_parts":[],"_cdmm_p_id":"483851","_company":"Elektron","_gtin":"4057612718065","accessories":[],"components":[],"related":[],"similar":[],"lang":"de","translations":{"de":380486,"en":380485,"fr":380487,"it":380488,"es":380489,"ru":380490},"pll_sync_post":[],"_links":{"self":[{"href":"https:\/\/dev.codekraft.it\/rotary-2024\/wp-json\/wp\/v2\/product\/380486","targetHints":{"allow":["GET"]}}],"collection":[{"href":"https:\/\/dev.codekraft.it\/rotary-2024\/wp-json\/wp\/v2\/product"}],"about":[{"href":"https:\/\/dev.codekraft.it\/rotary-2024\/wp-json\/wp\/v2\/types\/product"}],"wp:featuredmedia":[{"embeddable":true,"href":"https:\/\/dev.codekraft.it\/rotary-2024\/wp-json\/wp\/v2\/media\/374887"}],"wp:attachment":[{"href":"https:\/\/dev.codekraft.it\/rotary-2024\/wp-json\/wp\/v2\/media?parent=380486"}],"wp:term":[{"taxonomy":"product_cat","embeddable":true,"href":"https:\/\/dev.codekraft.it\/rotary-2024\/wp-json\/wp\/v2\/product_cat?post=380486"},{"taxonomy":"product_tag","embeddable":true,"href":"https:\/\/dev.codekraft.it\/rotary-2024\/wp-json\/wp\/v2\/product_tag?post=380486"},{"taxonomy":"product_approvals","embeddable":true,"href":"https:\/\/dev.codekraft.it\/rotary-2024\/wp-json\/wp\/v2\/product_approvals?post=380486"},{"taxonomy":"product_application","embeddable":true,"href":"https:\/\/dev.codekraft.it\/rotary-2024\/wp-json\/wp\/v2\/product_application?post=380486"}],"curies":[{"name":"wp","href":"https:\/\/api.w.org\/{rel}","templated":true}]}}