{"id":380481,"date":"2025-12-11T10:10:57","date_gmt":"2025-12-11T10:10:57","guid":{"rendered":"https:\/\/dev.codekraft.it\/rotary-2024\/products\/uncategorized\/receptacle-pour-transporteur-pour-traverse-de-camion-universal-tef-15-et-traverse-de-bus-befv-15\/"},"modified":"2025-12-11T10:10:57","modified_gmt":"2025-12-11T10:10:57","slug":"receptacle-pour-transporteur-pour-traverse-de-camion-universal-tef-15-et-traverse-de-bus-befv-15","status":"publish","type":"product","link":"https:\/\/dev.codekraft.it\/rotary-2024\/fr\/produits\/accessoires-ponts-elevateurs-fr\/systemes-de-transport-prise-de-charge-fr\/receptacle-pour-transporteur-pour-traverse-de-camion-universal-tef-15-et-traverse-de-bus-befv-15\/","title":{"rendered":"R\u00e9ceptacle pour transporteur pour traverse de camion Universal TEF-15 et traverse de bus BEFV-15"},"content":{"rendered":"<ul>\n<li>Valable uniquement pour les traverses TEF15 (N\u00b0 article 121768) et BEFV (N\u00b0 article 111320)<\/li>\n<\/ul>\n","protected":false},"excerpt":{"rendered":"<p>Pour recevoir les points de r\u00e9ception arri\u00e8re autoris\u00e9s du MB Sprinter, \u00e9galement parfaitement utilisable pour de nombreuses autres camionnettes<\/p>\n","protected":false},"featured_media":374880,"template":"","meta":[],"product_brand":[],"product_cat":[1033960],"product_tag":[],"product_approvals":[],"product_application":[],"class_list":{"0":"post-380481","1":"product","2":"type-product","3":"status-publish","4":"has-post-thumbnail","6":"product_cat-systemes-de-transport-prise-de-charge-fr","8":"first","9":"instock","10":"shipping-taxable","11":"product-type-simple"},"approvals":[],"application":[],"brb_media_brochure":"","brb_media_drawing":"","brb_media_manuals":"","brb_media_safety_datasheets":"","brb_media_spare_parts":[],"_cdmm_p_id":"483850","_company":"Elektron","_gtin":"4057612715262","accessories":[],"components":[],"related":[],"page_logo_src":"https:\/\/dev.codekraft.it\/rotary-2024\/wp-content\/uploads\/2024\/05\/cropped-rotary-logo-2022.png","lang":"fr","translations":{"fr":380481,"en":380479,"de":380480,"it":380482,"es":380483,"ru":380484},"pll_sync_post":[],"_links":{"self":[{"href":"https:\/\/dev.codekraft.it\/rotary-2024\/wp-json\/wp\/v2\/product\/380481","targetHints":{"allow":["GET"]}}],"collection":[{"href":"https:\/\/dev.codekraft.it\/rotary-2024\/wp-json\/wp\/v2\/product"}],"about":[{"href":"https:\/\/dev.codekraft.it\/rotary-2024\/wp-json\/wp\/v2\/types\/product"}],"wp:featuredmedia":[{"embeddable":true,"href":"https:\/\/dev.codekraft.it\/rotary-2024\/wp-json\/wp\/v2\/media\/374880"}],"wp:attachment":[{"href":"https:\/\/dev.codekraft.it\/rotary-2024\/wp-json\/wp\/v2\/media?parent=380481"}],"wp:term":[{"taxonomy":"product_brand","embeddable":true,"href":"https:\/\/dev.codekraft.it\/rotary-2024\/wp-json\/wp\/v2\/product_brand?post=380481"},{"taxonomy":"product_cat","embeddable":true,"href":"https:\/\/dev.codekraft.it\/rotary-2024\/wp-json\/wp\/v2\/product_cat?post=380481"},{"taxonomy":"product_tag","embeddable":true,"href":"https:\/\/dev.codekraft.it\/rotary-2024\/wp-json\/wp\/v2\/product_tag?post=380481"},{"taxonomy":"product_approvals","embeddable":true,"href":"https:\/\/dev.codekraft.it\/rotary-2024\/wp-json\/wp\/v2\/product_approvals?post=380481"},{"taxonomy":"product_application","embeddable":true,"href":"https:\/\/dev.codekraft.it\/rotary-2024\/wp-json\/wp\/v2\/product_application?post=380481"}],"curies":[{"name":"wp","href":"https:\/\/api.w.org\/{rel}","templated":true}]}}