{"id":380475,"date":"2025-12-11T10:11:02","date_gmt":"2025-12-11T10:11:02","guid":{"rendered":"https:\/\/dev.codekraft.it\/rotary-2024\/products\/uncategorized\/kit-de-mise-a-niveau-roulettes-indicateur-de-batterie-pour-master-wheel-mw80\/"},"modified":"2025-12-11T10:11:02","modified_gmt":"2025-12-11T10:11:02","slug":"kit-de-mise-a-niveau-roulettes-indicateur-de-batterie-pour-master-wheel-mw80","status":"publish","type":"product","link":"https:\/\/dev.codekraft.it\/rotary-2024\/fr\/produits\/accessoires-service-de-pneus-fr\/accessoires-chariot-a-roues-fr\/kit-de-mise-a-niveau-roulettes-indicateur-de-batterie-pour-master-wheel-mw80\/","title":{"rendered":"Kit de mise \u00e0 niveau Roulettes + indicateur de batterie | pour Master Wheel MW80"},"content":{"rendered":"<p><strong>avec :<\/strong><\/p>\n<ul>\n<li>Bo\u00eetier avec indicateur de batterie, bouton d\u2019arr\u00eat d\u2019urgence et prise de charge (MW80-JD-NKIT)<\/li>\n<li>Rouleaux \u00e0 roulements \u00e0 billes (2 pi\u00e8ces) (MW80-CJ-KIT)<\/li>\n<\/ul>\n","protected":false},"excerpt":{"rendered":"<p>avec : Bo\u00eetier avec indicateur de batterie, bouton d\u2019arr\u00eat d\u2019urgence et prise de charge (MW80-JD-NKIT) Rouleaux \u00e0 roulements \u00e0 billes (2 pi\u00e8ces) (MW80-CJ-KIT)<\/p>\n","protected":false},"featured_media":352964,"template":"","meta":[],"product_cat":[1033698],"product_tag":[],"product_approvals":[],"product_application":[],"class_list":{"0":"post-380475","1":"product","2":"type-product","3":"status-publish","4":"has-post-thumbnail","6":"product_cat-accessoires-chariot-a-roues-fr","8":"first","9":"instock","10":"shipping-taxable","11":"product-type-simple"},"approvals":[],"application":[],"brb_media_brochure":"","brb_media_drawing":"","brb_media_manuals":"","brb_media_safety_datasheets":"","brb_media_spare_parts":[],"_cdmm_p_id":"483849","_company":"Elektron","_gtin":"4057612706086","accessories":[],"components":[],"related":[],"similar":[],"lang":"fr","translations":{"fr":380475,"en":380473,"de":380474,"it":380476,"es":380477,"ru":380478},"pll_sync_post":[],"_links":{"self":[{"href":"https:\/\/dev.codekraft.it\/rotary-2024\/wp-json\/wp\/v2\/product\/380475","targetHints":{"allow":["GET"]}}],"collection":[{"href":"https:\/\/dev.codekraft.it\/rotary-2024\/wp-json\/wp\/v2\/product"}],"about":[{"href":"https:\/\/dev.codekraft.it\/rotary-2024\/wp-json\/wp\/v2\/types\/product"}],"wp:featuredmedia":[{"embeddable":true,"href":"https:\/\/dev.codekraft.it\/rotary-2024\/wp-json\/wp\/v2\/media\/352964"}],"wp:attachment":[{"href":"https:\/\/dev.codekraft.it\/rotary-2024\/wp-json\/wp\/v2\/media?parent=380475"}],"wp:term":[{"taxonomy":"product_cat","embeddable":true,"href":"https:\/\/dev.codekraft.it\/rotary-2024\/wp-json\/wp\/v2\/product_cat?post=380475"},{"taxonomy":"product_tag","embeddable":true,"href":"https:\/\/dev.codekraft.it\/rotary-2024\/wp-json\/wp\/v2\/product_tag?post=380475"},{"taxonomy":"product_approvals","embeddable":true,"href":"https:\/\/dev.codekraft.it\/rotary-2024\/wp-json\/wp\/v2\/product_approvals?post=380475"},{"taxonomy":"product_application","embeddable":true,"href":"https:\/\/dev.codekraft.it\/rotary-2024\/wp-json\/wp\/v2\/product_application?post=380475"}],"curies":[{"name":"wp","href":"https:\/\/api.w.org\/{rel}","templated":true}]}}