{"id":380465,"date":"2025-12-11T10:11:30","date_gmt":"2025-12-11T10:11:30","guid":{"rendered":"https:\/\/dev.codekraft.it\/rotary-2024\/products\/uncategorized\/casquillo-80-45\/"},"modified":"2025-12-11T10:11:30","modified_gmt":"2025-12-11T10:11:30","slug":"casquillo-80-45","status":"publish","type":"product","link":"https:\/\/dev.codekraft.it\/rotary-2024\/es\/productos\/accesorios-elevadores-es\/dispositivos-de-transporte-de-carga-es\/casquillo-80-45\/","title":{"rendered":"Casquillo 80\/45"},"content":{"rendered":"<ul>\n<li>Para elevadores BLITZ con orificio de montaje 80 mm<\/li>\n<li>\u00d8 pivote est\u00e1ndar de las las placas para cajas de cambio 45\u00a0mm<\/li>\n<\/ul>\n","protected":false},"excerpt":{"rendered":"<p>Espiga \u00d8 80\u00a0mm, espigas est\u00e1ndar \u00d8 de los placas de transmisi\u00f3n 45 mm | para elevadores BLITZ con asiento \u00d8 80 mm | 1 pieza<\/p>\n","protected":false},"featured_media":373478,"template":"","meta":[],"product_brand":[],"product_cat":[1033964],"product_tag":[1034151,1034134,1034203,1034169,1034220,1034265,1034186,1034237],"product_approvals":[],"product_application":[],"class_list":{"0":"post-380465","1":"product","2":"type-product","3":"status-publish","4":"has-post-thumbnail","6":"product_cat-dispositivos-de-transporte-de-carga-es","7":"product_tag-buses-es","8":"product_tag-trucks-es","9":"product_tag-motor-homes-es","10":"product_tag-passenger-cars-es","11":"product_tag-agricultural-machines-es","12":"product_tag-remolques-es","13":"product_tag-light-commercial-es","14":"product_tag-tracked-vehicles-es","16":"first","17":"instock","18":"shipping-taxable","19":"product-type-simple"},"approvals":[],"application":[],"brb_media_brochure":"","brb_media_drawing":"","brb_media_manuals":"","brb_media_safety_datasheets":"","brb_media_spare_parts":[],"_cdmm_p_id":"483847","_company":"Elektron","_gtin":"4057612333886","accessories":[],"components":[],"related":[],"page_logo_src":"https:\/\/dev.codekraft.it\/rotary-2024\/wp-content\/uploads\/2024\/05\/cropped-rotary-logo-2022.png","lang":"es","translations":{"es":380465,"en":380461,"de":380462,"fr":380463,"it":380464,"ru":380466},"pll_sync_post":[],"_links":{"self":[{"href":"https:\/\/dev.codekraft.it\/rotary-2024\/wp-json\/wp\/v2\/product\/380465","targetHints":{"allow":["GET"]}}],"collection":[{"href":"https:\/\/dev.codekraft.it\/rotary-2024\/wp-json\/wp\/v2\/product"}],"about":[{"href":"https:\/\/dev.codekraft.it\/rotary-2024\/wp-json\/wp\/v2\/types\/product"}],"wp:featuredmedia":[{"embeddable":true,"href":"https:\/\/dev.codekraft.it\/rotary-2024\/wp-json\/wp\/v2\/media\/373478"}],"wp:attachment":[{"href":"https:\/\/dev.codekraft.it\/rotary-2024\/wp-json\/wp\/v2\/media?parent=380465"}],"wp:term":[{"taxonomy":"product_brand","embeddable":true,"href":"https:\/\/dev.codekraft.it\/rotary-2024\/wp-json\/wp\/v2\/product_brand?post=380465"},{"taxonomy":"product_cat","embeddable":true,"href":"https:\/\/dev.codekraft.it\/rotary-2024\/wp-json\/wp\/v2\/product_cat?post=380465"},{"taxonomy":"product_tag","embeddable":true,"href":"https:\/\/dev.codekraft.it\/rotary-2024\/wp-json\/wp\/v2\/product_tag?post=380465"},{"taxonomy":"product_approvals","embeddable":true,"href":"https:\/\/dev.codekraft.it\/rotary-2024\/wp-json\/wp\/v2\/product_approvals?post=380465"},{"taxonomy":"product_application","embeddable":true,"href":"https:\/\/dev.codekraft.it\/rotary-2024\/wp-json\/wp\/v2\/product_application?post=380465"}],"curies":[{"name":"wp","href":"https:\/\/api.w.org\/{rel}","templated":true}]}}