{"id":380455,"date":"2025-12-11T10:10:42","date_gmt":"2025-12-11T10:10:42","guid":{"rendered":"https:\/\/dev.codekraft.it\/rotary-2024\/products\/uncategorized\/bushing-55-45\/"},"modified":"2025-12-11T10:10:42","modified_gmt":"2025-12-11T10:10:42","slug":"bushing-55-45","status":"publish","type":"product","link":"https:\/\/dev.codekraft.it\/rotary-2024\/en\/products\/accessories-lifts-en\/load-carrying-devices-en\/bushing-55-45\/","title":{"rendered":"Bushing 55\/45"},"content":{"rendered":"<ul>\n<li>For BLITZ lifts with mounting hole 55 mm<\/li>\n<li>Standard peg\u00a0\u00d8 of the gear box plates 45 mm<\/li>\n<\/ul>\n","protected":false},"excerpt":{"rendered":"<p>Peg \u00d8 55 mm, standard peg \u00d8 gearbox plates 45 mm | for BLITZlifts with mount \u00d8 55 mm | 1 piece<\/p>\n","protected":false},"featured_media":373478,"template":"","meta":[],"product_cat":[1033956],"product_tag":[1034209,1034140,1034175,1034192,1034158,1034226,1034243,1034123],"product_approvals":[],"product_application":[],"class_list":{"0":"post-380455","1":"product","2":"type-product","3":"status-publish","4":"has-post-thumbnail","6":"product_cat-load-carrying-devices-en","7":"product_tag-agricultural-machines-en","8":"product_tag-buses-en","9":"product_tag-light-commercial-en","10":"product_tag-motor-homes-en","11":"product_tag-passenger-cars-en","12":"product_tag-tracked-vehicles-en","13":"product_tag-trailer-en","14":"product_tag-trucks-en","16":"first","17":"instock","18":"shipping-taxable","19":"product-type-simple"},"approvals":[],"application":[],"brb_media_brochure":"","brb_media_drawing":"","brb_media_manuals":"","brb_media_safety_datasheets":"","brb_media_spare_parts":[],"_cdmm_p_id":"483846","_company":"Elektron","_gtin":"4057612125542","accessories":[],"components":[],"related":[],"similar":[{"id":377983,"cdmm_p_id":"153","name":"Bushing 55\/35","description":"Peg \u00d8 55 mm, standard peg \u00d8 gearbox plates 35 mm | for BLITZlifts with mount \u00d8 55 mm | 1 piece","thumbnail":"https:\/\/dev.codekraft.it\/rotary-2024\/wp-content\/uploads\/brb_media\/00022995_buchse_web-150x150.png","url":"https:\/\/dev.codekraft.it\/rotary-2024\/en\/products\/accessories-lifts-en\/load-carrying-devices-en\/bushing-55-35\/"},{"id":377977,"cdmm_p_id":"154","name":"Bushing 80\/35","description":"Peg \u00d8 80 mm, standard peg \u00d8 gearbox plates 35 mm | for BLITZlifts with mount \u00d8 80 mm | 1 piece","thumbnail":"https:\/\/dev.codekraft.it\/rotary-2024\/wp-content\/uploads\/brb_media\/00022995_buchse_web-150x150.png","url":"https:\/\/dev.codekraft.it\/rotary-2024\/en\/products\/accessories-lifts-en\/load-carrying-devices-en\/bushing-80-35\/"},{"id":380461,"cdmm_p_id":"483847","name":"Bushing 80\/45","description":"Peg \u00d8 80 mm, standard peg \u00d8 gearbox plates 45 mm | for BLITZlifts with mount \u00d8 80 mm | 1 piece","thumbnail":"https:\/\/dev.codekraft.it\/rotary-2024\/wp-content\/uploads\/brb_media\/00022995_buchse_web-150x150.png","url":"https:\/\/dev.codekraft.it\/rotary-2024\/en\/products\/accessories-lifts-en\/load-carrying-devices-en\/bushing-80-45\/"}],"page_logo_src":"https:\/\/dev.codekraft.it\/rotary-2024\/wp-content\/uploads\/2024\/05\/cropped-rotary-logo-2022.png","lang":"en","translations":{"en":380455,"de":380456,"fr":380457,"it":380458,"es":380459,"ru":380460},"pll_sync_post":[],"_links":{"self":[{"href":"https:\/\/dev.codekraft.it\/rotary-2024\/wp-json\/wp\/v2\/product\/380455","targetHints":{"allow":["GET"]}}],"collection":[{"href":"https:\/\/dev.codekraft.it\/rotary-2024\/wp-json\/wp\/v2\/product"}],"about":[{"href":"https:\/\/dev.codekraft.it\/rotary-2024\/wp-json\/wp\/v2\/types\/product"}],"wp:featuredmedia":[{"embeddable":true,"href":"https:\/\/dev.codekraft.it\/rotary-2024\/wp-json\/wp\/v2\/media\/373478"}],"wp:attachment":[{"href":"https:\/\/dev.codekraft.it\/rotary-2024\/wp-json\/wp\/v2\/media?parent=380455"}],"wp:term":[{"taxonomy":"product_cat","embeddable":true,"href":"https:\/\/dev.codekraft.it\/rotary-2024\/wp-json\/wp\/v2\/product_cat?post=380455"},{"taxonomy":"product_tag","embeddable":true,"href":"https:\/\/dev.codekraft.it\/rotary-2024\/wp-json\/wp\/v2\/product_tag?post=380455"},{"taxonomy":"product_approvals","embeddable":true,"href":"https:\/\/dev.codekraft.it\/rotary-2024\/wp-json\/wp\/v2\/product_approvals?post=380455"},{"taxonomy":"product_application","embeddable":true,"href":"https:\/\/dev.codekraft.it\/rotary-2024\/wp-json\/wp\/v2\/product_application?post=380455"}],"curies":[{"name":"wp","href":"https:\/\/api.w.org\/{rel}","templated":true}]}}