{"id":380441,"date":"2025-12-11T10:11:33","date_gmt":"2025-12-11T10:11:33","guid":{"rendered":"https:\/\/dev.codekraft.it\/rotary-2024\/products\/uncategorized\/desmontadora-de-neumaticos-hp440q-22gplus-m\/"},"modified":"2025-12-11T10:11:33","modified_gmt":"2025-12-11T10:11:33","slug":"desmontadora-de-neumaticos-hp440q-22gplus-m","status":"publish","type":"product","link":"https:\/\/dev.codekraft.it\/rotary-2024\/es\/productos\/servicio-de-llantas-es\/desmontadoras-es\/desmontadora-de-neumaticos-hp440q-22gplus-m\/","title":{"rendered":"Desmontadora de neum\u00e1ticos HP440Q.22GPlus\/M"},"content":{"rendered":"<p>La m\u00e1quina de instalaci\u00f3n de neum\u00e1ticos electroneum\u00e1tica HP440Q.22GPlus\/M es adecuada para turismos con un di\u00e1metro de llanta entre 10 y 22 pulgadas. La versi\u00f3n Plus dispone de brazo de ayuda incluido.<\/p>\n<ul>\n<li>Para di\u00e1metros de llanta de 10 a 22 pulgadas<\/li>\n<li>Con cabezal de montaje y palanca de neum\u00e1ticos<\/li>\n<li>Modelo b\u00e1sico con buena relaci\u00f3n calidad-precio, disponible en dos versiones<\/li>\n<\/ul>\n<ul>\n<li>Columna de montaje inclinable neum\u00e1ticamante mediante pedal<\/li>\n<li>Fijaci\u00f3n neum\u00e1tica de 4 garras para di\u00e1metros de llanta de 10 a 22 pulgadas en el exterior y\/o de 12 a 24 pulgadas en el interior<\/li>\n<li>Con cabezal de montaje y palanca de neum\u00e1ticos<\/li>\n<li>Funcionamiento mediante un pedal, el cabezal de montaje se puede colocar en posici\u00f3n vertical u horizontal de forma neum\u00e1tica<\/li>\n<li>Unidad de pedal extensible para un f\u00e1cil mantenimiento<\/li>\n<li>2 velocidades (7 y 14 rpm)<\/li>\n<li>Palanca de neum\u00e1tico recta incluida en la entrega<\/li>\n<\/ul>\n<ul>\n<li>Unidad de pedal extra\u00edble para un f\u00e1cil mantenimiento<\/li>\n<li>Unidad de mantenimiento con man\u00f3metro<\/li>\n<\/ul>\n<p><strong>Nota:<\/strong><\/p>\n<ul>\n<li>El brazo de montaje auxiliar debe ser instalado por el cliente<\/li>\n<li>El rango de sujeci\u00f3n puede reducirse a 12 &#8211; 22 pulgadas o aumentarse a 14 &#8211; 24 pulgadas desenroscando un tornillo hexagonal interior situado en cada mordaza de sujeci\u00f3n.<\/li>\n<li>El rango de sujeci\u00f3n puede reducirse a 10 &#8211; 20 pulgadas o aumentarse a 12 &#8211; 22 pulgadas desenroscando un tornillo hexagonal interior situado en cada mordaza de sujeci\u00f3n.<\/li>\n<\/ul>\n","protected":false},"excerpt":{"rendered":"<p>Electroneum\u00e1tica, con cabezal de montaje y palanca de neum\u00e1ticos | Es necesario instalar el brazo de ayuda<\/p>\n","protected":false},"featured_media":373357,"template":"","meta":[],"product_cat":[1033424],"product_tag":[1034169],"product_approvals":[],"product_application":[],"class_list":{"0":"post-380441","1":"product","2":"type-product","3":"status-publish","4":"has-post-thumbnail","6":"product_cat-desmontadoras-es","7":"product_tag-passenger-cars-es","9":"first","10":"instock","11":"shipping-taxable","12":"product-type-simple"},"approvals":[],"application":[],"brb_media_brochure":"","brb_media_drawing":"","brb_media_manuals":"","brb_media_safety_datasheets":"","brb_media_spare_parts":[],"_cdmm_p_id":"483702","_company":"Elektron","_gtin":"4057612753509","accessories":[{"id":380429,"cdmm_p_id":"483698","name":"Mordazas de sujeci\u00f3n Protecci\u00f3n de pl\u00e1stico","description":"","thumbnail":"https:\/\/dev.codekraft.it\/rotary-2024\/wp-content\/uploads\/brb_media\/00437954_08-g800a5-150x150.jpg","url":"https:\/\/dev.codekraft.it\/rotary-2024\/es\/productos\/accesorios-servicio-de-llantas-es\/accesorios-desmontadoras-es\/mordazas-de-sujecion-proteccion-de-plastico\/"},{"id":380435,"cdmm_p_id":"483699","name":"Protecci\u00f3n de pl\u00e1stico para cabezal de montaje","description":"Protecciones \u00fatil para llantas de aleaci\u00f3n | 1 juego","thumbnail":"https:\/\/dev.codekraft.it\/rotary-2024\/wp-content\/uploads\/brb_media\/00437955_10-g800a8-150x150.jpg","url":"https:\/\/dev.codekraft.it\/rotary-2024\/es\/productos\/accesorios-servicio-de-llantas-es\/accesorios-desmontadoras-es\/proteccion-de-plastico-para-cabezal-de-montaje\/"},{"id":383859,"cdmm_p_id":"502318","name":"Protecci\u00f3n de pl\u00e1stico para mordazas de sujeci\u00f3n 20 &#8211; 22\u2033","description":"Protecciones para llantas de aleaci\u00f3n | 10 juegos \/ 40 piezas","thumbnail":"https:\/\/dev.codekraft.it\/rotary-2024\/wp-content\/uploads\/brb_media\/00539671_tyre-changers-g800a98-mi-150x150.png","url":"https:\/\/dev.codekraft.it\/rotary-2024\/es\/productos\/accesorios-servicio-de-llantas-es\/accesorios-desmontadoras-es\/proteccion-de-plastico-para-mordazas-de-sujecion-20-22%e2%80%b3-2\/"},{"id":381997,"cdmm_p_id":"499794","name":"Protecci\u00f3n de pl\u00e1stico para pala destalonadora","description":"5 piezas","thumbnail":"https:\/\/dev.codekraft.it\/rotary-2024\/wp-content\/uploads\/brb_media\/00506714_g800a11-01-150x150.png","url":"https:\/\/dev.codekraft.it\/rotary-2024\/es\/productos\/accesorios-servicio-de-llantas-es\/accesorios-desmontadoras-es\/proteccion-de-plastico-para-pala-destalonadora-2\/"},{"id":384901,"cdmm_p_id":"504065","name":"Mordazas de sujeci\u00f3n para motocicleta","description":"","thumbnail":"https:\/\/dev.codekraft.it\/rotary-2024\/wp-content\/uploads\/brb_media\/00506658_g84a5-150x150.png","url":"https:\/\/dev.codekraft.it\/rotary-2024\/es\/productos\/accesorios-servicio-de-llantas-es\/accesorios-desmontadoras-es\/mordazas-de-sujecion-para-motocicleta\/"},{"id":383308,"cdmm_p_id":"502060","name":"Protecciones palanca levanta talones para palanca | 1 juego \/ 50 piezas","description":"","thumbnail":"https:\/\/dev.codekraft.it\/rotary-2024\/wp-content\/uploads\/brb_media\/00506686_g1000a13k-150x150.png","url":"https:\/\/dev.codekraft.it\/rotary-2024\/es\/productos\/accesorios-servicio-de-llantas-es\/accesorios-desmontadoras-es\/protecciones-palanca-levanta-talones-para-palanca-1-juego-50-piezas\/"},{"id":383902,"cdmm_p_id":"502336","name":"Mordaza bloquea tal\u00f3n","description":"","thumbnail":"https:\/\/dev.codekraft.it\/rotary-2024\/wp-content\/uploads\/brb_media\/00506659_g84a13-150x150.png","url":"https:\/\/dev.codekraft.it\/rotary-2024\/es\/productos\/accesorios-servicio-de-llantas-es\/accesorios-desmontadoras-es\/mordaza-bloquea-talon\/"},{"id":383835,"cdmm_p_id":"502314","name":"Extensi\u00f3n para prensor ruedas RFT","description":"","thumbnail":"https:\/\/dev.codekraft.it\/rotary-2024\/wp-content\/uploads\/brb_media\/00506622_g800a114-150x150.png","url":"https:\/\/dev.codekraft.it\/rotary-2024\/es\/productos\/accesorios-servicio-de-llantas-es\/accesorios-desmontadoras-es\/extension-para-prensor-ruedas-rft\/"}],"components":[],"related":[],"similar":[],"lang":"es","translations":{"es":380441,"en":380437,"de":380438,"fr":380439,"it":380440,"ru":380442},"pll_sync_post":[],"_links":{"self":[{"href":"https:\/\/dev.codekraft.it\/rotary-2024\/wp-json\/wp\/v2\/product\/380441","targetHints":{"allow":["GET"]}}],"collection":[{"href":"https:\/\/dev.codekraft.it\/rotary-2024\/wp-json\/wp\/v2\/product"}],"about":[{"href":"https:\/\/dev.codekraft.it\/rotary-2024\/wp-json\/wp\/v2\/types\/product"}],"wp:featuredmedia":[{"embeddable":true,"href":"https:\/\/dev.codekraft.it\/rotary-2024\/wp-json\/wp\/v2\/media\/373357"}],"wp:attachment":[{"href":"https:\/\/dev.codekraft.it\/rotary-2024\/wp-json\/wp\/v2\/media?parent=380441"}],"wp:term":[{"taxonomy":"product_cat","embeddable":true,"href":"https:\/\/dev.codekraft.it\/rotary-2024\/wp-json\/wp\/v2\/product_cat?post=380441"},{"taxonomy":"product_tag","embeddable":true,"href":"https:\/\/dev.codekraft.it\/rotary-2024\/wp-json\/wp\/v2\/product_tag?post=380441"},{"taxonomy":"product_approvals","embeddable":true,"href":"https:\/\/dev.codekraft.it\/rotary-2024\/wp-json\/wp\/v2\/product_approvals?post=380441"},{"taxonomy":"product_application","embeddable":true,"href":"https:\/\/dev.codekraft.it\/rotary-2024\/wp-json\/wp\/v2\/product_application?post=380441"}],"curies":[{"name":"wp","href":"https:\/\/api.w.org\/{rel}","templated":true}]}}