{"id":380439,"date":"2025-12-11T10:10:58","date_gmt":"2025-12-11T10:10:58","guid":{"rendered":"https:\/\/dev.codekraft.it\/rotary-2024\/products\/uncategorized\/demonte-pneu-hp440q-22gplus-m\/"},"modified":"2025-12-11T10:10:58","modified_gmt":"2025-12-11T10:10:58","slug":"demonte-pneu-hp440q-22gplus-m","status":"publish","type":"product","link":"https:\/\/dev.codekraft.it\/rotary-2024\/fr\/produits\/service-de-pneus-fr\/demonte-pneus-fr\/demonte-pneu-hp440q-22gplus-m\/","title":{"rendered":"D\u00e9monte-pneu HP440Q.22GPlus\/M"},"content":{"rendered":"<p>La monteuse de pneus \u00e9lectropneumatique HP440Q.22GPlus\/M convient aux voitures de tourisme avec un diam\u00e8tre de jante de 10 \u00e0 22 pouces. Elle est disponible avec bras de levage.<\/p>\n<ul>\n<li>Pour des diam\u00e8tres de jante de 10 \u00e0 22 pouces<\/li>\n<li>Avec t\u00eate de montage et levier \u00e0 pneus<\/li>\n<li>Mod\u00e8le Standard avec un bon rapport qualit\u00e9-prix, disponible en deux versions<\/li>\n<\/ul>\n<ul>\n<li>Colonne de montage basculante pneumatique \u00e0 p\u00e9dale<\/li>\n<li>Serrage pneumatique \u00e0 4 griffes pour des diam\u00e8tres de jante de 10 et 22 pouces tendus vers l&#8217;ext\u00e9rieur et\/ou de 12 \u00e0 24 pouces tendus vers l&#8217;int\u00e9rieur<\/li>\n<li>Avec t\u00eate de montage et levier \u00e0 pneus<\/li>\n<li>Actionn\u00e9e au moyen d&#8217;une p\u00e9dale, la t\u00eate de montage peut basculer pneumatiquement \u00e0 la fois horizontalement et verticalement<\/li>\n<li>Unit\u00e9 de p\u00e9dale extensible pour un entretien facile<\/li>\n<li>2 vitesses (7 et 14 tr\/min)<\/li>\n<li>Levier \u00e0 pneus droit inclus dans la livraison<\/li>\n<\/ul>\n<ul>\n<li>Unit\u00e9 de p\u00e9dale extensible pour un entretien facile<\/li>\n<li>Unit\u00e9 d&#8217;entretien avec r\u00e9gulateur de pression<\/li>\n<\/ul>\n<p><strong>Remarque:<\/strong><\/p>\n<ul>\n<li>Le bras de montage auxiliaire doit \u00eatre install\u00e9 par le client<\/li>\n<li>La plage de serrage peut \u00eatre r\u00e9duite \u00e0 12 &#8211; 22 pouces ou augment\u00e9e \u00e0 14 &#8211; 24 pouces en d\u00e9vissant une vis hexagonale int\u00e9rieure situ\u00e9e sur chaque m\u00e2choire de serrage.<\/li>\n<li>La plage de serrage peut \u00eatre r\u00e9duite \u00e0 10 &#8211; 20 pouces ou augment\u00e9e \u00e0 12 &#8211; 22 pouces en d\u00e9vissant une vis hexagonale int\u00e9rieure situ\u00e9e sur chaque m\u00e2choire de serrage.<\/li>\n<\/ul>\n","protected":false},"excerpt":{"rendered":"<p>\u00c9lectropneumatique, avec t\u00eate de montage et levier \u00e0 pneus | Le bras d\u2019aide doit \u00eatre install\u00e9 | \u00c8 necessario installare il braccio ausiliario<\/p>\n","protected":false},"featured_media":373357,"template":"","meta":[],"product_cat":[1033384],"product_tag":[1034163],"product_approvals":[],"product_application":[],"class_list":{"0":"post-380439","1":"product","2":"type-product","3":"status-publish","4":"has-post-thumbnail","6":"product_cat-demonte-pneus-fr","7":"product_tag-passenger-cars-fr","9":"first","10":"instock","11":"shipping-taxable","12":"product-type-simple"},"approvals":[],"application":[],"brb_media_brochure":"","brb_media_drawing":"","brb_media_manuals":"","brb_media_safety_datasheets":"","brb_media_spare_parts":[],"_cdmm_p_id":"483702","_company":"Elektron","_gtin":"4057612753509","accessories":[{"id":380427,"cdmm_p_id":"483698","name":"M\u00e2choires de serrage Protection en plastique","description":"","thumbnail":"https:\/\/dev.codekraft.it\/rotary-2024\/wp-content\/uploads\/brb_media\/00437954_08-g800a5-150x150.jpg","url":"https:\/\/dev.codekraft.it\/rotary-2024\/fr\/produits\/accessoires-service-de-pneus-fr\/accessoires-demonte-pneu-fr\/machoires-de-serrage-protection-en-plastique\/"},{"id":380433,"cdmm_p_id":"483699","name":"Protection plastique pour t\u00eate de montage","description":"Kit de protection t\u00eate pour jantes en alliage | 1 jeu","thumbnail":"https:\/\/dev.codekraft.it\/rotary-2024\/wp-content\/uploads\/brb_media\/00437955_10-g800a8-150x150.jpg","url":"https:\/\/dev.codekraft.it\/rotary-2024\/fr\/produits\/accessoires-service-de-pneus-fr\/accessoires-demonte-pneu-fr\/protection-plastique-pour-tete-de-montage\/"},{"id":383857,"cdmm_p_id":"502318","name":"Protection plastique pour mors de serrage 20 &#8211; 22\u2033","description":"Protections pour jantes en alliage | 10 jeux \/ 40 pi\u00e8ces","thumbnail":"https:\/\/dev.codekraft.it\/rotary-2024\/wp-content\/uploads\/brb_media\/00539671_tyre-changers-g800a98-mi-150x150.png","url":"https:\/\/dev.codekraft.it\/rotary-2024\/fr\/produits\/accessoires-service-de-pneus-fr\/accessoires-demonte-pneu-fr\/protection-plastique-pour-mors-de-serrage-20-22%e2%80%b3-2\/"},{"id":381995,"cdmm_p_id":"499794","name":"Protection plastique pour pelle d\u00e9talonneuse","description":"Protection pelle d\u00e9talonneuse |  5 pi\u00e8ces","thumbnail":"https:\/\/dev.codekraft.it\/rotary-2024\/wp-content\/uploads\/brb_media\/00506714_g800a11-01-150x150.png","url":"https:\/\/dev.codekraft.it\/rotary-2024\/fr\/produits\/accessoires-service-de-pneus-fr\/accessoires-demonte-pneu-fr\/protection-plastique-pour-pelle-detalonneuse-2\/"},{"id":384899,"cdmm_p_id":"504065","name":"Mors de serrage de moto","description":"","thumbnail":"https:\/\/dev.codekraft.it\/rotary-2024\/wp-content\/uploads\/brb_media\/00506658_g84a5-150x150.png","url":"https:\/\/dev.codekraft.it\/rotary-2024\/fr\/produits\/accessoires-service-de-pneus-fr\/accessoires-demonte-pneu-fr\/mors-de-serrage-de-moto\/"},{"id":383306,"cdmm_p_id":"502060","name":"Protections levier pour t\u00eate de montage | 1 jeu \/ 50 pi\u00e8ces","description":"","thumbnail":"https:\/\/dev.codekraft.it\/rotary-2024\/wp-content\/uploads\/brb_media\/00506686_g1000a13k-150x150.png","url":"https:\/\/dev.codekraft.it\/rotary-2024\/fr\/produits\/accessoires-service-de-pneus-fr\/accessoires-demonte-pneu-fr\/protections-levier-pour-tete-de-montage-1-jeu-50-pieces\/"},{"id":383900,"cdmm_p_id":"502336","name":"Etau bloque-talon","description":"","thumbnail":"https:\/\/dev.codekraft.it\/rotary-2024\/wp-content\/uploads\/brb_media\/00506659_g84a13-150x150.png","url":"https:\/\/dev.codekraft.it\/rotary-2024\/fr\/produits\/accessoires-service-de-pneus-fr\/accessoires-demonte-pneu-fr\/etau-bloque-talon\/"},{"id":383833,"cdmm_p_id":"502314","name":"Rallonge pour pousse-roues RFT","description":"","thumbnail":"https:\/\/dev.codekraft.it\/rotary-2024\/wp-content\/uploads\/brb_media\/00506622_g800a114-150x150.png","url":"https:\/\/dev.codekraft.it\/rotary-2024\/fr\/produits\/accessoires-service-de-pneus-fr\/accessoires-demonte-pneu-fr\/rallonge-pour-pousse-roues-rft\/"}],"components":[],"related":[],"similar":[],"lang":"fr","translations":{"fr":380439,"en":380437,"de":380438,"it":380440,"es":380441,"ru":380442},"pll_sync_post":[],"_links":{"self":[{"href":"https:\/\/dev.codekraft.it\/rotary-2024\/wp-json\/wp\/v2\/product\/380439","targetHints":{"allow":["GET"]}}],"collection":[{"href":"https:\/\/dev.codekraft.it\/rotary-2024\/wp-json\/wp\/v2\/product"}],"about":[{"href":"https:\/\/dev.codekraft.it\/rotary-2024\/wp-json\/wp\/v2\/types\/product"}],"wp:featuredmedia":[{"embeddable":true,"href":"https:\/\/dev.codekraft.it\/rotary-2024\/wp-json\/wp\/v2\/media\/373357"}],"wp:attachment":[{"href":"https:\/\/dev.codekraft.it\/rotary-2024\/wp-json\/wp\/v2\/media?parent=380439"}],"wp:term":[{"taxonomy":"product_cat","embeddable":true,"href":"https:\/\/dev.codekraft.it\/rotary-2024\/wp-json\/wp\/v2\/product_cat?post=380439"},{"taxonomy":"product_tag","embeddable":true,"href":"https:\/\/dev.codekraft.it\/rotary-2024\/wp-json\/wp\/v2\/product_tag?post=380439"},{"taxonomy":"product_approvals","embeddable":true,"href":"https:\/\/dev.codekraft.it\/rotary-2024\/wp-json\/wp\/v2\/product_approvals?post=380439"},{"taxonomy":"product_application","embeddable":true,"href":"https:\/\/dev.codekraft.it\/rotary-2024\/wp-json\/wp\/v2\/product_application?post=380439"}],"curies":[{"name":"wp","href":"https:\/\/api.w.org\/{rel}","templated":true}]}}