{"id":380438,"date":"2025-12-11T10:04:39","date_gmt":"2025-12-11T10:04:39","guid":{"rendered":"https:\/\/dev.codekraft.it\/rotary-2024\/products\/uncategorized\/reifenmontiermaschine-hp440q-22gplus-m\/"},"modified":"2025-12-11T10:04:39","modified_gmt":"2025-12-11T10:04:39","slug":"reifenmontiermaschine-hp440q-22gplus-m","status":"publish","type":"product","link":"https:\/\/dev.codekraft.it\/rotary-2024\/produkte\/reifenservice-de\/reifenmontiermaschinen-de\/reifenmontiermaschine-hp440q-22gplus-m\/","title":{"rendered":"Reifenmontiermaschine HP440Q.22GPlus\/M"},"content":{"rendered":"<p>Die elektrisch-pneumatische Reifenmontiermaschine HP440Q.22GPlus\/M ist f\u00fcr Pkw mit einem Felgendurchmesser von 10 &#8211; 22\u2033 geeignet. Sie ist mit Helferarm erh\u00e4ltlich.<\/p>\n<ul>\n<li>F\u00fcr Felgendurchmesser von 10 &#8211; 22\u2033<\/li>\n<li>Mit Montagekopf und Montierhebel<\/li>\n<li>Einsteigermodell mit gutem Preis-Leistungsverh\u00e4ltnis in zwei Varianten<\/li>\n<\/ul>\n<ul>\n<li>Pneumatisch kippbare Montages\u00e4ule per Fu\u00dfpedal<\/li>\n<li>Pneumatische 4-Klauen-Spannung f\u00fcr Felgendurchmesser von 10 &#8211; 22\u2033 au\u00dfen bzw. 12 bis 24\u2033 innen gespannt<\/li>\n<li>Mit Montagekopf und Montierhebel<\/li>\n<li>Bedienung per Fu\u00dfpedale, Montagekopf pneumatisch horizontal und vertikal festzustellen<\/li>\n<li>Ausziehbare Pedaleinheit f\u00fcr einfache Wartung<\/li>\n<li>2 Geschwindigkeiten (7 und 14 UpM)<\/li>\n<li>Gerader Montierhebel im Lieferumfang<\/li>\n<\/ul>\n<ul>\n<li>Abnehmbare Pedaleinheit f\u00fcr einfache Wartung<\/li>\n<li>Wartungseinheit mit Druckminderer<\/li>\n<\/ul>\n<p><strong>Hinweis:<\/strong><\/p>\n<ul>\n<li>Hilfsmontagearm muss kundenseitig montiert werden<\/li>\n<li>Durch das Herausschrauben einer Innensechskant-Schraube an jeder Spannbacke kann der Spannbereich innen auf 12 &#8211; 22\u2033 verkleinert oder auf 14 &#8211; 24\u2033 vergr\u00f6\u00dfert werden.<\/li>\n<li>Durch das Herausschrauben einer Innensechskant-Schraube an jeder Spannbacke kann der Spannbereich au\u00dfen auf 10 &#8211; 20\u2033 verkleinert oder auf 12 &#8211; 22\u2033 vergr\u00f6\u00dfert werden.<\/li>\n<\/ul>\n","protected":false},"excerpt":{"rendered":"<p>Elektrisch-pneumatisch, mit Montagekopf und Montierhebel | Der Helferarm muss installiert werden<\/p>\n","protected":false},"featured_media":373357,"template":"","meta":[],"product_cat":[1033364],"product_tag":[1034161],"product_approvals":[],"product_application":[],"class_list":{"0":"post-380438","1":"product","2":"type-product","3":"status-publish","4":"has-post-thumbnail","6":"product_cat-reifenmontiermaschinen-de","7":"product_tag-passenger-cars-de","9":"first","10":"instock","11":"shipping-taxable","12":"product-type-simple"},"approvals":[],"application":[],"brb_media_brochure":"","brb_media_drawing":"","brb_media_manuals":"","brb_media_safety_datasheets":"","brb_media_spare_parts":[],"_cdmm_p_id":"483702","_company":"Elektron","_gtin":"4057612753509","accessories":[{"id":380426,"cdmm_p_id":"483698","name":"Spannbacken Kunststoffschutz","description":"","thumbnail":"https:\/\/dev.codekraft.it\/rotary-2024\/wp-content\/uploads\/brb_media\/00437954_08-g800a5-150x150.jpg","url":"https:\/\/dev.codekraft.it\/rotary-2024\/produkte\/zubehor-reifenservice-de\/zubehor-reifenmontiermaschinen-de\/spannbacken-kunststoffschutz-3\/"},{"id":380432,"cdmm_p_id":"483699","name":"Kunststoffschutz f\u00fcr Montagekopf","description":"Montagekopf-Alufelgenschutz | 1 Satz","thumbnail":"https:\/\/dev.codekraft.it\/rotary-2024\/wp-content\/uploads\/brb_media\/00437955_10-g800a8-150x150.jpg","url":"https:\/\/dev.codekraft.it\/rotary-2024\/produkte\/zubehor-reifenservice-de\/zubehor-reifenmontiermaschinen-de\/kunststoffschutz-fur-montagekopf\/"},{"id":383856,"cdmm_p_id":"502318","name":"Kunststoffschutz f\u00fcr Spannklauen 20 &#8211; 22\u2033","description":"Spannklauen-Alufelgenschutz | 10 S\u00e4tze \/ 40 St\u00fcck","thumbnail":"https:\/\/dev.codekraft.it\/rotary-2024\/wp-content\/uploads\/brb_media\/00539671_tyre-changers-g800a98-mi-150x150.png","url":"https:\/\/dev.codekraft.it\/rotary-2024\/produkte\/zubehor-reifenservice-de\/zubehor-reifenmontiermaschinen-de\/kunststoffschutz-fur-spannklauen-20-22%e2%80%b3-2\/"},{"id":381994,"cdmm_p_id":"499794","name":"Kunststoffschutz f\u00fcr Abdr\u00fcckschaufel","description":"5 St\u00fcck","thumbnail":"https:\/\/dev.codekraft.it\/rotary-2024\/wp-content\/uploads\/brb_media\/00506714_g800a11-01-150x150.png","url":"https:\/\/dev.codekraft.it\/rotary-2024\/produkte\/zubehor-reifenservice-de\/zubehor-reifenmontiermaschinen-de\/kunststoffschutz-fur-abdruckschaufel-2\/"},{"id":384898,"cdmm_p_id":"504065","name":"Motorrad-Spannklauen","description":"","thumbnail":"https:\/\/dev.codekraft.it\/rotary-2024\/wp-content\/uploads\/brb_media\/00506658_g84a5-150x150.png","url":"https:\/\/dev.codekraft.it\/rotary-2024\/produkte\/zubehor-reifenservice-de\/zubehor-reifenmontiermaschinen-de\/motorrad-spannklauen\/"},{"id":383305,"cdmm_p_id":"502060","name":"Montagehebel-Alufelgenschutz f\u00fcr Montiereisen | 1 Satz \/ 50 St\u00fcck","description":"","thumbnail":"https:\/\/dev.codekraft.it\/rotary-2024\/wp-content\/uploads\/brb_media\/00506686_g1000a13k-150x150.png","url":"https:\/\/dev.codekraft.it\/rotary-2024\/produkte\/zubehor-reifenservice-de\/zubehor-reifenmontiermaschinen-de\/montagehebel-alufelgenschutz-fur-montiereisen-1-satz-50-stuck\/"},{"id":383899,"cdmm_p_id":"502336","name":"Wulstklemme","description":"","thumbnail":"https:\/\/dev.codekraft.it\/rotary-2024\/wp-content\/uploads\/brb_media\/00506659_g84a13-150x150.png","url":"https:\/\/dev.codekraft.it\/rotary-2024\/produkte\/zubehor-reifenservice-de\/zubehor-reifenmontiermaschinen-de\/wulstklemme\/"},{"id":383832,"cdmm_p_id":"502314","name":"Verl\u00e4ngerung Wulstniederhalter f\u00fcr RFT-Reifen","description":"","thumbnail":"https:\/\/dev.codekraft.it\/rotary-2024\/wp-content\/uploads\/brb_media\/00506622_g800a114-150x150.png","url":"https:\/\/dev.codekraft.it\/rotary-2024\/produkte\/zubehor-reifenservice-de\/zubehor-reifenmontiermaschinen-de\/verlangerung-wulstniederhalter-fur-rft-reifen\/"}],"components":[],"related":[],"similar":[],"lang":"de","translations":{"de":380438,"en":380437,"fr":380439,"it":380440,"es":380441,"ru":380442},"pll_sync_post":[],"_links":{"self":[{"href":"https:\/\/dev.codekraft.it\/rotary-2024\/wp-json\/wp\/v2\/product\/380438","targetHints":{"allow":["GET"]}}],"collection":[{"href":"https:\/\/dev.codekraft.it\/rotary-2024\/wp-json\/wp\/v2\/product"}],"about":[{"href":"https:\/\/dev.codekraft.it\/rotary-2024\/wp-json\/wp\/v2\/types\/product"}],"wp:featuredmedia":[{"embeddable":true,"href":"https:\/\/dev.codekraft.it\/rotary-2024\/wp-json\/wp\/v2\/media\/373357"}],"wp:attachment":[{"href":"https:\/\/dev.codekraft.it\/rotary-2024\/wp-json\/wp\/v2\/media?parent=380438"}],"wp:term":[{"taxonomy":"product_cat","embeddable":true,"href":"https:\/\/dev.codekraft.it\/rotary-2024\/wp-json\/wp\/v2\/product_cat?post=380438"},{"taxonomy":"product_tag","embeddable":true,"href":"https:\/\/dev.codekraft.it\/rotary-2024\/wp-json\/wp\/v2\/product_tag?post=380438"},{"taxonomy":"product_approvals","embeddable":true,"href":"https:\/\/dev.codekraft.it\/rotary-2024\/wp-json\/wp\/v2\/product_approvals?post=380438"},{"taxonomy":"product_application","embeddable":true,"href":"https:\/\/dev.codekraft.it\/rotary-2024\/wp-json\/wp\/v2\/product_application?post=380438"}],"curies":[{"name":"wp","href":"https:\/\/api.w.org\/{rel}","templated":true}]}}