{"id":380384,"date":"2025-12-11T10:10:52","date_gmt":"2025-12-11T10:10:52","guid":{"rendered":"https:\/\/dev.codekraft.it\/rotary-2024\/products\/uncategorized\/kit-mrg-pour-mrg-55\/"},"modified":"2025-12-11T10:10:52","modified_gmt":"2025-12-11T10:10:52","slug":"kit-mrg-pour-mrg-55","status":"publish","type":"product","link":"https:\/\/dev.codekraft.it\/rotary-2024\/fr\/produits\/accessoires-ponts-elevateurs-fr\/accessoires-ponts-elevateurs-a-colonnes-mobiles-fr\/kit-mrg-pour-mrg-55\/","title":{"rendered":"Kit MRG pour MRG-55"},"content":{"rendered":"<p><strong>\u00c9tendue de la prestation:<\/strong><\/p>\n<ul>\n<li>C\u00e2ble d&#8217;alimentation de 10 m avec fiche CEE<\/li>\n<li>1 litre d&#8217;huile de broche<\/li>\n<\/ul>\n","protected":false},"excerpt":{"rendered":"<p>C\u00e2ble d&#8217;alimentation de 10 m avec fiche CEE et 1 litre d&#8217;huile de broche | 1 jeu &#8211; valable uniquement pour ArtisLift MRG-55 avec 4 unit\u00e9s de levage, en cas d&#8217;extension \u00e0 un ensemble de 6 ou 8, 2 pi\u00e8ces doivent \u00eatre command\u00e9es<\/p>\n","protected":false},"featured_media":352892,"template":"","meta":[],"product_cat":[1033810],"product_tag":[1034145,1034128,1034197,1034262,1034180],"product_approvals":[],"product_application":[],"class_list":{"0":"post-380384","1":"product","2":"type-product","3":"status-publish","4":"has-post-thumbnail","6":"product_cat-accessoires-ponts-elevateurs-a-colonnes-mobiles-fr","7":"product_tag-buses-fr","8":"product_tag-trucks-fr","9":"product_tag-motor-homes-fr","10":"product_tag-remorques-fr","11":"product_tag-light-commercial-fr","13":"first","14":"instock","15":"shipping-taxable","16":"product-type-simple"},"approvals":[],"application":[],"brb_media_brochure":"","brb_media_drawing":"","brb_media_manuals":"","brb_media_safety_datasheets":"","brb_media_spare_parts":[],"_cdmm_p_id":"483488","_company":"Elektron","_gtin":"4057612743180","accessories":[],"components":[],"related":[],"similar":[],"lang":"fr","translations":{"fr":380384,"en":380382,"de":380383,"it":380385,"es":380386,"ru":380387},"pll_sync_post":[],"_links":{"self":[{"href":"https:\/\/dev.codekraft.it\/rotary-2024\/wp-json\/wp\/v2\/product\/380384","targetHints":{"allow":["GET"]}}],"collection":[{"href":"https:\/\/dev.codekraft.it\/rotary-2024\/wp-json\/wp\/v2\/product"}],"about":[{"href":"https:\/\/dev.codekraft.it\/rotary-2024\/wp-json\/wp\/v2\/types\/product"}],"wp:featuredmedia":[{"embeddable":true,"href":"https:\/\/dev.codekraft.it\/rotary-2024\/wp-json\/wp\/v2\/media\/352892"}],"wp:attachment":[{"href":"https:\/\/dev.codekraft.it\/rotary-2024\/wp-json\/wp\/v2\/media?parent=380384"}],"wp:term":[{"taxonomy":"product_cat","embeddable":true,"href":"https:\/\/dev.codekraft.it\/rotary-2024\/wp-json\/wp\/v2\/product_cat?post=380384"},{"taxonomy":"product_tag","embeddable":true,"href":"https:\/\/dev.codekraft.it\/rotary-2024\/wp-json\/wp\/v2\/product_tag?post=380384"},{"taxonomy":"product_approvals","embeddable":true,"href":"https:\/\/dev.codekraft.it\/rotary-2024\/wp-json\/wp\/v2\/product_approvals?post=380384"},{"taxonomy":"product_application","embeddable":true,"href":"https:\/\/dev.codekraft.it\/rotary-2024\/wp-json\/wp\/v2\/product_application?post=380384"}],"curies":[{"name":"wp","href":"https:\/\/api.w.org\/{rel}","templated":true}]}}