{"id":380366,"date":"2025-09-08T08:59:57","date_gmt":"2025-09-08T08:59:57","guid":{"rendered":"https:\/\/dev.codekraft.it\/rotary-2024\/products\/uncategorized\/ecrou-a-serrage-avec-volant-et-bague-de-pression-pour-camions\/"},"modified":"2025-09-08T08:59:57","modified_gmt":"2025-09-08T08:59:57","slug":"ecrou-a-serrage-avec-volant-et-bague-de-pression-pour-camions","status":"publish","type":"product","link":"https:\/\/dev.codekraft.it\/rotary-2024\/fr\/produits\/accessoires-service-de-pneus-fr\/accessoires-equilibreuses-de-roue-fr\/ecrou-a-serrage-avec-volant-et-bague-de-pression-pour-camions\/","title":{"rendered":"\u00c9crou \u00e0 serrage avec volant et bague de pression | pour camions"},"content":{"rendered":"","protected":false},"excerpt":{"rendered":"<p>Frette de serrage \u00e0 volant, de s\u00e9rie sur toutes les \u00e9quil.PL (Non P)<\/p>\n","protected":false},"featured_media":356863,"template":"","meta":[],"product_cat":[1033490],"product_tag":[],"product_approvals":[],"product_application":[],"class_list":{"0":"post-380366","1":"product","2":"type-product","3":"status-publish","4":"has-post-thumbnail","6":"product_cat-accessoires-equilibreuses-de-roue-fr","8":"first","9":"instock","10":"shipping-taxable","11":"product-type-simple"},"approvals":[],"application":[],"brb_media_brochure":"","brb_media_drawing":"","brb_media_manuals":"","brb_media_safety_datasheets":"","brb_media_spare_parts":[],"_cdmm_p_id":"482612","_company":"VSG","_gtin":"4057612810073","accessories":[],"components":[],"related":[],"similar":[],"lang":"fr","translations":{"fr":380366,"en":380364,"de":380365,"it":380367,"es":380368,"ru":380369},"pll_sync_post":[],"_links":{"self":[{"href":"https:\/\/dev.codekraft.it\/rotary-2024\/wp-json\/wp\/v2\/product\/380366","targetHints":{"allow":["GET"]}}],"collection":[{"href":"https:\/\/dev.codekraft.it\/rotary-2024\/wp-json\/wp\/v2\/product"}],"about":[{"href":"https:\/\/dev.codekraft.it\/rotary-2024\/wp-json\/wp\/v2\/types\/product"}],"wp:featuredmedia":[{"embeddable":true,"href":"https:\/\/dev.codekraft.it\/rotary-2024\/wp-json\/wp\/v2\/media\/356863"}],"wp:attachment":[{"href":"https:\/\/dev.codekraft.it\/rotary-2024\/wp-json\/wp\/v2\/media?parent=380366"}],"wp:term":[{"taxonomy":"product_cat","embeddable":true,"href":"https:\/\/dev.codekraft.it\/rotary-2024\/wp-json\/wp\/v2\/product_cat?post=380366"},{"taxonomy":"product_tag","embeddable":true,"href":"https:\/\/dev.codekraft.it\/rotary-2024\/wp-json\/wp\/v2\/product_tag?post=380366"},{"taxonomy":"product_approvals","embeddable":true,"href":"https:\/\/dev.codekraft.it\/rotary-2024\/wp-json\/wp\/v2\/product_approvals?post=380366"},{"taxonomy":"product_application","embeddable":true,"href":"https:\/\/dev.codekraft.it\/rotary-2024\/wp-json\/wp\/v2\/product_application?post=380366"}],"curies":[{"name":"wp","href":"https:\/\/api.w.org\/{rel}","templated":true}]}}