{"id":380211,"date":"2025-12-11T10:11:33","date_gmt":"2025-12-11T10:11:33","guid":{"rendered":"https:\/\/dev.codekraft.it\/rotary-2024\/products\/uncategorized\/prensa-de-bulon-de-mangueta-bp-65-275-s3\/"},"modified":"2025-12-11T10:11:33","modified_gmt":"2025-12-11T10:11:33","slug":"prensa-de-bulon-de-mangueta-bp-65-275-s3","status":"publish","type":"product","link":"https:\/\/dev.codekraft.it\/rotary-2024\/es\/productos\/elevadores-es\/prensas-de-taller-es\/prensa-de-bulon-de-mangueta-bp-65-275-s3\/","title":{"rendered":"Prensa de bul\u00f3n de mangueta BP 65-275 S3"},"content":{"rendered":"<p>La prensa de bul\u00f3n de mangueta m\u00f3vil BP 65 S3 le garantiza la extracci\u00f3n e inserci\u00f3n de bulones de mangueta de forma r\u00e1pida y segura. El sofisticado dise\u00f1o de la prensa BP 65 S3 cumple con las \u00faltimas normas de seguridad.<\/p>\n<ul>\n<li>F\u00e1cil manejo<\/li>\n<li>Excelente estabilidad<\/li>\n<li>Ajuste r\u00e1pido de tres ejes<\/li>\n<\/ul>\n<ul>\n<li>Bomba de alta presi\u00f3n integrada con dos relaciones de transmisi\u00f3n para carreras r\u00e1pidas y de carga, viene de serie con 3,5 l de aceite hidr\u00e1ulico.<\/li>\n<li>M\u00e1s seguridad gracias a las barras roscadas alineadas.<\/li>\n<li>Mayor reducci\u00f3n de tiempo: Colocaci\u00f3n f\u00e1cil y r\u00e1pida en el veh\u00edculo gracias al ajuste r\u00e1pido de tres ejes.<\/li>\n<li>F\u00e1cil manejo: Las ruedas grandes garantizan la movilidad en el lugar de trabajo.<\/li>\n<li>La prensa de bul\u00f3n de mangueta BP 65 S3 es f\u00e1cil de manejar. La operaci\u00f3n puede realizarla una sola persona.<\/li>\n<li>La prensa impresiona por su dise\u00f1o compacto y su empleo universal.<\/li>\n<li>El cilindro se puede colocar m\u00e1s f\u00e1cilmente gracias a la posici\u00f3n central de la manivela.<\/li>\n<\/ul>\n<ul>\n<li>Para un ajuste preciso, la prensa se puede mover transversalmente al eje y, adem\u00e1s, se puede asegurar.<\/li>\n<li>El cilindro y el tope se pueden ajustar y bloquear y disponen de liberaci\u00f3n r\u00e1pida.<\/li>\n<li>El marco de la prensa se puede girar 180 grados y bloquearlo.<\/li>\n<li>Compartimento central grande para guardar herramientas.<\/li>\n<li>Impulsores con perfil de goma.<\/li>\n<li>Indicador de presi\u00f3n mediante man\u00f3metro y palanca manual para una carrera precisa.<\/li>\n<li>Las barras roscadas alineadas garantizan que el cilindro quede paralelo y en \u00e1ngulo.<\/li>\n<li>V\u00e1lvula de carrera r\u00e1pida para una r\u00e1pida extensi\u00f3n y retracci\u00f3n del v\u00e1stago del \u00e9mbolo con separador de condensados.<\/li>\n<li>Incluye herramientas de presi\u00f3n.<\/li>\n<\/ul>\n","protected":false},"excerpt":{"rendered":"<p>65 t, holgura entre pernos de tracci\u00f3n: 275 mm, hidr\u00e1ulica<\/p>\n","protected":false},"featured_media":348812,"template":"","meta":[],"product_cat":[1033936],"product_tag":[1034151,1034134],"product_approvals":[],"product_application":[],"class_list":{"0":"post-380211","1":"product","2":"type-product","3":"status-publish","4":"has-post-thumbnail","6":"product_cat-prensas-de-taller-es","7":"product_tag-buses-es","8":"product_tag-trucks-es","10":"first","11":"instock","12":"shipping-taxable","13":"product-type-simple"},"approvals":[],"application":[],"brb_media_brochure":[{"id":348813,"url":"https:\/\/dev.codekraft.it\/rotary-2024\/wp-content\/uploads\/brb_media\/00425190_kingpin-press-bp-65-s3-br-128445-de-2019-11_screen.pdf","title":"kingpin press bp 65 s3 br 128445 de 2019 11 screen","thumbnail":"https:\/\/dev.codekraft.it\/rotary-2024\/wp-content\/uploads\/brb_media\/00425190_kingpin-press-bp-65-s3-br-128445-de-2019-11_screen-pdf-106x150.png","description":""},{"id":348814,"url":"https:\/\/dev.codekraft.it\/rotary-2024\/wp-content\/uploads\/brb_media\/00425191_kingpin-press-bp-65-s3-br-128446-en-2019-11_screen.pdf","title":"kingpin press bp 65 s3 br 128446 en 2019 11 screen","thumbnail":"https:\/\/dev.codekraft.it\/rotary-2024\/wp-content\/uploads\/brb_media\/00425191_kingpin-press-bp-65-s3-br-128446-en-2019-11_screen-pdf-106x150.png","description":""},{"id":348815,"url":"https:\/\/dev.codekraft.it\/rotary-2024\/wp-content\/uploads\/brb_media\/00425192_kingpin-press-bp-65-s3-br-128447-fr-2019-11_screen.pdf","title":"kingpin press bp 65 s3 br 128447 fr 2019 11 screen","thumbnail":"https:\/\/dev.codekraft.it\/rotary-2024\/wp-content\/uploads\/brb_media\/00425192_kingpin-press-bp-65-s3-br-128447-fr-2019-11_screen-pdf-106x150.png","description":""},{"id":348816,"url":"https:\/\/dev.codekraft.it\/rotary-2024\/wp-content\/uploads\/brb_media\/00425193_kingpin-press-bp-65-s3-br-128448-it-2019-11_screen.pdf","title":"kingpin press bp 65 s3 br 128448 it 2019 11 screen","thumbnail":"https:\/\/dev.codekraft.it\/rotary-2024\/wp-content\/uploads\/brb_media\/00425193_kingpin-press-bp-65-s3-br-128448-it-2019-11_screen-pdf-106x150.png","description":""},{"id":348817,"url":"https:\/\/dev.codekraft.it\/rotary-2024\/wp-content\/uploads\/brb_media\/00425194_kingpin-press-bp-65-s3-br-128449-es-2019-11_screen.pdf","title":"kingpin press bp 65 s3 br 128449 es 2019 11 screen","thumbnail":"https:\/\/dev.codekraft.it\/rotary-2024\/wp-content\/uploads\/brb_media\/00425194_kingpin-press-bp-65-s3-br-128449-es-2019-11_screen-pdf-106x150.png","description":""},{"id":348818,"url":"https:\/\/dev.codekraft.it\/rotary-2024\/wp-content\/uploads\/brb_media\/00425195_kingpin-press-bp-65-s3-br-128450-ru-2019-11_screen.pdf","title":"kingpin press bp 65 s3 br 128450 ru 2019 11 screen","thumbnail":"https:\/\/dev.codekraft.it\/rotary-2024\/wp-content\/uploads\/brb_media\/00425195_kingpin-press-bp-65-s3-br-128450-ru-2019-11_screen-pdf-106x150.png","description":""}],"brb_media_drawing":"","brb_media_manuals":[{"id":348819,"url":"https:\/\/dev.codekraft.it\/rotary-2024\/wp-content\/uploads\/brb_media\/00425221_king-pin-press-om-sp-dc-110425-de-en-fr-it-es-ru-2019-11rev-e.pdf","title":"king pin press om sp dc 110425 de en fr it es ru 2019 11rev e","thumbnail":"https:\/\/dev.codekraft.it\/rotary-2024\/wp-content\/uploads\/brb_media\/00425221_king-pin-press-om-sp-dc-110425-de-en-fr-it-es-ru-2019-11rev-e-pdf-106x150.png","description":""}],"brb_media_safety_datasheets":"","brb_media_spare_parts":[],"_cdmm_p_id":"482015","_company":"Elektron","_gtin":"4057612670011","accessories":[],"components":[],"related":[],"similar":[],"lang":"es","translations":{"es":380211,"en":380207,"de":380208,"fr":380209,"it":380210,"ru":380212},"pll_sync_post":[],"_links":{"self":[{"href":"https:\/\/dev.codekraft.it\/rotary-2024\/wp-json\/wp\/v2\/product\/380211","targetHints":{"allow":["GET"]}}],"collection":[{"href":"https:\/\/dev.codekraft.it\/rotary-2024\/wp-json\/wp\/v2\/product"}],"about":[{"href":"https:\/\/dev.codekraft.it\/rotary-2024\/wp-json\/wp\/v2\/types\/product"}],"wp:featuredmedia":[{"embeddable":true,"href":"https:\/\/dev.codekraft.it\/rotary-2024\/wp-json\/wp\/v2\/media\/348812"}],"wp:attachment":[{"href":"https:\/\/dev.codekraft.it\/rotary-2024\/wp-json\/wp\/v2\/media?parent=380211"}],"wp:term":[{"taxonomy":"product_cat","embeddable":true,"href":"https:\/\/dev.codekraft.it\/rotary-2024\/wp-json\/wp\/v2\/product_cat?post=380211"},{"taxonomy":"product_tag","embeddable":true,"href":"https:\/\/dev.codekraft.it\/rotary-2024\/wp-json\/wp\/v2\/product_tag?post=380211"},{"taxonomy":"product_approvals","embeddable":true,"href":"https:\/\/dev.codekraft.it\/rotary-2024\/wp-json\/wp\/v2\/product_approvals?post=380211"},{"taxonomy":"product_application","embeddable":true,"href":"https:\/\/dev.codekraft.it\/rotary-2024\/wp-json\/wp\/v2\/product_application?post=380211"}],"curies":[{"name":"wp","href":"https:\/\/api.w.org\/{rel}","templated":true}]}}