{"id":380209,"date":"2025-12-11T10:10:58","date_gmt":"2025-12-11T10:10:58","guid":{"rendered":"https:\/\/dev.codekraft.it\/rotary-2024\/products\/uncategorized\/presse-pour-pivots-de-fusee-bp-65-275-s3\/"},"modified":"2025-12-11T10:10:58","modified_gmt":"2025-12-11T10:10:58","slug":"presse-pour-pivots-de-fusee-bp-65-275-s3","status":"publish","type":"product","link":"https:\/\/dev.codekraft.it\/rotary-2024\/fr\/produits\/ponts-elevateurs-fr\/presses-datelier-fr\/presse-pour-pivots-de-fusee-bp-65-275-s3\/","title":{"rendered":"Presse pour pivots de fus\u00e9e BP 65-275 S3"},"content":{"rendered":"<p>La presse pivot mobile BP 65 S3 permet de garantir l&#8217;extraction et l&#8217;insertion rapides et s\u00e9curis\u00e9es des pivots. La conception de la BP 65 S3 est sophistiqu\u00e9e conform\u00e9ment aux derni\u00e8res exigences de s\u00e9curit\u00e9.<\/p>\n<ul>\n<li>Manipulation facile<\/li>\n<li>Excellente stabilit\u00e9<\/li>\n<li>R\u00e9glage rapide \u00e0 trois axes<\/li>\n<\/ul>\n<ul>\n<li>Pompe \u00e0 haute pression int\u00e9gr\u00e9e avec deux rapports de vitesse pour les courses de charge rapide, remplie de 3,5 l d&#8217;huile hydraulique en s\u00e9rie.<\/li>\n<li>Plus de s\u00e9curit\u00e9 gr\u00e2ce \u00e0 des tiges filet\u00e9es align\u00e9es<\/li>\n<li>Un gain de temps \u00e9norme : Positionnement facile et rapide sur le v\u00e9hicule gr\u00e2ce au r\u00e9glage rapide \u00e0 trois axes<\/li>\n<li>Manipulation facile\u00a0: Les grandes roues garantissent la mobilit\u00e9 sur le lieu de travail<\/li>\n<li>La BP 65 S3 \u00e0 pivot est facile \u00e0 man\u0153uvrer. Elle peut \u00eatre contr\u00f4l\u00e9e par une seule personne.<\/li>\n<li>La presse s\u00e9duit par sa conception compacte et son d\u00e9ployement universel.<\/li>\n<li>Positionnement plus facile du v\u00e9rin sur la position centrale de la manivelle.<\/li>\n<\/ul>\n<ul>\n<li>Pour un r\u00e9glage pr\u00e9cis, la presse peut \u00eatre d\u00e9plac\u00e9e transversalement \u00e0 l&#8217;axe et \u00e9galement s\u00e9curis\u00e9e<\/li>\n<li>Le v\u00e9rin et la contre-but\u00e9e sont r\u00e9glables et verrouillables avec une ouverture rapide<\/li>\n<li>Le ch\u00e2ssis de la presse peut pivoter de 180 degr\u00e9s et il est verrouillable<\/li>\n<li>Grand compartiment central pour les outils<\/li>\n<li>Rotors avec profil en caoutchouc<\/li>\n<li>Affichage de la pression gr\u00e2ce \u00e0 un manom\u00e8tre et un levier \u00e0 main pour obtenir une course pr\u00e9cise<\/li>\n<li>Des tiges filet\u00e9es align\u00e9es garantissent un positionnement parall\u00e8le et angulaire du v\u00e9rin<\/li>\n<li>Valve \u00e0 course rapide pour l&#8217;extension et l&#8217;extraction rapides de la tige de piston avec s\u00e9parateur de condensat<\/li>\n<li>Outils de pression inclus dans la livraison<\/li>\n<\/ul>\n","protected":false},"excerpt":{"rendered":"<p>65 t, 275 mm largeur int\u00e9rieure entre les boulons d\u2019assemblage, hydraulique<\/p>\n","protected":false},"featured_media":348812,"template":"","meta":[],"product_brand":[],"product_cat":[1033928],"product_tag":[1034145,1034128],"product_approvals":[],"product_application":[],"class_list":{"0":"post-380209","1":"product","2":"type-product","3":"status-publish","4":"has-post-thumbnail","6":"product_cat-presses-datelier-fr","7":"product_tag-buses-fr","8":"product_tag-trucks-fr","10":"first","11":"instock","12":"shipping-taxable","13":"product-type-simple"},"approvals":[],"application":[],"brb_media_brochure":[{"id":348813,"url":"https:\/\/dev.codekraft.it\/rotary-2024\/wp-content\/uploads\/brb_media\/00425190_kingpin-press-bp-65-s3-br-128445-de-2019-11_screen.pdf","title":"kingpin press bp 65 s3 br 128445 de 2019 11 screen","mpn":"","thumbnail":"https:\/\/dev.codekraft.it\/rotary-2024\/wp-content\/uploads\/brb_media\/00425190_kingpin-press-bp-65-s3-br-128445-de-2019-11_screen-pdf-106x150.png","description":""},{"id":348814,"url":"https:\/\/dev.codekraft.it\/rotary-2024\/wp-content\/uploads\/brb_media\/00425191_kingpin-press-bp-65-s3-br-128446-en-2019-11_screen.pdf","title":"kingpin press bp 65 s3 br 128446 en 2019 11 screen","mpn":"","thumbnail":"https:\/\/dev.codekraft.it\/rotary-2024\/wp-content\/uploads\/brb_media\/00425191_kingpin-press-bp-65-s3-br-128446-en-2019-11_screen-pdf-106x150.png","description":""},{"id":348815,"url":"https:\/\/dev.codekraft.it\/rotary-2024\/wp-content\/uploads\/brb_media\/00425192_kingpin-press-bp-65-s3-br-128447-fr-2019-11_screen.pdf","title":"kingpin press bp 65 s3 br 128447 fr 2019 11 screen","mpn":"","thumbnail":"https:\/\/dev.codekraft.it\/rotary-2024\/wp-content\/uploads\/brb_media\/00425192_kingpin-press-bp-65-s3-br-128447-fr-2019-11_screen-pdf-106x150.png","description":""},{"id":348816,"url":"https:\/\/dev.codekraft.it\/rotary-2024\/wp-content\/uploads\/brb_media\/00425193_kingpin-press-bp-65-s3-br-128448-it-2019-11_screen.pdf","title":"kingpin press bp 65 s3 br 128448 it 2019 11 screen","mpn":"","thumbnail":"https:\/\/dev.codekraft.it\/rotary-2024\/wp-content\/uploads\/brb_media\/00425193_kingpin-press-bp-65-s3-br-128448-it-2019-11_screen-pdf-106x150.png","description":""},{"id":348817,"url":"https:\/\/dev.codekraft.it\/rotary-2024\/wp-content\/uploads\/brb_media\/00425194_kingpin-press-bp-65-s3-br-128449-es-2019-11_screen.pdf","title":"kingpin press bp 65 s3 br 128449 es 2019 11 screen","mpn":"","thumbnail":"https:\/\/dev.codekraft.it\/rotary-2024\/wp-content\/uploads\/brb_media\/00425194_kingpin-press-bp-65-s3-br-128449-es-2019-11_screen-pdf-106x150.png","description":""},{"id":348818,"url":"https:\/\/dev.codekraft.it\/rotary-2024\/wp-content\/uploads\/brb_media\/00425195_kingpin-press-bp-65-s3-br-128450-ru-2019-11_screen.pdf","title":"kingpin press bp 65 s3 br 128450 ru 2019 11 screen","mpn":"","thumbnail":"https:\/\/dev.codekraft.it\/rotary-2024\/wp-content\/uploads\/brb_media\/00425195_kingpin-press-bp-65-s3-br-128450-ru-2019-11_screen-pdf-106x150.png","description":""}],"brb_media_drawing":"","brb_media_manuals":[{"id":348819,"url":"https:\/\/dev.codekraft.it\/rotary-2024\/wp-content\/uploads\/brb_media\/00425221_king-pin-press-om-sp-dc-110425-de-en-fr-it-es-ru-2019-11rev-e.pdf","title":"king pin press om sp dc 110425 de en fr it es ru 2019 11rev e","mpn":"","thumbnail":"https:\/\/dev.codekraft.it\/rotary-2024\/wp-content\/uploads\/brb_media\/00425221_king-pin-press-om-sp-dc-110425-de-en-fr-it-es-ru-2019-11rev-e-pdf-106x150.png","description":""}],"brb_media_safety_datasheets":"","brb_media_spare_parts":[],"_cdmm_p_id":"482015","_company":"Elektron","_gtin":"4057612670011","accessories":[],"components":[],"related":[],"page_logo_src":"https:\/\/dev.codekraft.it\/rotary-2024\/wp-content\/uploads\/2026\/04\/rotary-negative-logo.png","lang":"fr","translations":{"fr":380209,"en":380207,"de":380208,"it":380210,"es":380211,"ru":380212},"pll_sync_post":[],"_links":{"self":[{"href":"https:\/\/dev.codekraft.it\/rotary-2024\/wp-json\/wp\/v2\/product\/380209","targetHints":{"allow":["GET"]}}],"collection":[{"href":"https:\/\/dev.codekraft.it\/rotary-2024\/wp-json\/wp\/v2\/product"}],"about":[{"href":"https:\/\/dev.codekraft.it\/rotary-2024\/wp-json\/wp\/v2\/types\/product"}],"wp:featuredmedia":[{"embeddable":true,"href":"https:\/\/dev.codekraft.it\/rotary-2024\/wp-json\/wp\/v2\/media\/348812"}],"wp:attachment":[{"href":"https:\/\/dev.codekraft.it\/rotary-2024\/wp-json\/wp\/v2\/media?parent=380209"}],"wp:term":[{"taxonomy":"product_brand","embeddable":true,"href":"https:\/\/dev.codekraft.it\/rotary-2024\/wp-json\/wp\/v2\/product_brand?post=380209"},{"taxonomy":"product_cat","embeddable":true,"href":"https:\/\/dev.codekraft.it\/rotary-2024\/wp-json\/wp\/v2\/product_cat?post=380209"},{"taxonomy":"product_tag","embeddable":true,"href":"https:\/\/dev.codekraft.it\/rotary-2024\/wp-json\/wp\/v2\/product_tag?post=380209"},{"taxonomy":"product_approvals","embeddable":true,"href":"https:\/\/dev.codekraft.it\/rotary-2024\/wp-json\/wp\/v2\/product_approvals?post=380209"},{"taxonomy":"product_application","embeddable":true,"href":"https:\/\/dev.codekraft.it\/rotary-2024\/wp-json\/wp\/v2\/product_application?post=380209"}],"curies":[{"name":"wp","href":"https:\/\/api.w.org\/{rel}","templated":true}]}}