{"id":380208,"date":"2025-12-11T10:04:39","date_gmt":"2025-12-11T10:04:39","guid":{"rendered":"https:\/\/dev.codekraft.it\/rotary-2024\/products\/uncategorized\/achsschenkel-bolzenpresse-bp-65-275-s3\/"},"modified":"2025-12-11T10:04:39","modified_gmt":"2025-12-11T10:04:39","slug":"achsschenkel-bolzenpresse-bp-65-275-s3","status":"publish","type":"product","link":"https:\/\/dev.codekraft.it\/rotary-2024\/produkte\/hebebuhnen-de\/werkstattpressen-de\/achsschenkel-bolzenpresse-bp-65-275-s3\/","title":{"rendered":"Achsschenkel-Bolzenpresse BP 65-275 S3"},"content":{"rendered":"<p>Die mobile Achsschenkelbolzenpresse BP 65 S3 ist ein Garant f\u00fcr das schnelle und sichere Aus- und Einpressen von Achsschenkelbolzen. Dabei zeichnet sich die BP 65 S3 durch eine durchdachte Bauweise nach den neuesten Sicherheitsanforderungen aus.<\/p>\n<ul>\n<li>Einfaches Handling<\/li>\n<li>Hohe Standsicherheit<\/li>\n<li>Drei-Achsen-Schnellverstellung<\/li>\n<\/ul>\n<ul>\n<li>Integrierte Hochdruckpumpe mit zwei \u00dcbersetzungen f\u00fcr Schnell- und Lasthub, serienm\u00e4\u00dfig bef\u00fcllt mit 3,5 l Hydraulik\u00f6l.<\/li>\n<li>Mehr Sicherheit duch ausgerichtete Gewindestangen<\/li>\n<li>Hohe Zeitersparnis: Einfaches und schnelles Positionieren am Fahrzeug durch die Drei-Achsen-Schnellverstellung<\/li>\n<li>Einfaches Handling: Gro\u00dfe Rollen sorgen f\u00fcr Mobilit\u00e4t am Arbeitsplatz<\/li>\n<li>Die Achsschenkelbolzenpresse BP 65 S3 ist leicht zu rangieren. Die Bedienung ist durch nur eine Person m\u00f6glich.<\/li>\n<li>Die Presse besticht durch kompakte Bauweise und ist universell einsetzbar.<\/li>\n<li>Einfachere Positionierung des Zylinders durch mittige Position der Handkurbel.<\/li>\n<\/ul>\n<ul>\n<li>Zur Feinjustage l\u00e4sst sich die Presse quer zur Achse verschieben und zus\u00e4tzlich sichern<\/li>\n<li>Zylinder und Gegenhalt sind verstellbar und mit Schnellspanner verriegelbar<\/li>\n<li>Der Presserahmen ist 180 Grad dreh- und verriegelbar<\/li>\n<li>Mittiges, gro\u00dfes Ablagefach f\u00fcr Werkzeuge<\/li>\n<li>Laufr\u00e4der mit Gummiprofil<\/li>\n<li>Druckanzeige mittels Manometer und Handhebel f\u00fcr den Feinhub<\/li>\n<li>Ausgerichtete Gewindestangen garantieren eine parallele und winklige Positionierung des Zylinders<\/li>\n<li>Schnellhubventil zum schnellen Aus- und Einfahren der Kolbenstange mit Kondensatabscheider<\/li>\n<li>Druckwerkzeuge im Lieferumfang enthalten<\/li>\n<\/ul>\n","protected":false},"excerpt":{"rendered":"<p>65t, 275 mm lichte Weite zwischen Zugbolzen, hydraulisch<\/p>\n","protected":false},"featured_media":348812,"template":"","meta":[],"product_brand":[],"product_cat":[1033924],"product_tag":[1034143,1034126],"product_approvals":[],"product_application":[],"class_list":{"0":"post-380208","1":"product","2":"type-product","3":"status-publish","4":"has-post-thumbnail","6":"product_cat-werkstattpressen-de","7":"product_tag-buses-de","8":"product_tag-trucks-de","10":"first","11":"instock","12":"shipping-taxable","13":"product-type-simple"},"approvals":[],"application":[],"brb_media_brochure":[{"id":348813,"url":"https:\/\/dev.codekraft.it\/rotary-2024\/wp-content\/uploads\/brb_media\/00425190_kingpin-press-bp-65-s3-br-128445-de-2019-11_screen.pdf","title":"kingpin press bp 65 s3 br 128445 de 2019 11 screen","mpn":"","thumbnail":"https:\/\/dev.codekraft.it\/rotary-2024\/wp-content\/uploads\/brb_media\/00425190_kingpin-press-bp-65-s3-br-128445-de-2019-11_screen-pdf-106x150.png","description":""},{"id":348814,"url":"https:\/\/dev.codekraft.it\/rotary-2024\/wp-content\/uploads\/brb_media\/00425191_kingpin-press-bp-65-s3-br-128446-en-2019-11_screen.pdf","title":"kingpin press bp 65 s3 br 128446 en 2019 11 screen","mpn":"","thumbnail":"https:\/\/dev.codekraft.it\/rotary-2024\/wp-content\/uploads\/brb_media\/00425191_kingpin-press-bp-65-s3-br-128446-en-2019-11_screen-pdf-106x150.png","description":""},{"id":348815,"url":"https:\/\/dev.codekraft.it\/rotary-2024\/wp-content\/uploads\/brb_media\/00425192_kingpin-press-bp-65-s3-br-128447-fr-2019-11_screen.pdf","title":"kingpin press bp 65 s3 br 128447 fr 2019 11 screen","mpn":"","thumbnail":"https:\/\/dev.codekraft.it\/rotary-2024\/wp-content\/uploads\/brb_media\/00425192_kingpin-press-bp-65-s3-br-128447-fr-2019-11_screen-pdf-106x150.png","description":""},{"id":348816,"url":"https:\/\/dev.codekraft.it\/rotary-2024\/wp-content\/uploads\/brb_media\/00425193_kingpin-press-bp-65-s3-br-128448-it-2019-11_screen.pdf","title":"kingpin press bp 65 s3 br 128448 it 2019 11 screen","mpn":"","thumbnail":"https:\/\/dev.codekraft.it\/rotary-2024\/wp-content\/uploads\/brb_media\/00425193_kingpin-press-bp-65-s3-br-128448-it-2019-11_screen-pdf-106x150.png","description":""},{"id":348817,"url":"https:\/\/dev.codekraft.it\/rotary-2024\/wp-content\/uploads\/brb_media\/00425194_kingpin-press-bp-65-s3-br-128449-es-2019-11_screen.pdf","title":"kingpin press bp 65 s3 br 128449 es 2019 11 screen","mpn":"","thumbnail":"https:\/\/dev.codekraft.it\/rotary-2024\/wp-content\/uploads\/brb_media\/00425194_kingpin-press-bp-65-s3-br-128449-es-2019-11_screen-pdf-106x150.png","description":""},{"id":348818,"url":"https:\/\/dev.codekraft.it\/rotary-2024\/wp-content\/uploads\/brb_media\/00425195_kingpin-press-bp-65-s3-br-128450-ru-2019-11_screen.pdf","title":"kingpin press bp 65 s3 br 128450 ru 2019 11 screen","mpn":"","thumbnail":"https:\/\/dev.codekraft.it\/rotary-2024\/wp-content\/uploads\/brb_media\/00425195_kingpin-press-bp-65-s3-br-128450-ru-2019-11_screen-pdf-106x150.png","description":""}],"brb_media_drawing":"","brb_media_manuals":[{"id":348819,"url":"https:\/\/dev.codekraft.it\/rotary-2024\/wp-content\/uploads\/brb_media\/00425221_king-pin-press-om-sp-dc-110425-de-en-fr-it-es-ru-2019-11rev-e.pdf","title":"king pin press om sp dc 110425 de en fr it es ru 2019 11rev e","mpn":"","thumbnail":"https:\/\/dev.codekraft.it\/rotary-2024\/wp-content\/uploads\/brb_media\/00425221_king-pin-press-om-sp-dc-110425-de-en-fr-it-es-ru-2019-11rev-e-pdf-106x150.png","description":""}],"brb_media_safety_datasheets":"","brb_media_spare_parts":[],"_cdmm_p_id":"482015","_company":"Elektron","_gtin":"4057612670011","accessories":[],"components":[],"related":[],"page_logo_src":"https:\/\/dev.codekraft.it\/rotary-2024\/wp-content\/uploads\/2026\/04\/rotary-negative-logo.png","lang":"de","translations":{"de":380208,"en":380207,"fr":380209,"it":380210,"es":380211,"ru":380212},"pll_sync_post":[],"_links":{"self":[{"href":"https:\/\/dev.codekraft.it\/rotary-2024\/wp-json\/wp\/v2\/product\/380208","targetHints":{"allow":["GET"]}}],"collection":[{"href":"https:\/\/dev.codekraft.it\/rotary-2024\/wp-json\/wp\/v2\/product"}],"about":[{"href":"https:\/\/dev.codekraft.it\/rotary-2024\/wp-json\/wp\/v2\/types\/product"}],"wp:featuredmedia":[{"embeddable":true,"href":"https:\/\/dev.codekraft.it\/rotary-2024\/wp-json\/wp\/v2\/media\/348812"}],"wp:attachment":[{"href":"https:\/\/dev.codekraft.it\/rotary-2024\/wp-json\/wp\/v2\/media?parent=380208"}],"wp:term":[{"taxonomy":"product_brand","embeddable":true,"href":"https:\/\/dev.codekraft.it\/rotary-2024\/wp-json\/wp\/v2\/product_brand?post=380208"},{"taxonomy":"product_cat","embeddable":true,"href":"https:\/\/dev.codekraft.it\/rotary-2024\/wp-json\/wp\/v2\/product_cat?post=380208"},{"taxonomy":"product_tag","embeddable":true,"href":"https:\/\/dev.codekraft.it\/rotary-2024\/wp-json\/wp\/v2\/product_tag?post=380208"},{"taxonomy":"product_approvals","embeddable":true,"href":"https:\/\/dev.codekraft.it\/rotary-2024\/wp-json\/wp\/v2\/product_approvals?post=380208"},{"taxonomy":"product_application","embeddable":true,"href":"https:\/\/dev.codekraft.it\/rotary-2024\/wp-json\/wp\/v2\/product_application?post=380208"}],"curies":[{"name":"wp","href":"https:\/\/api.w.org\/{rel}","templated":true}]}}