{"id":380175,"date":"2025-12-11T10:11:37","date_gmt":"2025-12-11T10:11:37","guid":{"rendered":"https:\/\/dev.codekraft.it\/rotary-2024\/products\/uncategorized\/equilibradora-de-ruedas-de-moto-electronica-librak328bike-gris\/"},"modified":"2025-12-11T10:11:37","modified_gmt":"2025-12-11T10:11:37","slug":"equilibradora-de-ruedas-de-moto-electronica-librak328bike-gris","status":"publish","type":"product","link":"https:\/\/dev.codekraft.it\/rotary-2024\/es\/productos\/servicio-de-llantas-es\/equilibradoras-de-ruedas-es\/equilibradora-de-ruedas-de-moto-electronica-librak328bike-gris\/","title":{"rendered":"Equilibradora de ruedas de moto electr\u00f3nica Librak328BIKE (gris)"},"content":{"rendered":"<p>La Librak328BIKE est\u00e1 dise\u00f1ada para equilibrar neum\u00e1ticos de motocicletas con un di\u00e1metro de llanta entre 10 y 26 pulgadas. El control computerizado integrado permite un equilibrado r\u00e1pido y preciso.<\/p>\n<ul>\n<li>Equilibradora controlada por ordenador<\/li>\n<li>Dimensiones compactas: se puede montar en un banco de trabajo<\/li>\n<li>Para ruedas de hasta 65 kg<\/li>\n<\/ul>\n<ul>\n<li>Equilibradora controlada por ordenador para equilibrar, de forma r\u00e1pida y precisa, neum\u00e1ticos de motocicletas con un di\u00e1metro de llanta entre 10 y 26 pulgadas.<\/li>\n<li>Medici\u00f3n individual con desaceleraci\u00f3n autom\u00e1tica al final.<\/li>\n<li>La detecci\u00f3n de la distancia y el di\u00e1metro de la llanta se realiza mediante un brazo de medici\u00f3n y una entrada manual.<\/li>\n<li>La Librak328BIKE funciona con un motor de accionamisibleento<\/li>\n<li>Gracias a sus dimensiones compactas, la Librak328BIKE se puede montar f\u00e1cilmente en un banco de trabajo.<\/li>\n<\/ul>\n<ul>\n<li>Dise\u00f1o compacto<\/li>\n<li>Uso intuitivo sencillo \/ con pantalla<\/li>\n<\/ul>\n","protected":false},"excerpt":{"rendered":"<p>Pantalla gr\u00e1fica LCD retroiluminada (132 x 40 mm), ciclo autom\u00e1tico, incl. garra de moto GAR181 N, moto, di\u00e1metro de llanta 10 &#8211; 26\u2033 | Gris (RAL 7016)<\/p>\n","protected":false},"featured_media":352841,"template":"","meta":[],"product_cat":[1033536],"product_tag":[1035654,1035671],"product_approvals":[],"product_application":[],"class_list":{"0":"post-380175","1":"product","2":"type-product","3":"status-publish","4":"has-post-thumbnail","6":"product_cat-equilibradoras-de-ruedas-es","7":"product_tag-motorbikes-es","8":"product_tag-scooter-es","10":"first","11":"instock","12":"shipping-taxable","13":"product-type-simple"},"approvals":[],"application":[],"brb_media_brochure":"","brb_media_drawing":"","brb_media_manuals":[{"id":380164,"url":"https:\/\/dev.codekraft.it\/rotary-2024\/wp-content\/uploads\/brb_media\/00548907_wheel-balancers-librak240-librak345-librak338-librak328-g2114-g2116-g2120-g2121-t2020-2d-wb430-easy-g2124-gtl2120-er328-er448-erl240-im-1296-m027-02_vsg_rev03-multi-2024-12.pdf","title":"Wheel Balancers LIBRAK240 LIBRAK345 LIBRAK338 LIBRAK328 G2114 G2116 G2120 G2121 T2020 2D WB430 EASY G2124 GTL2120 ER328 ER448 ERL240 IM 1296 M027 02 VSG rev03 multi 2024 12","thumbnail":"https:\/\/dev.codekraft.it\/rotary-2024\/wp-content\/uploads\/brb_media\/00548907_wheel-balancers-librak240-librak345-librak338-librak328-g2114-g2116-g2120-g2121-t2020-2d-wb430-easy-g2124-gtl2120-er328-er448-erl240-im-1296-m027-02_vsg_rev03-multi-2024-12-pdf-106x150.png","description":""}],"brb_media_safety_datasheets":"","brb_media_spare_parts":[],"_cdmm_p_id":"481601","_company":"Elektron","_gtin":"4057612936049","accessories":[{"id":380296,"cdmm_p_id":"482597","name":"Base de soporte pedestal","description":"","thumbnail":"https:\/\/dev.codekraft.it\/rotary-2024\/wp-content\/uploads\/brb_media\/00506539_gar363-150x150.png","url":"https:\/\/dev.codekraft.it\/rotary-2024\/es\/productos\/accesorios-servicio-de-llantas-es\/accesorios-equilibradoras-es\/base-de-soporte-pedestal\/"},{"id":381406,"cdmm_p_id":"497546","name":"Garra universal","description":"Para motos | sin eje y acesorios | Se requiere GAR181A1","thumbnail":"https:\/\/dev.codekraft.it\/rotary-2024\/wp-content\/uploads\/brb_media\/00506597_gar354-150x150.png","url":"https:\/\/dev.codekraft.it\/rotary-2024\/es\/productos\/accesorios-servicio-de-llantas-es\/accesorios-equilibradoras-es\/garra-universal-2\/"},{"id":380302,"cdmm_p_id":"482599","name":"Eje de centrado para motos | \u00d8 10 mm","description":"Completo de eje, 2 conos. 6 espesores, garra de centrado y 2 bujes | GAR181N o GAR354 requerido","thumbnail":"https:\/\/dev.codekraft.it\/rotary-2024\/wp-content\/uploads\/brb_media\/00506574_gar182n-150x150.png","url":"https:\/\/dev.codekraft.it\/rotary-2024\/es\/productos\/accesorios-servicio-de-llantas-es\/accesorios-equilibradoras-es\/eje-de-centrado-para-motos-o-10-mm\/"},{"id":380308,"cdmm_p_id":"482600","name":"Eje de centrado para motos | \u00d8 12 mm","description":"Completo de eje, 2 conos. 6 espesores, garra de centrado y 2 bujes | GAR181N o GAR354 requerido","thumbnail":"https:\/\/dev.codekraft.it\/rotary-2024\/wp-content\/uploads\/brb_media\/00506574_gar182n-150x150.png","url":"https:\/\/dev.codekraft.it\/rotary-2024\/es\/productos\/accesorios-servicio-de-llantas-es\/accesorios-equilibradoras-es\/eje-de-centrado-para-motos-o-12-mm\/"},{"id":380314,"cdmm_p_id":"482601","name":"Eje de centrado para motos | alargado, \u00d8 14 mm","description":"Completo de eje, 2 espesores y garra de centrado | GAR181N o GAR354 requerido","thumbnail":"https:\/\/dev.codekraft.it\/rotary-2024\/wp-content\/uploads\/brb_media\/00506594_gar184n-150x150.png","url":"https:\/\/dev.codekraft.it\/rotary-2024\/es\/productos\/accesorios-servicio-de-llantas-es\/accesorios-equilibradoras-es\/eje-de-centrado-para-motos-alargado-o-14-mm\/"},{"id":381412,"cdmm_p_id":"497547","name":"Eje de centrado para motos con horquilla mono brazo | \u00d8 19 mm","description":"Completo de eje, 2 espesores y garra de centrado | GAR181N o GAR354 requerido","thumbnail":"https:\/\/dev.codekraft.it\/rotary-2024\/wp-content\/uploads\/brb_media\/00506595_gar191n-150x150.png","url":"https:\/\/dev.codekraft.it\/rotary-2024\/es\/productos\/accesorios-servicio-de-llantas-es\/accesorios-equilibradoras-es\/eje-de-centrado-para-motos-con-horquilla-mono-brazo-o-19-mm\/"}],"components":[],"related":[],"similar":[{"id":380169,"cdmm_p_id":"481600","name":"Equilibradora de ruedas de moto electr\u00f3nica Librak328BIKE","description":"Pantalla gr\u00e1fica LCD retroiluminada (132 x 40 mm), ciclo autom\u00e1tico, incl. garra de moto, moto, di\u00e1metro de llanta 10 - 26\u2033 | Rojo (RAL 3002)","thumbnail":"https:\/\/dev.codekraft.it\/rotary-2024\/wp-content\/uploads\/brb_media\/00523923_wheel-balancer-librak328bike-mi-150x150.png","url":"https:\/\/dev.codekraft.it\/rotary-2024\/es\/productos\/servicio-de-llantas-es\/equilibradoras-de-ruedas-es\/equilibradora-de-ruedas-de-moto-electronica-librak328bike\/"}],"lang":"es","translations":{"es":380175,"en":380171,"de":380172,"fr":380173,"it":380174,"ru":380176},"pll_sync_post":[],"_links":{"self":[{"href":"https:\/\/dev.codekraft.it\/rotary-2024\/wp-json\/wp\/v2\/product\/380175","targetHints":{"allow":["GET"]}}],"collection":[{"href":"https:\/\/dev.codekraft.it\/rotary-2024\/wp-json\/wp\/v2\/product"}],"about":[{"href":"https:\/\/dev.codekraft.it\/rotary-2024\/wp-json\/wp\/v2\/types\/product"}],"wp:featuredmedia":[{"embeddable":true,"href":"https:\/\/dev.codekraft.it\/rotary-2024\/wp-json\/wp\/v2\/media\/352841"}],"wp:attachment":[{"href":"https:\/\/dev.codekraft.it\/rotary-2024\/wp-json\/wp\/v2\/media?parent=380175"}],"wp:term":[{"taxonomy":"product_cat","embeddable":true,"href":"https:\/\/dev.codekraft.it\/rotary-2024\/wp-json\/wp\/v2\/product_cat?post=380175"},{"taxonomy":"product_tag","embeddable":true,"href":"https:\/\/dev.codekraft.it\/rotary-2024\/wp-json\/wp\/v2\/product_tag?post=380175"},{"taxonomy":"product_approvals","embeddable":true,"href":"https:\/\/dev.codekraft.it\/rotary-2024\/wp-json\/wp\/v2\/product_approvals?post=380175"},{"taxonomy":"product_application","embeddable":true,"href":"https:\/\/dev.codekraft.it\/rotary-2024\/wp-json\/wp\/v2\/product_application?post=380175"}],"curies":[{"name":"wp","href":"https:\/\/api.w.org\/{rel}","templated":true}]}}