{"id":380173,"date":"2025-12-11T10:11:01","date_gmt":"2025-12-11T10:11:01","guid":{"rendered":"https:\/\/dev.codekraft.it\/rotary-2024\/products\/uncategorized\/equilibreuse-de-roue-de-moto-electronique-librak328bike-gris\/"},"modified":"2025-12-11T10:11:01","modified_gmt":"2025-12-11T10:11:01","slug":"equilibreuse-de-roue-de-moto-electronique-librak328bike-gris","status":"publish","type":"product","link":"https:\/\/dev.codekraft.it\/rotary-2024\/fr\/produits\/service-de-pneus-fr\/equilibreuses-des-roues-fr\/equilibreuse-de-roue-de-moto-electronique-librak328bike-gris\/","title":{"rendered":"Equilibreuse de roue de moto \u00e9lectronique Librak328BIKE (gris)"},"content":{"rendered":"<p>La Librak328BIKE est con\u00e7ue pour \u00e9quilibrer les pneus de moto d&#8217;un diam\u00e8tre de jante de 10 &#8211; 26\u2033. La commande par ordinateur int\u00e9gr\u00e9e permet un \u00e9quilibrage pr\u00e9cis et rapide.<\/p>\n<ul>\n<li>Machine d&#8217;\u00e9quilibrage contr\u00f4l\u00e9e par ordinateur<\/li>\n<li>Petites dimensions : peut \u00eatre mont\u00e9e sur un \u00e9tabli<\/li>\n<li>Masse d&#8217;\u00e9quilibrage jusqu&#8217;\u00e0 65 kg<\/li>\n<\/ul>\n<ul>\n<li>Machine d&#8217;\u00e9quilibrage contr\u00f4l\u00e9e par ordinateur pour un \u00e9quilibrage pr\u00e9cis et rapide de pneus de moto d&#8217;un diam\u00e8tre de jante de 10 &#8211; 26\u2033.<\/li>\n<li>Mesure individuelle avec d\u00e9c\u00e9l\u00e9ration automatique \u00e0 la fin.<\/li>\n<li>La saisie manuelle et le bras de mesure permettent de d\u00e9tecter la distance et le diam\u00e8tre de jante.<\/li>\n<li>La Librak328BIKE est aliment\u00e9e par un moteur d&#8217;entra\u00eenement.<\/li>\n<li>Les petites dimensions de la Librak328BIKE lui permettent d&#8217;\u00eatre facilement mont\u00e9e sur un \u00e9tabli.<\/li>\n<\/ul>\n<ul>\n<li>Design compact<\/li>\n<li>Fonctionnement simple et intuitif\/avec affichage<\/li>\n<\/ul>\n","protected":false},"excerpt":{"rendered":"<p>\u00c9cran graphique LCD r\u00e9tro-\u00e9clair\u00e9 (132 x 40 mm), cycle automatique, incl. flasque motos, moto, diam\u00e8tre de la jante 10 &#8211; 26\u2033 | Gris (RAL 7016)<\/p>\n","protected":false},"featured_media":352841,"template":"","meta":[],"product_cat":[1033500],"product_tag":[1035648,1035665],"product_approvals":[],"product_application":[],"class_list":{"0":"post-380173","1":"product","2":"type-product","3":"status-publish","4":"has-post-thumbnail","6":"product_cat-equilibreuses-des-roues-fr","7":"product_tag-motorbikes-fr","8":"product_tag-scooter-fr","10":"first","11":"instock","12":"shipping-taxable","13":"product-type-simple"},"approvals":[],"application":[],"brb_media_brochure":"","brb_media_drawing":"","brb_media_manuals":[{"id":380164,"url":"https:\/\/dev.codekraft.it\/rotary-2024\/wp-content\/uploads\/brb_media\/00548907_wheel-balancers-librak240-librak345-librak338-librak328-g2114-g2116-g2120-g2121-t2020-2d-wb430-easy-g2124-gtl2120-er328-er448-erl240-im-1296-m027-02_vsg_rev03-multi-2024-12.pdf","title":"Wheel Balancers LIBRAK240 LIBRAK345 LIBRAK338 LIBRAK328 G2114 G2116 G2120 G2121 T2020 2D WB430 EASY G2124 GTL2120 ER328 ER448 ERL240 IM 1296 M027 02 VSG rev03 multi 2024 12","thumbnail":"https:\/\/dev.codekraft.it\/rotary-2024\/wp-content\/uploads\/brb_media\/00548907_wheel-balancers-librak240-librak345-librak338-librak328-g2114-g2116-g2120-g2121-t2020-2d-wb430-easy-g2124-gtl2120-er328-er448-erl240-im-1296-m027-02_vsg_rev03-multi-2024-12-pdf-106x150.png","description":""}],"brb_media_safety_datasheets":"","brb_media_spare_parts":[],"_cdmm_p_id":"481601","_company":"Elektron","_gtin":"4057612936049","accessories":[{"id":380294,"cdmm_p_id":"482597","name":"Base de support","description":"","thumbnail":"https:\/\/dev.codekraft.it\/rotary-2024\/wp-content\/uploads\/brb_media\/00506539_gar363-150x150.png","url":"https:\/\/dev.codekraft.it\/rotary-2024\/fr\/produits\/accessoires-service-de-pneus-fr\/accessoires-equilibreuses-de-roue-fr\/base-de-support\/"},{"id":381404,"cdmm_p_id":"497546","name":"Bride universelle","description":"Pour motos | sans arbre et accessoire | GAR181A1 requis","thumbnail":"https:\/\/dev.codekraft.it\/rotary-2024\/wp-content\/uploads\/brb_media\/00506597_gar354-150x150.png","url":"https:\/\/dev.codekraft.it\/rotary-2024\/fr\/produits\/accessoires-service-de-pneus-fr\/accessoires-equilibreuses-de-roue-fr\/bride-universelle-2\/"},{"id":380300,"cdmm_p_id":"482599","name":"Arbre de centrage pour motos | \u00d8 10 mm","description":"\u00c9quip\u00e9 avec flasque, 2 c\u00f4nes, 6 entretoises et 2 bagues | GAR181N ou GAR354 n\u00e9cessaire","thumbnail":"https:\/\/dev.codekraft.it\/rotary-2024\/wp-content\/uploads\/brb_media\/00506574_gar182n-150x150.png","url":"https:\/\/dev.codekraft.it\/rotary-2024\/fr\/produits\/accessoires-service-de-pneus-fr\/accessoires-equilibreuses-de-roue-fr\/arbre-de-centrage-pour-motos-o-10-mm\/"},{"id":380306,"cdmm_p_id":"482600","name":"Arbre de centrage pour motos | \u00d8 12 mm","description":"\u00c9quip\u00e9 avec flasque, 2 c\u00f4nes, 6 entretoises et 2 bagues | GAR181N ou GAR354 n\u00e9cessaire","thumbnail":"https:\/\/dev.codekraft.it\/rotary-2024\/wp-content\/uploads\/brb_media\/00506574_gar182n-150x150.png","url":"https:\/\/dev.codekraft.it\/rotary-2024\/fr\/produits\/accessoires-service-de-pneus-fr\/accessoires-equilibreuses-de-roue-fr\/arbre-de-centrage-pour-motos-o-12-mm\/"},{"id":380312,"cdmm_p_id":"482601","name":"Arbre de centrage pour motos | long, \u00d8 14 mm","description":"\u00c9quip\u00e9 avec long flasque (318 mm), 2 entretoises et \u00e9crou de serrage | GAR181N ou GAR354 n\u00e9cessaire","thumbnail":"https:\/\/dev.codekraft.it\/rotary-2024\/wp-content\/uploads\/brb_media\/00506594_gar184n-150x150.png","url":"https:\/\/dev.codekraft.it\/rotary-2024\/fr\/produits\/accessoires-service-de-pneus-fr\/accessoires-equilibreuses-de-roue-fr\/arbre-de-centrage-pour-motos-long-o-14-mm\/"},{"id":381410,"cdmm_p_id":"497547","name":"Arbre de centrage pour motos avec fourche monobras | \u00d8 19 mm","description":"\u00c9quip\u00e9 avec flasque, 2 entretoises et \u00e9crou de serrage | GAR181N ou GAR354 n\u00e9cessaire","thumbnail":"https:\/\/dev.codekraft.it\/rotary-2024\/wp-content\/uploads\/brb_media\/00506595_gar191n-150x150.png","url":"https:\/\/dev.codekraft.it\/rotary-2024\/fr\/produits\/accessoires-service-de-pneus-fr\/accessoires-equilibreuses-de-roue-fr\/arbre-de-centrage-pour-motos-avec-fourche-monobras-o-19-mm\/"}],"components":[],"related":[],"similar":[{"id":380167,"cdmm_p_id":"481600","name":"Equilibreuse de roue de moto \u00e9lectronique Librak328BIKE","description":"\u00c9cran graphique LCD r\u00e9tro-\u00e9clair\u00e9 (132 x 40 mm), cycle automatique, incl. flasque motos, moto, diam\u00e8tre de la jante 10 - 26\u2033 | Rouge (RAL 3002)","thumbnail":"https:\/\/dev.codekraft.it\/rotary-2024\/wp-content\/uploads\/brb_media\/00523923_wheel-balancer-librak328bike-mi-150x150.png","url":"https:\/\/dev.codekraft.it\/rotary-2024\/fr\/produits\/service-de-pneus-fr\/equilibreuses-des-roues-fr\/equilibreuse-de-roue-de-moto-electronique-librak328bike\/"}],"lang":"fr","translations":{"fr":380173,"en":380171,"de":380172,"it":380174,"es":380175,"ru":380176},"pll_sync_post":[],"_links":{"self":[{"href":"https:\/\/dev.codekraft.it\/rotary-2024\/wp-json\/wp\/v2\/product\/380173","targetHints":{"allow":["GET"]}}],"collection":[{"href":"https:\/\/dev.codekraft.it\/rotary-2024\/wp-json\/wp\/v2\/product"}],"about":[{"href":"https:\/\/dev.codekraft.it\/rotary-2024\/wp-json\/wp\/v2\/types\/product"}],"wp:featuredmedia":[{"embeddable":true,"href":"https:\/\/dev.codekraft.it\/rotary-2024\/wp-json\/wp\/v2\/media\/352841"}],"wp:attachment":[{"href":"https:\/\/dev.codekraft.it\/rotary-2024\/wp-json\/wp\/v2\/media?parent=380173"}],"wp:term":[{"taxonomy":"product_cat","embeddable":true,"href":"https:\/\/dev.codekraft.it\/rotary-2024\/wp-json\/wp\/v2\/product_cat?post=380173"},{"taxonomy":"product_tag","embeddable":true,"href":"https:\/\/dev.codekraft.it\/rotary-2024\/wp-json\/wp\/v2\/product_tag?post=380173"},{"taxonomy":"product_approvals","embeddable":true,"href":"https:\/\/dev.codekraft.it\/rotary-2024\/wp-json\/wp\/v2\/product_approvals?post=380173"},{"taxonomy":"product_application","embeddable":true,"href":"https:\/\/dev.codekraft.it\/rotary-2024\/wp-json\/wp\/v2\/product_application?post=380173"}],"curies":[{"name":"wp","href":"https:\/\/api.w.org\/{rel}","templated":true}]}}